{"id":10043,"date":"2025-03-04T10:18:01","date_gmt":"2025-03-04T18:18:01","guid":{"rendered":"https:\/\/www.arcc-cdac.ca\/groupes-pro-choix-faites-une-demande-pour-une-subvention-de-la-cdac-small-grant\/"},"modified":"2026-04-07T12:10:13","modified_gmt":"2026-04-07T19:10:13","slug":"groupes-pro-choix-faites-une-demande-pour-une-subvention-de-la-cdac-small-grant","status":"publish","type":"page","link":"https:\/\/www.arcc-cdac.ca\/fr\/groupes-pro-choix-faites-une-demande-pour-une-subvention-de-la-cdac-small-grant\/","title":{"rendered":"Faites une demande pour une petite subvention de la CDAC"},"content":{"rendered":"\n<h3 class=\"wp-block-heading\"><em>\u00c0 l\u2019intention des groupes de d\u00e9fense des droits reproductifs et des projets s\u2019y rapportant<\/em><\/h3>\n\n\n\n<p>La mission de la CDAC est d\u2019assurer la libert\u00e9 reproductive en prot\u00e9geant et en am\u00e9liorant les droits et l\u2019acc\u00e8s \u00e0 l\u2019avortement, et les soins de sant\u00e9 de qualit\u00e9. La CDAC s\u2019est engag\u00e9e \u00e0 appuyer des groupes \u00e0 travers le Canada qui font la promotion du droit \u00e0 des services d\u2019avortement \u00e9quitables et accessibles. <\/p>\n\n\n\n<p>La CDAC est heureuse d\u2019offrir de petites subventions \u00e0 de petits groupes ou aux nouveaux groupes canadiens ayant peu de ressources pour financer des d\u00e9penses mineures associ\u00e9es \u00e0 des \u00e9v\u00e9nements, des projets ou des campagnes de groupe li\u00e9s aux droits reproductifs. (D\u00e9couvrez <a href=\"https:\/\/www.arcc-cdac.ca\/news\/2024\/07\/11\/celebrating-our-grantees\/\">quelques-uns des projets que nous avons financ\u00e9s<\/a> &#8211; en anglais).<\/p>\n\n\n\n<p>Les subventions peuvent aller jusqu\u2019\u00e0 <strong>1 000 $<\/strong> pour couvrir les frais associ\u00e9s \u00e0 des activit\u00e9s concr\u00e8tes. Voici quelques exemples : <\/p>\n\n\n\n<ul class=\"wp-block-list\">\n<li>acheter du mat\u00e9riel;<\/li>\n\n\n\n<li>louer de l&rsquo;\u00e9quipement<\/li>\n\n\n\n<li>les co\u00fbts d\u2019impression;<\/li>\n\n\n\n<li>les frais de publicit\u00e9;<\/li>\n\n\n\n<li>les d\u00e9penses li\u00e9es \u00e0 un projet de recherche;<\/li>\n\n\n\n<li>les frais de d\u00e9placement d&rsquo;un repr\u00e9sentant du groupe pour assister \u00e0 une conf\u00e9rence sur l&rsquo;avortement;<\/li>\n\n\n\n<li>les frais de fabrication de panneaux pour un rassemblement;<\/li>\n\n\n\n<li>les frais d&rsquo;organisation d&rsquo;un \u00e9v\u00e9nement;<\/li>\n\n\n\n<li>les honoraires pour les participants;<\/li>\n<\/ul>\n\n\n\n<p>Les \u00e9l\u00e9ments suivants ne sont <strong>PAS<\/strong> \u00e9ligibles :<\/p>\n\n\n\n<ul class=\"wp-block-list\">\n<li>les co\u00fbts salariaux, la r\u00e9mun\u00e9ration des professionnels (les allocations pour les b\u00e9n\u00e9voles sont acceptables).<\/li>\n\n\n\n<li>les frais g\u00e9n\u00e9raux de fonctionnement, le loyer, ou les frais de service (tels que l&rsquo;h\u00e9bergement de sites web, les frais de maintenance, etc.)<\/li>\n\n\n\n<li>les co\u00fbts des biens et services qui seront utilis\u00e9s \u00e0 l\u2019ext\u00e9rieur du Canada \u2014 c\u2019est-\u00e0-dire que votre projet doit se d\u00e9rouler au Canada ou \u00eatre pertinent dans le contexte canadien.<\/li>\n\n\n\n<li>les projets de recherche parrain\u00e9s par l&rsquo;universit\u00e9, sauf dans des circonstances limit\u00e9es &#8211; contactez-nous pour plus d&rsquo;informations.<\/li>\n<\/ul>\n\n\n\n<h2 class=\"wp-block-heading\" id=\"crit\u00e8res\"><strong>Crit\u00e8res<\/strong><\/h2>\n\n\n\n<p>Pour vous qualifier \u00e0 une potentielle subvention, vous devez \u00eatre :<\/p>\n\n\n\n<ul class=\"wp-block-list\">\n<li>Un petit groupe canadien, avec peu de ressources ou r\u00e9cemment cr\u00e9\u00e9, qui se concentre sur les droits reproductifs  ou l&rsquo;acc\u00e8s, ou travaille sur un projet li\u00e9 aux droits reproductifs ou l&rsquo;acc\u00e8s. La candidature de militant\u00b7e\u00b7s individuel\u00b7le\u00b7s pourrait \u00eatre consid\u00e9r\u00e9e dans des circonstances sp\u00e9ciales.<\/li>\n\n\n\n<li>Un groupe dont les valeurs et la mission rejoignent celles de la CDAC<\/li>\n<\/ul>\n\n\n\n<p><strong>Et remplir l\u2019une de ces conditions&nbsp;:<\/strong><\/p>\n\n\n\n<ul class=\"wp-block-list\">\n<li>Un groupe avec une pr\u00e9sence en ligne d\u00e9crivant son travail et ses activit\u00e9s en tant que d\u00e9fenseur des droits reproductifs. Veuillez inclure l\u2019adresse de votre site Internet, de votre page sur les m\u00e9dias sociaux ou toute autre preuve qui confirmerait votre pr\u00e9sence en ligne. Vous devez avoir un projet viable et bien planifi\u00e9, et fournir un budget ou une liste d\u00e9taill\u00e9e des d\u00e9penses.<\/li>\n\n\n\n<li>Un groupe ou une personne qui fait, ou qui planifie faire, une diff\u00e9rence dans sa communaut\u00e9 sur un sujet entourant le droit \u00e0 l\u2019avortement. Veuillez inclure un plan de projet d\u00e9taill\u00e9 (au moins 250 mots) et tout document justificatif tel qu&rsquo;un budget, des liens vers des articles de presse et\/ou des copies de la correspondance avec les d\u00e9cideurs. <\/li>\n<\/ul>\n\n\n\n<h3 class=\"wp-block-heading\">Avertissement&nbsp;: <\/h3>\n\n\n\n<blockquote class=\"wp-block-quote is-layout-flow wp-block-quote-is-layout-flow\">\n<p><em>M\u00eame si les crit\u00e8res d\u2019admissibilit\u00e9 pour une subvention sont satisfaits, la CDAC se r\u00e9serve le droit de refuser toute demande de financement. Prendre note que les fonds pour ce programme sont limit\u00e9s. Aussi, nous pourrions vouloir prioriser des candidatures fond\u00e9es sur d\u2019autres crit\u00e8res que nous jugerions raisonnables.<\/em><\/p>\n\n\n\n<p><em>Les membres du conseil d&rsquo;administration de l&rsquo;ARCC et les contractants r\u00e9mun\u00e9r\u00e9s ne sont pas autoris\u00e9s \u00e0 poser leur candidature en leur nom propre ou au nom d&rsquo;une autre organisation avec laquelle ils sont affili\u00e9s.<\/em><\/p>\n<\/blockquote>\n\n\n\n<h3 class=\"wp-block-heading\">Les <strong>r\u00e9sultats et les c\u00e9l\u00e9brations<\/strong> :<\/h3>\n\n\n\n<p>Apr\u00e8s avoir d\u00e9pens\u00e9 l&rsquo;argent, les b\u00e9n\u00e9ficiaires seront invit\u00e9s \u00e0 soumettre un bref rapport. Avec leur permission, l&rsquo;ARCC partagera les histoires de r\u00e9ussite sur nos m\u00e9dias sociaux et notre page web afin de promouvoir les groupes et leur travail. <a href=\"https:\/\/www.arcc-cdac.ca\/news\/2024\/07\/11\/celebrating-our-grantees\/\">D\u00e9couvrez leurs histoires !<\/a> (en anglais)<\/p>\n\n\n\n<h3 class=\"wp-block-heading\"><strong>Pour poser votre candidature <\/strong>:<\/h3>\n\n\n\n<p>Remplissez le formulaire en cliquant sur le lien ci-dessous (Google Docs). Notre d\u00e9cision vous sera rendue dans un d\u00e9lai de 2 \u00e0 3&nbsp;semaines. Pour toutes questions, veuillez contacter&nbsp;<a href=\"mailto:smallgrants@arcc-cdac.ca\">smallgrants@arcc-cdac.ca<\/a>. Nous vous remercions pour le temps que vous avez pris pour soumettre votre candidature.<\/p>\n\n\n\n<blockquote class=\"wp-block-quote is-layout-flow wp-block-quote-is-layout-flow\">\n<p><em>Nota : Les groupes peuvent faire une nouvelle demande de subvention, mais doivent attendre une ann\u00e9e compl\u00e8te \u00e0 partir de la date \u00e0 laquelle ils ont re\u00e7u leur derni\u00e8re subvention. Aucun groupe ou individu ne peut recevoir plus de 2 000 $ de notre programme de subventions, y compris toutes les subventions pr\u00e9c\u00e9dentes accord\u00e9es depuis 2020.<\/em><\/p>\n\n\n\n<p><\/p>\n<\/blockquote>\n\n\n<style>.wp-block-kadence-spacer.kt-block-spacer-10043_91dc78-d7 .kt-block-spacer{height:30px;}.wp-block-kadence-spacer.kt-block-spacer-10043_91dc78-d7 .kt-divider{border-top-width:1px;height:1px;border-top-color:#eee;width:80%;border-top-style:solid;}<\/style>\n<div class=\"wp-block-kadence-spacer aligncenter kt-block-spacer-10043_91dc78-d7\"><div class=\"kt-block-spacer kt-block-spacer-halign-center\"><\/div><\/div>\n\n\n\n<div class=\"wp-block-buttons is-content-justification-center is-nowrap is-layout-flex wp-container-core-buttons-is-layout-1fb9aab6 wp-block-buttons-is-layout-flex\">\n<div class=\"wp-block-button\"><a class=\"wp-block-button__link has-text-color has-background wp-element-button\" href=\"https:\/\/docs.google.com\/forms\/d\/e\/1FAIpQLSfQYftuStJWJEXoMTSOrclqjxLZiyfBCGqockylLo6-wsJM6w\/viewform\" style=\"border-radius:5px;color:#ffffff;background-color:#4c96d1\" target=\"_blank\" rel=\"noreferrer noopener\">Formulaire demande de subvention <\/a><\/div>\n<\/div>\n\n\n\n<p><\/p>\n","protected":false},"excerpt":{"rendered":"<p>\u00c0 l\u2019intention des groupes de d\u00e9fense des droits reproductifs et des projets s\u2019y rapportant La mission de la CDAC est d\u2019assurer la libert\u00e9 reproductive en prot\u00e9geant et en am\u00e9liorant les droits et l\u2019acc\u00e8s \u00e0 l\u2019avortement, et les soins de sant\u00e9 de qualit\u00e9. La CDAC s\u2019est engag\u00e9e \u00e0 appuyer des groupes \u00e0 travers le Canada qui&hellip;<\/p>\n","protected":false},"author":3,"featured_media":0,"parent":0,"menu_order":48,"comment_status":"closed","ping_status":"closed","template":"","meta":{"_acf_changed":false,"_nakedcatplugins_page_lang":"","_nakedcatplugins_page_dir":"ltr","footnotes":""},"class_list":["post-10043","page","type-page","status-publish","hentry"],"acf":{"toc_header":"","toc_header_source":{"label":"TOC Header","type":"text","formatted_value":""},"printfriendly":true,"printfriendly_source":{"label":"Show PrintFriendly Options","type":"true_false","formatted_value":true}},"_links":{"self":[{"href":"https:\/\/www.arcc-cdac.ca\/fr\/wp-json\/wp\/v2\/pages\/10043","targetHints":{"allow":["GET"]}}],"collection":[{"href":"https:\/\/www.arcc-cdac.ca\/fr\/wp-json\/wp\/v2\/pages"}],"about":[{"href":"https:\/\/www.arcc-cdac.ca\/fr\/wp-json\/wp\/v2\/types\/page"}],"author":[{"embeddable":true,"href":"https:\/\/www.arcc-cdac.ca\/fr\/wp-json\/wp\/v2\/users\/3"}],"replies":[{"embeddable":true,"href":"https:\/\/www.arcc-cdac.ca\/fr\/wp-json\/wp\/v2\/comments?post=10043"}],"version-history":[{"count":21,"href":"https:\/\/www.arcc-cdac.ca\/fr\/wp-json\/wp\/v2\/pages\/10043\/revisions"}],"predecessor-version":[{"id":21640,"href":"https:\/\/www.arcc-cdac.ca\/fr\/wp-json\/wp\/v2\/pages\/10043\/revisions\/21640"}],"wp:attachment":[{"href":"https:\/\/www.arcc-cdac.ca\/fr\/wp-json\/wp\/v2\/media?parent=10043"}],"curies":[{"name":"wp","href":"https:\/\/api.w.org\/{rel}","templated":true}]}}