{"id":10059,"date":"2021-02-02T23:52:06","date_gmt":"2021-02-03T07:52:06","guid":{"rendered":"https:\/\/www.arcc-cdac.ca\/soutenez-la-cdac\/don-planifie\/"},"modified":"2026-04-13T18:22:14","modified_gmt":"2026-04-14T01:22:14","slug":"don-planifie","status":"publish","type":"page","link":"https:\/\/www.arcc-cdac.ca\/fr\/soutenez-la-cdac\/don-planifie\/","title":{"rendered":"Don planifi\u00e9"},"content":{"rendered":"\n<p>Merci d\u2019avoir ajout\u00e9 la Coalition pour le droit \u00e0 l\u2019avortement au Canada (CDAC) \u00e0 votre legs! Nos membres et nos donateurs sont tr\u00e8s soucieux du plaidoyer politique que nous entreprenons. Cet activisme direct est ce qui diff\u00e9rencie la CDAC des autres organisations. Il fait aussi en sorte que chaque dollar donn\u00e9 \u00e0 la CDAC est encore mieux investi pour assurer la justice reproductive et l\u2019acc\u00e8s \u00e0 l\u2019avortement partout au Canada.<\/p>\n\n\n\n<p>La CDAC accepte les dons de votre vivant, les dons par testament ou venant d\u2019une fiducie (par exemple une fiducie \u00e0 votre nom ou au profit de votre conjoint). Si vous \u00eates \u00e0 l\u2019aise de partager de l&rsquo;information sur le don que vous planifiez faire, un membre du conseil d\u2019administration de la CDAC sera heureux de discuter avec vous des besoins actuels de l\u2019organisation et de la mani\u00e8re que vous voudriez que votre don soit utilis\u00e9 et comment vous voulez qu&rsquo;il soit <strong>reconnu.<\/strong> Si vous pr\u00e9f\u00e9rez rester anonyme, votre avocat ou votre notaire peuvent \u00e9galement <a href=\"mailto:info@arcc-cdac.ca\">communiquer directement avec nous<\/a> pour discuter de ces questions.<\/p>\n\n\n\n<h2 class=\"wp-block-heading\">Un don par testament<\/h2>\n\n\n\n<p>En faisant un don \u00e0 la CDAC par testament, vous laissez un h\u00e9ritage durable \u00e0 la justice reproductive. Les mod\u00e8les de clause suivants peuvent \u00eatre port\u00e9s \u00e0 l\u2019attention de votre avocat ou de votre notaire lors de votre prochain rendez-vous. Si vous souhaitez faire un don ou laisser un montant pr\u00e9cis \u00e0 la CDAC :<\/p>\n\n\n\n<blockquote class=\"wp-block-quote is-layout-flow wp-block-quote-is-layout-flow\">\n<p>J\u2019ORDONNE \u00e0 mon liquidateur de payer ou de transf\u00e9rer le montant de _______$ \u00e0 la COALITION POUR LE DROIT \u00c0 L\u2019AVORTEMENT AU CANADA, pour \u00eatre utilis\u00e9 aux fins pr\u00e9vues par le conseil d\u2019administration. \u00bb<\/p>\n<\/blockquote>\n\n\n\n<p>Si vous souhaitez l\u00e9guer \u00e0 la CDAC un pourcentage de votre succession&nbsp;:<\/p>\n\n\n\n<blockquote class=\"wp-block-quote is-layout-flow wp-block-quote-is-layout-flow\">\n<p>J\u2019ORDONNE \u00e0 mon liquidateur de payer ou transf\u00e9rer une part repr\u00e9sentant _____% du solde de ma succession \u00e0 la COALITION POUR LE DROIT \u00c0 L\u2019AVORTEMENT AU CANADA, qui sera utilis\u00e9e aux fins pr\u00e9vues par le conseil d\u2019administration.<\/p>\n<\/blockquote>\n\n\n\n<h2 class=\"wp-block-heading\">Mentions l\u00e9gales<\/h2>\n\n\n\n<p>Nous sommes une organisation \u00e0 but non lucratif enregistr\u00e9e au niveau f\u00e9d\u00e9ral aupr\u00e8s de Corporations Canada, mais nous ne sommes pas un organisme de bienfaisance.<\/p>\n\n\n\n<ul class=\"wp-block-list\">\n<li>Num\u00e9ro de soci\u00e9t\u00e9 : 443406-4<\/li>\n\n\n\n<li>Num\u00e9ro d&rsquo;entreprise de l&rsquo;Agence du revenu du Canada : 846017416 (RC0001)<\/li>\n\n\n\n<li>Nom officiel : Abortion Rights Coaliton of Canada (ARCC-CDAC)<\/li>\n\n\n\n<li>Adresse postale : B.P.&nbsp;2663, succ. princ., Vancouver (C.-B.) V6B 3W3 <\/li>\n<\/ul>\n","protected":false},"excerpt":{"rendered":"<p>Merci d\u2019avoir ajout\u00e9 la Coalition pour le droit \u00e0 l\u2019avortement au Canada (CDAC) \u00e0 votre legs! Nos membres et nos donateurs sont tr\u00e8s soucieux du plaidoyer politique que nous entreprenons. Cet activisme direct est ce qui diff\u00e9rencie la CDAC des autres organisations. Il fait aussi en sorte que chaque dollar donn\u00e9 \u00e0 la CDAC est&hellip;<\/p>\n","protected":false},"author":3,"featured_media":0,"parent":8649,"menu_order":0,"comment_status":"closed","ping_status":"closed","template":"","meta":{"_acf_changed":false,"_nakedcatplugins_page_lang":"","_nakedcatplugins_page_dir":"ltr","footnotes":""},"class_list":["post-10059","page","type-page","status-publish","hentry"],"acf":{"toc_header":"","toc_header_source":{"label":"TOC Header","type":"text","formatted_value":""},"printfriendly":true,"printfriendly_source":{"label":"Show PrintFriendly Options","type":"true_false","formatted_value":true}},"_links":{"self":[{"href":"https:\/\/www.arcc-cdac.ca\/fr\/wp-json\/wp\/v2\/pages\/10059","targetHints":{"allow":["GET"]}}],"collection":[{"href":"https:\/\/www.arcc-cdac.ca\/fr\/wp-json\/wp\/v2\/pages"}],"about":[{"href":"https:\/\/www.arcc-cdac.ca\/fr\/wp-json\/wp\/v2\/types\/page"}],"author":[{"embeddable":true,"href":"https:\/\/www.arcc-cdac.ca\/fr\/wp-json\/wp\/v2\/users\/3"}],"replies":[{"embeddable":true,"href":"https:\/\/www.arcc-cdac.ca\/fr\/wp-json\/wp\/v2\/comments?post=10059"}],"version-history":[{"count":14,"href":"https:\/\/www.arcc-cdac.ca\/fr\/wp-json\/wp\/v2\/pages\/10059\/revisions"}],"predecessor-version":[{"id":21780,"href":"https:\/\/www.arcc-cdac.ca\/fr\/wp-json\/wp\/v2\/pages\/10059\/revisions\/21780"}],"up":[{"embeddable":true,"href":"https:\/\/www.arcc-cdac.ca\/fr\/wp-json\/wp\/v2\/pages\/8649"}],"wp:attachment":[{"href":"https:\/\/www.arcc-cdac.ca\/fr\/wp-json\/wp\/v2\/media?parent=10059"}],"curies":[{"name":"wp","href":"https:\/\/api.w.org\/{rel}","templated":true}]}}