{"id":10199,"date":"2025-07-18T08:07:06","date_gmt":"2025-07-18T15:07:06","guid":{"rendered":"https:\/\/www.arcc-cdac.ca\/politique-et-elections\/"},"modified":"2026-04-14T07:46:36","modified_gmt":"2026-04-14T14:46:36","slug":"politique-et-elections","status":"publish","type":"page","link":"https:\/\/www.arcc-cdac.ca\/fr\/politique-et-elections\/","title":{"rendered":"Politique et \u00e9lections"},"content":{"rendered":"\n<p><strong>14 avril 2026<\/strong> &#8211; <a href=\"https:\/\/www.arcc-cdac.ca\/media\/deputes-anti-choix-actuelles.pdf\" target=\"_blank\" rel=\"noreferrer noopener\">Liste des d\u00e9put\u00e9s f\u00e9d\u00e9raux anti-choix<\/a> apr\u00e8s les \u00e9lections d&rsquo;avril 2025, suite au changement d&rsquo;all\u00e9geance de plusieurs d\u00e9put\u00e9s, et apr\u00e8s les \u00e9lections partielles d&rsquo;avril 2026.<\/p>\n\n\n\n<p><strong>Avril 2026 <\/strong>: <a href=\"https:\/\/www.arcc-cdac.ca\/media\/anti-choice-mps-current-mandarin.pdf\" target=\"_blank\" rel=\"noreferrer noopener\">Liste des d\u00e9put\u00e9s anti-choix en mandarin<\/a> :\u00a0 \u6301\u53cd\u5bf9\u9009\u62e9\u6743\u7684 \u56fd\u4f1a\u8bae\u5458\u540d\u5355<\/p>\n\n\n\n<p><strong>24 juin 2023<\/strong>&nbsp;&#8211;&nbsp;<a class=\"ek-link\" href=\"https:\/\/www.arcc-cdac.ca\/fr\/presentations-anti-bills\/?lang=fr\" target=\"_blank\" rel=\"noopener\">Motions et projets de loi \u00e9manant d\u2019un d\u00e9put\u00e9 pr\u00e9sent\u00e9s au Canada depuis 1987<\/a>. On compte au moins <strong>48<\/strong> projets de loi ou motions d\u00e9pos\u00e9s au Parlement canadien depuis 1987. Voici la liste compl\u00e8te d\u00e9taill\u00e9e.<\/p>\n\n\n<style>.wp-block-kadence-spacer.kt-block-spacer-_8c78df-85 .kt-block-spacer{height:34px;}.wp-block-kadence-spacer.kt-block-spacer-_8c78df-85 .kt-divider-stripe{height:10px;width:100%;}<\/style>\n<div class=\"wp-block-kadence-spacer aligncenter kt-block-spacer-_8c78df-85 \\&quot;wp-block-kadence-spacer\"><div class=\"kt-block-spacer kt-block-spacer-halign-center\"><span class=\"kt-divider-stripe\"><svg xmlns=\"http:\/\/www.w3.org\/2000\/svg\" width=\"100%\" height=\"100%\" class=\"kb-pattern-svg-divider kb-stripes-svg\"><defs><pattern id=\"pat_8c78df-85\" width=\"7\" height=\"7\" patternTransform=\"rotate(40)\" patternUnits=\"userSpaceOnUse\"><line x1=\"0\" y=\"0\" x2=\"0\" y2=\"7\" stroke=\"#abb8c3\" stroke-width=\"4\"><\/line><\/pattern><\/defs><rect width=\"100%\" height=\"100%\" fill=\"url(#pat_8c78df-85)\" opacity=\"1\"><\/rect><\/svg><\/span><\/div><\/div>\n\n\n\n<h3 class=\"wp-block-heading\">Ressources pass\u00e9es<\/h3>\n\n\n\n<p><strong>29 mars 2025 <\/strong>&#8211; <a href=\"https:\/\/www.arcc-cdac.ca\/2025-election-outils\/?lang=fr\" target=\"_blank\" rel=\"noreferrer noopener\">Outils pour les \u00e9lections f\u00e9d\u00e9rales de 2025<\/a>. Votez pro-choix pour emp\u00eacher les conservateurs de remporter les \u00e9lections.<\/p>\n\n\n\n<p><strong><strong>01 ao\u00fbt 2023<\/strong> <\/strong>&#8211; <a href=\"https:\/\/www.arcc-cdac.ca\/media\/parti-conservateur-consolide-position-anti-choix.pdf\" target=\"_blank\" rel=\"noreferrer noopener\">Le Parti conservateur consolide sa position <em>anti-choix<\/em><\/a> <em>(un article pour expliquer notre 2023 liste des d\u00e9put\u00e9s anti-choix)<\/em><\/p>\n\n\n\n<p><strong>22<\/strong> <strong>ao\u00fbt<\/strong> <strong>2021 <\/strong>&#8211; Voici donc, mise-\u00e0-jour, notre <a aria-label=\"bo\u00eete \u00e0 outils rapide pour \u00e9lections 2021 (opens in a new tab)\" href=\"https:\/\/www.arcc-cdac.ca\/boite-a-outils-rapide-pour-elections\/?lang=fr\" target=\"_blank\" rel=\"noreferrer noopener\" class=\"ek-link\">bo\u00eete \u00e0 outils rapide pour \u00e9lections 2021<\/a>.  <\/p>\n\n\n\n<p><strong>9 avril 2021<\/strong> &#8211;&nbsp;<a href=\"https:\/\/www.arcc-cdac.ca\/opposez-vous-au-projet-de-loi-c-233-qui-veut-interdire-lavortement-en-fonction-du-sexe\/?lang=fr\">Opposez-vous au projet de loi C-233 qui veut interdire l\u2019avortement en fonction du sexe<\/a>. Celui-ci mettrait en p\u00e9ril la sant\u00e9, la s\u00e9curit\u00e9 et les droits de tous.<\/p>\n\n\n\n<p><strong>14 octobre 2019<\/strong> &#8211;&nbsp;<a href=\"http:\/\/www.arcc-cdac.ca\/fr\/2019-election-outils.html\">Trousse d\u2019outils en vue des \u00e9lections 2019<\/a>. Le r\u00e9sultat des prochaines \u00e9lections pr\u00e9vues en octobre vous inqui\u00e8te ainsi que le sort qui attend l\u2019acc\u00e8s et le droit \u00e0 l\u2019avortement? Passez \u00e0 l\u2019action \u00e0 l\u2019aide de notre trousse!<\/p>\n\n\n\n<p><strong>4 mars 2016<\/strong> &#8211; <a href=\"http:\/\/www.arcc-cdac.ca\/fr\/c225.html\">La CDAC ne peut appuyer le projet de loi C-225<\/a>. Ce projet de loi, pr\u00e9sent\u00e9 par la d\u00e9put\u00e9e conservatrice Cathay Wagantall, modifierait le Code criminel afin d\u2019\u00e9riger en une infraction distincte le fait de blesser ou de tuer un f\u0153tus lors de la perp\u00e9tration d\u2019une infraction contre une femme enceinte. La CDAC s\u2019oppose au projet de loi car il donne certains droits au f\u0153tus et pourrait menacer les droits constitutionnels des femmes et le droit \u00e0 l\u2019avortement.<\/p>\n\n\n\n<p><strong>3 f\u00e9vrier 2015<\/strong> \u2013 Liste des d\u00e9put\u00e9s f\u00e9d\u00e9raux pro-choix et \u00e0 position inconnue sur l\u2019avortement, apr\u00e8s les \u00e9lections partielles, novembre 2014. <em>(ne sera pas mise \u00e0 jour avec les r\u00e9sultats 2015).<\/em><\/p>\n\n\n\n<p><strong>11 avril 2014<\/strong> \u2013 <a href=\"https:\/\/www.arcc-cdac.ca\/action-for-new-brunswick-women\/?lang=fr\">Passez \u00e0 l\u2019action pour les femmes du Nouveau-Brunswick!<\/a> \u2013 Envoyez des lettres \u00e0 des repr\u00e9sentants du gouvernement, signez une p\u00e9tition, assistez \u00e0 un \u00e9v\u00e9nement, et passez le mot \u00e0 propos de la fermeture imminente de la clinique Morgentaler de Fredericton, et de l\u2019urgente n\u00e9cessit\u00e9 d\u2019abroger le r\u00e8glement de paiement en rigueur au N.-B. qui limite ill\u00e9galement l\u2019acc\u00e8s \u00e0 l\u2019avortement.<\/p>\n\n\n\n<p><strong>9 octobre 2013<\/strong> \u2013 <a href=\"https:\/\/www.arcc-cdac.ca\/fr\/action\/communique-fr-FQPN-CDAC-matiere-sante-femmes.pdf\">Des organismes canadiens<\/a> qui travaillent en sant\u00e9 sexuelle et reproductive d\u00e9noncent l\u2019incoh\u00e9rence du gouvernement Conservateur Canadien en mati\u00e8re de sant\u00e9 des femmes.<\/p>\n\n\n\n<p><strong>mars 2013<\/strong> \u2013 <a href=\"https:\/\/www.arcc-cdac.ca\/fr\/action\/m408-une-imposture.html\">Motion 408 : une imposture<\/a>. La motion 408 est en fait un outil con\u00e7u pour rouvrir le d\u00e9bat sur l\u2019avortement au Canada, et non pas pour condamner la discrimination envers les filles. <a href=\"https:\/\/www.arcc-cdac.ca\/fr\/action\/m408-une-imposture.pdf\">(version PDF)<\/a><\/p>\n\n\n\n<p><strong>mars 2012<\/strong> \u2013 <a href=\"http:\/\/www.arcc-cdac.ca\/fr\/m312.html\">Motion 312 : Appel \u00e0 l&rsquo;action<\/a>. Cette page contient toutes les informations qu\u2019il vous faut! Vous y trouverez des liens \u00e0 une p\u00e9tition, des lettres types, des arguments, des d\u00e9bats, des nouvelles et des actions pour protester contre la motion (M-312) du d\u00e9put\u00e9 Woodworth. Cette motion vise \u00e0 \u00e9largir la d\u00e9finition d\u2019\u00ab \u00eatre humain \u00bb pour y inclure les f\u0153tus, de fa\u00e7on \u00e0 ce que l\u2019avortement puisse \u00eatre recriminalis\u00e9.<\/p>\n\n\n\n<p><strong>juin 2011<\/strong> \u2013 <a href=\"https:\/\/www.arcc-cdac.ca\/fr\/action\/lettre-type.html\">Lettre type \u00e0 envoyer \u00e0 votre d\u00e9put\u00e9<\/a>. Envoyer cette lettre \u00e0 votre d\u00e9put\u00e9 et \u00e0 d\u2019autres repr\u00e9sentants du gouvernement, pour leur demander de d\u00e9fendre les droits d\u2019avortement sous le gouvernement conservateur majoritaire. Vous pouvez personnaliser votre lettre.<\/p>\n\n\n\n<p><strong>18 mai 2011<\/strong> &#8211; <a href=\"https:\/\/www.arcc-cdac.ca\/fr\/action\/majorite-harper.html\">Qu&rsquo;est-ce qui pourrait arriver aux droits reproductifs sous une majorit\u00e9 Harper ?<\/a> \u2013 De nombreuses mesures pourraient \u00eatre prises au cours des quatre ann\u00e9es pour restreindre ou tenter de restreindre le droit et l\u2019acc\u00e8s \u00e0 l\u2019avortement.<\/p>\n\n\n\n<p><strong>18 avril 2011<\/strong> &#8211;&nbsp;<a href=\"https:\/\/www.arcc-cdac.ca\/fr\/action\/majorite-harper.html\">Qu\u2019est-ce qui pourrait arriver aux droits reproductifs sous une majorit\u00e9 Harper ?<\/a> De nombreuses mesures pourraient \u00eatre prises au cours des quatre ann\u00e9es pour restreindre ou tenter de restreindre le droit et l\u2019acc\u00e8s \u00e0 l\u2019avortement.<\/p>\n\n\n\n<p><strong>5 avril 2011<\/strong> \u2013 <a href=\"https:\/\/www.arcc-cdac.ca\/fr\/action\/pas-un-conservateur.html\">Votez pour qui vous voulez \u2013 mais pas pour un Conservateur!<\/a>. Voici quelques questions \u00e0 poser \u00e0 vos candidat-es pendant la campagne.<\/p>\n\n\n\n<p><strong>decembre 2010<\/strong> \u2013 <a href=\"https:\/\/www.arcc-cdac.ca\/fr\/action\/c510-lettre-depute.html\">\u00c9chantillon de lettre d\u2019opposition au projet de loi C-510, visant \u00e0 interdire \u00ab l&rsquo;avortement sous contrainte \u00bb<\/a> Pr\u00e9venez-en votre d\u00e9put\u00e9 f\u00e9d\u00e9ral s\u2019il-vous-pla\u00eet en signant et en lui postant une lettre. Voici un NOUVEL <a href=\"https:\/\/www.arcc-cdac.ca\/fr\/action\/c510-lettre-depute.html\">\u00e9chantillon de lettre<\/a> (une adaptation de celle que nous vous avons envoy\u00e9e en novembre).<\/p>\n\n\n\n<p><strong>mai 2010<\/strong> \u2013 <a href=\"https:\/\/www.arcc-cdac.ca\/fr\/action\/G8-action.pdf\">Appel \u00e0 l\u2019action sur le G8!<\/a> Voici donc une liste d\u2019actions possibles. Si votre groupe organise une campagne ou un \u00e9v\u00e9nement, merci de nous en envoyer les d\u00e9tails! (Merci \u00e0 la FQPN pour la traduction de ce document.)<\/p>\n\n\n\n<p><strong>novembre 2008<\/strong> \u2013 <a href=\"https:\/\/www.arcc-cdac.ca\/fr\/action\/liste-deputes-anti-choix-08.html\">Liste des d\u00e9put\u00e9s f\u00e9d\u00e9raux anti-choix apr\u00e8s l\u2019\u00e9lection d\u2019octobre 2008<\/a>. 38% des d\u00e9put\u00e9s ont adopt\u00e9 des positions anti-choix, dont 68% du caucus Conservateur, 25% du caucus Lib\u00e9ral et les 2 d\u00e9put\u00e9s ind\u00e9pendants. La position de 21% des d\u00e9put\u00e9s f\u00e9d\u00e9raux demeure inconnue.<\/p>\n\n\n\n<p><strong>octobre 2008<\/strong> \u2013 <a href=\"https:\/\/www.arcc-cdac.ca\/fr\/backrounders\/c338.html\">Un parlementaire lib\u00e9ral a propos\u00e9 un projet de loi pour interdire les avortements apr\u00e8s 20 semaines.<\/a> Le parlementaire lib\u00e9ral Steckle a propos\u00e9 en 2006 un projet de loi visant \u00e0 interdire les avortements apr\u00e8s 20 semaines de grossesse ; 2007, il a \u00e0 nouveau propos\u00e9 le m\u00eame projet. Et il pourrait revenir \u00e0 la charge ! Cet article explique ce qui ne va pas dans ce projet de loi et dit la v\u00e9rit\u00e9 sur les avortements tardifs au Canada.<\/p>\n\n\n\n<p><strong>septembre 2008<\/strong> \u2013 <a href=\"https:\/\/www.arcc-cdac.ca\/fr\/action\/action-national-28-sep-08.pdf\" target=\"_blank\" rel=\"noopener\">\u00c9lection 2008 \u2013 \u00ab On ne joue pas avec les droits des femmes! \u00bb<\/a> Si l\u2019\u00e9galit\u00e9 des femmes et le droit \u00e0 l\u2019avortement vous tiennent \u00e0 c\u0153ur, veuillez vous joindre \u00e0 nous le 28 septembre 2008. Aussi, vous pouvez \u00e9galement t\u00e9l\u00e9charger <a href=\"https:\/\/www.arcc-cdac.ca\/fr\/action\/Womens%20Rights-National-Poster-F.pdf\" target=\"_blank\" rel=\"noopener\">une affiche couleurs<\/a>, \u00e0 utiliser dans votre travail local de mobilisation \u2013 il vous suffit d\u2019y ajouter les d\u00e9tails de votre activit\u00e9.<\/p>\n\n\n\n<p><strong>mai 2008<\/strong> \u2013 <a href=\"https:\/\/www.arcc-cdac.ca\/fr\/action\/c-537-contre.htm\">Arguments contre le projet de loi C-537 \u00ab Protection du droit de conscience des professionnels de la sant\u00e9 \u00bb<\/a>. Ce projet constituerait une violation du droit des patientes et patients aux soins de sant\u00e9, ainsi qu&rsquo;une violation par le premier ministre Harper de sa promesse \u00e9lectorale de ne pas l\u00e9gif\u00e9rer au sujet de l&rsquo;avortement.<\/p>\n\n\n\n<p><strong>avril 2008<\/strong> \u2013 <a href=\"https:\/\/www.arcc-cdac.ca\/fr\/c484.html\">Rejeter le Projet C-484 !<\/a> &#8211; \u00ab Loi sur les enfants non encore n\u00e9s victimes d\u2019actes criminels \u00bb Engagez-vous ici!<\/p>\n\n\n\n<p><strong>juin 2006<\/strong> \u2013 Le gouvernement minoritaire conservateur repr\u00e9sente une menace aux droits \u00e0 l\u2019avortement libre et gratuit. Et ils vont continuer cette politique aussi longtemps qu\u2019ils tiennent le pouvoir. <a href=\"https:\/\/www.arcc-cdac.ca\/action\/conservative-danger.html\">Engageons-nous!<\/a> (en anglais)<\/p>\n","protected":false},"excerpt":{"rendered":"<p>14 avril 2026 &#8211; Liste des d\u00e9put\u00e9s f\u00e9d\u00e9raux anti-choix apr\u00e8s les \u00e9lections d&rsquo;avril 2025, suite au changement d&rsquo;all\u00e9geance de plusieurs d\u00e9put\u00e9s, et apr\u00e8s les \u00e9lections partielles d&rsquo;avril 2026. Avril 2026 : Liste des d\u00e9put\u00e9s anti-choix en mandarin :\u00a0 \u6301\u53cd\u5bf9\u9009\u62e9\u6743\u7684 \u56fd\u4f1a\u8bae\u5458\u540d\u5355 24 juin 2023&nbsp;&#8211;&nbsp;Motions et projets de loi \u00e9manant d\u2019un d\u00e9put\u00e9 pr\u00e9sent\u00e9s au Canada depuis 1987.&hellip;<\/p>\n","protected":false},"author":3,"featured_media":0,"parent":0,"menu_order":31,"comment_status":"closed","ping_status":"closed","template":"","meta":{"_acf_changed":false,"_nakedcatplugins_page_lang":"","_nakedcatplugins_page_dir":"ltr","footnotes":""},"class_list":["post-10199","page","type-page","status-publish","hentry"],"acf":{"toc_header":"","toc_header_source":{"label":"TOC Header","type":"text","formatted_value":""},"printfriendly":true,"printfriendly_source":{"label":"Show PrintFriendly Options","type":"true_false","formatted_value":true}},"_links":{"self":[{"href":"https:\/\/www.arcc-cdac.ca\/fr\/wp-json\/wp\/v2\/pages\/10199","targetHints":{"allow":["GET"]}}],"collection":[{"href":"https:\/\/www.arcc-cdac.ca\/fr\/wp-json\/wp\/v2\/pages"}],"about":[{"href":"https:\/\/www.arcc-cdac.ca\/fr\/wp-json\/wp\/v2\/types\/page"}],"author":[{"embeddable":true,"href":"https:\/\/www.arcc-cdac.ca\/fr\/wp-json\/wp\/v2\/users\/3"}],"replies":[{"embeddable":true,"href":"https:\/\/www.arcc-cdac.ca\/fr\/wp-json\/wp\/v2\/comments?post=10199"}],"version-history":[{"count":44,"href":"https:\/\/www.arcc-cdac.ca\/fr\/wp-json\/wp\/v2\/pages\/10199\/revisions"}],"predecessor-version":[{"id":21938,"href":"https:\/\/www.arcc-cdac.ca\/fr\/wp-json\/wp\/v2\/pages\/10199\/revisions\/21938"}],"wp:attachment":[{"href":"https:\/\/www.arcc-cdac.ca\/fr\/wp-json\/wp\/v2\/media?parent=10199"}],"curies":[{"name":"wp","href":"https:\/\/api.w.org\/{rel}","templated":true}]}}