{"id":11032,"date":"2021-09-15T15:38:42","date_gmt":"2021-09-15T22:38:42","guid":{"rendered":"https:\/\/www.arcc-cdac.ca\/renseignements-a-lintention-des-personnes-queer-et-transgenre-enceintes\/"},"modified":"2025-06-23T18:12:47","modified_gmt":"2025-06-24T01:12:47","slug":"renseignements-a-lintention-des-personnes-queer-et-transgenre-enceintes","status":"publish","type":"page","link":"https:\/\/www.arcc-cdac.ca\/fr\/renseignements-a-lintention-des-personnes-queer-et-transgenre-enceintes\/","title":{"rendered":"Renseignements \u00e0 l\u2019intention des personnes queers et transgenres enceintes"},"content":{"rendered":"<div class=\"wp-block-image\">\n<figure class=\"alignleft size-full is-resized\"><img loading=\"lazy\" decoding=\"async\" width=\"512\" height=\"501\" src=\"https:\/\/www.arcc-cdac.ca\/media\/2021\/09\/Queer-brochure.jpg\" alt=\"purple leaves on a green background\" class=\"wp-image-10985\" style=\"width:182px;height:auto\" srcset=\"https:\/\/www.arcc-cdac.ca\/media\/2021\/09\/Queer-brochure.jpg 512w, https:\/\/www.arcc-cdac.ca\/media\/2021\/09\/Queer-brochure-200x196.jpg 200w\" sizes=\"auto, (max-width: 512px) 100vw, 512px\" \/><\/figure>\n<\/div>\n\n\n<p>Vous \u00eates queer, transgenre ou non binaire et vous voulez vous faire avorter ? Vous n&rsquo;\u00eates pas seule.<\/p>\n\n\n\n<p>Les femmes cisgenres 2SLGBQ+ sont plus susceptibles d&rsquo;avoir des grossesses non d\u00e9sir\u00e9es qui se terminent par un avortement que les femmes cisgenres h\u00e9t\u00e9rosexuelles. Bien que nous ne disposions pas de statistiques sur le nombre de personnes trans et non binaires qui ont recours aux services d&rsquo;avortement, nous savons qu&rsquo;elles le font. Votre orientation sexuelle et\/ou votre genre ne devraient pas vous emp\u00eacher de vivre une exp\u00e9rience d&rsquo;avortement s\u00e9curitaire et d\u2019avoir du soutien.<\/p>\n\n\n<div class=\"wp-block-image\">\n<figure class=\"alignleft size-full is-resized\"><img loading=\"lazy\" decoding=\"async\" width=\"354\" height=\"353\" src=\"https:\/\/www.arcc-cdac.ca\/media\/2021\/09\/Trans-brochure.jpg\" alt=\"plant with pink and purple leaves in a pot, with green background\" class=\"wp-image-10987\" style=\"width:182px;height:auto\" srcset=\"https:\/\/www.arcc-cdac.ca\/media\/2021\/09\/Trans-brochure.jpg 354w, https:\/\/www.arcc-cdac.ca\/media\/2021\/09\/Trans-brochure-200x199.jpg 200w, https:\/\/www.arcc-cdac.ca\/media\/2021\/09\/Trans-brochure-100x100.jpg 100w\" sizes=\"auto, (max-width: 354px) 100vw, 354px\" \/><\/figure>\n<\/div>\n\n\n<p>Les femmes cisgenres 2SLGBQ+ sont plus susceptibles d&rsquo;avoir des grossesses non d\u00e9sir\u00e9es qui se terminent par un avortement que les femmes cisgenres h\u00e9t\u00e9rosexuelles. Bien que nous ne disposions pas de statistiques sur le nombre de personnes trans et non binaires qui ont recours aux services d&rsquo;avortement, nous savons qu&rsquo;elles le font. Votre orientation sexuelle et\/ou votre genre ne devraient pas vous emp\u00eacher de vivre une exp\u00e9rience d&rsquo;avortement s\u00e9curitaire et d\u2019avoir du soutien.<\/p>\n\n\n\n<p>Nous vous invitons \u00e0 consulter nos nouvelles brochures* qui contiennent des renseignements utiles, des consid\u00e9rations, des affirmations et une liste de ressources&nbsp;:<\/p>\n\n\n\n<ul class=\"wp-block-list\">\n<li>Fran\u00e7ais \u2013\u00a0<a href=\"https:\/\/www.arcc-cdac.ca\/wp-content\/uploads\/2021\/09\/Francais-Brochure-Queer-Canada.pdf\">brochure pour les personnes 2SLGBTQI+<\/a><\/li>\n\n\n\n<li>Fran\u00e7ais \u2013\u00a0<a href=\"https:\/\/www.arcc-cdac.ca\/wp-content\/uploads\/2021\/09\/Francais-Brochure-Transgenre-Canada.pdf\">brochure pour les personnes transgenres et non-binaires<\/a><\/li>\n\n\n\n<li>English \u2013\u00a0<a href=\"https:\/\/www.arcc-cdac.ca\/wp-content\/uploads\/2021\/09\/English-Queer-Brochure-Canada.pdf\">brochure for 2SLGBTQI+ people<\/a><\/li>\n\n\n\n<li>English \u2013\u00a0<a href=\"https:\/\/www.arcc-cdac.ca\/wp-content\/uploads\/2021\/09\/English-Trans-Brochure-Canada.pdf\">brochure for transgender and non-binary people<\/a><\/li>\n<\/ul>\n\n\n\n<p>Il s&rsquo;agit de brochures \u00e0 trois volets que vous pouvez enregistrer sur votre ordinateur, imprimer et plier vous-m\u00eame. Si vous n&rsquo;\u00eates pas en mesure d&rsquo;imprimer, ou si vous souhaitez commander des brochures pr\u00e9imprim\u00e9es sur papier glac\u00e9, veuillez contacter l&rsquo;ARCC pour vous renseigner sur les prix, en indiquant la quantit\u00e9 dont vous avez besoin : <a href=\"mailto:info@arcc-cdac.ca\">info@arcc-cdac.ca.<\/a><\/p>\n\n\n\n<figure class=\"wp-block-image size-full is-resized\"><img decoding=\"async\" src=\"https:\/\/www.arcc-cdac.ca\/wp-content\/uploads\/2021\/09\/image.png\" alt=\"\" class=\"wp-image-10982\" style=\"width:558px;height:3px\" \/><\/figure>\n\n\n\n<p>*La CDAC est reconnaissante d&rsquo;avoir pu s&rsquo;associer au <a href=\"https:\/\/sasn.ca\/\" target=\"_blank\" rel=\"noopener\">Saskatoon Abortion Support Network<\/a> pour produire ces versions nationales de leur brochure provinciale. Veuillez consulter les <a href=\"https:\/\/sasn.ca\/queer-and-trans-info\/\" target=\"_blank\" rel=\"noopener\">brochures de la Saskatchewan<\/a> sur le site Web du SASN.<\/p>\n","protected":false},"excerpt":{"rendered":"<p>Vous \u00eates queer, transgenre ou non binaire et vous voulez vous faire avorter ? Vous n&rsquo;\u00eates pas seule. Les femmes cisgenres 2SLGBQ+ sont plus susceptibles d&rsquo;avoir des grossesses non d\u00e9sir\u00e9es qui se terminent par un avortement que les femmes cisgenres h\u00e9t\u00e9rosexuelles. Bien que nous ne disposions pas de statistiques sur le nombre de personnes trans&hellip;<\/p>\n","protected":false},"author":3,"featured_media":0,"parent":0,"menu_order":27,"comment_status":"closed","ping_status":"closed","template":"","meta":{"_acf_changed":false,"_nakedcatplugins_page_lang":"","_nakedcatplugins_page_dir":"ltr","footnotes":""},"class_list":["post-11032","page","type-page","status-publish","hentry"],"acf":{"toc_header":"","toc_header_source":{"label":"TOC Header","type":"text","formatted_value":""},"printfriendly":true,"printfriendly_source":{"label":"Show PrintFriendly Options","type":"true_false","formatted_value":true}},"_links":{"self":[{"href":"https:\/\/www.arcc-cdac.ca\/fr\/wp-json\/wp\/v2\/pages\/11032","targetHints":{"allow":["GET"]}}],"collection":[{"href":"https:\/\/www.arcc-cdac.ca\/fr\/wp-json\/wp\/v2\/pages"}],"about":[{"href":"https:\/\/www.arcc-cdac.ca\/fr\/wp-json\/wp\/v2\/types\/page"}],"author":[{"embeddable":true,"href":"https:\/\/www.arcc-cdac.ca\/fr\/wp-json\/wp\/v2\/users\/3"}],"replies":[{"embeddable":true,"href":"https:\/\/www.arcc-cdac.ca\/fr\/wp-json\/wp\/v2\/comments?post=11032"}],"version-history":[{"count":14,"href":"https:\/\/www.arcc-cdac.ca\/fr\/wp-json\/wp\/v2\/pages\/11032\/revisions"}],"predecessor-version":[{"id":19780,"href":"https:\/\/www.arcc-cdac.ca\/fr\/wp-json\/wp\/v2\/pages\/11032\/revisions\/19780"}],"wp:attachment":[{"href":"https:\/\/www.arcc-cdac.ca\/fr\/wp-json\/wp\/v2\/media?parent=11032"}],"curies":[{"name":"wp","href":"https:\/\/api.w.org\/{rel}","templated":true}]}}