{"id":13168,"date":"2024-11-23T13:42:34","date_gmt":"2024-11-23T21:42:34","guid":{"rendered":"https:\/\/www.arcc-cdac.ca\/?p=13168"},"modified":"2026-03-13T12:40:36","modified_gmt":"2026-03-13T19:40:36","slug":"lequipe-cdac","status":"publish","type":"page","link":"https:\/\/www.arcc-cdac.ca\/fr\/lequipe-cdac\/","title":{"rendered":"\u00c0 propos de l&rsquo;\u00e9quipe CDAC"},"content":{"rendered":"\n<h2 class=\"wp-block-heading\">Conseil d&rsquo;administration<\/h2>\n\n\n\n<p>La CDAC a un conseil d&rsquo;administration pouvant compter jusqu&rsquo;\u00e0 12 personnes \u00e0 travers le Canada. Nous visons la diversit\u00e9 g\u00e9ographique et d\u00e9mographique. Pour des raisons de s\u00e9curit\u00e9, nous ne partageons pas les noms des membres du Conseil d&rsquo;administration sur notre site Web. Nous sommes d\u00e9sol\u00e9s, mais nous n&rsquo;acceptons pas de nouvelles candidatures pour le moment. <br><strong><a href=\"https:\/\/www.arcc-cdac.ca\/media\/cdac-board-director-duties-2024-francais.pdf\" target=\"_blank\" rel=\"noreferrer noopener\">Membres du conseil d&rsquo;administration de la CDAC &#8211; t\u00e2ches, attentes et avantages<\/a><\/strong>  <\/p>\n\n\n\n<h2 class=\"wp-block-heading\">Postes r\u00e9mun\u00e9r\u00e9s<\/h2>\n\n\n\n<p><strong>La CDAC compte<\/strong> <strong>sept postes r\u00e9mun\u00e9r\u00e9s \u00e0 temps partiel<\/strong>.<\/p>\n\n\n\n<ul class=\"wp-block-list\">\n<li>Directrice g\u00e9n\u00e9rale \u2013 <a href=\"mailto:joyce@arcc-cdac.ca\">Joyce Arthur<\/a><\/li>\n\n\n\n<li>Gestionnaire des adh\u00e9sions \u2013 <a href=\"mailto:donate@arcc-cdac.ca\">Becca<\/a><\/li>\n\n\n\n<li>Coordinatrice des m\u00e9dias sociaux \u2013 Margret<\/li>\n\n\n\n<li>Gestionnaire web et informatique \u2013 Mary<\/li>\n\n\n\n<li>Coordinatrice MailerLite \u2013 Hazel<\/li>\n\n\n\n<li>Gestionnaire de marchandises &#8211; Fiorella<\/li>\n\n\n\n<li>Tr\u00e9sorier \u2013 Reza<\/li>\n<\/ul>\n\n\n\n<h2 class=\"wp-block-heading\">B\u00e9n\u00e9voles<\/h2>\n\n\n\n<p>La CDAC compte sur des b\u00e9n\u00e9voles pour l&rsquo;aider \u00e0 mener \u00e0 bien son travail. Le travail est g\u00e9n\u00e9ralement fait \u00e0 distance et effectu\u00e9 \u00e0 partir de n&rsquo;importe o\u00f9 au Canada. Selon le projet, les b\u00e9n\u00e9voles peuvent faire partie d&rsquo;une \u00e9quipe ou travailler seuls. Le travail b\u00e9n\u00e9vole varie; il peut s\u2019agir de faire de la recherche, de la collecte de fonds, effectuer de l&rsquo;\u00e9laboration de strat\u00e9gies, organiser des \u00e9v\u00e9nements, g\u00e9rer les m\u00e9dias sociaux, r\u00e9diger des lettres, compiler des donn\u00e9es, effectuer du travail administratif, etc.<\/p>\n\n\n\n<p>Si vous souhaitez devenir b\u00e9n\u00e9vole \u00e0 la CDAC, veuillez envoyer un courriel \u00e0 <a href=\"mailto:info@arcc-cdac.ca\">info@arcc-cdac.ca<\/a> et mentionner vos int\u00e9r\u00eats et vos comp\u00e9tences, ainsi que votre emplacement au Canada. Nous v\u00e9rifions tous les b\u00e9n\u00e9voles avant leur acceptation et nous vous demandons de fournir l&rsquo;un des \u00e9l\u00e9ments suivants&nbsp;:<\/p>\n\n\n\n<ul class=\"wp-block-list\">\n<li><strong>Une r\u00e9f\u00e9rence<\/strong> (pas un ami ou un membre de la famille) qui peut attester de votre soutien aux droits reproductifs; ou<\/li>\n\n\n\n<li><strong>Preuve de votre position pro-choix<\/strong> \u2013 par exemple, quelque chose que vous avez publi\u00e9, un curriculum vitae montrant votre historique de travail pour des organisations progressistes, une photo de vous tenant une pancarte pro-choix lors d&rsquo;un \u00e9v\u00e9nement, etc.; ou<\/li>\n\n\n\n<li><strong>Un bref essai<\/strong> (200 \u00e0 500 mots) expliquant pourquoi le soutien aux droits reproductifs est important pour vous personnellement (cela restera confidentiel).<\/li>\n<\/ul>\n\n\n\n<p>En raison d\u2019enjeux de capacit\u00e9, nous ne pouvons pas garantir que les personnes int\u00e9ress\u00e9es pourront se voir assigner le travail b\u00e9n\u00e9vole d\u00e9sir\u00e9 \u00e0 un moment pr\u00e9cis. Si vous \u00eates accept\u00e9 comme b\u00e9n\u00e9vole, vous serez ajout\u00e9 \u00e0 notre liste de diffusion \u00ab&nbsp;ARCC-Activist&nbsp;\u00bb o\u00f9 les opportunit\u00e9s de b\u00e9n\u00e9volat sont affich\u00e9es. Nous encourageons les b\u00e9n\u00e9voles de la CDAC \u00e0 <a href=\"https:\/\/www.arcc-cdac.ca\/donnez\/?lang=fr\">rejoindre la CDAC en tant que membre donateur<\/a>; mais cela n&rsquo;est pas obligatoire, sauf pour ceux qui travaillent dans un comit\u00e9 officiel de la CDAC. Merci !<\/p>\n\n\n\n<h2 class=\"wp-block-heading\">Comit\u00e9s de la CDAC<\/h2>\n\n\n\n<p>La CDAC compte plusieurs comit\u00e9s officiels dans lesquels les membres peuvent s\u2019impliquer s&rsquo;ils sont int\u00e9ress\u00e9s. La possibilit\u00e9 de rejoindre un comit\u00e9 d\u00e9pend des besoins courants du comit\u00e9 et des places disponibles. Outre les comit\u00e9s ci-dessous, la CDAC dispose d&rsquo;\u00e9quipes de projet qui travaillent sur des initiatives sp\u00e9cifiques selon les besoins.<\/p>\n\n\n\n<p><strong>Comit\u00e9 de collecte de fonds<\/strong> \u2013 Recherche et postule des opportunit\u00e9s de subvention, r\u00e9alise des projets financ\u00e9s, fait la promotion de la CDAC, construit notre base de membres \/ de donateurs et organise des ateliers pour les activistes de la CDAC.<\/p>\n\n\n\n<p><strong>Comit\u00e9 de justice reproductive<\/strong> \u2013 Met de l\u2019avant des projets dont l&rsquo;objectif est plus large que le droit \u00e0 l&rsquo;avortement, communique avec diverses communaut\u00e9s, travaille avec un partenaire universitaire pour mener des projets de recherche et bien plus encore.<\/p>\n\n\n\n<p><strong>Comit\u00e9 de planification strat\u00e9gique<\/strong> \u2013 Entreprend la planification strat\u00e9gique de l&rsquo;organisation, met en \u0153uvre le plan strat\u00e9gique et conseille le conseil d&rsquo;administration sur les objectifs et l&rsquo;orientation de la CDAC.<\/p>\n\n\n\n<p><strong>Comit\u00e9 des relations avec les m\u00e9dias<\/strong> &#8211; R\u00e9pond aux demandes de la presse, d\u00e9veloppe des relations avec les m\u00e9dias, planifie des sujets potentiels et les pr\u00e9sente aux m\u00e9dias, et met en \u0153uvre les aspects du plan strat\u00e9gique relatifs aux relations avec les m\u00e9dias. Les membres doivent avoir une exp\u00e9rience pertinente dans le domaine des m\u00e9dias.<\/p>\n\n\n\n<p><strong>\u00c9quipe des m\u00e9dias sociaux<\/strong> \u2013 Responsable de toutes les activit\u00e9s des m\u00e9dias sociaux de la CDAC, y compris les publications et les vid\u00e9os, l\u2019\u00e9largissement de notre port\u00e9e et l\u2019innovation dans notre utilisation des m\u00e9dias sociaux, et notre boutique. Les membres doivent avoir une exp\u00e9rience des m\u00e9dias sociaux. <\/p>\n\n\n\n<p><strong>Comit\u00e9 des finances <\/strong>&#8211; Responsable de la supervision financi\u00e8re de la CDAC, notamment de l&rsquo;examen des budgets, des plateformes de paiement, des sources de revenus et des investissements. Il veille \u00e9galement \u00e0 l&rsquo;exactitude des registres, \u00e0 la fiabilit\u00e9 des rapports internes et externes, ainsi qu&rsquo;\u00e0 la viabilit\u00e9 financi\u00e8re.<\/p>\n","protected":false},"excerpt":{"rendered":"<p>Conseil d&rsquo;administration La CDAC a un conseil d&rsquo;administration pouvant compter jusqu&rsquo;\u00e0 12 personnes \u00e0 travers le Canada. Nous visons la diversit\u00e9 g\u00e9ographique et d\u00e9mographique. Pour des raisons de s\u00e9curit\u00e9, nous ne partageons pas les noms des membres du Conseil d&rsquo;administration sur notre site Web. Nous sommes d\u00e9sol\u00e9s, mais nous n&rsquo;acceptons pas de nouvelles candidatures pour&hellip;<\/p>\n","protected":false},"author":3,"featured_media":0,"parent":0,"menu_order":59,"comment_status":"closed","ping_status":"closed","template":"","meta":{"_acf_changed":false,"_nakedcatplugins_page_lang":"","_nakedcatplugins_page_dir":"ltr","footnotes":""},"class_list":["post-13168","page","type-page","status-publish","hentry"],"acf":{"toc_header":"","toc_header_source":{"label":"TOC Header","type":"text","formatted_value":""},"printfriendly":true,"printfriendly_source":{"label":"Show PrintFriendly Options","type":"true_false","formatted_value":true}},"_links":{"self":[{"href":"https:\/\/www.arcc-cdac.ca\/fr\/wp-json\/wp\/v2\/pages\/13168","targetHints":{"allow":["GET"]}}],"collection":[{"href":"https:\/\/www.arcc-cdac.ca\/fr\/wp-json\/wp\/v2\/pages"}],"about":[{"href":"https:\/\/www.arcc-cdac.ca\/fr\/wp-json\/wp\/v2\/types\/page"}],"author":[{"embeddable":true,"href":"https:\/\/www.arcc-cdac.ca\/fr\/wp-json\/wp\/v2\/users\/3"}],"replies":[{"embeddable":true,"href":"https:\/\/www.arcc-cdac.ca\/fr\/wp-json\/wp\/v2\/comments?post=13168"}],"version-history":[{"count":23,"href":"https:\/\/www.arcc-cdac.ca\/fr\/wp-json\/wp\/v2\/pages\/13168\/revisions"}],"predecessor-version":[{"id":20898,"href":"https:\/\/www.arcc-cdac.ca\/fr\/wp-json\/wp\/v2\/pages\/13168\/revisions\/20898"}],"wp:attachment":[{"href":"https:\/\/www.arcc-cdac.ca\/fr\/wp-json\/wp\/v2\/media?parent=13168"}],"curies":[{"name":"wp","href":"https:\/\/api.w.org\/{rel}","templated":true}]}}