{"id":14113,"date":"2024-07-23T11:56:10","date_gmt":"2024-07-23T18:56:10","guid":{"rendered":"https:\/\/www.arcc-cdac.ca\/?page_id=14113"},"modified":"2025-01-20T20:28:29","modified_gmt":"2025-01-21T04:28:29","slug":"multimedia","status":"publish","type":"page","link":"https:\/\/www.arcc-cdac.ca\/fr\/multimedia\/","title":{"rendered":"Multim\u00e9dia"},"content":{"rendered":"\n<h2 class=\"wp-block-heading\" id=\"videos\">Vid\u00e9os<\/h2>\n\n\n\n<ul class=\"wp-block-list\">\n<li><a href=\"https:\/\/www.youtube.com\/watch?v=yuIZFBSWhWc\"><strong>Decolonizing Reproductive Justice \u2013 Indigenous Voices<\/strong><\/a>. [D\u00e9coloniser la justice reproductive &#8211; voix autochtones] Enregistrement vid\u00e9o de l&rsquo;atelier militant de la CDAC, 17 f\u00e9vrier 2024<\/li>\n\n\n\n<li><a href=\"https:\/\/www.tiktok.com\/@abortionrightscoalition\"><strong>Page TikTok<\/strong><\/a> de la CDAC<\/li>\n\n\n\n<li><a href=\"https:\/\/www.youtube.com\/watch?v=_8pnYvjFnYI&amp;t=169s\"><strong>Crisis Pregnancy Centre Website Walk-Through #3<\/strong><\/a>&nbsp;[Explications du site internet d&rsquo;un centre de grossesse #3] \u2013 Centre de grossesse de crise de Vancouver &amp; Burnaby, par l&rsquo;association humaniste de la Colombie Britannique. Mars 2023.<\/li>\n\n\n\n<li><a href=\"https:\/\/www.youtube.com\/watch?v=MJYxD41S3KQ&amp;t=2s\"><strong>Crisis Pregnancy Centre Website Walk-Through #2<\/strong><\/a>&nbsp;[Explications du site internet d&rsquo;un centre de grossesse #3]\u2013 Centre d&rsquo;options pour la grossesse South Fraser; par l&rsquo;associaton humaniste de la Colombie-Britannique et la CDAC. Avril 2023.<\/li>\n\n\n\n<li><a href=\"https:\/\/www.youtube.com\/watch?v=PqritqLjqGI&amp;t=217s\"><strong>Crisis Pregnancy Centre Website Walk-Through #1<\/strong><\/a>&nbsp;[Explications du site internet d&rsquo;un centre de grossesse #1] \u2013 Centre de soins de grossesse North Peace, par l&rsquo;association humaniste de la Colombie-Britannique. Mars 2023.<\/li>\n\n\n\n<li><a href=\"https:\/\/www.youtube.com\/watch?v=EtkdwUQltbg&amp;t=674s\"><strong>Trans-Inclusive Abortion: A Conversation with the Abortion Rights Coalition of Canada<\/strong><\/a>, [Avortement inclusif des personnes trans : une conversation avec la la coalition CDAC] Avec la participation de l&rsquo;association canadienne pour la sant\u00e9 globale, D\u00e9cembre 2021 (42 minutes)<\/li>\n\n\n\n<li><a href=\"https:\/\/www.youtube.com\/watch?v=3Eie14IKhL4\"><strong>Voices for Choice: No Going Back<\/strong><\/a>&nbsp;[Voix pour le choix : pas de retour en arri\u00e8re] \u2013 Premier prix du concours vid\u00e9o de la CDAC (2011), par Steph Caskenette.<\/li>\n<\/ul>\n\n\n<style>.wp-block-kadence-spacer.kt-block-spacer-_8c78df-85 .kt-block-spacer{height:34px;}.wp-block-kadence-spacer.kt-block-spacer-_8c78df-85 .kt-divider-stripe{height:10px;width:100%;}<\/style>\n<div class=\"wp-block-kadence-spacer aligncenter kt-block-spacer-_8c78df-85 \\&quot;wp-block-kadence-spacer\"><div class=\"kt-block-spacer kt-block-spacer-halign-center\"><span class=\"kt-divider-stripe\"><svg xmlns=\"http:\/\/www.w3.org\/2000\/svg\" width=\"100%\" height=\"100%\" class=\"kb-pattern-svg-divider kb-stripes-svg\"><defs><pattern id=\"pat_8c78df-85\" width=\"7\" height=\"7\" patternTransform=\"rotate(40)\" patternUnits=\"userSpaceOnUse\"><line x1=\"0\" y=\"0\" x2=\"0\" y2=\"7\" stroke=\"#abb8c3\" stroke-width=\"4\"><\/line><\/pattern><\/defs><rect width=\"100%\" height=\"100%\" fill=\"url(#pat_8c78df-85)\" opacity=\"1\"><\/rect><\/svg><\/span><\/div><\/div>\n\n\n\n<h2 class=\"wp-block-heading\" id=\".\">Podcasts<\/h2>\n\n\n\n<ul class=\"wp-block-list\">\n<li><strong>Aborsh\u00a0<\/strong>\u2013 par Rachel Cairns.\u00a0<a href=\"https:\/\/www.aborsh.com\/\">Episode 1: How it started<\/a> [\u00c9pisode 1 : comment \u00e7a a commenc\u00e9] Avev la participation de l&rsquo;invit\u00e9e Joyce Arthur de la CDAC, Rachel l&rsquo;approche canadienne pour l&rsquo;acc\u00e8s \u00e0 l&rsquo;avortement \u2014 et explique comment c&rsquo;est arriv\u00e9. 13 juin 2022.<\/li>\n\n\n\n<li><strong>The Tea with Laura &amp; Rachelle<\/strong>&nbsp;\u2013 The Abortion Episode (Part Five):&nbsp;<a href=\"https:\/\/podcasts.apple.com\/ca\/podcast\/the-abortion-episode-part-five-identifying-anti\/id1573401624?i=1000585586143\">Identifying Anti-Choice \u201dClinics\u201d | the dangers of crisis pregnancy centres&nbsp;<\/a>[L\u2019\u00e9pisode sur l&rsquo;avortement (Partie 5) : Identifier les \u201ccliniques\u201d anti-choix : le danger des soi-disant centres de grossesse] avec Joyce Arthur &amp; Annaliese Downey. 2 novembre 2022.<\/li>\n\n\n\n<li><strong>The Tea with Laura &amp; Rachelle<\/strong>&nbsp;\u2013 The Abortion Episode (Part Two):&nbsp;<a href=\"https:\/\/podcasts.apple.com\/ca\/podcast\/the-abortion-episode-part-two-get-involved-with\/id1573401624?i=1000578580932\">Get Involved With Abortion Rights Activism | how to access abortion care in Canada<\/a>&nbsp;[L\u2019\u00e9pisode sur l&rsquo;avortement (Partie 2) : S&rsquo;impliquer dans la lutte pour le droit \u00e0 l&rsquo;avortement |commdent acc\u00e9der \u00e0 des soins de sant\u00e9 d&rsquo;avortement au Canada] avec Joyce Arthur \u2013 Fondatrice de la CDAC of the Abortion Rights Coalition of Canada. 6 septembre 2022.<\/li>\n\n\n\n<li><strong>The Strong and Free Podcast<\/strong>&nbsp;[Le podcast fort et libre]\u2013 par Christopher Balkaran.&nbsp;<a href=\"https:\/\/www.youtube.com\/watch?v=PTuzD-Sh5Ss&amp;t=5s\">Joyce Arthur r\u00e9pond \u00e0 l&rsquo;Alliance pour la vie (Alliance for Life) Ontario<\/a>. Ao\u00fbt 2021.<\/li>\n<\/ul>\n\n\n<style>.wp-block-kadence-spacer.kt-block-spacer-_8c78df-85 .kt-block-spacer{height:34px;}.wp-block-kadence-spacer.kt-block-spacer-_8c78df-85 .kt-divider-stripe{height:10px;width:100%;}<\/style>\n<div class=\"wp-block-kadence-spacer aligncenter kt-block-spacer-_8c78df-85 \\&quot;wp-block-kadence-spacer\"><div class=\"kt-block-spacer kt-block-spacer-halign-center\"><span class=\"kt-divider-stripe\"><svg xmlns=\"http:\/\/www.w3.org\/2000\/svg\" width=\"100%\" height=\"100%\" class=\"kb-pattern-svg-divider kb-stripes-svg\"><defs><pattern id=\"pat_8c78df-85\" width=\"7\" height=\"7\" patternTransform=\"rotate(40)\" patternUnits=\"userSpaceOnUse\"><line x1=\"0\" y=\"0\" x2=\"0\" y2=\"7\" stroke=\"#abb8c3\" stroke-width=\"4\"><\/line><\/pattern><\/defs><rect width=\"100%\" height=\"100%\" fill=\"url(#pat_8c78df-85)\" opacity=\"1\"><\/rect><\/svg><\/span><\/div><\/div>\n\n\n\n<h2 class=\"wp-block-heading\" id=\".\">Webinaires, Ateliers et Pr\u00e9sentations<\/h2>\n\n\n\n<ul class=\"wp-block-list\">\n<li><a href=\"https:\/\/www.arcc-cdac.ca\/activist-workshops\/\"><strong>ARCC Activist Online Workshops<\/strong><\/a> Ateliers militants en ligne de la CDAC<\/li>\n\n\n\n<li><a href=\"https:\/\/www.youtube.com\/watch?v=yuIZFBSWhWc\"><strong>Decolonizing Reproductive Justice \u2013 Indigenous Voices<\/strong><\/a>. [D\u00e9coloniser la justice reproductive &#8211; voix autochtones] Enregistrement vid\u00e9o de l&rsquo;atelier militant de la CDAC, 17 f\u00e9vrier 2024<\/li>\n\n\n\n<li><a href=\"https:\/\/www.arcc-cdac.ca\/presentations\/Canada-nolaw.pdf\"><strong>Canada: Proof that no country needs abortion laws<\/strong><\/a> [Canada : preuve qu&rsquo;aucun pays n&rsquo;a besoin de lois sur l&rsquo;avortement] \u2013 Janvier 2016. Pr\u00e9sentation PowerPoint concernant l&rsquo;exp\u00e9rience positive du Canada sans loi r\u00e9gissant l&rsquo;avortement.<\/li>\n<\/ul>\n\n\n<style>.wp-block-kadence-spacer.kt-block-spacer-_8c78df-85 .kt-block-spacer{height:34px;}.wp-block-kadence-spacer.kt-block-spacer-_8c78df-85 .kt-divider-stripe{height:10px;width:100%;}<\/style>\n<div class=\"wp-block-kadence-spacer aligncenter kt-block-spacer-_8c78df-85 \\&quot;wp-block-kadence-spacer\"><div class=\"kt-block-spacer kt-block-spacer-halign-center\"><span class=\"kt-divider-stripe\"><svg xmlns=\"http:\/\/www.w3.org\/2000\/svg\" width=\"100%\" height=\"100%\" class=\"kb-pattern-svg-divider kb-stripes-svg\"><defs><pattern id=\"pat_8c78df-85\" width=\"7\" height=\"7\" patternTransform=\"rotate(40)\" patternUnits=\"userSpaceOnUse\"><line x1=\"0\" y=\"0\" x2=\"0\" y2=\"7\" stroke=\"#abb8c3\" stroke-width=\"4\"><\/line><\/pattern><\/defs><rect width=\"100%\" height=\"100%\" fill=\"url(#pat_8c78df-85)\" opacity=\"1\"><\/rect><\/svg><\/span><\/div><\/div>\n\n\n\n<h2 class=\"wp-block-heading\" id=\".\">Graphiques, Photos, Affiches<\/h2>\n\n\n\n<ul class=\"wp-block-list\">\n<li><a href=\"https:\/\/www.arcc-cdac.ca\/information-for-pregnant-queer-and-trans-people\/\"><strong>Renseignements \u00e0 l\u2019intention des personnes queers et transgenres enceintes<\/strong><\/a> (d\u00e9pliant)<\/li>\n\n\n\n<li><a href=\"https:\/\/www.arcc-cdac.ca\/abortion-stock-photos-for-media-use\/\"><strong>Abortion-related stock photos for media use<\/strong><\/a> [Photos libres de droits li\u00e9es \u00e0 l&rsquo;avortement pour l&rsquo;utilisation des m\u00e9dias]<\/li>\n\n\n\n<li><a href=\"https:\/\/www.arcc-cdac.ca\/infographics-and-memes\/\"><strong>Infographics<\/strong><\/a><strong>&nbsp;<\/strong>\u2013 2022. Qu&rsquo;est-ce qu&rsquo;une fausse clinique ? \/ Groupes anti- et pro-choix au Canada<\/li>\n\n\n\n<li><a href=\"https:\/\/www.arcc-cdac.ca\/csj-index\/\"><strong>Canada Summer Jobs Grants for Anti-choice Groups: Who\u2019s Giving and Getting?<\/strong><\/a>&nbsp;\u2013[Emplois d\u2019\u00e9t\u00e9 Canada pour les groupes anti-choix : Qui donne et qui re\u00e7oit ?] F\u00e9vrier 2018. Une s\u00e9rie de courts expos\u00e9s et de m\u00e8mes.<\/li>\n\n\n\n<li><a href=\"https:\/\/www.arcc-cdac.ca\/presentations\/fetusposter.pdf\"><strong>How to Think About the Fetus<\/strong><\/a>\u00a0[Comment penser au foetus] \u2013 2015.\u00a0Affiche expliquant que la question \u201cQu&rsquo;en est-il des droits du foetus et de sa valeur ? \u201c est enti\u00e8rement subjective et personnelle, et que seule la personne peut d\u00e9cider ce que son foetus signifie pour iel.<\/li>\n<\/ul>\n","protected":false},"excerpt":{"rendered":"<p>Vid\u00e9os Podcasts Webinaires, Ateliers et Pr\u00e9sentations Graphiques, Photos, Affiches<\/p>\n","protected":false},"author":3,"featured_media":0,"parent":0,"menu_order":100,"comment_status":"closed","ping_status":"closed","template":"tpl-toc-sidebar.php","meta":{"_acf_changed":false,"_nakedcatplugins_page_lang":"","_nakedcatplugins_page_dir":"ltr","footnotes":""},"class_list":["post-14113","page","type-page","status-publish","hentry"],"acf":{"toc_header":"Table des mati\u00e8res","toc_header_source":{"label":"TOC Header","type":"text","formatted_value":"Table des mati\u00e8res"},"printfriendly":true,"printfriendly_source":{"label":"Show PrintFriendly Options","type":"true_false","formatted_value":true}},"_links":{"self":[{"href":"https:\/\/www.arcc-cdac.ca\/fr\/wp-json\/wp\/v2\/pages\/14113","targetHints":{"allow":["GET"]}}],"collection":[{"href":"https:\/\/www.arcc-cdac.ca\/fr\/wp-json\/wp\/v2\/pages"}],"about":[{"href":"https:\/\/www.arcc-cdac.ca\/fr\/wp-json\/wp\/v2\/types\/page"}],"author":[{"embeddable":true,"href":"https:\/\/www.arcc-cdac.ca\/fr\/wp-json\/wp\/v2\/users\/3"}],"replies":[{"embeddable":true,"href":"https:\/\/www.arcc-cdac.ca\/fr\/wp-json\/wp\/v2\/comments?post=14113"}],"version-history":[{"count":3,"href":"https:\/\/www.arcc-cdac.ca\/fr\/wp-json\/wp\/v2\/pages\/14113\/revisions"}],"predecessor-version":[{"id":14119,"href":"https:\/\/www.arcc-cdac.ca\/fr\/wp-json\/wp\/v2\/pages\/14113\/revisions\/14119"}],"wp:attachment":[{"href":"https:\/\/www.arcc-cdac.ca\/fr\/wp-json\/wp\/v2\/media?parent=14113"}],"curies":[{"name":"wp","href":"https:\/\/api.w.org\/{rel}","templated":true}]}}