{"id":19789,"date":"2025-07-01T18:41:45","date_gmt":"2025-07-02T01:41:45","guid":{"rendered":"https:\/\/www.arcc-cdac.ca\/?page_id=19789"},"modified":"2025-07-01T18:42:25","modified_gmt":"2025-07-02T01:42:25","slug":"modele-lettre-arreter-soutenir-ccg","status":"publish","type":"page","link":"https:\/\/www.arcc-cdac.ca\/fr\/modele-lettre-arreter-soutenir-ccg\/","title":{"rendered":"Mod\u00e8le de lettre pour demander aux organisations d\u2019arr\u00eater de soutenir les \u201ccentres de crise de grossesse\u201d"},"content":{"rendered":"<div class=\"wp-block-image\">\n<figure class=\"alignleft size-full is-resized\"><img loading=\"lazy\" decoding=\"async\" width=\"783\" height=\"457\" src=\"https:\/\/www.arcc-cdac.ca\/media\/fake-clinic.jpg\" alt=\"\" class=\"wp-image-19783\" style=\"width:433px;height:auto\" srcset=\"https:\/\/www.arcc-cdac.ca\/media\/fake-clinic.jpg 783w, https:\/\/www.arcc-cdac.ca\/media\/fake-clinic-200x117.jpg 200w, https:\/\/www.arcc-cdac.ca\/media\/fake-clinic-768x448.jpg 768w, https:\/\/www.arcc-cdac.ca\/media\/fake-clinic-700x409.jpg 700w\" sizes=\"auto, (max-width: 783px) 100vw, 783px\" \/><\/figure>\n<\/div>\n\n\n<p>Vous trouverez ci-dessous un mod\u00e8le de lettre que vous pouvez envoyer \u00e0 toute organisation, compagnie, gouvernement local ou autre entit\u00e9 offrant du financement \u00e0 un \u201ccentre de crise de grossesse\u201d (tel qu\u2019une subvention, une lev\u00e9e de fonds, une commandite, etc.) <\/p>\n\n\n\n<p>Vous pouvez aussi adapter cette lettre pour une entit\u00e9 ayant offert une reconnaissance \u00e0 un \u201ccentre de crise de grossesse \u201d, comme une distinction ou de la publicit\u00e9 favorable.<\/p>\n\n\n\n<p>Vous n\u2019avez qu\u2019\u00e0 copier et coller la lettre dans la bo\u00eete de texte d\u2019un courriel et compl\u00e9ter les blancs par des informations sp\u00e9cifiques. Vous pouvez modifier cette lettre selon les besoins de la situation.<\/p>\n\n\n<style>.wp-block-kadence-spacer.kt-block-spacer-_8c78df-85 .kt-block-spacer{height:34px;}.wp-block-kadence-spacer.kt-block-spacer-_8c78df-85 .kt-divider-stripe{height:10px;width:100%;}<\/style>\n<div class=\"wp-block-kadence-spacer aligncenter kt-block-spacer-_8c78df-85 \\&quot;wp-block-kadence-spacer\"><div class=\"kt-block-spacer kt-block-spacer-halign-center\"><span class=\"kt-divider-stripe\"><svg xmlns=\"http:\/\/www.w3.org\/2000\/svg\" width=\"100%\" height=\"100%\" class=\"kb-pattern-svg-divider kb-stripes-svg\"><defs><pattern id=\"pat_8c78df-85\" width=\"7\" height=\"7\" patternTransform=\"rotate(40)\" patternUnits=\"userSpaceOnUse\"><line x1=\"0\" y=\"0\" x2=\"0\" y2=\"7\" stroke=\"#abb8c3\" stroke-width=\"4\"><\/line><\/pattern><\/defs><rect width=\"100%\" height=\"100%\" fill=\"url(#pat_8c78df-85)\" opacity=\"1\"><\/rect><\/svg><\/span><\/div><\/div>\n\n\n\n<p><strong>S\u2019il-vous-pla\u00eet, ne financez pas un centre de grossesse anti-avortement<\/strong><\/p>\n\n\n\n<p>Cher\/Ch\u00e8re ___________,<\/p>\n\n\n\n<p>Ce centre est l\u2019un des plus de <a href=\"https:\/\/www.arcc-cdac.ca\/media\/2021\/09\/list-anti-choice-groups-CPCs-only.pdf\">150 centre de grossesse anti-avortement<\/a> au Canada, qui effectuent de la d\u00e9sinformation et essaie de dissuader les personnes enceintes d\u2019avoir recours \u00e0 l\u2019avortement.<\/p>\n\n\n\n<p>Ces endroits sont souvent appel\u00e9s \u201ccentres de crise de grossesse \u201d ou \u201cCCG\u201d. Ce ne sont pas des \u00e9tablissements m\u00e9dicaux et leurs \u201cconseiller(\u00e8re)s\u201d sont des b\u00e9n\u00e9voles qui n\u2019ont aucune formation reconnue en conseillance. <\/p>\n\n\n\n<p>Une <a href=\"https:\/\/www.arcc-cdac.ca\/etude-cpcs-anti-choix\/?lang=fr\">\u00e9tude de 2023<\/a> a montr\u00e9 que la grande majorit\u00e9 des CCG au Canada partagent des informations trompeuses ou erronn\u00e9es \u00e0 propos de l\u2019avortement et de la sant\u00e9 sexuelle aur leur site internet, ou se pr\u00e9sentent de mani\u00e8re trompeuse. Par exemple, les CCG peuvent affirmer offrir de l\u2019aide \u00e0 toutes les personnes enceintes, sans \u00e9gard \u00e0 leur religion, leur identit\u00e9 culturelle ou de genre, mais en r\u00e9alit\u00e9, ne proposer aucun services culturellement \u00e9clair\u00e9s ou soins d\u2019affirmation du genre. ueueue<\/p>\n\n\n\n<p>Les client(e)s qui consultent un CCG en ne se doutant de rien entendent souvent un langage enflamm\u00e9 destin\u00e9 \u00e0 les horifier s\u2019iels consid\u00e8rent l\u2019avortement. En plus d\u2019informations erron\u00e9es ou exag\u00e9r\u00e9es sur les risques de l\u2019avortement, les CCG peuvent aussi conseiller de ne pas utiliser de contraception, en affirmant faussement que certains m\u00e9thodes contraceptives sont en fait des produits abortifs. D\u2019ailleurs, plusieurs CCG offrent des programmes de soutien post-avortement biais\u00e9s, qui emploient un mod\u00e8le religieux bas\u00e9 sur la culpabilit\u00e9, le pardon et la r\u00e9demption. En effet, la plupart des CCG sont des organisations chr\u00e9tiennes qui ne sont souvent pas transparentes concernant leurs croyances religieuses contre l\u2019avortement.   <\/p>\n\n\n\n<p>Consid\u00e9rant les dommages que les CGC peuvent causer aux personnes enceintes et \u00e0 la communaut\u00e9, il est extr\u00eamement inappropri\u00e9 de votre part de financer ou d\u2019offrir quelconque reconnaissance publique \u00e0 ce centre. Je vous urge \u00e0 arr\u00eater de les financer. <\/p>\n\n\n\n<p>Je vous remercie pour votre temps et votre consid\u00e9ration.<\/p>\n\n\n\n<p>Sinc\u00e8rement,<\/p>\n\n\n\n<p><em>[Votre nom et vos informations de contact]<\/em><\/p>\n","protected":false},"excerpt":{"rendered":"<p>Vous trouverez ci-dessous un mod\u00e8le de lettre que vous pouvez envoyer \u00e0 toute organisation, compagnie, gouvernement local ou autre entit\u00e9 offrant du financement \u00e0 un \u201ccentre de crise de grossesse\u201d (tel qu\u2019une subvention, une lev\u00e9e de fonds, une commandite, etc.) Vous pouvez aussi adapter cette lettre pour une entit\u00e9 ayant offert une reconnaissance \u00e0 un&hellip;<\/p>\n","protected":false},"author":3,"featured_media":0,"parent":0,"menu_order":86,"comment_status":"closed","ping_status":"closed","template":"","meta":{"_acf_changed":false,"_nakedcatplugins_page_lang":"","_nakedcatplugins_page_dir":"ltr","footnotes":""},"class_list":["post-19789","page","type-page","status-publish","hentry","sticky"],"acf":{"toc_header":"","toc_header_source":{"label":"TOC Header","type":"text","formatted_value":""},"printfriendly":true,"printfriendly_source":{"label":"Show PrintFriendly Options","type":"true_false","formatted_value":true}},"_links":{"self":[{"href":"https:\/\/www.arcc-cdac.ca\/fr\/wp-json\/wp\/v2\/pages\/19789","targetHints":{"allow":["GET"]}}],"collection":[{"href":"https:\/\/www.arcc-cdac.ca\/fr\/wp-json\/wp\/v2\/pages"}],"about":[{"href":"https:\/\/www.arcc-cdac.ca\/fr\/wp-json\/wp\/v2\/types\/page"}],"author":[{"embeddable":true,"href":"https:\/\/www.arcc-cdac.ca\/fr\/wp-json\/wp\/v2\/users\/3"}],"replies":[{"embeddable":true,"href":"https:\/\/www.arcc-cdac.ca\/fr\/wp-json\/wp\/v2\/comments?post=19789"}],"version-history":[{"count":3,"href":"https:\/\/www.arcc-cdac.ca\/fr\/wp-json\/wp\/v2\/pages\/19789\/revisions"}],"predecessor-version":[{"id":19792,"href":"https:\/\/www.arcc-cdac.ca\/fr\/wp-json\/wp\/v2\/pages\/19789\/revisions\/19792"}],"wp:attachment":[{"href":"https:\/\/www.arcc-cdac.ca\/fr\/wp-json\/wp\/v2\/media?parent=19789"}],"curies":[{"name":"wp","href":"https:\/\/api.w.org\/{rel}","templated":true}]}}