{"id":6357,"date":"2020-06-16T14:50:34","date_gmt":"2020-06-16T18:50:34","guid":{"rendered":"https:\/\/www.arcc-cdac.ca\/contactez-nous\/"},"modified":"2025-11-30T17:15:15","modified_gmt":"2025-12-01T01:15:15","slug":"contactez-nous","status":"publish","type":"page","link":"https:\/\/www.arcc-cdac.ca\/fr\/contactez-nous\/","title":{"rendered":"Contactez-nous"},"content":{"rendered":"\n<p>La CDAC est une communaut\u00e9 virtuelle de gens et de groupes travaillant partout au Canada. Pour diminuer nos d\u00e9penses le plus possible, nous n\u2019avons ni bureau, ni t\u00e9l\u00e9phone, ni t\u00e9l\u00e9copieur. Nos communications se font par courriel, liste de discussion et par bo\u00eete postale. Devenez membre de la CDAC pour vous joindre \u00e0 la liste de discussion. Vous pourrez ainsi communiquer en direct avec les responsables et les membres et participer aux actions, projets et autres initiatives de la CDAC.<\/p>\n\n\n\n<p>Nos attendons vos courriels! Veuillez nous envoyer tout commentaire, question ou demande \u00e0: <a href=\"mailto:info@arcc-cdac.ca\" target=\"_blank\" rel=\"noreferrer noopener\">info@arcc-cdac.ca<\/a><\/p>\n\n\n\n<p>Vous avez une question sur <strong>l&rsquo;adh\u00e9sion ou les dons <\/strong>? Veuillez envoyer un courriel \u00e0 <a href=\"mailto:donate@arcc-cdac.ca\" target=\"_blank\" rel=\"noreferrer noopener\">donate@arcc-cdac.ca<\/a><\/p>\n\n\n\n<p>Vous avez une question concernant <strong>notre magasin ou nos produits<\/strong> ? Veuillez envoyer un courriel \u00e0 <a href=\"mailto:Shop@arcc-cdac.ca\">Shop@arcc-cdac.ca<\/a> <\/p>\n\n\n\n<p>Vous pouvez envoyer le courrier postal et les dons par ch\u00e8que \u00e0 :<\/p>\n\n\n\n<p><strong>ARCC-CDAC<\/strong><br>B.P.\u00a02663, succ. princ.<br>Vancouver (C.-B.)<br>V6B 3W3<\/p>\n","protected":false},"excerpt":{"rendered":"<p>La CDAC est une communaut\u00e9 virtuelle de gens et de groupes travaillant partout au Canada. Pour diminuer nos d\u00e9penses le plus possible, nous n\u2019avons ni bureau, ni t\u00e9l\u00e9phone, ni t\u00e9l\u00e9copieur. Nos communications se font par courriel, liste de discussion et par bo\u00eete postale. Devenez membre de la CDAC pour vous joindre \u00e0 la liste de&hellip;<\/p>\n","protected":false},"author":3,"featured_media":0,"parent":0,"menu_order":30,"comment_status":"closed","ping_status":"closed","template":"","meta":{"_acf_changed":false,"_nakedcatplugins_page_lang":"","_nakedcatplugins_page_dir":"ltr","footnotes":""},"class_list":["post-6357","page","type-page","status-publish","hentry"],"acf":{"toc_header":"","toc_header_source":{"label":"TOC Header","type":"text","formatted_value":""},"printfriendly":true,"printfriendly_source":{"label":"Show PrintFriendly Options","type":"true_false","formatted_value":true}},"_links":{"self":[{"href":"https:\/\/www.arcc-cdac.ca\/fr\/wp-json\/wp\/v2\/pages\/6357","targetHints":{"allow":["GET"]}}],"collection":[{"href":"https:\/\/www.arcc-cdac.ca\/fr\/wp-json\/wp\/v2\/pages"}],"about":[{"href":"https:\/\/www.arcc-cdac.ca\/fr\/wp-json\/wp\/v2\/types\/page"}],"author":[{"embeddable":true,"href":"https:\/\/www.arcc-cdac.ca\/fr\/wp-json\/wp\/v2\/users\/3"}],"replies":[{"embeddable":true,"href":"https:\/\/www.arcc-cdac.ca\/fr\/wp-json\/wp\/v2\/comments?post=6357"}],"version-history":[{"count":7,"href":"https:\/\/www.arcc-cdac.ca\/fr\/wp-json\/wp\/v2\/pages\/6357\/revisions"}],"predecessor-version":[{"id":20545,"href":"https:\/\/www.arcc-cdac.ca\/fr\/wp-json\/wp\/v2\/pages\/6357\/revisions\/20545"}],"wp:attachment":[{"href":"https:\/\/www.arcc-cdac.ca\/fr\/wp-json\/wp\/v2\/media?parent=6357"}],"curies":[{"name":"wp","href":"https:\/\/api.w.org\/{rel}","templated":true}]}}