{"id":6381,"date":"2020-06-17T13:34:29","date_gmt":"2020-06-17T20:34:29","guid":{"rendered":"https:\/\/www.arcc-cdac.ca\/take-action\/"},"modified":"2025-12-18T16:25:47","modified_gmt":"2025-12-19T00:25:47","slug":"take-action","status":"publish","type":"page","link":"https:\/\/www.arcc-cdac.ca\/fr\/take-action\/","title":{"rendered":"Comment passez \u00e0 l\u2019action"},"content":{"rendered":"\n<p><em>Mise \u00e0 jour du 6 avril 2025<\/em><\/p>\n\n\n\n<ul class=\"wp-block-list\">\n<li><a href=\"https:\/\/www.arcc-cdac.ca\/media\/agissez-contre-images-foetus-avortes-affichees.pdf\" target=\"_blank\" rel=\"noreferrer noopener\">Agissez contre les images de f\u0153tus avort\u00e9s en public !<\/a> <\/li>\n\n\n\n<li><a href=\"https:\/\/www.arcc-cdac.ca\/actualites\/2025\/11\/27\/depliant-ou-affiche-des-images-graphiques\/?lang=fr\">Avez-vous re\u00e7u un d\u00e9pliant ou vu une affiche montrant des images graphiques de f\u0153tus avort\u00e9s ?<\/a> Merci de partager votre t\u00e9moignage pour aider \u00e0 r\u00e9glementer ou bannir ce type d\u2019images.<\/li>\n\n\n\n<li><a href=\"https:\/\/www.arcc-cdac.ca\/actualites\/2025\/12\/07\/sondage-centre-de-grossesse-non-reglemente\/?lang=fr\" target=\"_blank\" rel=\"noreferrer noopener\">Racontez ce qui s&rsquo;est pass\u00e9<\/a> lorsque vous vous \u00eates rendue dans un centre de grossesse non r\u00e9glement\u00e9 (CGN)<\/li>\n\n\n\n<li><a href=\"https:\/\/www.arcc-cdac.ca\/cliniques-et-services-davortement\/?lang=fr\" target=\"_blank\" rel=\"noreferrer noopener\">Cliniques et services d\u2019avortement au Canada<\/a><\/li>\n\n\n\n<li>Consultez les prochains et anciens \u00ab <a href=\"https:\/\/www.arcc-cdac.ca\/ateliers-activistes\/?lang=fr\" data-type=\"page\" data-id=\"20404\" target=\"_blank\" rel=\"noreferrer noopener\">ateliers d&rsquo;activistes \u00bb de l&rsquo;ARCC<\/a> (<em>page <a href=\"https:\/\/www.arcc-cdac.ca\/activist-workshops\/\" target=\"_blank\" rel=\"noreferrer noopener\">en anglais<\/a><\/em>) <\/li>\n\n\n\n<li>Demandez une <a href=\"https:\/\/www.arcc-cdac.ca\/groupes-pro-choix-faites-une-demande-pour-une-subvention-de-la-cdac-small-grant\/?lang=fr\" target=\"_blank\" rel=\"noreferrer noopener\">petite subvention pour votre projet<\/a> sur les droits reproductifs<\/li>\n<\/ul>\n\n\n\n<h2 class=\"wp-block-heading\">Ce que vous pouvez faire pour prot\u00e9ger le droit \u00e0 l\u2019avortement<\/h2>\n\n\n\n<ol class=\"wp-block-list\">\n<li>Informez-vous sur les services d\u2019avortement disponibles dans votre r\u00e9gion pour y orienter vos proches en cas de besoin. Vous pouvez consulter les listes compil\u00e9es par la <a rel=\"noreferrer noopener\" href=\"https:\/\/www.arcc-cdac.ca\/cliniques-et-services-davortement\/?lang=fr\" target=\"_blank\">CDAC<\/a> ou par <a href=\"https:\/\/www.actioncanadashr.org\/fr\/ressources\/services\">Action Canada<\/a>.<\/li>\n\n\n\n<li>Si vous connaissez une personne qui a subi un avortement, apportez-lui votre soutien et votre bienveillance et encouragez-la \u00e0 s\u2019exprimer.<\/li>\n\n\n\n<li>Si vous avez subi un avortement, ne vous r\u00e9fugiez pas dans le silence. Parlez-en ouvertement et invitez d\u2019autres personnes dans la m\u00eame situation \u00e0 faire de m\u00eame pour lutter contre la stigmatisation de l\u2019avortement. Vous pouvez <a href=\"https:\/\/safe2choose.org\/fr\/abortion-stories\/\">raconter votre histoire en ligne (safe2choose)<\/a>.<\/li>\n\n\n\n<li>Connaissez vos droits ! Votre droit de recourir aux services d\u2019avortement est prot\u00e9g\u00e9 par vos droits constitutionnels \u00ab&nbsp;\u00e0 la vie, \u00e0 la libert\u00e9 et \u00e0 la s\u00e9curit\u00e9&nbsp;\u00bb de votre personne et \u00e0 la \u00ab&nbsp;libert\u00e9 de conscience&nbsp;\u00bb. Vous ne devriez pas d\u00e9bourser quoi que ce soit pour obtenir ces services, m\u00eame en clinique priv\u00e9e. L\u2019avortement est un <a href=\"https:\/\/www.arcc-cdac.ca\/wp-content\/uploads\/2020\/06\/01_Avortement_Medicalement_Requis.pdf\">service m\u00e9dicalement n\u00e9cessaire<\/a> assur\u00e9 par les provinces et les territoires en vertu de la Loi canadienne sur la sant\u00e9.<\/li>\n\n\n\n<li><a href=\"https:\/\/www.ourcommons.ca\/Members\/fr\/recherche\">Trouvez qui est votre d\u00e9put\u00e9\u2022e\u2022x<\/a>, et si cette personne figure sur notre liste de <a href=\"https:\/\/www.arcc-cdac.ca\/media\/deputes-anti-choix-actuelles.pdf\" target=\"_blank\" rel=\"noreferrer noopener\">D\u00e9put\u00e9s oppos\u00e9s au libre-choix ou dont la position est inconnue<\/a>.\n<ul class=\"wp-block-list\">\n<li>Si oui, dites-lui par courriel ou par t\u00e9l\u00e9phone que son r\u00f4le politique ne doit pas servir \u00e0 imposer ses opinions religieuses au public et \u00e0 l\u2019\u00e9lectorat. Exigez de cette personne qu\u2019elle prot\u00e8ge ouvertement les droits constitutionnels des personnes capables de grossesse dans le cadre de son mandat.<\/li>\n\n\n\n<li>Si vous ne connaissez pas sa position sur le sujet, posez-lui la question et transmettez la r\u00e9ponse \u00e0 la CDAC.<\/li>\n\n\n\n<li>Si votre d\u00e9put\u00e9\u2022e\u2022x est pro-choix (c.-\u00e0-d. que son nom n\u2019est pas dans la liste), \u00e9crivez-lui ou t\u00e9l\u00e9phonez-lui pour lui demander de d\u00e9fendre ouvertement le droit \u00e0 l\u2019avortement lorsque c\u2019est n\u00e9cessaire.<\/li>\n\n\n\n<li>Au besoin, vous pouvez vous inspirer de ce <a href=\"https:\/\/www.arcc-cdac.ca\/sample-letter\/?lang=fr\">mod\u00e8le de lettre<\/a>.<\/li>\n<\/ul>\n<\/li>\n\n\n\n<li>Faites circuler notre liste de <a href=\"https:\/\/www.arcc-cdac.ca\/media\/deputes-anti-choix-actuelles.pdf\" target=\"_blank\" rel=\"noreferrer noopener\">D\u00e9put\u00e9s oppos\u00e9s au libre-choix<\/a> autour de vous. Distribuez-la \u00e0 vos proches et \u00e0 vos coll\u00e8gues et demandez-leur de v\u00e9rifier la position de leur d\u00e9put\u00e9\u2022e\u2022x et de r\u00e9agir en cons\u00e9quence.<\/li>\n\n\n\n<li>Abonnez-vous \u00e0 la liste de diffusion de l\u2019ARCC-CDAC pour suivre l\u2019actualit\u00e9 des questions de justice reproductive ou pour passer \u00e0 l\u2019action. Ou consultez notre <a href=\"https:\/\/www.arcc-cdac.ca\/nouvelles\/?lang=fr\">page de nouvelles<\/a> pour conna\u00eetre les mesures \u00e0 prendre.<\/li>\n\n\n\n<li>Devenez membre, b\u00e9n\u00e9vole ou faites un don \u00e0 un <a href=\"https:\/\/www.arcc-cdac.ca\/wp-content\/uploads\/2020\/06\/Anti-choice-pro-choice-groups-charities.pdf\">groupe pro-choix<\/a> ou \u00e0 une <a href=\"https:\/\/www.arcc-cdac.ca\/wp-content\/uploads\/2022\/02\/Liste-cliniques-services-avortement-Canada.pdf\">clinique d\u2019avortement<\/a> de votre r\u00e9gion; et encouragez vos relations \u00e0 faire de m\u00eame.<\/li>\n\n\n\n<li>Organisez des campagnes et des \u00e9v\u00e9nements pro-choix ou participez-y. (<a href=\"https:\/\/www.arcc-cdac.ca\/lequipe-cdac\/?lang=fr\" target=\"_blank\" rel=\"noreferrer noopener\">Comment faire du b\u00e9n\u00e9volat pour la CDAC<\/a>.)<\/li>\n\n\n\n<li>Signez et diffusez des p\u00e9titions en faveur des droits reproductifs et contre les obstacles ou les restrictions \u00e0 ces droits.<\/li>\n\n\n\n<li>R\u00e9digez des messages et publiez des commentaires de soutien des droits reproductifs dans les m\u00e9dias, surtout en r\u00e9ponse \u00e0 des articles ou \u00e0 d\u2019autres messages pr\u00e9sentant un parti pris anti-choix.<\/li>\n\n\n\n<li>Affichez votre pr\u00e9sence dans les blogues lib\u00e9raux et pro-choix en publiant des commentaires informatifs qui soutiennent la justice reproductive et qui portent sur l\u2019actualit\u00e9 dans le domaine de l\u2019avortement. R\u00e9futez la d\u00e9sinformation anti-choix.<\/li>\n<\/ol>\n\n\n\n<p><\/p>\n","protected":false},"excerpt":{"rendered":"<p>Mise \u00e0 jour du 6 avril 2025 Ce que vous pouvez faire pour prot\u00e9ger le droit \u00e0 l\u2019avortement<\/p>\n","protected":false},"author":3,"featured_media":0,"parent":0,"menu_order":80,"comment_status":"closed","ping_status":"closed","template":"","meta":{"_acf_changed":false,"_nakedcatplugins_page_lang":"","_nakedcatplugins_page_dir":"ltr","footnotes":""},"class_list":["post-6381","page","type-page","status-publish","hentry"],"acf":{"toc_header":"","toc_header_source":{"label":"TOC Header","type":"text","formatted_value":""},"printfriendly":true,"printfriendly_source":{"label":"Show PrintFriendly Options","type":"true_false","formatted_value":true}},"_links":{"self":[{"href":"https:\/\/www.arcc-cdac.ca\/fr\/wp-json\/wp\/v2\/pages\/6381","targetHints":{"allow":["GET"]}}],"collection":[{"href":"https:\/\/www.arcc-cdac.ca\/fr\/wp-json\/wp\/v2\/pages"}],"about":[{"href":"https:\/\/www.arcc-cdac.ca\/fr\/wp-json\/wp\/v2\/types\/page"}],"author":[{"embeddable":true,"href":"https:\/\/www.arcc-cdac.ca\/fr\/wp-json\/wp\/v2\/users\/3"}],"replies":[{"embeddable":true,"href":"https:\/\/www.arcc-cdac.ca\/fr\/wp-json\/wp\/v2\/comments?post=6381"}],"version-history":[{"count":12,"href":"https:\/\/www.arcc-cdac.ca\/fr\/wp-json\/wp\/v2\/pages\/6381\/revisions"}],"predecessor-version":[{"id":20589,"href":"https:\/\/www.arcc-cdac.ca\/fr\/wp-json\/wp\/v2\/pages\/6381\/revisions\/20589"}],"wp:attachment":[{"href":"https:\/\/www.arcc-cdac.ca\/fr\/wp-json\/wp\/v2\/media?parent=6381"}],"curies":[{"name":"wp","href":"https:\/\/api.w.org\/{rel}","templated":true}]}}