{"id":6386,"date":"2020-06-17T14:18:24","date_gmt":"2020-06-17T18:18:24","guid":{"rendered":"https:\/\/www.arcc-cdac.ca\/a-propos-de-nous\/"},"modified":"2026-01-10T19:13:15","modified_gmt":"2026-01-11T03:13:15","slug":"a-propos-de-nous","status":"publish","type":"page","link":"https:\/\/www.arcc-cdac.ca\/fr\/a-propos-de-nous\/","title":{"rendered":"\u00c0 propos de nous"},"content":{"rendered":"\n<ul class=\"wp-block-list\">\n<li><a href=\"https:\/\/www.arcc-cdac.ca\/lequipe-cdac\/?lang=fr\" target=\"_blank\" rel=\"noreferrer noopener\">\u00c0 propos de l&rsquo;\u00e9quipe CDAC<\/a><\/li>\n\n\n\n<li><a href=\"https:\/\/www.arcc-cdac.ca\/media\/2025_points-cles-cdac.pdf\" target=\"_blank\" rel=\"noreferrer noopener\">2025 : Points cl\u00e9s du travail de la CDAC<\/a><\/li>\n\n\n\n<li><a href=\"https:\/\/www.arcc-cdac.ca\/media\/2024-points-cles-cdac.pdf\" target=\"_blank\" rel=\"noreferrer noopener\">2024 : Points cl\u00e9s du travail de la CDAC<\/a><\/li>\n\n\n\n<li><a href=\"https:\/\/www.arcc-cdac.ca\/media\/news\/2023-points-cles-cdac.pdf\" target=\"_blank\" rel=\"noreferrer noopener\">2023 : Points cl\u00e9s du travail de la CDAC<\/a><\/li>\n\n\n\n<li><a href=\"https:\/\/www.arcc-cdac.ca\/media\/2022-highlights.pdf\" target=\"_blank\" rel=\"noreferrer noopener\">2022 : Points cl\u00e9s du travail de la CDAC<\/a>&nbsp;(en anglais)<\/li>\n<\/ul>\n\n\n\n<h2 class=\"wp-block-heading\">Pourquoi la CDAC?<\/h2>\n\n\n\n<p>L\u2019avortement est souvent vu comme une probl\u00e9matique r\u00e9solue au Canada, un sujet clos o\u00f9 il y a un consensus social. En r\u00e9alit\u00e9, toutefois, l\u2019avortement demeure un enjeu politis\u00e9 au pays.<\/p>\n\n\n\n<p><strong>Beaucoup reste \u00e0 faire pour am\u00e9liorer l\u2019acc\u00e8s \u00e0 l\u2019avortement au Canada<\/strong>, malgr\u00e9 des progr\u00e8s significatifs depuis que la Cour Supr\u00eame a d\u00e9clar\u00e9 inconstitutionnelle la loi sur l\u2019avortement en 1988. L\u2019avortement demeure politis\u00e9 et son acc\u00e8s reste ardu pour bien des personnes. La <abbr>CDAC<\/abbr> veut s\u2019assurer que les gens peuvent exercer de fa\u00e7on \u00e9quitable et sans entraves leur droit au service de sant\u00e9 que constitue l\u2019avortement.<\/p>\n\n\n\n<p><strong>Nous avons besoin d\u2019une coordination nationale pour r\u00e9soudre les nombreux probl\u00e8mes auxquels nous faisons encore face.<\/strong> Des organisations pro-choix travaillent s\u00e9par\u00e9ment depuis des ann\u00e9es aux \u00e9chelons r\u00e9gional, local et provincial pour am\u00e9liorer l\u2019acc\u00e8s \u00e0 l\u2019avortement. (L\u2019organisation nationale pro-choix qui nous a pr\u00e9c\u00e9d\u00e9s, l\u2019Association canadienne pour le droit \u00e0 l\u2019avortement (<abbr>ACDA<\/abbr>) a mis fin \u00e0 ses activit\u00e9s en 2003.) Quand la <abbr>CDAC<\/abbr> a \u00e9t\u00e9 fond\u00e9e en 2005, c\u2019\u00e9tait le moment critique pour rassembler nos efforts locaux au sein d\u2019une nouvelle coalition.<\/p>\n\n\n\n<p><strong>Le mouvement anti-choix demeure tr\u00e8s fort et tr\u00e8s actif au Canada<\/strong>, avec des ressources humaines et organisationnelles qui d\u00e9passent de loin celles du mouvement pro-choix. Plusieurs activistes anti-choix travaillent en r\u00e9seau et collaborent \u00e0 plusieurs offensives, notamment des tentatives pour faire r\u00e9duire les fonds allou\u00e9s \u00e0 la pratique d\u2019avortements, la propagation de contre-v\u00e9rit\u00e9s au sujet de l\u2019avortement et la promotion de lois et de politiques visant \u00e0 restreindre et entraver l\u2019acc\u00e8s \u00e0 l\u2019avortement. M\u00eame s\u2019il n\u2019y a eu, depuis l\u2019an 2000, aucun acte grave de violence contre les cliniques d\u2019avortement ou les intervenants du mouvement pro-choix, plusieurs formes de harc\u00e8lement se poursuivent et l\u2019on demeure constamment en alerte face aux risques de violence.<\/p>\n\n\n\n<p>Pour plus d\u2019information sur la disponibilit\u00e9 des services d\u2019avortement, consultez notre document d\u2019information, \u00ab <a rel=\"noreferrer noopener\" href=\"https:\/\/www.arcc-cdac.ca\/media\/position-papers\/fr\/07_Acces-lavortement-zones-rurales-isolees-complet.pdf\/\" target=\"_blank\">Acc\u00e8s \u00e0 l\u2019avortement en zones rurales ou isol\u00e9es<\/a> \u00bb.<\/p>\n\n\n\n<p>Pour comprendre pourquoi l\u2019avortement est un service m\u00e9dical n\u00e9cessaire, lisez notre prise de position \u00ab<a href=\"https:\/\/www.arcc-cdac.ca\/fr\/postionpapers\/01_Avortement_Medicalement_Requis.pdf\" target=\"_blank\" rel=\"noreferrer noopener\">\u202fL\u2019avortement est un service m\u00e9dicalement n\u00e9cessaire\u202f<\/a>\u00bb.<\/p>\n\n\n\n<h2 class=\"wp-block-heading\" id=\"mission\">Mission<\/h2>\n\n\n\n<p>Garantir la libert\u00e9 de procr\u00e9ation en prot\u00e9geant et en faisant progresser le droit et l\u2019acc\u00e8s \u00e0 l\u2019avortement et \u00e0 des soins de sant\u00e9 reproductive de qualit\u00e9.<\/p>\n\n\n\n<h2 class=\"wp-block-heading\">Notre Vision<\/h2>\n\n\n\n<p>La Coalition pour le droit \u00e0 l\u2019avortement au Canada (CDAC) est pour le libre-choix et a comme objectif principal d\u2019assurer le droit et l\u2019acc\u00e8s \u00e0 l\u2019avortement aux femmes et aux personnes transgenres capables de vivre une grossesse. La CDAC affirme que :<\/p>\n\n\n\n<ul class=\"wp-block-list\">\n<li>Dans une perspective d\u2019\u00e9galit\u00e9 entre les sexes, toute personne capable de grossesse a le droit de choisir d\u2019avoir ou non des enfants, ainsi que du moment et du nombre d\u2019enfants qu\u2019elle d\u00e9sire. Sans le contr\u00f4le sur leur f\u00e9condit\u00e9, les personnes capables de grossesse ne peuvent devenir autonomes ni jouer leur r\u00f4le pleinement et \u00e9quitablement dans la soci\u00e9t\u00e9. <\/li>\n\n\n\n<li>Les personnes capables de grossesse b\u00e9n\u00e9ficient d\u2019un droit constitutionnel pour obtenir un avortement libre et gratuit, et ce, sans aucune restriction l\u00e9gale ou autre, sans discrimination en raison du sexe, de l\u2019origine, de l\u2019\u00e2ge, de la situation g\u00e9ographique ou toute autre raison, y compris celle qui motive leur d\u00e9sir de se faire avorter. Les droits de la femme enceinte ne doivent pas \u00eatre restreints. Selon un pr\u00e9c\u00e9dent rendu par la Cour Supr\u00eame, une \u00ab femme enceinte \u00bb est d\u00e9finie comme \u00e9tant \u00ab une seule et unique personne \u00bb. <\/li>\n\n\n\n<li>Les personnes capables de grossesse ont le droit d\u2019avoir acc\u00e8s \u00e0 une gamme compl\u00e8te d\u2019options, de services et d\u2019information en mati\u00e8re de sant\u00e9 reproductive, y compris l\u2019avortement chirurgical et m\u00e9dical, la contraception, la planification des naissances et l\u2019\u00e9ducation en mati\u00e8re de sant\u00e9 sexuelle. <\/li>\n\n\n\n<li>Les personnes capables de grossesse ont le droit d\u2019avoir acc\u00e8s \u00e0 des soins s\u00e9curitaires en sant\u00e9 reproductive, et ce, dans des d\u00e9lais raisonnables, dans le respect, la confiance, la dignit\u00e9, la confidentialit\u00e9 et la compassion. <\/li>\n\n\n\n<li>Tout avortement est m\u00e9dicalement n\u00e9cessaire \u2014 et non \u00e9lectif \u2014 et sous la protection de la Loi canadienne sur la sant\u00e9, tout comme l\u2019accouchement, quel que soit le lieu o\u00f9 il est pratiqu\u00e9 \u2013 \u00e0 l\u2019h\u00f4pital, \u00e0 la clinique ou dans le bureau du m\u00e9decin. Comme toute intervention m\u00e9dicalement n\u00e9cessaire, l\u2019avortement, ainsi que son financement, doit rencontrer les cinq principes de la Loi.<\/li>\n\n\n\n<li>Tout professionnel de la sant\u00e9 \u0153uvrant en sant\u00e9 reproductive a le droit d\u2019offrir ces services sans discriminations, harc\u00e8lements, ni violence.<\/li>\n<\/ul>\n\n\n\n<p>La CDAC appuie aussi le concept de la justice reproductive parce qu\u2019elle sait que la sant\u00e9 et les droits sexuels et reproductifs de nombreuses communaut\u00e9s sont d\u00e9mesur\u00e9ment opprim\u00e9s et marginalis\u00e9s. Nous n\u2019avons qu\u2019\u00e0 penser aux communaut\u00e9s 2S\/LGBTQQIPAA (deux-esprits, lesbiennes, gais, bisexuels, transgenres, &lsquo;queer&rsquo;\/allosexuels, intersexes, en questionnement, pansexuelles, asexuelles, aromantiques), aux autochtones, aux groupes ethniques, aux jeunes, aux personnes handicap\u00e9es et aux autres groupes vuln\u00e9rables. Aussi, elle croit que pour assurer une justice \u00e9gale pour tous, il faut s\u2019attaquer aux in\u00e9galit\u00e9s fondamentales. (Pour plus de d\u00e9tails au sujet de la justice reproductive, lisez notre expos\u00e9 de position no 100, <a href=\"https:\/\/www.arcc-cdac.ca\/fr\/postionpapers\/100-justice-reproductive.pdf\" target=\"_blank\" rel=\"noreferrer noopener\">Pourquoi la <abbr>CDAC<\/abbr> appuie-t-elle la justice reproductive?<\/a>)<\/p>\n\n\n\n<h2 class=\"wp-block-heading\" id=\"mandate\">Mandat<\/h2>\n\n\n\n<p>La CDAC s\u2019engage principalement \u00e0 mener des actions politiques et \u00e9ducatives en mati\u00e8re de sant\u00e9 reproductive et de droits reproductifs.<\/p>\n\n\n\n<p>Elle reconna\u00eet et respecte les diversit\u00e9s culturelles et politiques de notre pays, de ses provinces et de ses territoires. Elle vise \u00e0 repr\u00e9senter le plus grand nombre possible de personnes et de communaut\u00e9s, et elle exerce ses activit\u00e9s dans les deux langues officielles.<\/p>\n\n\n\n<p>La CDAC est une organisation nationale f\u00e9ministe compos\u00e9e de groupes et d\u2019individus partageant une mission et une vision. La&nbsp;CDAC est un organisme \u00e0 but non lucratif; elle n\u2019est pas un organisme de bienfaisance enregistr\u00e9.<\/p>\n\n\n\n<h3 class=\"wp-block-heading\">Les principaux objectifs de la CDAC sont :<\/h3>\n\n\n\n<ul class=\"wp-block-list\">\n<li>Prot\u00e9ger et am\u00e9liorer l\u2019acc\u00e8s aux services de sant\u00e9 reproductive, tout particuli\u00e8rement l\u2019avortement;<\/li>\n\n\n\n<li>Pr\u00e9venir et emp\u00eacher toute r\u00e9duction de services de sant\u00e9 reproductive ainsi que toute atteinte aux droits qui y sont reli\u00e9s;<\/li>\n\n\n\n<li>Faire des pressions politiques et de l\u2019\u00e9ducation populaire sur la question des droits reproductifs;<\/li>\n\n\n\n<li>Former un r\u00e9seau et travailler de concert avec d\u2019autres organismes afin de promouvoir les principes et le mandat de la CDAC.<\/li>\n\n\n\n<li>Soutenir l\u2019activisme pro-choix, particuli\u00e8rement l\u2019engagement des jeunes et du corps \u00e9tudiant;<\/li>\n\n\n\n<li>Contrer l\u2019ing\u00e9rence et la d\u00e9sinformation des groupes anti-choix;<\/li>\n\n\n\n<li>Soutenir les m\u00e9decins et les cliniques pratiquant l\u2019avortement, y compris la formation de nouveaux m\u00e9decins;<\/li>\n<\/ul>\n\n\n\n<p>De plus, conform\u00e9ment \u00e0 sa structure, \u00e0 ses actions et \u00e0 ses priorit\u00e9s, la CDAC soutiendra ais\u00e9ment toute question de justice reproductive susceptible de retentir sur les droits, les choix et la sant\u00e9 des personnes.<\/p>\n","protected":false},"excerpt":{"rendered":"<p>Pourquoi la CDAC? L\u2019avortement est souvent vu comme une probl\u00e9matique r\u00e9solue au Canada, un sujet clos o\u00f9 il y a un consensus social. En r\u00e9alit\u00e9, toutefois, l\u2019avortement demeure un enjeu politis\u00e9 au pays. Beaucoup reste \u00e0 faire pour am\u00e9liorer l\u2019acc\u00e8s \u00e0 l\u2019avortement au Canada, malgr\u00e9 des progr\u00e8s significatifs depuis que la Cour Supr\u00eame a d\u00e9clar\u00e9&hellip;<\/p>\n","protected":false},"author":3,"featured_media":0,"parent":0,"menu_order":31,"comment_status":"closed","ping_status":"closed","template":"","meta":{"_acf_changed":false,"_nakedcatplugins_page_lang":"","_nakedcatplugins_page_dir":"ltr","footnotes":""},"class_list":["post-6386","page","type-page","status-publish","hentry"],"acf":{"toc_header":"","toc_header_source":{"label":"TOC Header","type":"text","formatted_value":""},"printfriendly":true,"printfriendly_source":{"label":"Show PrintFriendly Options","type":"true_false","formatted_value":true}},"_links":{"self":[{"href":"https:\/\/www.arcc-cdac.ca\/fr\/wp-json\/wp\/v2\/pages\/6386","targetHints":{"allow":["GET"]}}],"collection":[{"href":"https:\/\/www.arcc-cdac.ca\/fr\/wp-json\/wp\/v2\/pages"}],"about":[{"href":"https:\/\/www.arcc-cdac.ca\/fr\/wp-json\/wp\/v2\/types\/page"}],"author":[{"embeddable":true,"href":"https:\/\/www.arcc-cdac.ca\/fr\/wp-json\/wp\/v2\/users\/3"}],"replies":[{"embeddable":true,"href":"https:\/\/www.arcc-cdac.ca\/fr\/wp-json\/wp\/v2\/comments?post=6386"}],"version-history":[{"count":11,"href":"https:\/\/www.arcc-cdac.ca\/fr\/wp-json\/wp\/v2\/pages\/6386\/revisions"}],"predecessor-version":[{"id":20690,"href":"https:\/\/www.arcc-cdac.ca\/fr\/wp-json\/wp\/v2\/pages\/6386\/revisions\/20690"}],"wp:attachment":[{"href":"https:\/\/www.arcc-cdac.ca\/fr\/wp-json\/wp\/v2\/media?parent=6386"}],"curies":[{"name":"wp","href":"https:\/\/api.w.org\/{rel}","templated":true}]}}