{"id":6390,"date":"2020-06-16T15:09:14","date_gmt":"2020-06-16T19:09:14","guid":{"rendered":"https:\/\/www.arcc-cdac.ca\/student-resource-page\/"},"modified":"2023-04-08T09:11:05","modified_gmt":"2023-04-08T16:11:05","slug":"etudiant","status":"publish","type":"page","link":"https:\/\/www.arcc-cdac.ca\/fr\/etudiant\/","title":{"rendered":"Ressources aux \u00e9tudiantes"},"content":{"rendered":"\n<p>Bienvenue \u00e0 notre page d\u2019introduction \u00e0 des ressources pro-choix, destin\u00e9es \u00e0 faciliter l\u2019organisation de groupes en milieux universitaires et coll\u00e9giaux.&nbsp;Ces outils et ressources sont \u00e0 votre disposition sans frais, pour distribution \u00e0 votre guise. (Ce sont tous des dossiers PDF, sauf en cas d\u2019indication contraire.)<\/p>\n\n\n\n<figure class=\"wp-block-table\"><table><tbody><tr><td>Remarque : ces documents sont anciens. Bien que certains puissent encore \u00eatre utiles, le langage utilis\u00e9 ne pas inclusif de genre.<\/td><\/tr><\/tbody><\/table><\/figure>\n\n\n\n<p><a href=\"https:\/\/www.arcc-cdac.ca\/fr\/etudiant\/intro-letter-f.pdf\" class=\"ek-link\">Aux activistes pour la libert\u00e9 de choix<\/a>: Veuillez lire cette lettre de pr\u00e9sentation des ressources et outils ci-dessous:<\/p>\n\n\n\n<ul class=\"wp-block-list\">\n<li>Manuel sur la fa\u00e7on de mettre sur pied un groupe \u00e9tudiant pro-choix<\/li>\n\n\n\n<li>Fiches d\u2019information, foire aux questions, d\u00e9pliants<\/li>\n\n\n\n<li>Outils: macarons, autocollants, affiches, chants et slogans&nbsp; &nbsp;<\/li>\n\n\n\n<li>Liste de ressources: organisations communautaires, groupes pro-choix, et de films pro-choix<\/li>\n<\/ul>\n\n\n\n<h2 class=\"wp-block-heading\">Besoin d\u2019aide ou de conseils? <\/h2>\n\n\n\n<p>Si vous avez des questions ou besoin d\u2019aide ou conseils \u00e0 propos de tout aspect du travail d\u2019organisation d\u2019activit\u00e9s pro-choix sur un campus universitaire ou coll\u00e9gial, ou d\u2019informations sur le lobby anti-choix, \u00e9crivez-nous \u00e0 l\u2019attention de notre coordinatrice du R\u00e9seau des \u00e9tudiant-e-s, \u00e0 <a href=\"mailto:info@arcc-cdac.ca\">info@arcc-cdac.ca<\/a>.&nbsp;De plus, si vous ne pouvez imprimer nos ressources vous-m\u00eame, nous pouvons prendre des dispositions pour vous envoyer un nombre limit\u00e9 d\u2019exemplaires couleur sur papier glac\u00e9.<\/p>\n\n\n\n<hr class=\"wp-block-separator has-css-opacity\" \/>\n\n\n\n<h2 class=\"wp-block-heading\">Manuel (en anglais seulement)<\/h2>\n\n\n\n<p><a rel=\"noreferrer noopener\" href=\"http:\/\/www.arcc-cdac.ca\/presentations\/campus-group.pdf\" target=\"_blank\" class=\"ek-link\">How to Establish a Pro-Choice Group on Campus<\/a> (Comment mettre sur pied un groupe \u00e9tudiant pro-choix sur un campus):&nbsp;Apprenez les bases de la cr\u00e9ation de votre propre groupe \u00e9tudiant pro-choix.&nbsp;Cette brochure anglaise (qui peut \u00eatre traduite au besoin) explique en 34 pages comment d\u00e9terminer si votre campus a besoin d\u2019un tel groupe, comment le mettre sur pied, attirer des membres, animer des r\u00e9unions et des activit\u00e9s, ramasser des fonds et assurer la survie de votre groupe.&nbsp;(Ce texte a \u00e9t\u00e9 assembl\u00e9 et r\u00e9dig\u00e9 par une \u00e9tudiante de l\u2019Universit\u00e9 Simon Fraser pour l\u2019ARCC-CDAC.))<\/p>\n\n\n\n<hr class=\"wp-block-separator has-css-opacity\" \/>\n\n\n\n<h2 class=\"wp-block-heading\">Fiches d\u2019information et autres d\u00e9pliants<\/h2>\n\n\n\n<p><a href=\"https:\/\/www.arcc-cdac.ca\/fr\/etudiant\/backgrounder-f.pdf\">Le mouvement pro-choix, en deux mots<\/a>: Cette fiche d\u00e9crit le sens du mouvement pro-choix, l\u2019\u00e9tat actuel des droits \u00e0 l\u2019avortement et de l\u2019acc\u00e8s aux services, au Canada et dans le monde, et les menaces juridiques \u00e0 l\u2019acc\u00e8s au Canada.&nbsp;Soutenir le libre choix d\u2019avorter l\u00e9galement et de fa\u00e7on s\u00e9curitaire n\u00e9cessite de comprendre le contexte plus large des droits humains fondamentaux en mati\u00e8re de sexualit\u00e9 et de procr\u00e9ation pour toutes les personnes capables de grossesse, et comment cette lutte persiste au Canada et dans le monde entier.<\/p>\n\n\n\n<p><a href=\"https:\/\/www.arcc-cdac.ca\/fr\/etudiant\/snappy-answers-f.pdf\">R\u00e9ponses courtes aux questions difficiles<\/a>: Des questions et r\u00e9ponses pour vous aider \u00e0 n\u00e9gocier le sujet d\u00e9licat de l\u2019absence d\u2019obligation des associations \u00e9tudiantes \u00e0 fournir espace ou subventions aux groupes anti-choix.<\/p>\n\n\n\n<p><a href=\"https:\/\/www.arcc-cdac.ca\/fr\/etudiant\/anti-choice-f.pdf\">La politique anti-choix<\/a>: Un aper\u00e7u des arguments anti-choix, des groupes qui les propagent au Canada et de leurs tactiques.&nbsp;Comprendre les arguments de ces groupes (qui r\u00e9clament un contr\u00f4le accru de la sexualit\u00e9, sp\u00e9cifiquement en criminalisant l\u2019avortement) nous aide \u00e0 contrer leurs messages.<\/p>\n\n\n\n<p><a href=\"https:\/\/www.arcc-cdac.ca\/fr\/etudiant\/10flyer-f.pdf\">D\u00e9pliant \u00abDix mensonges que les anti-choix racontent sur l\u2019avortement\u00bb<\/a>: Vous pouvez combattre la d\u00e9sinformation anti-choix \u00e0 l\u2019aide de ces r\u00e9futations des 10 mensonges les plus communs.&nbsp;Vous pouvez faire plusieurs copies de ce document en l\u2019imprimant sur les deux faces de feuilles 8,5 x 14.&nbsp;Pliez et distribuez-les lors de vos \u00e9v\u00e9nements et sur vos tables d\u2019information.<\/p>\n\n\n\n<hr class=\"wp-block-separator has-css-opacity\" \/>\n\n\n\n<h2 class=\"wp-block-heading\">Outils:<\/h2>\n\n\n\n<p><a href=\"https:\/\/www.arcc-cdac.ca\/fr\/etudiant\/button-sheet-f.pdf\">Autocollants et macarons<\/a>: Imprimez ces slogans sur du papier glac\u00e9 autocollant, ou coupez-les pour faire des macarons. Les syndicats (de profs, de soutien, ou de professionnels), les groupes de femmes ou d\u2019autres groupes \u00e0 but non lucratif ont sans doute des presses \u00e0 macarons (de l.5 pouces) que vous pourriez emprunter. Renseignez-vous!<\/p>\n\n\n\n<p><a href=\"https:\/\/www.arcc-cdac.ca\/fr\/etudiant\/choiceposter-f.pdf\">Des affiches pro-choix<\/a>: Trois affiches en couleurs (11 x 17) qui peuvent \u00eatre imprim\u00e9es professionnellement, \u00ab Mon corps Mon choix \u00bb, \u00ab Les droits reproductifs sont des droits humains \u00bb, et \u00ab C\u2019est pro-choix ou Pas de choix \u00bb.<\/p>\n\n\n\n<p><em>Des chants et des slogans:<\/em><strong>[\u00c0 venir] <\/strong>\u00c0 utiliser aux rassemblements et manifestations. Imprimez plusieurs copies de cette feuille et coupez-les pour distribution aux participant-e-s.<\/p>\n\n\n\n<p><small>_______________________________________<\/small><\/p>\n\n\n\n<h2 class=\"wp-block-heading\">Liste de ressources<\/h2>\n\n\n\n<p><a href=\"https:\/\/www.arcc-cdac.ca\/media\/2020\/06\/Anti-choice-pro-choice-groups-charities.pdf\" target=\"_blank\" rel=\"noreferrer noopener\">Organisations pro-choix<\/a>: Une liste des principales organisations pro-choix au Canada, aux \u00c9tats-Unis et au monde, y compris leurs sites Web et adresses courriel.<\/p>\n\n\n\n<p><a href=\"https:\/\/www.arcc-cdac.ca\/fr\/etudiant\/community-groups-f.pdf\">Groupes de sant\u00e9 communautaire<\/a>: \u00c0 date, nous n\u2019avons qu\u2019une liste des groupes d\u2019Ontario, mais nous travaillons \u00e0 cr\u00e9er d\u2019autres listes.<\/p>\n\n\n\n<p><a href=\"https:\/\/www.arcc-cdac.ca\/fr\/etudiant\/pro-choice-films-f.pdf\">Des films pro-choix<\/a>: Une liste de films et de documentaires pro-choix. Vous pouvez distribuer cette liste ou en louer dans un club vid\u00e9o et organiser une soir\u00e9e de visionnement ou un festival. (Pour en commander: <a href=\"http:\/\/www.abortionfilms.org\/\">www.abortionfilms.org<\/a>)<\/p>\n","protected":false},"excerpt":{"rendered":"<p>Bienvenue \u00e0 notre page d\u2019introduction \u00e0 des ressources pro-choix, destin\u00e9es \u00e0 faciliter l\u2019organisation de groupes en milieux universitaires et coll\u00e9giaux.&nbsp;Ces outils et ressources sont \u00e0 votre disposition sans frais, pour distribution \u00e0 votre guise. (Ce sont tous des dossiers PDF, sauf en cas d\u2019indication contraire.) Remarque : ces documents sont anciens. Bien que certains puissent&hellip;<\/p>\n","protected":false},"author":3,"featured_media":0,"parent":0,"menu_order":106,"comment_status":"closed","ping_status":"closed","template":"tpl-toc-sidebar.php","meta":{"_acf_changed":false,"_nakedcatplugins_page_lang":"","_nakedcatplugins_page_dir":"ltr","footnotes":""},"class_list":["post-6390","page","type-page","status-publish","hentry"],"acf":{"toc_header":"","toc_header_source":{"label":"TOC Header","type":"text","formatted_value":""},"printfriendly":true,"printfriendly_source":{"label":"Show PrintFriendly Options","type":"true_false","formatted_value":true}},"_links":{"self":[{"href":"https:\/\/www.arcc-cdac.ca\/fr\/wp-json\/wp\/v2\/pages\/6390","targetHints":{"allow":["GET"]}}],"collection":[{"href":"https:\/\/www.arcc-cdac.ca\/fr\/wp-json\/wp\/v2\/pages"}],"about":[{"href":"https:\/\/www.arcc-cdac.ca\/fr\/wp-json\/wp\/v2\/types\/page"}],"author":[{"embeddable":true,"href":"https:\/\/www.arcc-cdac.ca\/fr\/wp-json\/wp\/v2\/users\/3"}],"replies":[{"embeddable":true,"href":"https:\/\/www.arcc-cdac.ca\/fr\/wp-json\/wp\/v2\/comments?post=6390"}],"version-history":[{"count":10,"href":"https:\/\/www.arcc-cdac.ca\/fr\/wp-json\/wp\/v2\/pages\/6390\/revisions"}],"predecessor-version":[{"id":12942,"href":"https:\/\/www.arcc-cdac.ca\/fr\/wp-json\/wp\/v2\/pages\/6390\/revisions\/12942"}],"wp:attachment":[{"href":"https:\/\/www.arcc-cdac.ca\/fr\/wp-json\/wp\/v2\/media?parent=6390"}],"curies":[{"name":"wp","href":"https:\/\/api.w.org\/{rel}","templated":true}]}}