{"id":7930,"date":"2020-06-22T14:01:36","date_gmt":"2020-06-22T18:01:36","guid":{"rendered":"https:\/\/www.arcc-cdac.ca\/federal-election-toolkit\/"},"modified":"2020-08-17T00:49:02","modified_gmt":"2020-08-17T07:49:02","slug":"2019-election-outils","status":"publish","type":"page","link":"https:\/\/www.arcc-cdac.ca\/fr\/2019-election-outils\/","title":{"rendered":"Trousse d\u2019outils en vue des \u00e9lections 2019"},"content":{"rendered":"\n<p>Le r\u00e9sultat des prochaines \u00e9lections pr\u00e9vues en octobre vous inqui\u00e8te ainsi que le sort qui attend l\u2019acc\u00e8s et le droit \u00e0 l\u2019avortement? Passez \u00e0 l\u2019action \u00e0 l\u2019aide de notre trousse! Il vous s\u2019agit de choisir l\u2019une des d\u00e9marches \u00e9num\u00e9r\u00e9es ci-dessous. Aussi, n\u2019oubliez pas de partager cette page en s\u00e9lectionnant le mode de partage de votre choix avec l\u2019un des boutons de droite \u2192<\/p>\n\n\n\n<ol class=\"wp-block-list\"><li><a href=\"https:\/\/www.arcc-cdac.ca\/fr\/2019-election-outils.html#five-things-to-do\">Cinq choses \u00e0 faire avant les \u00e9lections f\u00e9d\u00e9rales 2019<\/a><\/li><li><a href=\"https:\/\/www.arcc-cdac.ca\/fr\/2019-election-outils.html#candidats\">Guide de vote &#8211; Qui appuyer ou \u00e0 quel candidat s\u2019opposer\u2014Appui ou opposition aux candidats<\/a><\/li><li><a href=\"https:\/\/www.arcc-cdac.ca\/fr\/2019-election-outils.html#modele-lettre-candidats\">Mod\u00e8le de lettre \u00e0 envoyer \u00e0 vos candidats<\/a><\/li><li><a href=\"https:\/\/www.arcc-cdac.ca\/fr\/2019-election-outils.html#questions-candidats\">Questions aux candidats<\/a><\/li><li><a href=\"https:\/\/www.arcc-cdac.ca\/fr\/2019-election-outils.html#declaration\">D\u00e9claration de solidarit\u00e9 au droit \u00e0 l\u2019avortement<\/a><\/li><li><a href=\"https:\/\/www.arcc-cdac.ca\/fr\/2019-election-outils.html#petitions\">Signez nos p\u00e9titions<\/a><\/li><li><a href=\"https:\/\/www.arcc-cdac.ca\/fr\/2019-election-outils.html#cartes-postales-gratuites\">Cartes <strong>gratuites<\/strong>!<\/a><\/li><li><a href=\"https:\/\/www.arcc-cdac.ca\/fr\/2019-election-outils.html#infolettres-articles\">Communiqu\u00e9s de presse, infolettres et articles li\u00e9s aux \u00e9lections<\/a><\/li><\/ol>\n\n\n\n<hr class=\"wp-block-separator\"\/>\n\n\n\n<h2 class=\"wp-block-heading\" id=\"five-things-to-do\">1. Cinq choses \u00e0 faire avant les \u00e9lections f\u00e9d\u00e9rales 2019<\/h2>\n\n\n\n<p>D\u00e9sirez-vous aider la cause des droits reproductifs et de l\u2019avortement accessible? Voici cinq actions simples \u00e0 poser!<\/p>\n\n\n\n<div class=\"wp-block-image\"><figure class=\"alignright size-large is-resized\"><img loading=\"lazy\" decoding=\"async\" src=\"https:\/\/www.arcc-cdac.ca\/wp-content\/uploads\/site-design\/generic\/To-do.jpg\" alt=\"\" class=\"wp-image-7237\" width=\"130\" height=\"173\" srcset=\"https:\/\/www.arcc-cdac.ca\/media\/site-design\/generic\/To-do.jpg 213w, https:\/\/www.arcc-cdac.ca\/media\/site-design\/generic\/To-do-200x266.jpg 200w, https:\/\/www.arcc-cdac.ca\/media\/site-design\/generic\/To-do-151x200.jpg 151w\" sizes=\"auto, (max-width: 130px) 100vw, 130px\" \/><\/figure><\/div>\n\n\n\n<ol class=\"wp-block-list\"><li>Contactez votre d\u00e9put\u00e9 et les candidats de votre circonscription pour les informer de votre soutien \u00e0 l\u2019\u00e9gard des droits reproductifs et les avisez que vous les tiendrez responsables de ce qui arrivera dans ce dossier. Utiliser notre <a target=\"_blank\" href=\"https:\/\/www.arcc-cdac.ca\/fr\/election\/modele-lettre.html\" rel=\"noreferrer noopener\">mod\u00e8le de lettre<\/a>.<\/li><li>Signez la d\u00e9claration de solidarit\u00e9 au droit \u00e0 l\u2019avortement <em>[\u00e0 venir]<\/em><\/li><li>Passez \u00e0 l\u2019action pour le Nouveau-Brunswick \u2013 Signez notre p\u00e9tition destin\u00e9e au gouvernement f\u00e9d\u00e9ral. Vous pouvez \u00e9galement \u00e9crire \u00e0 <a href=\"mailto:Trudeau.J@parl.gc.ca\">Justin Trudeau<\/a> et <a href=\"mailto:Ginette.PetitpasTaylor@parl.gc.ca\">au ministre de la sant\u00e9<\/a> concernant les demandes de la p\u00e9tition.<\/li><li><a href=\"https:\/\/www.arcc-cdac.ca\/fr\/2019-election-outils.html#cartes-postales-gratuites\">Commandez des cartes gratuites<\/a> contenant de l\u2019info sur l\u2019avortement ou de l\u2019info destin\u00e9e au public et aux partisans po-choix.<\/li><li><a target=\"_blank\" rel=\"noreferrer noopener\">Donner \u00e0 <abbr>CDAC<\/abbr><\/a>, \u00e0 <a target=\"_blank\" href=\"https:\/\/www.arcc-cdac.ca\/fr\/links.html\" rel=\"noreferrer noopener\">votre groupe pro-choix local ou \u00e0 votre clinique locale<\/a><\/li><\/ol>\n\n\n\n<hr class=\"wp-block-separator\"\/>\n\n\n\n<h2 class=\"wp-block-heading\" id=\"candidats\">2. Guide de vote &#8211; Quel candidat appuyer ou devant qui s\u2019opposer <\/h2>\n\n\n\n<div class=\"wp-block-image\"><figure class=\"alignright size-large\"><img loading=\"lazy\" decoding=\"async\" width=\"157\" height=\"92\" src=\"https:\/\/www.arcc-cdac.ca\/wp-content\/uploads\/site-design\/generic\/checkmarks.jpg\" alt=\"\" class=\"wp-image-7225\"\/><\/figure><\/div>\n\n\n\n<p>Voici des listes contenant les circonscriptions \u00e0 travers le Canada\u2013 relevez les candidats anti-choix, les candidats progressistes qui m\u00e9ritent votre appui, etc.<\/p>\n\n\n\n<ul class=\"wp-block-list\"><li><strong>14 oct &#8211; Mis \u00e0 jour et \u00e9tendu<\/strong> ! <a href=\"https:\/\/www.arcc-cdac.ca\/fr\/election\/qui-appuyer-quel-candidat-sopposer-les-circonscriptions-ciblees.pdf\">Qui appuyer ou \u00e0 quel candidat s\u2019opposer <\/a>\u2014 liste d\u2019environ 129 circonscriptions cibl\u00e9es<\/li><li><a target=\"_blank\" href=\"https:\/\/www.arcc-cdac.ca\/fr\/election\/verifiez-votre-circonscription-position-candidats-avortement.pdf\" rel=\"noreferrer noopener\">V\u00e9rifiez votre circonscription pour conna\u00eetre la position des candidats sur l\u2019avortement<\/a><\/li><li><strong>14 oct &#8211; Mis \u00e0 jour et \u00e9tendu<\/strong> ! <a target=\"_blank\" href=\"https:\/\/www.arcc-cdac.ca\/fr\/election\/candidats-elections-2019-selectionnes-historique-votes.pdf\" rel=\"noreferrer noopener\">Candidats s\u00e9lectionn\u00e9s aux \u00e9lections de 2019 et leur position sur l\u2019avortement et l\u2019historique de leurs votes<\/a> \u2013 un tableau affichant plus de d\u00e9tails sur <strong>tous <\/strong>les candidats conservateurs, et ceux d\u2019autres partis qui pourraient ne pas \u00eatre pro-choix<\/li><li><a target=\"_blank\" href=\"https:\/\/www.arcc-cdac.ca\/fr\/deputes-anti-choix.pdf\" rel=\"noreferrer noopener\">Liste dress\u00e9e par <abbr>CDAC<\/abbr> des d\u00e9put\u00e9s oppos\u00e9s au libre-choix<\/a> (et ceux avec une position inconnue ou ind\u00e9termin\u00e9e)<\/li><\/ul>\n\n\n\n<hr class=\"wp-block-separator\"\/>\n\n\n\n<h2 class=\"wp-block-heading\" id=\"modele-lettre-candidats\">3. Mod\u00e8le de lettre \u00e0 envoyer \u00e0 vos candidats <\/h2>\n\n\n\n<div class=\"wp-block-image\"><figure class=\"alignright size-large is-resized\"><img loading=\"lazy\" decoding=\"async\" src=\"https:\/\/www.arcc-cdac.ca\/wp-content\/uploads\/site-design\/generic\/writeletter.jpg\" alt=\"\" class=\"wp-image-7239\" width=\"142\" height=\"141\" srcset=\"https:\/\/www.arcc-cdac.ca\/media\/site-design\/generic\/writeletter.jpg 194w, https:\/\/www.arcc-cdac.ca\/media\/site-design\/generic\/writeletter-100x100.jpg 100w\" sizes=\"auto, (max-width: 142px) 100vw, 142px\" \/><\/figure><\/div>\n\n\n\n<p>Utiliser notre <a target=\"_blank\" href=\"https:\/\/www.arcc-cdac.ca\/fr\/election\/modele-lettre.html\" rel=\"noreferrer noopener\">mod\u00e8le de lettre<\/a> pour trouver votre circonscription, vos candidats, et conna\u00eetre les fa\u00e7ons de communiquer avec eux.<\/p>\n\n\n\n<p>Vous pouvez r\u00e9diger votre propre lettre ou vous baser sur notre mod\u00e8le, leur envoyer un message sur les m\u00e9dias sociaux, ou les joindre par t\u00e9l\u00e9phone.<\/p>\n\n\n\n<hr class=\"wp-block-separator\"\/>\n\n\n\n<h2 class=\"wp-block-heading\" id=\"questions-candidats\">4. Questions pour les candidats <\/h2>\n\n\n\n<div class=\"wp-block-image\"><figure class=\"alignright size-large is-resized\"><img loading=\"lazy\" decoding=\"async\" src=\"https:\/\/www.arcc-cdac.ca\/wp-content\/uploads\/site-design\/generic\/questions.jpg\" alt=\"\" class=\"wp-image-7231\" width=\"112\" height=\"167\" srcset=\"https:\/\/www.arcc-cdac.ca\/media\/site-design\/generic\/questions.jpg 223w, https:\/\/www.arcc-cdac.ca\/media\/site-design\/generic\/questions-200x298.jpg 200w, https:\/\/www.arcc-cdac.ca\/media\/site-design\/generic\/questions-134x200.jpg 134w\" sizes=\"auto, (max-width: 112px) 100vw, 112px\" \/><\/figure><\/div>\n\n\n\n<p>Posez <a target=\"_blank\" href=\"https:\/\/www.arcc-cdac.ca\/fr\/election\/questions-aux-candidats.pdf\" rel=\"noreferrer noopener\">les questions suivantes \u00e0 vos candidats<\/a> lors de l\u2019\u00e9v\u00e8nement de votre choix; tel un rassemblement de candidats ou lorsque l\u2019un d\u2019eux frappera \u00e0 votre porte.<\/p>\n\n\n\n<p>Vous pouvez aussi aller \u00e0 leur rencontre, leur t\u00e9l\u00e9phoner, leur envoyer un courriel ou leur poser des questions sur leurs pages de m\u00e9dias sociaux. (Pour conna\u00eetre les coordonn\u00e9es de vos candidats, r\u00e9f\u00e9rez-vous aux instructions inscrites sur notre <a target=\"_blank\" href=\"https:\/\/www.arcc-cdac.ca\/fr\/election\/modele-lettre.html\" rel=\"noreferrer noopener\">mod\u00e8le de lettre<\/a>.)<\/p>\n\n\n\n<hr class=\"wp-block-separator\"\/>\n\n\n\n<h2 class=\"wp-block-heading\" id=\"delaration-solidarite\">5. D\u00e9claration de solidarit\u00e9 au droit \u00e0 l\u2019avortement <\/h2>\n\n\n\n<div class=\"wp-block-image\"><figure class=\"alignright size-large is-resized\"><img loading=\"lazy\" decoding=\"async\" src=\"https:\/\/www.arcc-cdac.ca\/wp-content\/uploads\/site-design\/generic\/solidarity.jpg\" alt=\"\" class=\"wp-image-7233\" width=\"124\" height=\"125\" srcset=\"https:\/\/www.arcc-cdac.ca\/media\/site-design\/generic\/solidarity.jpg 222w, https:\/\/www.arcc-cdac.ca\/media\/site-design\/generic\/solidarity-200x200.jpg 200w, https:\/\/www.arcc-cdac.ca\/media\/site-design\/generic\/solidarity-100x100.jpg 100w\" sizes=\"auto, (max-width: 124px) 100vw, 124px\" \/><\/figure><\/div>\n\n\n\n<p>Veuillez signer notre <a href=\"http:\/\/www.arcc-cdac.ca\/fr\/election\/signez-declaration-solidarite\" target=\"_blank\" rel=\"noreferrer noopener\">d\u00e9claration de solidarit\u00e9 au droit \u00e0 l\u2019avortement<\/a>. Groupes et personnes sont invit\u00e9s \u00e0 la signer.<\/p>\n\n\n\n<p>Une semaine avant les \u00e9lections, nous enverrons les lettres \u00e0 tous les chefs de parti.<\/p>\n\n\n\n<hr class=\"wp-block-separator\"\/>\n\n\n\n<h2 class=\"wp-block-heading\" id=\"petitions\">6. Signez nos p\u00e9titions <\/h2>\n\n\n\n<div class=\"wp-block-image\"><figure class=\"alignright size-large is-resized\"><img loading=\"lazy\" decoding=\"async\" src=\"https:\/\/www.arcc-cdac.ca\/wp-content\/uploads\/site-design\/generic\/petition-fr.jpg\" alt=\"\" class=\"wp-image-7932\" width=\"226\" height=\"85\" srcset=\"https:\/\/www.arcc-cdac.ca\/media\/site-design\/generic\/petition-fr.jpg 664w, https:\/\/www.arcc-cdac.ca\/media\/site-design\/generic\/petition-fr-200x76.jpg 200w\" sizes=\"auto, (max-width: 226px) 100vw, 226px\" \/><\/figure><\/div>\n\n\n\n<p>Deux p\u00e9titions lanc\u00e9es sur Change.org serviront comme outil en pr\u00e9paration des \u00e9lections. Effectivement, CDAC affichera les r\u00e9sultats tout au long de la campagne et demandera aux candidats de r\u00e9pondre aux demandes formul\u00e9es sur les p\u00e9titions s\u2019ils sont \u00e9lus. N\u2019oubliez pas de signer les deux!<\/p>\n\n\n\n<p><em>Les p\u00e9titions sont en anglais seulement.<\/em><\/p>\n\n\n\n<ul class=\"wp-block-list\"><li><a rel=\"noreferrer noopener\" target=\"_blank\" href=\"https:\/\/www.change.org\/p\/government-of-canada-federal-gov-t-take-action-against-nb-for-not-funding-clinic-554\">Petition: Federal Government Must Ensure Abortion Funding for Clinic 554<\/a><\/li><li><a rel=\"noreferrer noopener\" target=\"_blank\" href=\"https:\/\/www.change.org\/p\/government-of-canada-revoke-charitable-tax-status-of-anti-choice-groups\">Petition: Revoke Charitable Tax Status of Anti-choice Groups<\/a><\/li><\/ul>\n\n\n\n<hr class=\"wp-block-separator\"\/>\n\n\n\n<h2 class=\"wp-block-heading\" id=\"cartes-postales-gratuites\">7. Cartes gratuites! <\/h2>\n\n\n\n<div class=\"wp-block-image\"><figure class=\"alignright size-large is-resized\"><img loading=\"lazy\" decoding=\"async\" src=\"https:\/\/www.arcc-cdac.ca\/wp-content\/uploads\/2020\/07\/carte2-fr.jpg\" alt=\"\" class=\"wp-image-7935\" width=\"205\" height=\"137\"\/><\/figure><\/div>\n\n\n\n<p>CDAC couvrira les frais des cartes et de livraison. Nous vous demandons de vous limiter \u00e0 un maximum de 200 cartes par mod\u00e8le. Pour commander, envoyez un courriel \u00e0 <a href=\"mailto:info@arcc-cdac.ca?subject=Cartes%20postales%20gratuites\">info@arcc-cdac.ca<\/a> en indiquant, le mod\u00e8le, la quantit\u00e9 d\u00e9sir\u00e9e, et l\u2019adresse de livraison.<\/p>\n\n\n\n<ol class=\"wp-block-list\"><li><strong>Cartes destin\u00e9es au public<\/strong> contenant de l\u2019information de base sur l\u2019avortement. Vous pouvez les distribuer porte-\u00e0-porte en vue des \u00e9lections, aux tables d\u2019information, ou autres. Deux mod\u00e8les sont disponibles en grandeur de 15 cm ou 23 cm :<ul><li>#A: <a target=\"_blank\" href=\"https:\/\/www.arcc-cdac.ca\/fr\/election\/Pro-choix-carte-1.pdf\" rel=\"noreferrer noopener\">Mon corps, mon choix<\/a><\/li><li>#B: <a target=\"_blank\" href=\"https:\/\/www.arcc-cdac.ca\/fr\/election\/Pro-choix-carte-2.pdf\" rel=\"noreferrer noopener\">Nos corps, notre choix<\/a><\/li><\/ul><\/li><li><a href=\"http:\/\/www.arcc-cdac.ca\/election\/election-card.pdf\" target=\"_blank\" rel=\"noreferrer noopener\"><strong>Cartes pour les \u00e9lections<\/strong><\/a> contenant des renseignements destin\u00e9s au public et aux partisans pro-choix au sujet des menaces qui tournent autour du droit et de l\u2019acc\u00e8s \u00e0 l\u2019avortement, et de ce que nous risquons pour avoir des candidats anti-choix. Aussi, vous trouverez un lien vers la trousse d\u2019outils. (Bilingue avec l&rsquo;anglais au verso.)<\/li><li><strong><a target=\"_blank\" href=\"https:\/\/www.arcc-cdac.ca\/graphics-memes\/ARCC-card-5x7.pdf\" rel=\"noreferrer noopener\">Cartes <abbr>CDAC<\/abbr><\/a><\/strong> \u2013 cartes bilingues contenant de l\u2019information sur CDAC; nos objectifs, comment nous joindre.<\/li><\/ol>\n\n\n\n<p><em><strong>Note:<\/strong> nous nous r\u00e9servons le droit de r\u00e9server les quantit\u00e9s, ou de refuser l\u2019envoi si nous ne pouvons v\u00e9rifier que vous \u00eates pro-choix.<\/em><\/p>\n\n\n\n<hr class=\"wp-block-separator\"\/>\n\n\n\n<hr class=\"wp-block-separator\"\/>\n\n\n\n<h2 class=\"wp-block-heading\" id=\"infolettres-articles\">8. Communiqu\u00e9s de presse, infolettres et articles li\u00e9s aux \u00e9lections <\/h2>\n\n\n\n<div class=\"wp-block-image\"><figure class=\"alignright size-large is-resized\"><img loading=\"lazy\" decoding=\"async\" src=\"https:\/\/www.arcc-cdac.ca\/wp-content\/uploads\/site-design\/CDACtion.jpg\" alt=\"\" class=\"wp-image-7937\" width=\"210\" height=\"52\" srcset=\"https:\/\/www.arcc-cdac.ca\/media\/site-design\/CDACtion.jpg 330w, https:\/\/www.arcc-cdac.ca\/media\/site-design\/CDACtion-200x50.jpg 200w\" sizes=\"auto, (max-width: 210px) 100vw, 210px\" \/><\/figure><\/div>\n\n\n\n<p>Demeurez inform\u00e9s! Voici des communiqu\u00e9s de presse, infolettres ou des articles en lien avec les prochaines \u00e9lections \u00e9crit par la CDAC ou ses membres.<\/p>\n\n\n\n<ul class=\"wp-block-list\"><li>Communiqu\u00e9, 17 octobre : <a href=\"http:\/\/www.arcc-cdac.ca\/fr\/press\/ARCC-CDAC-release-taxpetition-oct-17-2019-francais.pdf\">La p\u00e9tition demandant la r\u00e9vocation du statut d\u2019organisme de bienfaisance aux groupes anti-choix<\/a> recueille plus de 1 600 signatures.<br><\/li><li><em>Viewpoint: Reproductive Justice<\/em>: <a href=\"http:\/\/rabble.ca\/blogs\/bloggers\/viewpoint-reproductive-justice\/2019\/10\/election-woes-balancing-reproductive-justice\">Election woes: balancing reproductive justice with combating climate change<\/a>, par Tina Beier (Blogue de CDAC sur Rabble.ca, en anglais)<\/li><li>Communiqu\u00e9, 16 octobre : <a href=\"http:\/\/www.arcc-cdac.ca\/fr\/press\/ARCC-CDAC-release-solidarite-oct-16-2019-francais.pdf\">Plus de 1 000 canadiens signe la D\u00e9claration de solidarit\u00e9<\/a> et demandent aux chefs de partis d\u2019agir dans le dossier des soins de sant\u00e9 reproductive.<br><\/li><li>Communiqu\u00e9, 15 octobre : <a href=\"http:\/\/www.arcc-cdac.ca\/fr\/press\/ARCC-CDAC-release-access-oct-15-2019-fr.pdf\">Scheer doit, non seulement dire qu\u2019il ne rouvrira pas le d\u00e9bat sur l\u2019avortement, mais promettre d\u2019am\u00e9liorer l\u2019acc\u00e8s \u00e0 l\u2019avortement<\/a>.<\/li><li>Communiqu\u00e9, 10 octobre : <a href=\"http:\/\/www.arcc-cdac.ca\/fr\/press\/ARCC-CDAC-release-Clinic554-oct-10-2019-francais.pdf\">Des tactiques ill\u00e9gales et sans scrupules utilis\u00e9es par des politiciens anti-choix du Nouveau-Brunswick m\u00e8nent \u00e0 la fermeture de la clinique 554<\/a><\/li><li>Communiqu\u00e9, 8 octobre : <a href=\"http:\/\/www.arcc-cdac.ca\/fr\/press\/ARCC-CDAC-release-candidats-oct-8-2019-francais.pdf\">La plupart des candidats conservateurs sont vraisemblablement anti-choix<\/a><\/li><li><a href=\"https:\/\/mailchi.mp\/fcf43820a504\/the-arcc-spark-cdaction-3?e=f96b26dc19\">\u00e9dition de septembre de <em>C.D.Action<\/em><\/a>, notre bulletin \u00e9lectronique mensuel destin\u00e9 \u00e0 nos membres<\/li><li><a href=\"http:\/\/www.arcc-cdac.ca\/election\/reflections-from-anti-choice-education-session.pdf\">Reflections from an anti-choice \u201ceducation\u201d session<\/a>, par J. Doe (en anglais). Leur message : Votez !<\/li><li>Communiqu\u00e9 de presse, 8 oct : <a href=\"http:\/\/www.arcc-cdac.ca\/fr\/press\/ARCC-CDAC-release-candidats-oct-8-2019-francais.pdf\">La plupart des candidats conservateurs sont vraisemblablement anti-choix<\/a><\/li><\/ul>\n","protected":false},"excerpt":{"rendered":"<p>Le r\u00e9sultat des prochaines \u00e9lections pr\u00e9vues en octobre vous inqui\u00e8te ainsi que le sort qui attend l\u2019acc\u00e8s et le droit \u00e0 l\u2019avortement? Passez \u00e0 l\u2019action \u00e0 l\u2019aide de notre trousse! Il vous s\u2019agit de choisir l\u2019une des d\u00e9marches \u00e9num\u00e9r\u00e9es ci-dessous. Aussi, n\u2019oubliez pas de partager cette page en s\u00e9lectionnant le mode de partage de votre&hellip;<\/p>\n","protected":false},"author":3,"featured_media":0,"parent":0,"menu_order":188,"comment_status":"closed","ping_status":"closed","template":"","meta":{"_acf_changed":false,"_nakedcatplugins_page_lang":"","_nakedcatplugins_page_dir":"ltr","footnotes":""},"class_list":["post-7930","page","type-page","status-publish","hentry"],"acf":{"toc_header":"","toc_header_source":{"label":"TOC Header","type":"text","formatted_value":""},"printfriendly":true,"printfriendly_source":{"label":"Show PrintFriendly Options","type":"true_false","formatted_value":true}},"_links":{"self":[{"href":"https:\/\/www.arcc-cdac.ca\/fr\/wp-json\/wp\/v2\/pages\/7930","targetHints":{"allow":["GET"]}}],"collection":[{"href":"https:\/\/www.arcc-cdac.ca\/fr\/wp-json\/wp\/v2\/pages"}],"about":[{"href":"https:\/\/www.arcc-cdac.ca\/fr\/wp-json\/wp\/v2\/types\/page"}],"author":[{"embeddable":true,"href":"https:\/\/www.arcc-cdac.ca\/fr\/wp-json\/wp\/v2\/users\/3"}],"replies":[{"embeddable":true,"href":"https:\/\/www.arcc-cdac.ca\/fr\/wp-json\/wp\/v2\/comments?post=7930"}],"version-history":[{"count":2,"href":"https:\/\/www.arcc-cdac.ca\/fr\/wp-json\/wp\/v2\/pages\/7930\/revisions"}],"predecessor-version":[{"id":7939,"href":"https:\/\/www.arcc-cdac.ca\/fr\/wp-json\/wp\/v2\/pages\/7930\/revisions\/7939"}],"wp:attachment":[{"href":"https:\/\/www.arcc-cdac.ca\/fr\/wp-json\/wp\/v2\/media?parent=7930"}],"curies":[{"name":"wp","href":"https:\/\/api.w.org\/{rel}","templated":true}]}}