{"id":7959,"date":"2020-06-22T15:03:42","date_gmt":"2020-06-22T19:03:42","guid":{"rendered":"https:\/\/www.arcc-cdac.ca\/arcc-cannot-support-bill-c-225\/"},"modified":"2021-02-04T19:27:33","modified_gmt":"2021-02-05T03:27:33","slug":"arcc-cannot-support-bill-c-225","status":"publish","type":"page","link":"https:\/\/www.arcc-cdac.ca\/fr\/arcc-cannot-support-bill-c-225\/","title":{"rendered":"La CDAC ne peut pas appuyer le projet de loi C-225"},"content":{"rendered":"\n<p>Le projet de loi d&rsquo;initiative parlementaire <a href=\"http:\/\/www.parl.gc.ca\/HousePublications\/Publication.aspx?Mode=1&amp;DocId=8116176&amp;Language=F\">C-225<\/a>, la \u00ab&nbsp;<em>Loi visant \u00e0 prot\u00e9ger les femmes enceintes et leur enfant \u00e0 na\u00eetre (loi de Cassie et Molly)<\/em>&nbsp;\u00bb, a \u00e9t\u00e9 pr\u00e9sent\u00e9 le 23&nbsp;f\u00e9vrier&nbsp;2016 au Parlement par la d\u00e9put\u00e9e conservatrice Cathay&nbsp;Wagantall. Ce projet de loi modifierait le Code criminel afin d&rsquo;\u00e9riger en une infraction distincte le fait de blesser ou de tuer un f\u0153tus lors de la perp\u00e9tration d&rsquo;une infraction contre une femme enceinte. La CDAC s&rsquo;oppose au projet de loi car il donne certains droits au f\u0153tus et pourrait menacer les droits constitutionnels des femmes et le droit \u00e0 l&rsquo;avortement.<\/p>\n\n\n\n<p>Notre \u00e9nonc\u00e9 de position : <a href=\"http:\/\/www.arcc-cdac.ca\/fr\/action\/CDAC-ne-peut-appuyer-C225.pdf\" class=\"ek-link\">La CDAC ne peut pas appuyer le projet de loi C-225<\/a>\u00a0 inclut :<\/p>\n\n\n\n<ul class=\"wp-block-list\"><li>Faits saillants \/ R\u00e9sum\u00e9<\/li><li>Contexte \/ Situation juridique<\/li><li>Le projet de loi fait passer en douce le f\u0153tus au statut de personne<\/li><li>Le risque d&rsquo;arrestation pour les femmes enceintes et les personnes de confiance ne peut \u00eatre \u00e9cart\u00e9<\/li><li>Le projet de loi ne pr\u00e9viendra pas la violence d&rsquo;un partenaire intime<\/li><li>La disposition sur la \u00ab circonstance aggravante \u00bb devrait \u00eatre pr\u00e9sent\u00e9e dans un projet de loi s\u00e9par\u00e9<\/li><li>Conclusion : La CDAC s&rsquo;oppose au projet de loi C-225<\/li><\/ul>\n\n\n\n<p><a href=\"http:\/\/www.arcc-cdac.ca\/fr\/action\/C225-presque-identique-a-C484.pdf\" class=\"ek-link\"><strong>Le projet de loi C-225 est presque identique au projet de loi C-484 pr\u00e9c\u00e9d<\/strong><\/a><strong><a href=\"http:\/\/www.arcc-cdac.ca\/fr\/action\/C225-presque-identique-a-C484.pdf\" class=\"ek-link\">e<\/a><\/strong><a href=\"http:\/\/www.arcc-cdac.ca\/fr\/action\/C225-presque-identique-a-C484.pdf\" class=\"ek-link\"><strong>nt<\/strong><\/a>\u00a0\u2013 Une comparaison d\u00e9taill\u00e9e des deux\u00a0projets de loi accompagn\u00e9e de notre interpr\u00e9tation des diff\u00e9rences.<\/p>\n\n\n\n<h3 class=\"wp-block-heading\">Passez \u00e0 l&rsquo;action!<\/h3>\n\n\n\n<p><a href=\"https:\/\/petitions.parl.gc.ca\/fr\/Petition\/Details?Petition=e-381\">P\u00e9tition \u00e9lectronique parlementaire<\/a> : e-381 (\u00ab Droits des femmes enceintes \u00bb)<br>Merci de signer cette p\u00e9tition en ligne! <\/p>\n\n\n\n<p><em>(Note : Vous pouvez signer la p\u00e9tition \u00e9lectronique et la <a href=\"https:\/\/www.arcc-cdac.ca\/fr\/action\/paper-petition-french-C225.pdf\">p\u00e9tition papier,<\/a> puisque toutes deux comportent des avantages : les p\u00e9titions papier peuvent \u00eatre pr\u00e9sent\u00e9es officiellement devant la Chambre \u00e0 n\u2019importe quel moment et sont enregistr\u00e9es dans le hansard. Les p\u00e9titions \u00e9lectroniques permettent quant \u00e0 elles de recueillir beaucoup plus de signatures et aident \u00e0 sensibiliser le public \u00e0 l\u2019opposition au projet de loi. De plus, lorsqu\u2019une p\u00e9tition \u00e9lectronique atteint 500 signatures, elle est pr\u00e9sent\u00e9e au Parlement et le gouvernement doit y r\u00e9pondre.)<\/em><br><\/p>\n\n\n\n<p><a href=\"https:\/\/www.arcc-cdac.ca\/fr\/action\/paper-petition-french-C225.pdf\">P\u00e9tition papier<\/a> de s\u2019opposer au projet de loi C-225 &#8211; Veuillez imprimer cette p\u00e9tition adress\u00e9e au Parlement, la signer, et obtenez d\u2019autres signatures, si possible. Au besoin, vous pouvez l\u2019imprimer recto verso. Une fois compl\u00e9t\u00e9e, l\u2019envoyer \u00e0 l\u2019adresse inscrite au bas de la page. (<a href=\"http:\/\/www.arcc-cdac.ca\/action\/paper-petition-english-C225.pdf\">P\u00e9tition en anglais<\/a>)<\/p>\n\n\n\n<p><a href=\"http:\/\/www.arcc-cdac.ca\/fr\/action\/modele-lettre-contre-C-225.html\">Envoyez une lettre \u00e0 votre d\u00e9put\u00e9 pour lui demander de s\u2019opposer au projet de loi C-225<\/a> &#8211; Voici un mod\u00e8le de lettre que vous pouvez utiliser ou adapter. Vous pouvez aussi \u00e9crire votre propre lettre ou passer un appel t\u00e9l\u00e9phonique. N\u2019h\u00e9sitez pas \u00e0 utiliser les arguments pr\u00e9sent\u00e9s dans le document qui figure dans le lien ci-dessus.<\/p>\n\n\n\n<p><a href=\"http:\/\/www.arcc-cdac.ca\/fr\/action\/groupes-opposes-C225.html\" class=\"ek-link\">Groupes oppos\u00e9s au projet de loi C-225<\/a> &#8211; Pour ajouter le nom de votre groupe \u00e0 la liste, veuillez envoyer un courriel \u00e0 <a href=\"mailto:info@arcc-cdac.ca\">info@arcc-cdac.ca<\/a>.\u00a0<\/p>\n\n\n\n<h2 class=\"wp-block-heading\">Autres ressources<\/h2>\n\n\n\n<p><a href=\"http:\/\/www.parl.gc.ca\/HousePublications\/Publication.aspx?Mode=1&amp;DocId=8116176&amp;Language=F\"><strong>Projet de loi C-225<\/strong><\/a>, en anglais et en fran\u00e7ais.<\/p>\n\n\n\n<p><a href=\"http:\/\/www.parl.gc.ca\/HousePublications\/Publication.aspx?Mode=1&amp;Parl=42&amp;Ses=1&amp;DocId=8225684&amp;Language=F\">D\u00e9bat parlementaire du 2&nbsp;mai<\/a>&nbsp;&#8211; Transcription compl\u00e8te du compte rendu. Le Parti lib\u00e9ral et le NPD se sont oppos\u00e9s au projet de loi.<\/p>\n\n\n\n<p><a href=\"http:\/\/www.cathaywagantall.ca\/cassie-and-mollys-law\/\"><strong>La page de la d\u00e9put\u00e9e conservatrice Cathay\u00a0Wagantall<\/strong><\/a>, inclut des liens vers divers documents li\u00e9s \u00e0 C-225, dont un document d&rsquo;informations, un r\u00e9sum\u00e9 du projet de loi, des questions et r\u00e9ponses, les \u00ab\u00a0Faits juridiques concernant le projet de loi\u00a0\u00bb et un communiqu\u00e9 de presse.\u00a0<\/p>\n\n\n\n<p><a href=\"http:\/\/advocatesforpregnantwomen.org\/main\/publications\/articles_and_reports\/executive_summary_paltrow_flavin_jhppl_article.php\"><strong>Arrests of and forced interventions on pregnant women in the United States<\/strong><\/a> (1973-2005): The implications for women&rsquo;s legal status and public health [Arrestations et interventions forc\u00e9es sur des femmes enceintes aux \u00c9tats-Unis (1973-2005)&nbsp;: les r\u00e9percussions sur la capacit\u00e9 juridique des femmes et la sant\u00e9 publique], <em>Journal of Health Politics, Policy and Law<\/em>. 2013. Rapport de recherche par Lynn&nbsp;Paltrow et Jeanne&nbsp;Flavin.&nbsp;(en anglais seulement) <\/p>\n\n\n\n<blockquote class=\"wp-block-quote is-layout-flow wp-block-quote-is-layout-flow\"><p><em>2008 source<\/em>: <a href=\"http:\/\/www.arcc-cdac.ca\/fr\/action\/LessonsfromUS-francais.pdf\">Le\u00e7ons tir\u00e9es de l\u2019exp\u00e9rience des \u00c9tats-Unis relativement aux lois sur les enfants non encore n\u00e9s victimes d\u2019actes criminels<\/a>. Cet article a \u00e9t\u00e9 pr\u00e9par\u00e9 exclusivement par la Coalition pour le droit \u00e0 l\u2019avortement au Canada en collaboration avec Lynn Paltrow, directrice ex\u00e9cutive de <a href=\"http:\/\/advocatesforpregnantwomen.org\/\">National Advocates for Pregnant Women<\/a>, New York.<\/p><\/blockquote>\n\n\n\n<p><a href=\"http:\/\/www.arcc-cdac.ca\/fr\/action\/anti-choix-projets-loi.html\"><strong>Motions et projets de loi \u00e9manant d&rsquo;un d\u00e9put\u00e9<\/strong><\/a>&nbsp;: 46&nbsp;motions et projets de loi \u00e9manant d&rsquo;un d\u00e9put\u00e9 pr\u00e9sent\u00e9s au Canada depuis 1987.&nbsp;<\/p>\n\n\n\n<h2 class=\"wp-block-heading\">Ressources sur le projet de loi C-484&nbsp;:<\/h2>\n\n\n\n<p>Puisque le projet de loi C-225 est tr\u00e8s semblable au projet de loi C-484, la plupart des critiques que nous avons formul\u00e9es \u00e0 l&rsquo;\u00e9gard de ce projet de loi se rapportent aussi \u00e0 C-225. Nous invitons les lecteurs \u00e0 consulter ces pages de notre site web\u00a0:<\/p>\n\n\n\n<p>La page <a href=\"http:\/\/www.arcc-cdac.ca\/fr\/c484.html\"><strong>Rejeter le projet de loi C-484<\/strong><\/a>&nbsp;: contient des liens vers tous les articles et le mat\u00e9riel de campagne de la CDAC.&nbsp;<\/p>\n\n\n\n<p><a href=\"http:\/\/www.arcc-cdac.ca\/fr\/action\/c-484-points-saillants.htm\"><strong>Points saillants contre le projet de \u00ab&nbsp;loi sur les enfants non encore n\u00e9s victimes d&rsquo;actes criminels&nbsp;\u00bb<\/strong><\/a>&nbsp;&#8211; 14 arguments expliquant pourquoi C-484 est une mauvaise loi et met en danger le droit \u00e0 l&rsquo;avortement ainsi que les droits des femmes en g\u00e9n\u00e9ral.&nbsp;&nbsp;<\/p>\n\n\n\n<p><a href=\"http:\/\/www.arcc-cdac.ca\/fr\/action\/C484-brief-F.pdf\"><strong>Dossier sur C-484<\/strong><\/a><a href=\"http:\/\/www.arcc-cdac.ca\/fr\/action\/C484-brief-F.pdf\"><strong>&nbsp;:<\/strong><\/a>&nbsp;Un r\u00e9sum\u00e9 sur trois&nbsp;pages des probl\u00e8mes du projet de loi C-484, compil\u00e9 par un groupe sp\u00e9cial d&rsquo;organisations de femmes et pro-choix, dont la CDAC.&nbsp;<\/p>\n\n\n\n<p><a href=\"http:\/\/www.arcc-cdac.ca\/fr\/action\/c543.html\" class=\"ek-link\"><strong>Le projet de loi C-543 est bien meilleur que le C-484<\/strong><\/a>\u00a0:\u00a0\u00a0L&rsquo;ajout de la grossesse comme circonstance aggravante dont les juges doivent tenir compte au moment de d\u00e9terminer la peine d&rsquo;un d\u00e9linquant ayant attaqu\u00e9 une femme enceinte, bien qu&rsquo;il ne soit pas n\u00e9cessaire, ne met pas en danger les droits reproductifs des femmes et leur \u00e9galit\u00e9, et ne donne pas de capacit\u00e9 juridique au f\u0153tus, contrairement \u00e0 C-484 (ou C-225).<\/p>\n","protected":false},"excerpt":{"rendered":"<p>Le projet de loi d&rsquo;initiative parlementaire C-225, la \u00ab&nbsp;Loi visant \u00e0 prot\u00e9ger les femmes enceintes et leur enfant \u00e0 na\u00eetre (loi de Cassie et Molly)&nbsp;\u00bb, a \u00e9t\u00e9 pr\u00e9sent\u00e9 le 23&nbsp;f\u00e9vrier&nbsp;2016 au Parlement par la d\u00e9put\u00e9e conservatrice Cathay&nbsp;Wagantall. Ce projet de loi modifierait le Code criminel afin d&rsquo;\u00e9riger en une infraction distincte le fait de blesser&hellip;<\/p>\n","protected":false},"author":3,"featured_media":0,"parent":0,"menu_order":191,"comment_status":"closed","ping_status":"closed","template":"","meta":{"_acf_changed":false,"_nakedcatplugins_page_lang":"","_nakedcatplugins_page_dir":"ltr","footnotes":""},"class_list":["post-7959","page","type-page","status-publish","hentry"],"acf":{"toc_header":"","toc_header_source":{"label":"TOC Header","type":"text","formatted_value":""},"printfriendly":true,"printfriendly_source":{"label":"Show PrintFriendly Options","type":"true_false","formatted_value":true}},"_links":{"self":[{"href":"https:\/\/www.arcc-cdac.ca\/fr\/wp-json\/wp\/v2\/pages\/7959","targetHints":{"allow":["GET"]}}],"collection":[{"href":"https:\/\/www.arcc-cdac.ca\/fr\/wp-json\/wp\/v2\/pages"}],"about":[{"href":"https:\/\/www.arcc-cdac.ca\/fr\/wp-json\/wp\/v2\/types\/page"}],"author":[{"embeddable":true,"href":"https:\/\/www.arcc-cdac.ca\/fr\/wp-json\/wp\/v2\/users\/3"}],"replies":[{"embeddable":true,"href":"https:\/\/www.arcc-cdac.ca\/fr\/wp-json\/wp\/v2\/comments?post=7959"}],"version-history":[{"count":2,"href":"https:\/\/www.arcc-cdac.ca\/fr\/wp-json\/wp\/v2\/pages\/7959\/revisions"}],"predecessor-version":[{"id":10107,"href":"https:\/\/www.arcc-cdac.ca\/fr\/wp-json\/wp\/v2\/pages\/7959\/revisions\/10107"}],"wp:attachment":[{"href":"https:\/\/www.arcc-cdac.ca\/fr\/wp-json\/wp\/v2\/media?parent=7959"}],"curies":[{"name":"wp","href":"https:\/\/api.w.org\/{rel}","templated":true}]}}