{"id":7964,"date":"2020-07-03T15:35:03","date_gmt":"2020-07-03T19:35:03","guid":{"rendered":"https:\/\/www.arcc-cdac.ca\/oppose-bill-c-484-unborn-victims-of-crime-act\/"},"modified":"2020-08-17T00:48:23","modified_gmt":"2020-08-17T07:48:23","slug":"oppose-bill-c-484-unborn-victims-of-crime-act","status":"publish","type":"page","link":"https:\/\/www.arcc-cdac.ca\/fr\/oppose-bill-c-484-unborn-victims-of-crime-act\/","title":{"rendered":"Rejeter le projet de \u00ab Loi sur les enfants non encore n\u00e9s victimes d\u2019actes criminels \u00bb"},"content":{"rendered":"\n<p>Le projet de loi C-484 a franchi, par une faible marge, l&rsquo;\u00e9tape de la deuxi\u00e8me lecture au Parlement, le 5 mars. Cette loi amenderait le<em> Code criminel<\/em> de fa\u00e7on \u00e0 permettre des accusations d\u2019homicide s\u00e9par\u00e9es en cas de mort d\u2019un f\u0153tus quand une femme enceinte est attaqu\u00e9e.<\/p>\n\n\n\n<p>Si ce projet \u00e9tait adopt\u00e9, il constituerait une atteinte inconstitutionnelle aux droits de la femme et entra\u00eenerait probablement des probl\u00e8mes pour les femmes enceintes.&nbsp; Ce serait aussi une \u00e9tape importante vers la recriminalisation de l\u2019avortement et, de plus, pourrait criminaliser certaines femmes enceintes pour des comportements per\u00e7us comme \u00e9tant dangereux pour leur f\u0153tus.<\/p>\n\n\n\n<h2 class=\"wp-block-heading\">Les ACTIONS<\/h2>\n\n\n\n<p><strong>Aux organisations: <\/strong><a href=\"http:\/\/www.arcc-cdac.ca\/fr\/action\/open-statement-francais.html\">Veuillez signer avec nous une d\u00e9claration collective<\/a> d&rsquo;opposition au projet de loi C-484.<\/p>\n\n\n\n<p><strong><a href=\"http:\/\/www.arcc-cdac.ca\/fr\/action\/C484-lettre-depute.html\">Envoyez-vous svp un lettre \u00e0 votre d\u00e9put\u00e9<\/a> <\/strong>pour d\u00e9montrer votre opposition au projet de loi d\u2019initiative parlementaire C-484.&nbsp;<\/p>\n\n\n\n<p><strong><a href=\"http:\/\/www.gopetition.com\/petitions\/oppose-bill-c-484.html\">Veuillez signer notre p\u00e9tition<\/a>:<\/strong> Rejeter la \u00ab Loi sur les enfants non encore n\u00e9s victimes d\u2019actes criminels \u00bb<\/p>\n\n\n\n<p><a href=\"http:\/\/www.arcc-cdac.ca\/fr\/action\/paper-petition-francais.pdf\">P\u00e9tition sur papier:<\/a> Imprimez notre p\u00e9tition sur papier (14&Prime; x 8-1\/2&Prime;) afin de recueillir des signatures de personnes en dehors du cyberespace.<\/p>\n\n\n\n<p><a href=\"http:\/\/www.arcc-cdac.ca\/fr\/statements.html\">Veuillez lire ici les d\u00e9clarations provenant d\u2019autres groupes qui s\u2019opposent au projet de loi C-484<\/a>.\u00a0 Ils repr\u00e9sentent une grande vari\u00e9t\u00e9 de domaines: des groupes qui travaillent pour combattre la violence domestique, des refuges pour les femmes, des syndicats, des associations l\u00e9gales, des organisations m\u00e9dicales, des groupes pro-choix, etc.<\/p>\n\n\n\n<h2 class=\"wp-block-heading\">Les ARTICLES<\/h2>\n\n\n\n<p><strong>Nouveau: <\/strong><a href=\"http:\/\/www.arcc-cdac.ca\/fr\/action\/C484-brief-F.pdf\">Non \u00e0 la loi C-484 : on ne joue pas avec le droit des femmes<\/a>: Une br\u00e8ve qui r\u00e9sume les dangers du projet de loi C-484 (par FQPN).<\/p>\n\n\n\n<p> <a href=\"http:\/\/www.arcc-cdac.ca\/fr\/action\/c543.html\">Le projet de loi C-543 est bien meilleur que le C-484<\/a> &#8211; par Joyce Arthur. Un projet de loi d&rsquo;initiative priv\u00e9e qui imposerait des sanctions plus lourdes pour les agressions contre des femmes enceintes constitue un outil politique utile contre le projet de loi C-484; il favoriserait les droits reproductifs des femmes et l&rsquo;\u00e9galit\u00e9 (plut\u00f4t que de les compromettre).<\/p>\n\n\n\n<p><a href=\"http:\/\/www.arcc-cdac.ca\/fr\/backrounders\/straight-goods.pdf\">Un f\u0153tus, c\u2019est un f\u0153tus, et non pas un \u00ab enfant non encore n\u00e9 \u00bb<\/a> &#8211; par Joyce Arthur. Les accusations de \u00ab campagne de d\u00e9sinformation \u00bb lanc\u00e9es contre les critiques du projet C-484 sont sans fondement.<\/p>\n\n\n\n<p><a href=\"http:\/\/www.arcc-cdac.ca\/fr\/backrounders\/refutation-ken-epp.pdf\">R\u00e9futation des arguments de d\u00e9put\u00e9 Ken Epp<\/a> par Joyce Arthur. Le project de loi C-484 met en p\u00e9ril le droit \u00e0 l&rsquo;avortement et les droits des femmes en donnat au foetus un statut de personne.<\/p>\n\n\n\n<p><strong>Mise <\/strong><strong>\u00e0<\/strong><strong> jour 6 mai:<\/strong><a href=\"http:\/\/www.arcc-cdac.ca\/fr\/action\/c-484-points-saillants.htm\"> <\/a><a href=\"http:\/\/www.arcc-cdac.ca\/fr\/action\/c-484-points-saillants.htm\">Points saillants contre le projet de \u00ab&nbsp;Loi sur les enfants non encore n\u00e9s victimes des actes criminels&nbsp;\u00bb (C-484)<\/a><\/p>\n\n\n\n<p><strong><\/strong><strong><em><\/em><\/strong><a href=\"http:\/\/www.arcc-cdac.ca\/action\/LessonsfromUS.pdf\"><em><\/em><\/a><a href=\"http:\/\/www.arcc-cdac.ca\/fr\/action\/LessonsfromUS-francais.pdf\"><\/a><a href=\"http:\/\/www.arcc-cdac.ca\/fr\/action\/LessonsfromUS-francais.pdf\">Le\u00e7ons tir\u00e9es de l\u2019exp\u00e9rience des \u00c9tats-Unis relativement aux lois sur les enfants non encore n\u00e9s victimes d\u2019actes criminels<\/a>. Cet article a \u00e9t\u00e9 pr\u00e9par\u00e9 exclusivement de la par de la Coalition pour le droit \u00e0 l\u2019avortement au Canada, par Lynn Paltrow, la directrice ex\u00e9cutive de l&rsquo;organisation : <a href=\"http:\/\/advocatesforpregnantwomen.org\/\">National Advocates for Pregnant Women<\/a>, New York.<\/p>\n\n\n\n<p><a rel=\"noreferrer noopener\" href=\"http:\/\/www.arcc-cdac.ca\/fr\/action\/FQPN-bulletin.html\" target=\"_blank\">La F\u00e9d\u00e9ration du Qu\u00e9bec pour le planning des naissances (FQPN)<\/a> &#8211; Voici un r\u00e9sum\u00e9 des principales informations concernant le projet de loi C-484.<\/p>\n\n\n\n<p>Article de la CDAC\u00a0:<a href=\"http:\/\/www.arcc-cdac.ca\/fr\/postionpapers\/57_contre-lois-meurtre-foetal.pdf\"><em>L\u2019argument contre les lois de \u00abmeurtre foetal\u00bb<\/em><\/a>\u00a0<\/p>\n\n\n\n<p><em>En anglais: <\/em>Joyce Arthur, Vue Weekly (Edmonton), 12 mai 2008:&nbsp; <a href=\"http:\/\/www.vueweekly.com\/article.php?id=8508\">Bill C-484 poses major threats to abortion rights, women&rsquo;s rights<\/a>.<\/p>\n\n\n\n<p>Joyce Arthur, National Post, 1 avril 2008:<strong> <a href=\"http:\/\/www.arcc-cdac.ca\/fr\/action\/National-Post-mars1.html\">La loi C-484 ne vise pas \u00e0 prot\u00e9ger les femmes enceintes, elle cherche \u00e0 recriminaliser l\u2019avortement.<\/a><\/strong><\/p>\n\n\n\n<p>Communiqu\u00e9 de presse, 29 f\u00e9vrier 2008 :\u00a0<strong><a href=\"http:\/\/www.arcc-cdac.ca\/fr\/press\/ARCC-CDAC-release-feb-29-08-francais.pdf\"><strong>Les Canadiens disent non au projet de loi sur des \u00ab droits foetaux \u00bb<\/strong><\/a> (PDF)<\/strong><\/p>\n\n\n\n<p><em>En anglais:<\/em> Joyce Arthur, Ottawa Citizen, 27 f\u00e9vrier 2008: <a href=\"http:\/\/www.canada.com\/ottawacitizen\/news\/letters\/story.html?id=66abae90-d0b9-42fb-8987-f68416b48edc\">Fetal Homicide Bill Poses Conflict of Rights<\/a>.<\/p>\n\n\n\n<p>Communiqu\u00e9 de presse, 23 novembre 2007\u00a0: <em><a href=\"http:\/\/www.arcc-cdac.ca\/fr\/press\/ARCC-CDAC-release-nov-23-07-francais.pdf\">Une loi pour prot\u00e9ger les f\u0153tus ferait du mal aux femmes enceintes<\/a>\u00a0 <\/em><\/p>\n\n\n\n<p><em>En anglais:\u00a0<\/em> Joyce Arthur, National Post, 13 novembre 2007 : <em><a href=\"http:\/\/www.nationalpost.com\/news\/story.html?id=171ab1e2-a77b-4791-a646-0ebc27512b9a&amp;p=1\">Fetal Homicide Laws are not the Answer<\/a> <\/em><\/p>\n\n\n\n<p><strong><\/strong><em>En anglais:&nbsp;<\/em> The danger of Canada&rsquo;s Bill C-484:&nbsp; How the U.S. federal \u00ab\u00a0Unborn Victims of Violence Act\u00a0\u00bb can be used to overturn the legal right to abortion, <a href=\"https:\/\/www.arcc-cdac.ca\/action\/kopp-uvva.html\">according to anti-abortion terrorist James Kopp<\/a>.<br><a href=\"http:\/\/www.arcc-cdac.ca\/fr\/c484-donate.htm\">Pouvez-vous nous aider<\/a>, s&rsquo;il vous pla\u00eet, \u00e0 continuer \u00e0 combattre le projet C-484 en nous faisant parvenir un don aujourd&rsquo;hui ou en devenant membre de la CDAC?<\/p>\n","protected":false},"excerpt":{"rendered":"<p>Le projet de loi C-484 a franchi, par une faible marge, l&rsquo;\u00e9tape de la deuxi\u00e8me lecture au Parlement, le 5 mars. Cette loi amenderait le Code criminel de fa\u00e7on \u00e0 permettre des accusations d\u2019homicide s\u00e9par\u00e9es en cas de mort d\u2019un f\u0153tus quand une femme enceinte est attaqu\u00e9e. Si ce projet \u00e9tait adopt\u00e9, il constituerait une&hellip;<\/p>\n","protected":false},"author":3,"featured_media":0,"parent":0,"menu_order":333,"comment_status":"closed","ping_status":"closed","template":"","meta":{"_acf_changed":false,"_nakedcatplugins_page_lang":"","_nakedcatplugins_page_dir":"ltr","footnotes":""},"class_list":["post-7964","page","type-page","status-publish","hentry"],"acf":{"toc_header":"","toc_header_source":{"label":"TOC Header","type":"text","formatted_value":""},"printfriendly":true,"printfriendly_source":{"label":"Show PrintFriendly Options","type":"true_false","formatted_value":true}},"_links":{"self":[{"href":"https:\/\/www.arcc-cdac.ca\/fr\/wp-json\/wp\/v2\/pages\/7964","targetHints":{"allow":["GET"]}}],"collection":[{"href":"https:\/\/www.arcc-cdac.ca\/fr\/wp-json\/wp\/v2\/pages"}],"about":[{"href":"https:\/\/www.arcc-cdac.ca\/fr\/wp-json\/wp\/v2\/types\/page"}],"author":[{"embeddable":true,"href":"https:\/\/www.arcc-cdac.ca\/fr\/wp-json\/wp\/v2\/users\/3"}],"replies":[{"embeddable":true,"href":"https:\/\/www.arcc-cdac.ca\/fr\/wp-json\/wp\/v2\/comments?post=7964"}],"version-history":[{"count":2,"href":"https:\/\/www.arcc-cdac.ca\/fr\/wp-json\/wp\/v2\/pages\/7964\/revisions"}],"predecessor-version":[{"id":7966,"href":"https:\/\/www.arcc-cdac.ca\/fr\/wp-json\/wp\/v2\/pages\/7964\/revisions\/7966"}],"wp:attachment":[{"href":"https:\/\/www.arcc-cdac.ca\/fr\/wp-json\/wp\/v2\/media?parent=7964"}],"curies":[{"name":"wp","href":"https:\/\/api.w.org\/{rel}","templated":true}]}}