{"id":7975,"date":"2020-06-23T09:32:22","date_gmt":"2020-06-23T16:32:22","guid":{"rendered":"https:\/\/www.arcc-cdac.ca\/canadian-websites\/"},"modified":"2020-08-17T00:48:26","modified_gmt":"2020-08-17T07:48:26","slug":"canadian-websites","status":"publish","type":"page","link":"https:\/\/www.arcc-cdac.ca\/fr\/canadian-websites\/","title":{"rendered":"Sites Web canadien"},"content":{"rendered":"\n<ul class=\"wp-block-list\"><li><a href=\"https:\/\/www.facebook.com\/abortionsupportatlantic\/\">Abortion Support Services Atlantic <\/a>(Halifax)<\/li><li><a href=\"https:\/\/www.actioncanadashr.org\/\">Action Canada pour la <\/a><a rel=\"noreferrer noopener\" target=\"_blank\" href=\"http:\/\/www.sexualhealthandrights.ca\/\">sant\u00e9 et les droits sexuels\u00a0<\/a><\/li><li><a href=\"https:\/\/abprochoice.ca\/\">Alberta Pro-choice Coalition<\/a> <\/li><li><a href=\"https:\/\/www.aspsh.ca\/\">Alberta Society for the Promotion of Sexual Health <\/a>(ASPSH)<\/li><li><a href=\"https:\/\/www.facebook.com\/defendchoiceottawa\/\">Defend Choice<\/a> (Ottawa)<\/li><li><a rel=\"noreferrer noopener\" target=\"_blank\" href=\"http:\/\/www.fqpn.qc.ca\/\">F\u00e9d\u00e9ration du Qu\u00e9bec pour le planning des naissances<\/a> (FQPN) &#8211; Montr\u00e9al<\/li><li><a href=\"https:\/\/hnpcc.ca\/\">Haldimand-Norfolk Pro-choice Coalition<\/a> (Ontario)<\/li><li><a href=\"https:\/\/twitter.com\/prochoiceldnont?lang=en\">London Pro-Choice<\/a><\/li><li><a href=\"https:\/\/www.facebook.com\/LoveTeamPeterborough\/\">Love Team Peterborough<\/a><\/li><li><a href=\"http:\/\/www.kelownaprochoice.com\/\">Kelowna &amp; District Pro-Choice Society<\/a> (BC)<\/li><li><a rel=\"noreferrer noopener\" target=\"_blank\" href=\"http:\/\/medicalstudentsforchoice.org\/\">Medical Students for Choice<\/a> (for both US and Canada)<\/li><li><a rel=\"noreferrer noopener\" target=\"_blank\" href=\"http:\/\/ocac-choice.com\/\">Ontario Coalition for Abortion Clinics<\/a><\/li><li><a rel=\"noreferrer noopener\" target=\"_blank\" href=\"http:\/\/www.optionsforsexualhealth.org\">Options for Sexual Health<\/a> &#8211; British Columbia<\/li><li><a rel=\"noreferrer noopener\" target=\"_blank\" href=\"http:\/\/www.nafcanada.org\/\">National Abortion Federation<\/a> &#8211; Canada<\/li><li><a rel=\"noreferrer noopener\" target=\"_blank\" href=\"http:\/\/www.abortionrightspei.com\/\">PEI Abortion Rights Network<\/a><\/li><li><a rel=\"noreferrer noopener\" target=\"_blank\" href=\"https:\/\/www.facebook.com\/PlannedParenthoodNL\">Planned Parenthood Newfoundland &amp; Labrador<\/a><\/li><li><a rel=\"noreferrer noopener\" target=\"_blank\" href=\"http:\/\/www.ppottawa.ca\/\">Planned Parenthood Ottawa<\/a><\/li><li><a href=\"http:\/\/www.ppt.on.ca\/\">Planned Parenthood Toronto<\/a><\/li><li><a rel=\"noreferrer noopener\" target=\"_blank\" href=\"http:\/\/prochoiceactionnetwork-canada.org\/index.shtml\">Pro-Choice Action Network<\/a> &#8211; BC (group defunct; website archive only)<\/li><li><a href=\"https:\/\/www.facebook.com\/Pro-Choice-Peterborough-1269463129799042\/\">Pro-Choice Peterborough<\/a><\/li><li><a rel=\"noreferrer noopener\" target=\"_blank\" href=\"http:\/\/rjnb.org\/\">Reproductive Justice New Brunswick<\/a><\/li><li><a href=\"https:\/\/www.shorecentre.ca\/\">SHORE Centre<\/a> (Kitchener)<\/li><\/ul>\n\n\n\n<h2 class=\"wp-block-heading\">Cliniques d&rsquo;avortement<\/h2>\n\n\n\n<ul class=\"wp-block-list\"><li><a rel=\"noreferrer noopener\" target=\"_blank\" href=\"http:\/\/www.arcc-cdac.ca\/list-abortion-clinics-canada.pdf\">CDAC liste des cliniques d&rsquo;avortement au Canada<\/a> (en anglais)<\/li><li><a rel=\"noreferrer noopener\" target=\"_blank\" href=\"http:\/\/www.morgentaler.ca\/\">Cliniques Morgentaler<\/a> &#8211; ides renseignements sur les cliniques Morgentaler en Toronto, Ottawa, et Montr\u00e9al<\/li><li><a href=\"http:\/\/www.alpenglowclinic.com\">Alpenglow Clinic <\/a>&#8211; Squamish\/Whistler BC<\/li><li><a href=\"http:\/\/www.thrivecyn.ca\/directory-of-services\/health\/athena-health-centre-formerly-the-morgentaler-clinic\/\">Athena Health Centre <\/a>&#8211; St. Johns NL<\/li><li><a href=\"http:\/\/www.womenshealthmatters.ca\/health-centres\/sexual-health\/abortion\/\">Bay Centre for Birth Control <\/a>&#8211; Toronto ON<\/li><li><a rel=\"noreferrer noopener\" target=\"_blank\" href=\"http:\/\/www.bloorwestwomensclinic.com\/\">Bloor West Village Women&rsquo;s Clinic<\/a> &#8211; Toronto ON<\/li><li><a href=\"http:\/\/www.bramptonwomensclinic.com\/\">Brampton Women&rsquo;s Clinic <\/a>&#8211; Brampton ON<\/li><li><a rel=\"noreferrer noopener\" target=\"_blank\" href=\"http:\/\/www.cabbagetownwomensclinic.com\">Cabbagetown Women\u2019s Clinic<\/a> &#8211; Toronto ON<\/li><li><a rel=\"noreferrer noopener\" target=\"_blank\" href=\"http:\/\/www.bcwomens.ca\/care\">C.A.R.E. Program<\/a>, BC Women\u2019s Hospital &#8211; Vancouver BC<\/li><li><a href=\"http:\/\/www.csfmontreal.qc.ca\/wp\/\">Centre de Sant\u00e9 des Femmes<\/a> &#8211; Montr\u00e9al QC<\/li><li><a rel=\"noreferrer noopener\" target=\"_blank\" href=\"http:\/\/www.choiceinhealth.ca\">Choice in Health Clinic<\/a> &#8211; Toronto ON<\/li><li><a href=\"http:\/\/www.clinic554.ca\/\">Clinic 554 <\/a>&#8211; Fredericton NB<\/li><li><a href=\"http:\/\/www.cliniquedesfemmes.com\">Clinique des femmes de l&rsquo;Outaouais <\/a>&#8211; Gatineau QC<\/li><li><a href=\"http:\/\/www.cliniquedelalternative.com\">Clinique M\u00e9dicale l&rsquo;Alternative <\/a>&#8211; Montr\u00e9al QC<\/li><li><a href=\"http:\/\/www.morgentalermontreal.ca\">Clinique Morgentaler<\/a> &#8211; Montr\u00e9al QC<\/li><li><a href=\"http:\/\/www.clinique-femina.com\">Clinique M\u00e9dicale Femina<\/a> &#8211; Montr\u00e9al QC<\/li><li><a href=\"http:\/\/collegeparkmedicalclinicsk.ca\">College Park Medical Clinic<\/a> &#8211; Saskatoon SK<\/li><li><a rel=\"noreferrer noopener\" target=\"_blank\" href=\"http:\/\/www.elizabethbagshawclinic.ca\/\">Elizabeth Bagshaw Women\u2019s Clinic<\/a> &#8211; Vancouver BC<\/li><li><a rel=\"noreferrer noopener\" target=\"_blank\" href=\"http:\/\/www.everywomanshealthcentre.ca\/\">Everywoman\u2019s Health Centre<\/a> &#8211; Vancouver BC<\/li><li><a rel=\"noreferrer noopener\" target=\"_blank\" href=\"http:\/\/www.kensingtonclinic.com\">Kensington Clinic<\/a> &#8211; Calgary AB<\/li><li><a rel=\"noreferrer noopener\" target=\"_blank\" href=\"http:\/\/www.mwclinic.com\/\">Mississauga Woman\u2019s Clinic<\/a> &#8211; Mississauga ON<\/li><li><a href=\"http:\/\/www.lhsc.on.ca\/Patients_Families_Visitors\/Womens_Health\/tap.htm\">Pregnancy Options Program\/Abortion Clinic <\/a>&#8211; London ON<\/li><li><a href=\"http:\/\/www.saskatooncommunityclinic.ca\/\">Saskatoon Community Clinic<\/a> &#8211; Saskatoon SK\u00a0<\/li><li><a href=\"https:\/\/www.shorecentre.ca\/abortion-pill-shore-centre\/\">Shore Centre <\/a>&#8211; Kitchener ON<\/li><li><a rel=\"noreferrer noopener\" target=\"_blank\" href=\"http:\/\/www.viwomensclinic.ca\/\">Vancouver Island Women\u2019s Clinic<\/a> &#8211; Victoria BC<\/li><li><a rel=\"noreferrer noopener\" target=\"_blank\" href=\"http:\/\/www.medicalabortion.ca\/\">Willow Women\u2019s Clinic<\/a> &#8211; Vancouver BC<\/li><li><a rel=\"noreferrer noopener\" target=\"_blank\" href=\"http:\/\/www.womanshealthoptions.com\/\">Woman\u2019s Health Options Clinic<\/a> &#8211; Edmonton AB<\/li><li><a href=\"http:\/\/womenscareclinic.ca\">Women&rsquo;s Care Clinic <\/a>&#8211; Toronto (North York) ON<\/li><li><a href=\"http:\/\/www.womenshealthclinic.org\">Women&rsquo;s Health Clinic<\/a> &#8211; Winnipeg MB<\/li><\/ul>\n","protected":false},"excerpt":{"rendered":"<p>Abortion Support Services Atlantic (Halifax) Action Canada pour la sant\u00e9 et les droits sexuels\u00a0 Alberta Pro-choice Coalition Alberta Society for the Promotion of Sexual Health (ASPSH) Defend Choice (Ottawa) F\u00e9d\u00e9ration du Qu\u00e9bec pour le planning des naissances (FQPN) &#8211; Montr\u00e9al Haldimand-Norfolk Pro-choice Coalition (Ontario) London Pro-Choice Love Team Peterborough Kelowna &amp; District Pro-Choice Society (BC)&hellip;<\/p>\n","protected":false},"author":3,"featured_media":0,"parent":0,"menu_order":199,"comment_status":"closed","ping_status":"closed","template":"","meta":{"_acf_changed":false,"_nakedcatplugins_page_lang":"","_nakedcatplugins_page_dir":"ltr","footnotes":""},"class_list":["post-7975","page","type-page","status-publish","hentry"],"acf":{"toc_header":"","toc_header_source":{"label":"TOC Header","type":"text","formatted_value":""},"printfriendly":true,"printfriendly_source":{"label":"Show PrintFriendly Options","type":"true_false","formatted_value":true}},"_links":{"self":[{"href":"https:\/\/www.arcc-cdac.ca\/fr\/wp-json\/wp\/v2\/pages\/7975","targetHints":{"allow":["GET"]}}],"collection":[{"href":"https:\/\/www.arcc-cdac.ca\/fr\/wp-json\/wp\/v2\/pages"}],"about":[{"href":"https:\/\/www.arcc-cdac.ca\/fr\/wp-json\/wp\/v2\/types\/page"}],"author":[{"embeddable":true,"href":"https:\/\/www.arcc-cdac.ca\/fr\/wp-json\/wp\/v2\/users\/3"}],"replies":[{"embeddable":true,"href":"https:\/\/www.arcc-cdac.ca\/fr\/wp-json\/wp\/v2\/comments?post=7975"}],"version-history":[{"count":1,"href":"https:\/\/www.arcc-cdac.ca\/fr\/wp-json\/wp\/v2\/pages\/7975\/revisions"}],"predecessor-version":[{"id":7976,"href":"https:\/\/www.arcc-cdac.ca\/fr\/wp-json\/wp\/v2\/pages\/7975\/revisions\/7976"}],"wp:attachment":[{"href":"https:\/\/www.arcc-cdac.ca\/fr\/wp-json\/wp\/v2\/media?parent=7975"}],"curies":[{"name":"wp","href":"https:\/\/api.w.org\/{rel}","templated":true}]}}