{"id":7984,"date":"2020-06-23T10:53:18","date_gmt":"2020-06-23T17:53:18","guid":{"rendered":"https:\/\/www.arcc-cdac.ca\/news\/"},"modified":"2021-06-20T09:46:20","modified_gmt":"2021-06-20T16:46:20","slug":"archive-nouvelles","status":"publish","type":"page","link":"https:\/\/www.arcc-cdac.ca\/fr\/archive-nouvelles\/","title":{"rendered":"Archive des Nouvelles"},"content":{"rendered":"\n<p>Les statistiques de l\u2019avortement: <a href=\"https:\/\/www.arcc-cdac.ca\/fr\/backrounders\/Statistiques-actuelles.pdf\">Statistiques actuelles \u2013 avortement au Canada<\/a><br>Mise \u00e0 jour : 28 mars 2021<\/p>\n\n\n\n<hr class=\"wp-block-separator\"\/>\n\n\n\n<p><strong>1 avril 2020 &#8211; Enferm\u00e9s \u00e0 la maison ?&nbsp; Voici une <a href=\"https:\/\/www.arcc-cdac.ca\/fr\/action\/choses-pro-choix-faire-coinces-maison.pdf\">liste d&rsquo;activit\u00e9s pro-choix<\/a> pour vous aider \u00e0 vous occuper pendant la pand\u00e9mie de coronavirus. Nous vous remercions pour votre pr\u00e9cieux soutien et votre activisme !<\/strong><\/p>\n\n\n\n<p><strong>11 janvier 2017<\/strong> &#8211; <a href=\"https:\/\/www.arcc-cdac.ca\/fr\/press\/ARCC-CDAC-release-jan-11-17-francais.pdf\">Des organismes anti-avortement re\u00e7oivent des millions en financement gouvernemental<\/a>. Des organismes anti-avortement qui s\u2019efforcent de convaincre les femmes de ne pas se faire avorter en leur donnant de la mauvaise information concernant l\u2019intervention ont re\u00e7u $3.5 millions en fonds publics au cours des cinq (5) derni\u00e8res ann\u00e9es, a appris la CDAC.<\/p>\n\n\n\n<p><strong>9 janvier 2017<\/strong> &#8211; <a href=\"https:\/\/www.arcc-cdac.ca\/fr\/press\/ARCC-CDAC-release-jan-9-17GP-francais.pdf\">Publicit\u00e9 antiavortement interdite sur les autobus<\/a> \u2013 Une ville albertaine obtient gain de cause. Pour des raisons de s\u00e9curit\u00e9, la Ville de Peterborough devrait maintenant interdire cette publicit\u00e9.<\/p>\n\n\n\n<p><strong>11 novembre 2016<\/strong> &#8211; Notre nouvelle liste des <a href=\"https:\/\/www.arcc-cdac.ca\/fr\/deputes-anti-choix.pdf\">d\u00e9put\u00e9s f\u00e9d\u00e9raux anti-choix et avec une \u00ab\u202fposition inconnue\u202f\u00bb<\/a><\/p>\n\n\n\n<p><strong>4 octobre 2016<\/strong> &#8211; Notre bulletin <a href=\"https:\/\/www.arcc-cdac.ca\/fr\/newsletters\/L-Activiste_vol7_issue1_fr.pdf\">L\u2019Activiste<\/a> est de retour! Vous pouvez lire de nouvelles histoires sur NB, PEI, Mifegymiso, et plus encore.<\/p>\n\n\n\n<p><strong>23 d\u00e9cembre 2015<\/strong> &#8211; La CDAC est fi\u00e8re d&rsquo;annoncer la publication de la version r\u00e9vis\u00e9e de notre <a href=\"https:\/\/www.arcc-cdac.ca\/fr\/mission.html\">Vision et mission<\/a> et de notre <a href=\"https:\/\/www.arcc-cdac.ca\/fr\/mandate.html\">Mandat \u00e9largi<\/a> pour soutenir la justice reproductive. La CDAC promeut le concept de justice reproductive parce que nous savons que la sant\u00e9 et les droits sexuels et reproductifs de nombreux membres de diverses communaut\u00e9s sont d\u00e9mesur\u00e9ment opprim\u00e9s et marginalis\u00e9s. Il y a toute une gamme de besoins en mati\u00e8re de justice reproductive au Canada, et la CDAC appuie de nombreux programmes et droits pour rendre justice \u00e0 toutes les femmes et \u00e0 tous les groupes marginalis\u00e9s. Pour en savoir plus, consultez notre nouvelle prise de position sur <a href=\"https:\/\/www.arcc-cdac.ca\/fr\/postionpapers\/100-justice-reproductive.pdf\">justice reproductive<\/a>. Nous avons \u00e9galement publi\u00e9 de nouveaux articles dans les rubriques \u00ab\u202f<a href=\"https:\/\/www.arcc-cdac.ca\/fr\/postionpapers\/101-inclusion-personnes-transgenres.pdf\">Inclusion des personnes transgenres<\/a>\u202f\u00bb et \u00ab\u202f<a href=\"https:\/\/www.arcc-cdac.ca\/fr\/postionpapers\/102-droits-travailleuses-du-sexe.pdf\">Les droits des travailleuses du sexe sont des droits humains<\/a>\u202f\u00bb.<\/p>\n\n\n\n<p><strong>9 avril 2014<\/strong> &#8211; Apr\u00e8s 20 ans d\u2019existence, <a href=\"https:\/\/www.arcc-cdac.ca\/fr\/action\/NB-clinique-ferme.html\">la Clinique Morgentaler fermera ses portes<\/a>, alors que la r\u00e9glementation 84-20 demeure en vigueur. Les femmes du Nouveau-Brunswick n\u2019auront donc plus l\u2019option de recourir \u00e0 l\u2019avortement sans avoir \u00e0 r\u00e9pondre \u00e0 des exigences discriminatoires et injustifiables au plan m\u00e9dical.<\/p>\n\n\n\n<p><strong>Octobre 2012<\/strong> &#8211; Participez \u00e0 la premi\u00e8re <a href=\"http:\/\/oct20jrjournee.wordpress.com\/\">journ\u00e9e nationale d\u2019action pour la justice reproductive<\/a>: le 20 octobre 2012.<\/p>\n\n\n\n<p><strong>Octobre 2011<\/strong> &#8211; <a href=\"https:\/\/www.arcc-cdac.ca\/fr\/action\/avortement-devrait-etre-entierement-finance.html\">L\u2019avortement devrait \u00eatre enti\u00e8rement financ\u00e9.<\/a> Interrompre le financement de l\u2019avortement serait anticonstitutionnel, discriminatoire et nuisible aux femmes. Ces arguments expliquent pourquoi. (Aussi, chaque argument est \u00e9labor\u00e9 <a href=\"http:\/\/www.arcc-cdac.ca\/action\/abortion-funding.html\">icien anglais<\/a>, avec des arguments d\u00e9taill\u00e9s, des preuves et des citations.)<\/p>\n\n\n\n<p><strong>Novembre 2009<\/strong> &#8211; La CDAC annonce sa nouvelle <a href=\"https:\/\/www.arcc-cdac.ca\/fr\/etudiant.html\">Page de ressources aux \u00e9tudiant-e-s<\/a>. Consultez ces outils gratuits d&rsquo;organisation sur campus, dont un manuel, des macarons, des autocollants, des fiches d&rsquo;information, un document questions-r\u00e9ponses et des listes de ressources.<\/p>\n\n\n\n<p><strong>Juin 2009<\/strong> &#8211; <a href=\"https:\/\/www.arcc-cdac.ca\/fr\/backrounders\/Dr-Tiller-Lettre.pdf\">Les organizations pro-choix canadiens pleurent la mort de Dr George Tiller<\/a>. Si votre groupe d\u00e9tient une position pro-choix, veuillez signer cette d\u00e9claration. Svp envoyez un courriel \u00e0 <a href=\"mailto:info@arcc-cdac.ca\">info@arcc-cdac.ca<\/a>. Merci!<\/p>\n\n\n\n<p><strong>Avril 2009<\/strong> &#8211; <a href=\"https:\/\/www.arcc-cdac.ca\/fr\/backrounders\/nesontplus-debattre.html\">Les droits des femmes ne sont plus \u00e0 d\u00e9battre.<\/a> Les appels actuels \u00e0 \u00ab\u202frouvrir le d\u00e9bat\u202f\u00bb sur l\u2019avortement sont en fait un appel \u00e0 recriminaliser l\u2019avortement et \u00e0 \u00e9liminer les droits des femmes enceintes, y compris leur droit \u00e0 la vie.<\/p>\n\n\n\n<p><strong>Octobre 2007<\/strong> &#8211; <a href=\"https:\/\/www.arcc-cdac.ca\/fr\/action\/morgentaler_fundraiser.html\">Morgentaler amasse des fonds pour son proc\u00e8s au N.-B.<\/a> Le 9 octobre dernier, le D<sup>r<\/sup> Henry Morgentaler a anim\u00e9 une activit\u00e9 de financement avec succ\u00e8s au Royal Theater de Toronto. Cet \u00e9v\u00e9nement visait \u00e0 r\u00e9colter des fonds pour son proc\u00e8s au Nouveau-Brunswick et \u00e0 attirer l\u2019attention du public sur cette question.<\/p>\n\n\n\n<p><strong>Juillet 2007<\/strong> \u2013 <a href=\"https:\/\/www.arcc-cdac.ca\/fr\/press\/ARCC-CDAC-release-july-23-07-francais.pdf\">Une communaut\u00e9 s&rsquo;\u00e9l\u00e8ve contre l\u2019amalgamation des h\u00f4pitaux qui mettrait fin aux services de la sant\u00e9 reproductive (PDF)<\/a><\/p>\n\n\n\n<p><strong>Avril 2007<\/strong> \u2013 <a href=\"https:\/\/www.arcc-cdac.ca\/fr\/press\/ARCC-CDAC-release-july-23-07-francais.pdf\">Une nouvelle \u00e9tude souligne le manque de respect pour les Canadiennes en qu\u00eate d&rsquo;avortements<\/a> (PDF, en anglais) La CDAC r\u00e9pond au rapport de l&rsquo;Association canadienne de pour la libert\u00e9 de choix \u2013 <a href=\"http:\/\/www.canadiansforchoice.ca\/francais\/report.html\">\u00ab\u202fRetour \u00e0 la r\u00e9alit\u00e9: Un aper\u00e7u de l\u2019acc\u00e8s aux services d\u2019avortement dans les h\u00f4pitaux canadiens<\/a>\u202f\u00bb<\/p>\n","protected":false},"excerpt":{"rendered":"<p>Les statistiques de l\u2019avortement: Statistiques actuelles \u2013 avortement au CanadaMise \u00e0 jour : 28 mars 2021 1 avril 2020 &#8211; Enferm\u00e9s \u00e0 la maison ?&nbsp; Voici une liste d&rsquo;activit\u00e9s pro-choix pour vous aider \u00e0 vous occuper pendant la pand\u00e9mie de coronavirus. Nous vous remercions pour votre pr\u00e9cieux soutien et votre activisme ! 11 janvier 2017&hellip;<\/p>\n","protected":false},"author":3,"featured_media":0,"parent":0,"menu_order":187,"comment_status":"closed","ping_status":"closed","template":"","meta":{"_acf_changed":false,"_nakedcatplugins_page_lang":"","_nakedcatplugins_page_dir":"ltr","footnotes":""},"class_list":["post-7984","page","type-page","status-publish","hentry"],"acf":{"toc_header":"","toc_header_source":{"label":"TOC Header","type":"text","formatted_value":""},"printfriendly":true,"printfriendly_source":{"label":"Show PrintFriendly Options","type":"true_false","formatted_value":true}},"_links":{"self":[{"href":"https:\/\/www.arcc-cdac.ca\/fr\/wp-json\/wp\/v2\/pages\/7984","targetHints":{"allow":["GET"]}}],"collection":[{"href":"https:\/\/www.arcc-cdac.ca\/fr\/wp-json\/wp\/v2\/pages"}],"about":[{"href":"https:\/\/www.arcc-cdac.ca\/fr\/wp-json\/wp\/v2\/types\/page"}],"author":[{"embeddable":true,"href":"https:\/\/www.arcc-cdac.ca\/fr\/wp-json\/wp\/v2\/users\/3"}],"replies":[{"embeddable":true,"href":"https:\/\/www.arcc-cdac.ca\/fr\/wp-json\/wp\/v2\/comments?post=7984"}],"version-history":[{"count":4,"href":"https:\/\/www.arcc-cdac.ca\/fr\/wp-json\/wp\/v2\/pages\/7984\/revisions"}],"predecessor-version":[{"id":10809,"href":"https:\/\/www.arcc-cdac.ca\/fr\/wp-json\/wp\/v2\/pages\/7984\/revisions\/10809"}],"wp:attachment":[{"href":"https:\/\/www.arcc-cdac.ca\/fr\/wp-json\/wp\/v2\/media?parent=7984"}],"curies":[{"name":"wp","href":"https:\/\/api.w.org\/{rel}","templated":true}]}}