{"id":7987,"date":"2020-06-23T10:56:46","date_gmt":"2020-06-23T14:56:46","guid":{"rendered":"https:\/\/www.arcc-cdac.ca\/newsletter\/"},"modified":"2021-04-06T13:58:48","modified_gmt":"2021-04-06T20:58:48","slug":"newsletter","status":"publish","type":"page","link":"https:\/\/www.arcc-cdac.ca\/fr\/newsletter\/","title":{"rendered":"Bulletin d&rsquo;information"},"content":{"rendered":"\n\n\t<em>Note: L&rsquo;Activiste n&rsquo;est plus publi\u00e9 depuis 2019. <\/em><br \/>\n<em><a href=\"https:\/\/www.arcc-cdac.ca\/soutenez-la-cdac\/donnez\/?lang=fr\" target=\"_blank\" rel=\"noopener\">Joignez-vous \u00e0 la CDAC<\/a> pour recevoir notre infolettre C.D.ACtion\u00a0<\/em>\n<h3>Num\u00e9ro ant\u00e9rieur de l&rsquo;Activiste, la voix des droits \u00e0 l&rsquo;avortement au Canada<\/h3>\n<ul>\n<li><a href=\"http:\/\/www.arcc-cdac.ca\/newsletters\/The-Activist-special-eng.pdf\">Juin 2019<\/a> &#8211; Num\u00e9ro sp\u00e9cial<\/li>\n<li><a href=\"http:\/\/www.arcc-cdac.ca\/newsletters\/Activist-e_fall-automne-2018.pdf\">Automne 2018<\/a><\/li>\n<li><a href=\"http:\/\/www.arcc-cdac.ca\/newsletters\/Activist-e_winter-hiver-2018.pdf\">Hiver 2018<\/a><\/li>\n<li><a href=\"http:\/\/www.arcc-cdac.ca\/newsletters\/Activist-e_summer-ete-2017.pdf\">\u00c9t\u00e9 2017<\/a><\/li>\n<li><a href=\"https:\/\/www.arcc-cdac.ca\/newsletters\/TheActivist_winter-hiver-2017.pdf\" target=\"_blank\" rel=\"noreferrer noopener\">Hiver 2017<\/a><\/li>\n<li><a href=\"https:\/\/www.arcc-cdac.ca\/newsletters\/TheActivist_vol7_issue1_EN.pdf\" target=\"_blank\" rel=\"noreferrer noopener\">Automne 2016<\/a><\/li>\n<li><a href=\"https:\/\/www.arcc-cdac.ca\/newsletters\/autumn-2013.pdf\" target=\"_blank\" rel=\"noreferrer noopener\">Automne 2013<\/a><\/li>\n<li><a href=\"https:\/\/www.arcc-cdac.ca\/newsletters\/spring-printemps-2013.pdf\" target=\"_blank\" rel=\"noreferrer noopener\">Printemps 2013<\/a><\/li>\n<li><a href=\"https:\/\/www.arcc-cdac.ca\/newsletters\/autumn-2012.pdf\" target=\"_blank\" rel=\"noreferrer noopener\">Automne 2012<\/a><\/li>\n<li><a href=\"https:\/\/www.arcc-cdac.ca\/newsletters\/spring-printemps-2012.pdf\" target=\"_blank\" rel=\"noreferrer noopener\">Printemps 2012<\/a><\/li>\n<li><a href=\"https:\/\/www.arcc-cdac.ca\/newsletters\/autumn-2011.pdf\" target=\"_blank\" rel=\"noreferrer noopener\">Automne 2011<\/a><\/li>\n<li><a href=\"https:\/\/www.arcc-cdac.ca\/newsletters\/spring-2011-flash.pdf\" target=\"_blank\" rel=\"noreferrer noopener\">Printemps 2011 &#8211; Nouvelles br\u00e8ves<\/a> (31 mai 2011)<\/li>\n<li><a href=\"https:\/\/www.arcc-cdac.ca\/newsletters\/spring-2011.pdf\" target=\"_blank\" rel=\"noreferrer noopener\">Printemps 2011<\/a><\/li>\n<li><a href=\"https:\/\/www.arcc-cdac.ca\/newsletters\/autumn-2010.pdf\" target=\"_blank\" rel=\"noreferrer noopener\">Automne 2010<\/a><\/li>\n<li><a href=\"http:\/\/www.arcc-cdac.ca\/newsletters\/spring-2010.pdf\" target=\"_blank\" rel=\"noreferrer noopener\">Printemps 2010<\/a><\/li>\n<li><a href=\"https:\/\/www.arcc-cdac.ca\/newsletters\/autumn-2009.pdf\" target=\"_blank\" rel=\"noreferrer noopener\">Automne 2009<\/a><\/li>\n<li><a href=\"https:\/\/www.arcc-cdac.ca\/newsletters\/spring-2009.pdf\" target=\"_blank\" rel=\"noreferrer noopener\">Printemps 2009<\/a><\/li>\n<li><a href=\"https:\/\/www.arcc-cdac.ca\/newsletters\/autumn-2008.pdf\" target=\"_blank\" rel=\"noreferrer noopener\">Automne 2008<\/a><\/li>\n<li><a href=\"https:\/\/www.arcc-cdac.ca\/newsletters\/spring-08.pdf\" target=\"_blank\" rel=\"noreferrer noopener\">Printemps 2008<\/a>\n<ul>\n<li><a href=\"https:\/\/www.arcc-cdac.ca\/newsletters\/spring-08-insert.pdf\" target=\"_blank\" rel=\"noreferrer noopener\">Printemps 2008 &#8211; Nouvelles br\u00e8ves<\/a> (Mise \u00e0 jour du projet de loi C-484)<\/li>\n<\/ul>\n<\/li>\n<li><a href=\"https:\/\/www.arcc-cdac.ca\/newsletters\/autumn-2007.pdf\" target=\"_blank\" rel=\"noreferrer noopener\">Automne 2007<\/a><\/li>\n<li><a href=\"https:\/\/www.arcc-cdac.ca\/newsletters\/spring-2007.pdf\" target=\"_blank\" rel=\"noreferrer noopener\">Printemps 2007<\/a><\/li>\n<\/ul>\n\n","protected":false},"excerpt":{"rendered":"<p>Note: L&rsquo;Activiste n&rsquo;est plus publi\u00e9 depuis 2019. Joignez-vous \u00e0 la CDAC pour recevoir notre infolettre C.D.ACtion\u00a0 Num\u00e9ro ant\u00e9rieur de l&rsquo;Activiste, la voix des droits \u00e0 l&rsquo;avortement au Canada Juin 2019 &#8211; Num\u00e9ro sp\u00e9cial Automne 2018 Hiver 2018 \u00c9t\u00e9 2017 Hiver 2017 Automne 2016 Automne 2013 Printemps 2013 Automne 2012 Printemps 2012 Automne 2011 Printemps 2011&hellip;<\/p>\n","protected":false},"author":3,"featured_media":0,"parent":0,"menu_order":79,"comment_status":"closed","ping_status":"closed","template":"","meta":{"_acf_changed":false,"_nakedcatplugins_page_lang":"","_nakedcatplugins_page_dir":"ltr","footnotes":""},"class_list":["post-7987","page","type-page","status-publish","hentry"],"acf":{"toc_header":"","toc_header_source":{"label":"TOC Header","type":"text","formatted_value":""},"printfriendly":true,"printfriendly_source":{"label":"Show PrintFriendly Options","type":"true_false","formatted_value":true}},"_links":{"self":[{"href":"https:\/\/www.arcc-cdac.ca\/fr\/wp-json\/wp\/v2\/pages\/7987","targetHints":{"allow":["GET"]}}],"collection":[{"href":"https:\/\/www.arcc-cdac.ca\/fr\/wp-json\/wp\/v2\/pages"}],"about":[{"href":"https:\/\/www.arcc-cdac.ca\/fr\/wp-json\/wp\/v2\/types\/page"}],"author":[{"embeddable":true,"href":"https:\/\/www.arcc-cdac.ca\/fr\/wp-json\/wp\/v2\/users\/3"}],"replies":[{"embeddable":true,"href":"https:\/\/www.arcc-cdac.ca\/fr\/wp-json\/wp\/v2\/comments?post=7987"}],"version-history":[{"count":5,"href":"https:\/\/www.arcc-cdac.ca\/fr\/wp-json\/wp\/v2\/pages\/7987\/revisions"}],"predecessor-version":[{"id":10480,"href":"https:\/\/www.arcc-cdac.ca\/fr\/wp-json\/wp\/v2\/pages\/7987\/revisions\/10480"}],"wp:attachment":[{"href":"https:\/\/www.arcc-cdac.ca\/fr\/wp-json\/wp\/v2\/media?parent=7987"}],"curies":[{"name":"wp","href":"https:\/\/api.w.org\/{rel}","templated":true}]}}