{"id":7998,"date":"2020-06-24T07:56:24","date_gmt":"2020-06-24T11:56:24","guid":{"rendered":"https:\/\/www.arcc-cdac.ca\/statements\/"},"modified":"2020-08-17T00:45:47","modified_gmt":"2020-08-17T07:45:47","slug":"484-statements","status":"publish","type":"page","link":"https:\/\/www.arcc-cdac.ca\/fr\/484-statements\/","title":{"rendered":"D\u00e9claration provenant d\u2019autres groupes qui s\u2019opposent au projet de loi C-484 (Loi sur les enfants non encore n\u00e9s victimes d\u2019actes criminels)"},"content":{"rendered":"\n<p>Plusieurs groupes s\u2019opposent au projet de loi C-484. Ils repr\u00e9sentent une grande vari\u00e9t\u00e9 de domaines: des groupes qui travaillent pour combattre la violence domestique, des refuges pour les femmes, des syndicats, des associations l\u00e9gales, des organisations m\u00e9dicales, des groupes pro-choix, etc. Vous trouverez ci-bas des liens vers les d\u00e9clarations publiques ainsi que vers les m\u00e9moires que ces groupes ont soumis au Comit\u00e9 permanent sur la justice et les droits humains (reproduis ici avec leur permission). Nos sinc\u00e8res remerciements \u00e0 tous ces groupes pour leur support et leur solidarit\u00e9.<\/p>\n\n\n\n<p>Des nouvelles d\u00e9clarations seront ajout\u00e9es de fa\u00e7on r\u00e9guli\u00e8re. Revenez nous visiter souvent!<\/p>\n\n\n\n<ul class=\"wp-block-list\"><li><a href=\"http:\/\/www.acpd.ca\/fridayfacts.cfm\/en\/section\/fridayfacts\/ff\/165\">Action Canada Population Development<\/a> (ACPD) (In English).\u00a0 <a href=\"http:\/\/www.acpd.ca\/fridayfacts.cfm\/fr\/section\/fridayfacts\/ff\/165\">Action Canada pour la population et le d\u00e9veloppment<\/a> (En fran\u00e7ais)<\/li><li><a href=\"https:\/\/www.arcc-cdac.ca\/statements\/barreau-du-quebec.pdf\">Barreau du Qu\u00e9bec<\/a> (En fran\u00e7ais)<\/li><li><a href=\"http:\/\/www.stopracism.ca\/pages\/search.php?article_id=414\">Canadian Anti-racism Education and Research Society (CAERS)<\/a> (In English, reprint of ARCC letter)<\/li><li><strong>Canadian Federation of University Women \/ F\u00e9d\u00e9ration canadienne des femmes dipl\u00f4m\u00e9es des universit\u00e9s &#8211; <\/strong><a href=\"http:\/\/www.cfuw.org\/index.php?option=com_content&amp;task=view&amp;id=1615&amp;Itemid=2\">Call for Action in English<\/a>. <a href=\"http:\/\/www.newswire.ca\/en\/releases\/archive\/June2008\/19\/c5577.html\">Statement in English<\/a>. <a href=\"http:\/\/www.cnw.ca\/fr\/releases\/archive\/June2008\/19\/c5565.html\">Prise de position en fran\u00e7ais.<\/a><\/li><li><a href=\"http:\/\/canadianlabour.ca\/index.php\/may2008\/Dr_Henri_Morgentaler\"><strong>Canadian Labour Congress<\/strong> &#8211; Press release in English<\/a>. <a href=\"https:\/\/www.arcc-cdac.ca\/statements\/CLC-English.pdf\">Statement in English<\/a>.\u00a0 <strong>Le Congr\u00e8s du travail du Canada<\/strong> &#8211; <a href=\"http:\/\/congresdutravail.ca\/index.php\/media\/1392\">Communiqu\u00e9 de presse en fran\u00e7ais<\/a>. <a href=\"https:\/\/www.arcc-cdac.ca\/statements\/CLC-francais.pdf\">D\u00e9claration en fran\u00e7ais<\/a>.<\/li><li><a href=\"http:\/\/www.rabble.ca\/news_full_story.shtml?x=70581\">Canadian Students for Sensible Drug Policy<\/a> (In English)<\/li><li><a href=\"http:\/\/cupe.ca\/women\/CUPE_members_in_Bill\">Canadian Union of Public Employees &#8211; CUPE National<\/a> (In English)<\/li><li><a href=\"http:\/\/www.cwhn.ca\/hot\/resources\/default.html#fmsq\">Canadian Women&rsquo;s Health Network<\/a> (In English) <a href=\"http:\/\/www.cwhn.ca\/chaud\/ressources\/default.html#fmsq\">Le R\u00e9seau canadien pour la sant\u00e9 des femmes<\/a> (En fran\u00e7ais)<\/li><li><a href=\"http:\/\/www.cyouthc.ca\/node\/89\">Canadian Youth for Choice <\/a>(In English, reprint of ARCC press release)<\/li><li><a href=\"https:\/\/www.arcc-cdac.ca\/statements\/CFFC-statement.html\">Catholics for a Free Choice <\/a>&#8211; Canada (In English)<\/li><li><a href=\"http:\/\/www.thewesternstar.com\/index.cfm?sid=131231&amp;sc=30\">Coalition Against Violence<\/a>, St. Johns NL (In English)<\/li><li><a href=\"http:\/\/www.cmq.org\/CmsPages\/PageCmsSimpleSplit.aspx?PageID=8af2b08d-d9c1-4032-a9bc-4fcc371f4349&amp;NodeID=7b95793c-8f35-438d-b73d-918edd47f9e1\">Le Coll\u00e8ge des m\u00e9decins du Qu\u00e9bec<\/a>\u00a0 (En fran\u00e7ais)<\/li><li><strong>College of Family Physicians of Canada<\/strong> (CFPC)<strong> Coll\u00e8ge des m\u00e9dicins de famille du Canada (CMFC).<\/strong> <a href=\"https:\/\/www.arcc-cdac.ca\/statements\/CFPC-letter-en.pdf\">In English<\/a>. <a href=\"https:\/\/www.arcc-cdac.ca\/statements\/CFPC-lettre-fr.pdf\">En fran\u00e7ais<\/a>.<\/li><li><a href=\"http:\/\/www.csn.qc.ca\/Communiques\/CommAvril08\/Comm15-04-08.html\">La Conf\u00e9d\u00e9ration des syndicats nationaux<\/a> (CSN) (En fran\u00e7ais)<\/li><li><a href=\"http:\/\/netfemmes.cdeacf.ca\/les_actualites\/lire.php?article=10553\">Conseil du statut de la femme,<\/a> Qu\u00e9bec (En fran\u00e7ais)<\/li><li><a href=\"http:\/\/www.ffq.qc.ca\/communiques\/2008-04-16-Avortement.html\">La F\u00e9d\u00e9ration des femmes du Qu\u00e9bec<\/a> (En fran\u00e7ais)<\/li><li><strong>La Federation des m\u00e9decins omnipraticiens du Qu\u00e9bec<\/strong> (FMOQ) <a href=\"http:\/\/www.fmoq.org\/SallePresse\/Communiques\/Detail.aspx?dId=122\">En fran\u00e7ais.<\/a>\u00a0 <a href=\"http:\/\/www.fmoq.org\/P\/English\/Documentation\/Detail.aspx?dId=184\">In English.<\/a><\/li><li><strong>La F\u00e9d\u00e9ration des m\u00e9decins sp\u00e9cialistes du Qu\u00e9bec<\/strong> (FMSQ) <a href=\"http:\/\/www.fmsq.org\/c-484\/f\/francais.html\">En fran\u00e7ais.<\/a> <a href=\"http:\/\/www.fmsq.org\/c-484\/e\/anglais.html\">In English.<\/a><\/li><li><a href=\"http:\/\/www.fqpn.qc.ca\/contenu\/avortement\/actions.php\">La F\u00e9d\u00e9ration du Qu\u00e9bec pour le planning des naissances <\/a>(FQPN) Appel \u00e0 l&rsquo;action (En fran\u00e7ais)<\/li><li><a href=\"http:\/\/www.medicalabortionconsortium.org\/news\/petition-oppose-bill-c-484-the-unborn-victims-of-crime-act--163.html\">International Consortium for Medical Abortion<\/a> (In English)<\/li><li><a href=\"http:\/\/www.cnw.ca\/fr\/releases\/archive\/March2007\/09\/c8623.html\">L&rsquo;Intersyndicale des femmes<\/a> (En fran\u00e7ais)<\/li><li><a href=\"https:\/\/www.arcc-cdac.ca\/statements\/law-union-ontario.pdf\">Law Union of Ontario <\/a>(In English)<\/li><li><a href=\"https:\/\/www.arcc-cdac.ca\/statements\/MWAC.pdf\">Manitoba Women&rsquo;s Advisory Council <\/a>(In English)<\/li><li><a href=\"http:\/\/www.canada.com\/ottawacitizen\/news\/story.html?id=5e67b35a-998f-4215-8b2a-f0d5cd3c6db7&amp;p=1\">National Abortion Federation<\/a>, Washington. (op-ed piece, April 26).<br><a href=\"http:\/\/www.prochoice.org\/news\/releases\/20080226.html\">NAF press release, Feb 26<\/a>. (In English)<\/li><li><strong>National Advocates for Pregnant Women<\/strong>, New York. Evidence from U.S. on harmful impacts of \u00ab\u00a0fetal homicide\u00a0\u00bb laws\u00a0 &#8211; <a href=\"https:\/\/www.arcc-cdac.ca\/action\/LessonsfromUS.pdf\">In English<\/a><strong>.<\/strong>\u00a0 <strong>En fran\u00e7ais: <\/strong><a href=\"https:\/\/www.arcc-cdac.ca\/fr\/action\/LessonsfromUS-francais.pdf\"><\/a><a href=\"https:\/\/www.arcc-cdac.ca\/fr\/action\/LessonsfromUS-francais.pdf\">Le\u00e7ons tir\u00e9es de l\u2019exp\u00e9rience des \u00c9tats-Unis relativement aux lois sur les enfants non encore n\u00e9s victimes d\u2019actes criminels.<\/a><\/li><li><a href=\"http:\/\/timestranscript.canadaeast.com\/opinion\/article\/276922\">New Brunswick Advisory Council on the Status of Women<\/a>, Fredericton. Op-ed piece April 24 (In English)\u00a0\u00a0 <a href=\"http:\/\/www.thecharter.ca\/index.cfm?sid=124337&amp;sc=318\">Op-ed piece April 8<\/a> (In English).<\/li><li><a href=\"https:\/\/www.arcc-cdac.ca\/statements\/NYWS-letter.html\">North York Women&rsquo;s Shelter<\/a>, Toronto (In English)<\/li><li><a href=\"https:\/\/www.arcc-cdac.ca\/statements\/OAITH-letter.html\">Ontario Association of Interval and Transition Houses (OAITH) and Women&rsquo;s Habitat<\/a>, Toronto (In English)<\/li><li><a href=\"http:\/\/www.pacsw.ca\/iss-billC484.html\">Provincial Advisory Council on the Status of Women, Newfoundland and Labrador<\/a> (In English)<\/li><li><a href=\"http:\/\/quebecsolidaire.net\/actualite-nationale\/quebec-solidaire-dit-non-a-linsidieux-projet-de-loi-c-484\">Qu\u00e9bec solidaire<\/a> (En fran\u00e7ais)<\/li><li><a href=\"http:\/\/sisyphe.org\/article.php3?id_article=2916\">Sisyphe<\/a> (En fran\u00e7ais)<\/li><li><a href=\"http:\/\/www.sogc.org\/media\/pdf\/statements\/medBillC484.pdf\">Society of Obstetricians and Gynaecologists of Canada<\/a> (In English).\u00a0 <a href=\"http:\/\/www.sogc.org\/media\/pdf\/statements\/medBillC484_f.pdf\">La Soci\u00e9t\u00e9 des obst\u00e9triciens et gyn\u00e9cologues du Canada <\/a>(En fran\u00e7ais)<\/li><li><a href=\"https:\/\/www.arcc-cdac.ca\/statements\/West-Coast-LEAF.pdf\">Westcoast LEAF<\/a> (Women&rsquo;s Legal Education and\u00a0 Action Fund, Vancouver) (In English)<\/li><li><a href=\"https:\/\/www.arcc-cdac.ca\/statements\/LEAF-statement.html\">Women&rsquo;s Legal Education and Action Fund (LEAF)<\/a> \/ <a href=\"https:\/\/www.arcc-cdac.ca\/statements\/LEAF-statement.html\">Fonds d&rsquo;action et d&rsquo;education juridiques pour les femmes<\/a>, Toronto (In English)<\/li><li><a href=\"https:\/\/www.arcc-cdac.ca\/statements\/YWCA-Canada.pdf\">YWCA Canada<\/a> (In English)<\/li><\/ul>\n","protected":false},"excerpt":{"rendered":"<p>Plusieurs groupes s\u2019opposent au projet de loi C-484. Ils repr\u00e9sentent une grande vari\u00e9t\u00e9 de domaines: des groupes qui travaillent pour combattre la violence domestique, des refuges pour les femmes, des syndicats, des associations l\u00e9gales, des organisations m\u00e9dicales, des groupes pro-choix, etc. Vous trouverez ci-bas des liens vers les d\u00e9clarations publiques ainsi que vers les m\u00e9moires&hellip;<\/p>\n","protected":false},"author":3,"featured_media":0,"parent":0,"menu_order":203,"comment_status":"closed","ping_status":"closed","template":"","meta":{"_acf_changed":false,"_nakedcatplugins_page_lang":"","_nakedcatplugins_page_dir":"ltr","footnotes":""},"class_list":["post-7998","page","type-page","status-publish","hentry"],"acf":{"toc_header":"","toc_header_source":{"label":"TOC Header","type":"text","formatted_value":""},"printfriendly":true,"printfriendly_source":{"label":"Show PrintFriendly Options","type":"true_false","formatted_value":true}},"_links":{"self":[{"href":"https:\/\/www.arcc-cdac.ca\/fr\/wp-json\/wp\/v2\/pages\/7998","targetHints":{"allow":["GET"]}}],"collection":[{"href":"https:\/\/www.arcc-cdac.ca\/fr\/wp-json\/wp\/v2\/pages"}],"about":[{"href":"https:\/\/www.arcc-cdac.ca\/fr\/wp-json\/wp\/v2\/types\/page"}],"author":[{"embeddable":true,"href":"https:\/\/www.arcc-cdac.ca\/fr\/wp-json\/wp\/v2\/users\/3"}],"replies":[{"embeddable":true,"href":"https:\/\/www.arcc-cdac.ca\/fr\/wp-json\/wp\/v2\/comments?post=7998"}],"version-history":[{"count":2,"href":"https:\/\/www.arcc-cdac.ca\/fr\/wp-json\/wp\/v2\/pages\/7998\/revisions"}],"predecessor-version":[{"id":8000,"href":"https:\/\/www.arcc-cdac.ca\/fr\/wp-json\/wp\/v2\/pages\/7998\/revisions\/8000"}],"wp:attachment":[{"href":"https:\/\/www.arcc-cdac.ca\/fr\/wp-json\/wp\/v2\/media?parent=7998"}],"curies":[{"name":"wp","href":"https:\/\/api.w.org\/{rel}","templated":true}]}}