{"id":8013,"date":"2020-07-04T16:05:42","date_gmt":"2020-07-04T20:05:42","guid":{"rendered":"https:\/\/www.arcc-cdac.ca\/lavortement-devrait-etre-entierement-finance\/"},"modified":"2020-08-17T00:45:51","modified_gmt":"2020-08-17T07:45:51","slug":"lavortement-devrait-etre-entierement-finance","status":"publish","type":"page","link":"https:\/\/www.arcc-cdac.ca\/fr\/lavortement-devrait-etre-entierement-finance\/","title":{"rendered":"L\u2019avortement devrait \u00eatre enti\u00e8rement financ\u00e9"},"content":{"rendered":"\n<p>Par Joyce Arthur<\/p>\n\n<p>20 Octobre 2011 <\/p>\n\n<p><span lang=\"FR-CA\">Au Canada, des activistes antichoix pr\u00e9tendent que le financement de l\u2019avortement devrait \u00eatre supprim\u00e9 et que les femmes devraient payer elles-m\u00eames pour les soins d\u2019avortement.\u00a0 Mais c\u2019est l\u00e0 une prise de position de droite qui fait fi du bon sens et des droits de la personne.\u00a0 Interrompre le financement de l\u2019avortement serait anticonstitutionnel, discriminatoire et nuisible aux femmes.\u00a0 Les arguments suivants expliquent pourquoi (chaque argument est \u00e9labor\u00e9 ici en anglais <\/span><a href=\"http:\/\/www.arcc-cdac.ca\/action\/abortion-funding.html\"><span lang=\"EN-CA\"><span lang=\"FR-CA\">http:\/\/www.arcc-cdac.ca\/action\/abortion-funding.html<\/span><\/span><\/a><span lang=\"FR-CA\"> avec <\/span><span lang=\"FR\">des arguments d\u00e9taill\u00e9s, <\/span><span lang=\"FR-CA\">des preuves et des citations). <\/span><\/p>\n\n<p><b><span lang=\"FR-CA\">1.<\/span><\/b><span lang=\"FR-CA\">\u00a0 La vie et la sant\u00e9 des femmes sont en jeu.\u00a0 Le financement de l\u2019avortement est n\u00e9cessaire afin d\u2019assurer que les droits des femmes \u00e0 la vie et \u00e0 la s\u00e9curit\u00e9 de la personne tels que d\u00e9crits par la Charte des droits et libert\u00e9s soient respect\u00e9s.\u00a0 La raison principale pour laquelle la Cour supr\u00eame a rejet\u00e9 l\u2019ancienne loi sur l\u2019avortement en 1988 est que l\u2019acc\u00e8s difficile \u00e0 l\u2019avortement et les p\u00e9riodes d\u2019attente inutiles que comprenait cette loi augmentaient arbitrairement le risque dont la sant\u00e9 et la vie des femmes sont menac\u00e9es.\u00a0 Annuler le financement de l\u2019avortement aurait le m\u00eame effet et violerait la constitution de la m\u00eame fa\u00e7on que l\u2019ancienne loi sur l\u2019avortement et ne ferait que donner plus d\u2019importance aux politiques et aux id\u00e9ologies qu\u2019aux vies et \u00e0 la sant\u00e9 des femmes.<\/span><\/p>\n\n<p><b><span lang=\"FR-CA\">2.<\/span><\/b><span lang=\"FR-CA\">\u00a0 Les droits des femmes \u00e0 la libert\u00e9 et \u00e0 la libert\u00e9 de conscience tels que garantis par la Charte n\u00e9cessitent que l\u2019avortement soit financ\u00e9.\u00a0 Le gouvernement ne doit pas intervenir dans le processus d\u00e9cisionnel profond\u00e9ment personnel de la femme qui doit choisir entre donner naissance \u00e0 un enfant ou non.\u00a0 Le droit de choisir est int\u00e9gral au droit \u00e0 l\u2019autonomie et \u00e0 la vie priv\u00e9e.\u00a0 Si le gouvernement ne finan\u00e7ait pas l\u2019avortement, cela repr\u00e9senterait une atteinte au droit de la femme de choisir puisque le gouvernement financerait la naissance, mais pas l\u2019avortement.\u00a0 Le gouvernement serait \u00e9galement coupable de paternalisme envers les femmes en prenant officiellement position contre l\u2019avortement.<\/span><\/p>\n\n<p><b><span lang=\"FR-CA\">3.<\/span><\/b><span lang=\"FR-CA\">\u00a0 Puisque les femmes sont les seules \u00e0 avoir besoin de l\u2019avortement, le financement de l\u2019avortement est n\u00e9cessaire afin de garantir le droit des femmes \u00e0 ne subir aucune discrimination.\u00a0 Les politiques et les lois restrictives qui ne s\u2019appliquent qu\u2019\u00e0 un seul genre violent les codes des droits de la personne qui assurent la protection contre la discrimination li\u00e9e au genre.\u00a0 Le droit des femmes \u00e0 l\u2019\u00e9galit\u00e9 tel que d\u00e9crit par la Charte ne peut \u00eatre appliqu\u00e9 sans acc\u00e8s s\u00e9curitaire, l\u00e9gal et enti\u00e8rement financ\u00e9 \u00e0 l\u2019avortement.\u00a0 Autrement, les femmes seraient subordonn\u00e9es \u00e0 leur fonction procr\u00e9atrice alors que les hommes ne le sont pas.<\/span><\/p>\n\n<p><b><span lang=\"FR-CA\">4.<\/span><\/b><span lang=\"FR-CA\">\u00a0 Le financement de l\u2019avortement est crucial afin d\u2019assurer la justice et l\u2019\u00e9galit\u00e9 libre de toute discrimination li\u00e9e au revenu.\u00a0 Nous ne devons pas forcer les femmes \u00e0 faibles revenus et autrement d\u00e9savantag\u00e9es \u00e0 mener \u00e0 terme des grossesses non voulues en raison de leur incapacit\u00e9 \u00e0 payer les frais de l\u2019avortement ou encore \u00e0 retarder leurs avortements tandis qu\u2019elles tentent d\u2019amasser les fonds n\u00e9cessaires.\u00a0 Retarder l\u2019acc\u00e8s \u00e0 l\u2019avortement augmente les dangers de complications, surtout quand le d\u00e9lai s\u2019\u00e9tend jusqu\u2019au deuxi\u00e8me trimestre.\u00a0 Les d\u00e9lais repr\u00e9sentent une forme de punition qui prolonge inutilement le stress et l\u2019inconfort de la femme.\u00a0 L\u2019avortement devrait avoir lieu le plus t\u00f4t possible et pour cela, l\u2019avortement doit \u00eatre enti\u00e8rement financ\u00e9.<\/span><\/p>\n\n<p><b><span lang=\"FR-CA\">5.<\/span><\/b><span lang=\"FR-CA\">\u00a0 Le financement de l\u2019avortement est rentable alors que les grossesses non voulues sont dispendieuses.\u00a0 Les co\u00fbts m\u00e9dicaux li\u00e9s \u00e0 la naissance sont environ quatre fois ceux que n\u00e9cessite l\u2019avortement.\u00a0 Les co\u00fbts sociaux des maternit\u00e9s non voulues sont prohibitifs.\u00a0 De plus, le co\u00fbt de l\u2019avortement ne repr\u00e9sente qu\u2019une infime partie de ce que les contribuables versent aux soins de sant\u00e9. <\/span><\/p>\n\n<p><b><span lang=\"FR-CA\">6.<\/span><\/b><span lang=\"FR-CA\">\u00a0 Le financement de l\u2019avortement sert \u00e0 int\u00e9grer les soins d\u2019avortement au syst\u00e8me des soins de sant\u00e9 en g\u00e9n\u00e9ral et \u00e0 assurer l\u2019int\u00e9gralit\u00e9 des programmes de soins de sant\u00e9 reproductive, ce qui est essentiel.\u00a0 Si l\u2019avortement n\u2019\u00e9tait pas financ\u00e9, cela isolerait les soins d\u2019avortement ainsi que les femmes qui en ont besoin et les m\u00e9decins qui les offrent.\u00a0 Cela m\u00e8nerait sans doute \u00e0 une augmentation de la stigmatisation, \u00e0 des restrictions suppl\u00e9mentaires, \u00e0 l\u2019\u00e9ventuelle marginalisation encore plus grande de l\u2019avortement et \u00e0 davantage de violence et de harc\u00e8lement antichoix.\u00a0 Toutes ces choses sont arriv\u00e9es aux \u00c9tats-Unis quand le financement de l\u2019avortement a \u00e9t\u00e9 retir\u00e9 aux femmes pauvres par le Hyde Amendment, en 1973.<\/span><\/p>\n\n<p><b><span lang=\"FR-CA\">7.<\/span><\/b><span lang=\"FR-CA\">\u00a0 Financer l\u2019avortement est la bonne chose \u00e0 faire, malgr\u00e9 l\u2019opinion de certaines personnes selon laquelle l\u2019avortement met fin \u00e0 une vie humaine.\u00a0 Il n\u2019existe pas de consensus sur le statut moral du foetus et nos lois ne reconnaissent pas le statut de personne avant la naissance.\u00a0 De toute mani\u00e8re, la plupart des Canadiens sont de l\u2019avis que les droits de la femme sont pr\u00e9pond\u00e9rants dans toutes ou presque toutes les circonstances puisque c\u2019est sur elle que p\u00e8sent les risques que comporte la grossesse, que donner naissance \u00e0 un enfant est une d\u00e9cision majeure qui comporte des cons\u00e9quences permanentes et que les femmes devraient \u00eatre en mesure de mener leurs propres vies et de suivre leurs propres ambitions outre la maternit\u00e9.<\/span><\/p>\n\n<p><b><span lang=\"FR-CA\">8.<\/span><\/b><span lang=\"FR-CA\">\u00a0 L\u2019avortement l\u00e9gal est tr\u00e8s s\u00e9curitaire et habituellement b\u00e9n\u00e9fique aux femmes.\u00a0 Les suppos\u00e9s \u00ab\u00a0dangers\u00a0\u00bb reli\u00e9s \u00e0 l\u2019avortement tels que d\u00e9crits par les activistes antichoix sont soit enti\u00e8rement faux, soit grossi\u00e8rement exag\u00e9r\u00e9s.\u00a0 De tels arguments ne peuvent de toute fa\u00e7on pas justifier le retrait du financement puisque la grossesse et l\u2019accouchement comportent en fait beaucoup plus de risques que l\u2019avortement, comme c\u2019est le cas de nombreuses interventions m\u00e9dicales financ\u00e9es par le gouvernement.\u00a0 L\u2019acc\u00e8s \u00e0 l\u2019avortement s\u00e9curitaire, l\u00e9gal et enti\u00e8rement financ\u00e9 est \u00e9galement b\u00e9n\u00e9fique aux femmes et aux familles, car il leur permet de continuer \u00e0 vivre et \u00e0 planifier l\u2019arriv\u00e9e des enfants qu\u2019elles auront plus tard, quand elles seront pr\u00eates \u00e0 en prendre soin.<\/span><\/p>\n\n<p><b><span lang=\"FR-CA\">9.<\/span><\/b><span lang=\"FR-CA\">\u00a0 Les sondages d\u00e9montrant que la majorit\u00e9 des gens sond\u00e9s ne veulent pas contribuer \u00e0 financer l\u2019avortement sont trompeurs et ne sont pas pertinents.\u00a0 Les opinions des gens sond\u00e9s ont \u00e9t\u00e9 manipul\u00e9es par de la d\u00e9sinformation antichoix ainsi que par les pr\u00e9jug\u00e9s qui perdurent contre les femmes qui se font avorter.\u00a0 De toute fa\u00e7on, les gens sond\u00e9s n\u2019ont pas l\u2019autorit\u00e9 de dicter quels soins m\u00e9dicaux financer.\u00a0 Ce r\u00f4le revient aux provinces et aux groupes m\u00e9dicaux.\u00a0 Les droits et libert\u00e9s fondamentaux des femmes ne doivent pas \u00eatre soumis \u00e0 un vote \u00e0 la majorit\u00e9.<\/span><\/p>\n\n<p><b><span lang=\"FR-CA\">10<\/span><\/b><span lang=\"FR-CA\">. L\u2019avortement doit \u00eatre financ\u00e9, car il ne s\u2019agit pas d\u2019une op\u00e9ration \u00e0 froid, pas plus que donner naissance.\u00a0 Les grossesses sont incontournables; les femmes enceintes ne peuvent pas tout simplement annuler leur grossesse.\u00a0 Une fois enceintes, elles doivent choisir entre donner naissance et avoir un avortement.\u00a0 Les deux options doivent \u00eatre reconnues comme \u00e9tant m\u00e9dicalement n\u00e9cessaires et enti\u00e8rement financ\u00e9es l\u2019une comme l\u2019autre afin de prot\u00e9ger les droits et la sant\u00e9 des femmes.<\/span><\/p>\n\n<p><b><span lang=\"FR-CA\">11<\/span><\/b><span lang=\"FR-CA\">. Les activistes antichoix disent souvent que \u00ab\u00a0la grossesse n\u2019est pas une maladie\u00a0\u00bb et qu\u2019il ne devrait donc pas \u00eatre financ\u00e9.\u00a0 Le m\u00eame argument pourrait \u00eatre avanc\u00e9 concernant l\u2019accouchement, puisqu\u2019il n\u2019y a pas de raisons m\u00e9dicales justifiant le fait de tomber enceintes et d\u2019avoir un enfant.\u00a0 Mais surtout, la sant\u00e9 n\u2019est pas que l\u2019absence de maladie.\u00a0 La sant\u00e9 est un \u00e9tat de bien-\u00eatre g\u00e9n\u00e9ral.\u00a0 Les femmes qui ont des grossesses non voulues ne sont pas en bonne sant\u00e9.\u00a0 Leurs avortements devraient donc \u00eatre financ\u00e9s.<\/span><\/p>\n","protected":false},"excerpt":{"rendered":"<p>Par Joyce Arthur 20 Octobre 2011 Au Canada, des activistes antichoix pr\u00e9tendent que le financement de l\u2019avortement devrait \u00eatre supprim\u00e9 et que les femmes devraient payer elles-m\u00eames pour les soins d\u2019avortement.\u00a0 Mais c\u2019est l\u00e0 une prise de position de droite qui fait fi du bon sens et des droits de la personne.\u00a0 Interrompre le financement&hellip;<\/p>\n","protected":false},"author":3,"featured_media":0,"parent":0,"menu_order":209,"comment_status":"closed","ping_status":"closed","template":"","meta":{"_acf_changed":false,"_nakedcatplugins_page_lang":"","_nakedcatplugins_page_dir":"ltr","footnotes":""},"class_list":["post-8013","page","type-page","status-publish","hentry"],"acf":{"toc_header":"","toc_header_source":{"label":"TOC Header","type":"text","formatted_value":""},"printfriendly":true,"printfriendly_source":{"label":"Show PrintFriendly Options","type":"true_false","formatted_value":true}},"_links":{"self":[{"href":"https:\/\/www.arcc-cdac.ca\/fr\/wp-json\/wp\/v2\/pages\/8013","targetHints":{"allow":["GET"]}}],"collection":[{"href":"https:\/\/www.arcc-cdac.ca\/fr\/wp-json\/wp\/v2\/pages"}],"about":[{"href":"https:\/\/www.arcc-cdac.ca\/fr\/wp-json\/wp\/v2\/types\/page"}],"author":[{"embeddable":true,"href":"https:\/\/www.arcc-cdac.ca\/fr\/wp-json\/wp\/v2\/users\/3"}],"replies":[{"embeddable":true,"href":"https:\/\/www.arcc-cdac.ca\/fr\/wp-json\/wp\/v2\/comments?post=8013"}],"version-history":[{"count":1,"href":"https:\/\/www.arcc-cdac.ca\/fr\/wp-json\/wp\/v2\/pages\/8013\/revisions"}],"predecessor-version":[{"id":8014,"href":"https:\/\/www.arcc-cdac.ca\/fr\/wp-json\/wp\/v2\/pages\/8013\/revisions\/8014"}],"wp:attachment":[{"href":"https:\/\/www.arcc-cdac.ca\/fr\/wp-json\/wp\/v2\/media?parent=8013"}],"curies":[{"name":"wp","href":"https:\/\/api.w.org\/{rel}","templated":true}]}}