{"id":8052,"date":"2020-06-26T10:32:02","date_gmt":"2020-06-26T14:32:02","guid":{"rendered":"https:\/\/www.arcc-cdac.ca\/crushing-defeat-312\/"},"modified":"2020-08-17T00:43:26","modified_gmt":"2020-08-17T07:43:26","slug":"crushing-defeat-312","status":"publish","type":"page","link":"https:\/\/www.arcc-cdac.ca\/fr\/crushing-defeat-312\/","title":{"rendered":"\u00ab D\u00e9faite \u00e9crasante de la motion 312 \u00bb"},"content":{"rendered":"\n<p>Voil\u00e0 la manchette que nous r\u00eavons de lire \u00e0 notre r\u00e9veil au lendemain du vote sur la motion 312 \u2013 la tentative du d\u00e9put\u00e9 conservateur Stephen Woodworth de faire reculer les droits des femmes en accordant plut\u00f4t ces droits \u00e0 des f\u0153tus.&nbsp; &nbsp;&nbsp;<\/p>\n\n\n\n<h2 class=\"has-vivid-red-color has-text-color wp-block-heading\"><strong>Renvoyons la motion 312 au marasme d\u2019o\u00f9 elle provient!<\/strong><\/h2>\n\n\n\n<h3 class=\"wp-block-heading\">Joignez-vous \u00e0 la campagne nationale de la CDAC \u00ab\u00a0<strong>\u00c9crasons la motion 312<\/strong>\u00a0\u00bb.<\/h3>\n\n\n\n<p class=\"has-text-color has-vivid-red-color\"><strong>La deuxi\u00e8me heure de d\u00e9bat sur la motion 312 du d\u00e9put\u00e9 Woodworth est pr\u00e9vue pour le 21 septembre, et le vote pour le 26 septembre.<\/strong><\/p>\n\n\n\n<p>Apr\u00e8s le d\u00e9bat \u00e9tonnamment r\u00e9ussi du 26 avril o\u00f9 la motion 312 a \u00e9t\u00e9 <a href=\"http:\/\/www.parl.gc.ca\/HousePublications\/Publication.aspx?Pub=hansard&amp;Language=F&amp;Mode=1&amp;Parl=41&amp;Ses=1&amp;DocId=5524696&amp;File=0#OOB-7539981\">compl\u00e8tement discr\u00e9dit\u00e9e<\/a> par des d\u00e9put\u00e9-es de trois partis (y compris un d\u00e9put\u00e9 conservateur), nous savons que cette motion sera presque certainement d\u00e9faite au Parlement. Mais il faut surtout profiter du fait que les Conservateurs ont \u00e9t\u00e9 plac\u00e9s dans une situation difficile\u00a0: ils ont maintenant peur de l\u2019enjeu de l\u2019avortement parce qu\u2019ils savent que cette question leur fait perdre des appuis. Tirons parti de cette situation en adressant un message clair au gouvernement Conservateur\u00a0: il doit savoir que le mouvement pro-choix et le mouvement des femmes sont puissants et qu\u2019ils peuvent parler fort. Nous avons les ovaires n\u00e9cessaires pour d\u00e9faire \u00e9nergiquement le d\u00e9put\u00e9 Woodworth et sa motion, ce qui pourrait servir \u00e0 d\u00e9courager fortement le d\u00e9p\u00f4t de nouveaux projets de loi ou motions et d\u00e9moraliser le mouvement anti-choix. Comme l\u2019a \u00e9crit la journaliste Chantal H\u00e9bert <a href=\"http:\/\/www.thestar.com\/news\/canada\/politics\/article\/1177081--hebert-stephen-harper-seeks-to-put-the-abortion-issue-to-rest\">en mai<\/a> \u00e0 la suite du premier d\u00e9bat\u00a0:<\/p>\n\n\n\n<p><em>\u00ab&nbsp;Une d\u00e9faite cette fois-ci \u2013 aux mains du gouvernement majoritaire le mieux dispos\u00e9 depuis des d\u00e9cennies \u00e0 l\u2019\u00e9gard des forces socialement conservatrices \u2013 porterait un coup d\u00e9vastateur \u00e0 la cause anti-choix. Ce serait per\u00e7u comme son principal revers depuis la d\u00e9cision de la Cour supr\u00eame.&nbsp;\u00bb<\/em> [TRADUCTION]<em> &nbsp;&nbsp;<\/em><\/p>\n\n\n\n<p>La CDAC esp\u00e8re que la motion 312 recueillera <strong>moins que 50 votes d\u2019appui<\/strong>, ce qui serait un minimum historique pour toute motion ou tout projet de loi anti-choix. Le plus r\u00e9cent projet de loi de ce genre, d\u00e9pos\u00e9 en 2010 (C-510, sur \u00ab&nbsp;la contrainte \u00e0 un avortement&nbsp;\u00bb), avait obtenu 95 votes d\u2019appui.&nbsp;<\/p>\n\n\n\n<h2 class=\"wp-block-heading\">Veuillez nous aider avec trois grandes actions!<\/h2>\n\n\n\n<h3 class=\"wp-block-heading\">1. Faites signer notre p\u00e9tition sur papier<\/h3>\n\n\n\n<p>Il nous faut le plus de signatures possibles sur notre <a href=\"https:\/\/www.arcc-cdac.ca\/fr\/action\/m312-paper-petiton-fr.pdf\"><strong>p\u00e9tition papier<\/strong><\/a>. Nous imposerons nos voix avec de plus en plus de force si des d\u00e9put\u00e9-es pro-choix d\u00e9posent un flot constant de p\u00e9titions remplies dans les journ\u00e9es pr\u00e9c\u00e9dant le vote aux Communes. Veuillez en imprimer des copies et recueillir autant de signatures originales que possible. Puis, postez rapidement les feuilles de p\u00e9tition remplies \u00e0 <strong>Niki Ashton<\/strong>, d\u00e9put\u00e9e, Chambre des communes, Ottawa K1A 0A6 (ne les envoyez PAS \u00e0 la CDAC). (Nota: La p\u00e9tition est format\u00e9e pour papier de format l\u00e9gal 11 x 14 po, mais vous pouvez la r\u00e9duire pour impression sur papier de format lettre 8-1\/2 x 11.)<\/p>\n\n\n\n<h3 class=\"wp-block-heading\">2. Ciblez les d\u00e9put\u00e9s anti-choix<\/h3>\n\n\n\n<p>Nous voulons voir les personnes pro-choix et d\u00e9fenderesses des droits des femmes submerger de <strong>courriels, de FAX, de lettres et d\u2019appels t\u00e9l\u00e9phoniques <\/strong>les d\u00e9put\u00e9-es anti-choix et ceux et celles dont la position demeure inconnue. Il faut inciter ces d\u00e9put\u00e9-es \u00e0 voter NON. Veuillez leur envoyer notre nouvelle <a href=\"https:\/\/www.arcc-cdac.ca\/fr\/action\/M-312-anti-choix-lettre.html\"><strong>lettre \u00e9chantillon<\/strong><\/a>, r\u00e9dig\u00e9e express\u00e9ment pour cibler les d\u00e9put\u00e9-es anti-choix, ou en \u00e9crire une de votre cru. Vous pouvez aussi leur t\u00e9l\u00e9phoner&nbsp;: nous avons cr\u00e9\u00e9 une<a href=\"https:\/\/www.arcc-cdac.ca\/fr\/action\/M-312-anti-choix-lettre.html#coordonnees\"><strong>liste de contact tr\u00e8s compl\u00e8te<\/strong><\/a> regroupant les 108 d\u00e9put\u00e9-es anti-choix connu-es et les 55 dont la position est inconnue. Y figurent leurs num\u00e9ros de t\u00e9l\u00e9phone et de t\u00e9l\u00e9copieur, ainsi que leurs adresses courriel et postale.<\/p>\n\n\n\n<p>Ce sont nos <strong>deux principales priorit\u00e9s<\/strong> \u2013 mais si vous le pouvez, il y plus \u00e0 faire. Veuillez poursuivre votre lecture\u2026 &nbsp;<\/p>\n\n\n\n<h2 class=\"wp-block-heading\">3. Contactez votre propre d\u00e9put\u00e9-e<\/h2>\n\n\n\n<p>Nous savons que les d\u00e9put\u00e9-es pro-choix sont de notre c\u00f4t\u00e9, mais <strong>les verra-t-on se pr\u00e9senter aux Communes pour voter Non?<\/strong> Il est crucial d\u2019obtenir un Non \u00e9nergique de la part des d\u00e9put\u00e9-es pro-choix, non seulement pour assurer la d\u00e9faite de la motion mais pour \u00e9largir autant que possible la marge s\u00e9parant\u00a0le score du Non de celui du Oui. M\u00eame si vous avez d\u00e9j\u00e0 communiqu\u00e9 avec votre d\u00e9put\u00e9-e, veuillez envisager de le faire de nouveau, peut-\u00eatre avec un nouveau message. Vous pouvez\u00a0: <\/p>\n\n\n\n<ul class=\"wp-block-list\"><li>Lui adresser un courriel, un FAX ou une lettre normale. \u00a0<\/li><li>ui envoyer une <a href=\"https:\/\/www.arcc-cdac.ca\/fr\/action\/M-312-cartes-postales.html\"><u>carte postale pro-<\/u>choix<\/a>(faites-le \u00e0 partir de notre site ou \u00e9crivez-nous \u00e0 <a href=\"mailto:info@arcc-cdac.ca\">info@arcc-cdac.ca<\/a> en nous envoyant votre adresse postale pour que nous vous en postions rapidement quelques-unes).<\/li><li>Lui donner un coup de fil.<\/li><li>Rendre visite \u00e0 son bureau de comt\u00e9. Vous pouvez en trouver l\u2019adresse sur la <a href=\"http:\/\/www.parl.gc.ca\/membersofparliament\/MainMPsCompleteList.aspx?Language=F&amp;TimePeriod=Current\">liste suivante<\/a>.<\/li><li><strong>Participez \u00e0 un \u00e9v\u00e9nement pro-choix ou organisez-en un \u00a0<\/strong><\/li><\/ul>\n\n\n\n<p>Les fabuleuses <strong>Servantes radicales<\/strong> (voir <a href=\"http:\/\/www.radicalhandmaids.com\/\">leur site<\/a> bilingue et <a href=\"http:\/\/www.facebook.com\/RadicalHandmaids\">leur page Facebook<\/a>) manifesteront dans les rues d&rsquo;Ottawa durant la 2<sup>e<\/sup> heure de d\u00e9bat et au moment du vote, en septembre. Si vous ne pouvez vous rendre \u00e0 Ottawa, peut-\u00eatre pourriez-vous organiser un petit \u00e9v\u00e9nement dans votre propre ville, en face du bureau de circonscription d\u2019un-e d\u00e9put\u00e9-e anti-choix par exemple \u2013 en costume de Servante radicale! <\/p>\n\n\n\n<p>Ou <strong>tricotez un ut\u00e9rus ou un vagin<\/strong> et envoyez-le \u00e0 Ottawa ou au bureau de votre d\u00e9put\u00e9-e anti-choix. Vous trouverez sur la page d\u2019<a href=\"https:\/\/www.arcc-cdac.ca\/fr\/m312.html#actions\">Appel \u00e0 l\u2019action<\/a> de la CDAC des liens \u00e0 des mod\u00e8les de costume et d\u2019ut\u00e9rus ou vagin \u00e0 tricoter, ainsi que l\u2019endroit o\u00f9 envoyer vos cr\u00e9ations. Vous pouvez aussi demander \u00e0 vous joindre \u00e0 la page Facebook <a href=\"http:\/\/www.facebook.com\/groups\/354104927964655\/?ref=ts&amp;__adt=6\">Womb Swarm Parliament<\/a>.<\/p>\n\n\n\n<h3 class=\"wp-block-heading\">6. Enfin&#8230;<\/h3>\n\n\n\n<p><strong>&#8230;notre <a href=\"http:\/\/www.gopetition.com\/petitions\/oppose-motion-312-rejetez-motion-312.html\">p\u00e9tition en ligne<\/a><\/strong> demeure active et continue \u00e0 rassembler des noms. M\u00eame si elle n\u2019est pas \u00abofficielle\u00bb, nous allons l\u2019envoyer \u00e0 Ottawa juste avant le vote et lui faire encore plus de publicit\u00e9. Veuillez donc la signer si ce n\u2019est d\u00e9j\u00e0 fait!<\/p>\n\n\n\n<p><strong><em>Merci \u00e0 toutes et \u00e0 tous!&nbsp;<\/em><\/strong><\/p>\n\n\n\n<p><strong><em>Ensemble, nous sommes en mesure d\u2019\u00e9craser la motion 312 et de la renvoyer au marasme d\u2019o\u00f9 elle provient. Oui, nous le pouvons!<\/em><\/strong><\/p>\n","protected":false},"excerpt":{"rendered":"<p>Voil\u00e0 la manchette que nous r\u00eavons de lire \u00e0 notre r\u00e9veil au lendemain du vote sur la motion 312 \u2013 la tentative du d\u00e9put\u00e9 conservateur Stephen Woodworth de faire reculer les droits des femmes en accordant plut\u00f4t ces droits \u00e0 des f\u0153tus.&nbsp; &nbsp;&nbsp; Renvoyons la motion 312 au marasme d\u2019o\u00f9 elle provient! Joignez-vous \u00e0 la&hellip;<\/p>\n","protected":false},"author":3,"featured_media":0,"parent":0,"menu_order":221,"comment_status":"closed","ping_status":"closed","template":"","meta":{"_acf_changed":false,"_nakedcatplugins_page_lang":"","_nakedcatplugins_page_dir":"ltr","footnotes":""},"class_list":["post-8052","page","type-page","status-publish","hentry"],"acf":{"toc_header":"","toc_header_source":{"label":"TOC Header","type":"text","formatted_value":""},"printfriendly":true,"printfriendly_source":{"label":"Show PrintFriendly Options","type":"true_false","formatted_value":true}},"_links":{"self":[{"href":"https:\/\/www.arcc-cdac.ca\/fr\/wp-json\/wp\/v2\/pages\/8052","targetHints":{"allow":["GET"]}}],"collection":[{"href":"https:\/\/www.arcc-cdac.ca\/fr\/wp-json\/wp\/v2\/pages"}],"about":[{"href":"https:\/\/www.arcc-cdac.ca\/fr\/wp-json\/wp\/v2\/types\/page"}],"author":[{"embeddable":true,"href":"https:\/\/www.arcc-cdac.ca\/fr\/wp-json\/wp\/v2\/users\/3"}],"replies":[{"embeddable":true,"href":"https:\/\/www.arcc-cdac.ca\/fr\/wp-json\/wp\/v2\/comments?post=8052"}],"version-history":[{"count":1,"href":"https:\/\/www.arcc-cdac.ca\/fr\/wp-json\/wp\/v2\/pages\/8052\/revisions"}],"predecessor-version":[{"id":8053,"href":"https:\/\/www.arcc-cdac.ca\/fr\/wp-json\/wp\/v2\/pages\/8052\/revisions\/8053"}],"wp:attachment":[{"href":"https:\/\/www.arcc-cdac.ca\/fr\/wp-json\/wp\/v2\/media?parent=8052"}],"curies":[{"name":"wp","href":"https:\/\/api.w.org\/{rel}","templated":true}]}}