{"id":8054,"date":"2020-06-27T13:58:49","date_gmt":"2020-06-27T17:58:49","guid":{"rendered":"https:\/\/www.arcc-cdac.ca\/groups-opposed-c225\/"},"modified":"2020-08-17T00:45:49","modified_gmt":"2020-08-17T07:45:49","slug":"groups-opposed-c225","status":"publish","type":"page","link":"https:\/\/www.arcc-cdac.ca\/fr\/groups-opposed-c225\/","title":{"rendered":"Groupes Oppos\u00e9s au projet de loi C-225"},"content":{"rendered":"\n<p>Derni\u00e8re mise \u00e0 jour&nbsp;: <strong>22 octobre 2016<\/strong><\/p>\n\n\n\n<p>Les organisations suivantes ont demand\u00e9 \u00e0 \u00eatre ajout\u00e9es \u00e0 la liste pour exprimer leur opposition au projet de loi C-225, la \u00ab&nbsp;<em>Loi visant \u00e0 prot\u00e9ger les femmes enceintes et leur enfant \u00e0 na\u00eetre (loi de Cassie et Molly)&nbsp;<\/em>\u00bb.<\/p>\n\n\n\n<p><strong>Pour ajouter le nom de votre groupe \u00e0 la liste, veuillez envoyer un courriel \u00e0<\/strong><strong> <a href=\"mailto:info@arcc-cdac.ca\">info@arcc-cdac.ca<\/a><\/strong><br>(La liste est compil\u00e9e et g\u00e9r\u00e9e par la Coalition pour le droit \u00e0 l\u2019avortement au Canada)<\/p>\n\n\n\n<p><a href=\"http:\/\/www.arcc-cdac.ca\/fr\/c225.html\">Consultez notre page principale sur le projet de loi C-225<\/a>.&nbsp;<br><a href=\"http:\/\/www.arcc-cdac.ca\/fr\/action\/CDAC-ne-peut-appuyer-C225.pdf\">Consultez l\u2019\u00e9nonc\u00e9 de position de la CDAC<\/a>&nbsp;qui explique pourquoi le projet de loi C-225 peut menacer les droits des femmes et le droit \u00e0 l\u2019avortement.<\/p>\n\n\n\n<figure class=\"wp-block-table\"><table><thead><tr><td><\/td><td><strong>Nom de l&rsquo;organisation<\/strong><\/td><td><strong>Ville\/Province<\/strong><\/td><\/tr><\/thead><tbody><tr><td>&nbsp;<\/td><td>Action Canada pour la sant\u00e9 &amp; les droits sexuels<\/td><td>Ottawa ON<\/td><\/tr><tr><td>&nbsp;<\/td><td>Alliance de la Fonction publique du Canada<\/td><td>Ottawa ON<\/td><\/tr><tr><td>&nbsp;<\/td><td>Association femmes et droit (NAWL\/AFD)<\/td><td>Ottawa ON<\/td><\/tr><tr><td>&nbsp;<\/td><td>Atira Women\u2019s Resource Society<\/td><td>Vancouver BC<\/td><\/tr><tr><td>&nbsp;<\/td><td>BC Humanist Association British Columbia<\/td><td>Vancouver BC<\/td><\/tr><tr><td>&nbsp;<\/td><td>Canadian Centre for Gender &amp; Sexual Diversity<\/td><td>Ottawa ON<\/td><\/tr><tr><td>&nbsp;<\/td><td>Catholics for Choice-Canada<\/td><td>Peterborough ON<\/td><\/tr><tr><td>&nbsp;<\/td><td>Choice in Health Clinic<\/td><td>Toronto ON<\/td><\/tr><tr><td>&nbsp;<\/td><td>La Clinique des femmes de l\u2019Outaouais<\/td><td>Gatineau QC<\/td><\/tr><tr><td>&nbsp;<\/td><td>Clinique Morgentaler<\/td><td>Montreal QC<\/td><\/tr><tr><td>&nbsp;<\/td><td>Coalition of Provincial and Territorial Advisory Councils on the Status of Women<\/td><td>national<\/td><\/tr><tr><td>&nbsp;<\/td><td>Coalition pour le droit \u00e0 l\u2019avortement au Canada<\/td><td>National<\/td><\/tr><tr><td>&nbsp;<\/td><td>Collectif pour le Libre Choix<\/td><td>Sherbrooke QC<\/td><\/tr><tr><td>&nbsp;<\/td><td>ConcertAction Femmes Estrie<\/td><td>Sherbrooke QC<\/td><\/tr><tr><td>&nbsp;<\/td><td>Congr\u00e8s du travail du Canada<\/td><td>national<\/td><\/tr><tr><td>&nbsp;<\/td><td>Elizabeth Bagshaw Women&rsquo;s Clinic<\/td><td>Vancouver BC<\/td><\/tr><tr><td>&nbsp;<\/td><td>Everywoman&rsquo;s Health Centre<\/td><td>Vancouver BC<\/td><\/tr><tr><td>&nbsp;<\/td><td>F\u00e9d\u00e9ration canadienne des femmes dipl\u00f4m\u00e9es des universit\u00e9s (FCFDU)<\/td><td>Ottawa ON<\/td><\/tr><tr><td>&nbsp;<\/td><td>F\u00e9d\u00e9ration canadienne des syndicats d\u2019infirmi\u00e8res et d\u2019infirmiers (FCSII)<\/td><td>Ottawa ON<\/td><\/tr><tr><td>&nbsp;<\/td><td>F\u00e9d\u00e9ration des travailleurs et travailleuses du Qu\u00e9bec<\/td><td>Montreal QC<\/td><\/tr><tr><td>&nbsp;<\/td><td>F\u00e9d\u00e9ration du Qu\u00e9bec pour le planning des naissances (FQPN)<\/td><td>Montreal QC<\/td><\/tr><tr><td>&nbsp;<\/td><td>Gender and Women\u2019s Studies Interdisciplinary Program (UNB)<\/td><td>Fredericton NB<\/td><\/tr><tr><td>&nbsp;<\/td><td>Humanists, Atheists &amp; Agnostics of Manitoba<\/td><td>Winnipeg MB<\/td><\/tr><tr><td>&nbsp;<\/td><td>Justice Reproductive Nouveau-Brunswick<\/td><td>Fredericton NB<\/td><\/tr><tr><td>&nbsp;<\/td><td>Kensington Clinic<\/td><td>Calgary AB<\/td><\/tr><tr><td>&nbsp;<\/td><td>Kitchen Table Collective<\/td><td>Regina SK<\/td><\/tr><tr><td>&nbsp;<\/td><td>LEAF Halifax<\/td><td>Halifax NS<\/td><\/tr><tr><td>&nbsp;<\/td><td>Manitoba Association of Women&rsquo;s Shelters (MAWS)<\/td><td>Libau MB<\/td><\/tr><tr><td>&nbsp;<\/td><td>Manitoba Federation of Labour\u2019s Women\u2019s Committee<\/td><td>Winnipeg MB<\/td><\/tr><tr><td>&nbsp;<\/td><td>Manitoba Federation of Union Retirees (MFUR)<\/td><td>Winnipeg MB<\/td><\/tr><tr><td>&nbsp;<\/td><td>Medical Students for Choice<\/td><td>groupe national avec 20 chapitres<\/td><\/tr><tr><td>&nbsp;<\/td><td>Nellie\u2019s Women Shelter<\/td><td>Toronto ON<\/td><\/tr><tr><td>&nbsp;<\/td><td>Nova House Inc.<\/td><td>Selkirk MB<\/td><\/tr><tr><td>&nbsp;<\/td><td>Ontario Coalition for Abortion Clinics<\/td><td>Toronto ON<\/td><\/tr><tr><td>&nbsp;<\/td><td>Ontario Federation of Labour<\/td><td>Toronto ON<\/td><\/tr><tr><td>&nbsp;<\/td><td>Options for Sexual Health<\/td><td>Vancouver BC<\/td><\/tr><tr><td>&nbsp;<\/td><td>PACE Society<\/td><td>Vancouver BC<\/td><\/tr><tr><td>&nbsp;<\/td><td>Planned Parenthood Ottawa<\/td><td>Ottawa ON<\/td><\/tr><tr><td>&nbsp;<\/td><td>Planned Parenthood Regina<\/td><td>Regina SK<\/td><\/tr><tr><td>&nbsp;<\/td><td>Regroupement qu\u00e9b\u00e9cois des centres d\u2019aide et de lutte contre les agressions \u00e0 caract\u00e8re sexuel (RQCALACS)<\/td><td>Montr\u00e9al QC<\/td><\/tr><tr><td>&nbsp;<\/td><td>R\u00e9seau des Tables r\u00e9gionales de groupes de femmes du Qu\u00e9bec<\/td><td>Longueuil, QC<\/td><\/tr><tr><td>&nbsp;<\/td><td>R\u00e9seau juridique canadien VIH\/sida<\/td><td>Toronto ON<\/td><\/tr><tr><td>&nbsp;<\/td><td>Sacred Generations Doulas<\/td><td>Ottawa ON \/<br>Gatineau QC<\/td><\/tr><tr><td>&nbsp;<\/td><td>Sexual Health Options, Resources &amp; Education Centre<\/td><td>Kitchener ON<\/td><\/tr><tr><td>&nbsp;<\/td><td>Sexuality Education Resource Centre<\/td><td>Winnipeg MB<\/td><\/tr><tr><td>&nbsp;<\/td><td>Syndicat canadien de la fonction publique (SCFP)<\/td><td>Ottawa ON<\/td><\/tr><tr><td>&nbsp;<\/td><td>Syndicat des travailleurs et travailleuses des postes<\/td><td>Ottawa ON<\/td><\/tr><tr><td>&nbsp;<\/td><td>Table de concertation des groupes de femmes du Bas-Saint-Laurent (TCGFBSL)<\/td><td>Matane QC<\/td><\/tr><tr><td>&nbsp;<\/td><td>Table de concertation du mouvement des femmes de la Mauricie (TCMFM)<\/td><td>Trois-Rivi\u00e8res QC<\/td><\/tr><tr><td>&nbsp;<\/td><td>Toronto Women&rsquo;s City Alliance<\/td><td>Toronto ON<\/td><\/tr><tr><td>&nbsp;<\/td><td>UBC Women&rsquo;s Centre<\/td><td>Vancouver BC<\/td><\/tr><tr><td>&nbsp;<\/td><td>Unifor<\/td><td>Toronto ON<\/td><\/tr><tr><td>&nbsp;<\/td><td>United Steelworkers \/ M\u00e9tallos<\/td><td>Toronto ON<\/td><\/tr><tr><td>&nbsp;<\/td><td>Vancouver Rape Relief and Women&rsquo;s Shelter<\/td><td>Vancouver BC<\/td><\/tr><tr><td>&nbsp;<\/td><td>Vancouver Women\u2019s Health Collective<\/td><td>Vancouver BC<\/td><\/tr><tr><td>&nbsp;<\/td><td>Westcoast LEAF<\/td><td>Vancouver BC<\/td><\/tr><tr><td>&nbsp;<\/td><td>Willow Women\u2019s Clinic<\/td><td>Vancouver BC<\/td><\/tr><tr><td>&nbsp;<\/td><td>Women&rsquo;s Health Clinic<\/td><td>Winnipeg MB<\/td><\/tr><tr><td>&nbsp;<\/td><td>Women&rsquo;s Legal Education and Action Fund (LEAF)<\/td><td>National<\/td><\/tr><tr><td>&nbsp;<\/td><td>Yukon Status of Women Council<\/td><td>Whitehorse YT<\/td><\/tr><\/tbody><\/table><\/figure>\n","protected":false},"excerpt":{"rendered":"<p>Derni\u00e8re mise \u00e0 jour&nbsp;: 22 octobre 2016 Les organisations suivantes ont demand\u00e9 \u00e0 \u00eatre ajout\u00e9es \u00e0 la liste pour exprimer leur opposition au projet de loi C-225, la \u00ab&nbsp;Loi visant \u00e0 prot\u00e9ger les femmes enceintes et leur enfant \u00e0 na\u00eetre (loi de Cassie et Molly)&nbsp;\u00bb. Pour ajouter le nom de votre groupe \u00e0 la liste,&hellip;<\/p>\n","protected":false},"author":3,"featured_media":0,"parent":0,"menu_order":232,"comment_status":"closed","ping_status":"closed","template":"","meta":{"_acf_changed":false,"_nakedcatplugins_page_lang":"","_nakedcatplugins_page_dir":"ltr","footnotes":""},"class_list":["post-8054","page","type-page","status-publish","hentry"],"acf":{"toc_header":"","toc_header_source":{"label":"TOC Header","type":"text","formatted_value":""},"printfriendly":true,"printfriendly_source":{"label":"Show PrintFriendly Options","type":"true_false","formatted_value":true}},"_links":{"self":[{"href":"https:\/\/www.arcc-cdac.ca\/fr\/wp-json\/wp\/v2\/pages\/8054","targetHints":{"allow":["GET"]}}],"collection":[{"href":"https:\/\/www.arcc-cdac.ca\/fr\/wp-json\/wp\/v2\/pages"}],"about":[{"href":"https:\/\/www.arcc-cdac.ca\/fr\/wp-json\/wp\/v2\/types\/page"}],"author":[{"embeddable":true,"href":"https:\/\/www.arcc-cdac.ca\/fr\/wp-json\/wp\/v2\/users\/3"}],"replies":[{"embeddable":true,"href":"https:\/\/www.arcc-cdac.ca\/fr\/wp-json\/wp\/v2\/comments?post=8054"}],"version-history":[{"count":2,"href":"https:\/\/www.arcc-cdac.ca\/fr\/wp-json\/wp\/v2\/pages\/8054\/revisions"}],"predecessor-version":[{"id":8056,"href":"https:\/\/www.arcc-cdac.ca\/fr\/wp-json\/wp\/v2\/pages\/8054\/revisions\/8056"}],"wp:attachment":[{"href":"https:\/\/www.arcc-cdac.ca\/fr\/wp-json\/wp\/v2\/media?parent=8054"}],"curies":[{"name":"wp","href":"https:\/\/api.w.org\/{rel}","templated":true}]}}