{"id":8063,"date":"2020-06-29T09:10:58","date_gmt":"2020-06-29T13:10:58","guid":{"rendered":"https:\/\/www.arcc-cdac.ca\/list-antichoice-mps-nov08\/"},"modified":"2020-08-17T00:46:49","modified_gmt":"2020-08-17T07:46:49","slug":"list-antichoice-mps-nov08","status":"publish","type":"page","link":"https:\/\/www.arcc-cdac.ca\/fr\/list-antichoice-mps-nov08\/","title":{"rendered":"Liste des d\u00e9put\u00e9s f\u00e9d\u00e9raux anti-choix"},"content":{"rendered":"\n<p>Produite par la Coalition pour le droit \u00e0 l\u2019avortement du Canada (<a href=\"http:\/\/www.arcc-cdac.ca\/fr\/home.html\">ARCC-CDAC<\/a>)<\/p>\n\n\n\n<p>le 15 novembre 2008<\/p>\n\n\n\n<p>Voici une liste des d\u00e9put\u00e9s f\u00e9d\u00e9raux reconnus comme anti-choix.<\/p>\n\n\n\n<p>Veuillez communiquer avec nous ( <a href=\"mailto:info@arcc-cdac.ca\">info@arcc-cdac.ca<\/a> ) si vous avez d\u2019autres informations ou des correctifs \u00e0 apporter \u00e0 cette liste. Merci.<\/p>\n\n\n\n<figure class=\"wp-block-table\"><table><thead><tr><th><strong>D\u00e9put\u00e9s<\/strong><\/th><th><strong>Avant l&rsquo;\u00e9lection 2008<\/strong><\/th><th><strong>Apr\u00e8s l\u2019\u00e9lection 2008<\/strong><\/th><\/tr><\/thead><tbody><tr><td>Total des anti-choix<\/td><td><strong>123 <\/strong>(40%)<\/td><td><strong>119 <\/strong>(39%)<\/td><\/tr><tr><td>&#8211; Conservateurs<\/td><td>95 de 127 (75%)<\/td><td>98 de 143 (68%)<\/td><\/tr><tr><td>&#8211; Lib\u00e9raux<\/td><td>26 de 95 (27%)<\/td><td>19 de 77 (25%)<\/td><\/tr><tr><td>&#8211; Ind\u00e9pendants<\/td><td>2<\/td><td>2<\/td><\/tr><tr><td>Total des pro-choix<\/td><td><strong>125* <\/strong>(41%)<\/td><td><strong>125* <\/strong>(41%)<\/td><\/tr><tr><td>Total des d\u00e9put\u00e9s dont l\u2019opinion est inconnue<\/td><td><strong>56 <\/strong>(18%)<\/td><td><strong>64 <\/strong>(21%)<\/td><\/tr><tr><td>Total<\/td><td><strong>304<\/strong><\/td><td><strong>308<\/strong><\/td><\/tr><\/tbody><\/table><\/figure>\n\n\n\n<p>*Cet estim\u00e9 comprend les d\u00e9put\u00e9s Lib\u00e9raux et Conservateurs ayant la r\u00e9putation d\u2019\u00eatre pro-choix et tous les membres du Bloc qu\u00e9b\u00e9cois et du NPD, en pr\u00e9sumant qu\u2019ils\/elles sont pro-choix.<\/p>\n\n\n\n<p>Les 20 d\u00e9put\u00e9s Conservateurs ci-dessous (marqu\u00e9s d&rsquo;un ast\u00e9risque) ont vot\u00e9 en faveur de la Loi C-484, mais n\u2019ont pas d\u2019autre position publique sur la question de l\u2019avortement, y compris pas de position sur le Prix de l\u2019Ordre du Canada accord\u00e9 au Dr Morgentaler. Il est possible qu\u2019ils\/elles ne soient pas anti-choix; c\u2019est pourquoi ils\/elles ne figurent pas sur les totaux du haut de la page, mais sont \u00e9num\u00e9r\u00e9s ci-dessous. (Veuillez nous envoyer un courriel ( <a href=\"mailto:info@arcc-cdac.ca\">info@arcc-cdac.ca<\/a> ) si vous avez d\u2019autres informations.)<\/p>\n\n\n\n<figure class=\"wp-block-table\"><table><thead><tr><td><strong>Membres du Parlement<\/strong><strong> <\/strong><strong><br><\/strong><strong>Anti Choix<\/strong><\/td><td><strong>D\u00e9sign\u00e9s anti-choix \u00e0 2004, 2006, ou 2008 des \u00e9lections f\u00e9d\u00e9rales<\/strong><strong> <\/strong><strong><a href=\"https:\/\/www.arcc-cdac.ca\/fr\/action\/liste-deputes-anti-choix-08.html#f1\">(1)<\/a><\/strong><strong><\/strong><\/td><td><strong>Oppos\u00e9s \u00e0<\/strong><strong><br>l\u2019Ordre du Canada<br>pour Dr. M <a href=\"https:\/\/www.arcc-cdac.ca\/fr\/action\/liste-deputes-anti-choix-08.html#f2\">(2)<\/a><\/strong><strong><\/strong><\/td><td><strong>Vot\u00e9s en faveur du<\/strong><strong><br><\/strong><strong>C-484 \u00e0 la<\/strong><strong> <\/strong><strong>2<sup>\u00e8me<\/sup><\/strong><strong> lecture <a href=\"https:\/\/www.arcc-cdac.ca\/fr\/action\/liste-deputes-anti-choix-08.html#f3\">(3)<\/a><\/strong><strong><\/strong><\/td><\/tr><\/thead><tbody><tr><td><strong>&nbsp;<\/strong><\/td><td><strong>&nbsp;<\/strong><\/td><td><strong>&nbsp;<\/strong><\/td><td><strong>&nbsp;<\/strong><\/td><\/tr><tr><td><strong>Parti Conservateur du Canada<\/strong><\/td><td><strong>&nbsp;<\/strong><strong><\/strong><\/td><td><strong>&nbsp;<\/strong><strong><\/strong><\/td><td><strong>&nbsp;<\/strong><strong><\/strong><\/td><\/tr><tr><td>Jim Abbott<\/td><td>\u221a<\/td><td>\u221a<\/td><td>\u221a<\/td><\/tr><tr><td>Diane Ablonczy<\/td><td>\u221a<\/td><td>\u221a<\/td><td>\u221a<\/td><\/tr><tr><td>Harold Albrecht<\/td><td>\u221a<\/td><td>\u221a<\/td><td>\u221a<\/td><\/tr><tr><td>Mike Allen<\/td><td>\u221a<\/td><td>\u221a<\/td><td>\u221a<\/td><\/tr><tr><td>Dean Allison<\/td><td>\u221a<\/td><td>\u221a<\/td><td>\u221a<\/td><\/tr><tr><td>Rona Ambrose<\/td><td>&nbsp;<\/td><td>\u221a<\/td><td>\u221a<\/td><\/tr><tr><td>Rob Anders<\/td><td>\u221a<\/td><td>\u221a<\/td><td>\u221a<\/td><\/tr><tr><td>David L. Anderson<\/td><td>\u221a<\/td><td>\u221a<\/td><td>\u221a<\/td><\/tr><tr><td>Keith Ashfield<\/td><td>\u221a<\/td><td>\u2014<\/td><td>\u2014<\/td><\/tr><tr><td>John Baird *<\/td><td>&nbsp;<\/td><td>Pas de r\u00e9ponse<\/td><td>\u221a<\/td><\/tr><tr><td>Leon Benoit<\/td><td>\u221a<\/td><td>\u221a<\/td><td>\u221a<\/td><\/tr><tr><td>James Bezan<\/td><td>&nbsp;<\/td><td>\u221a<\/td><td>\u221a<\/td><\/tr><tr><td>Jean-Pierre Blackburn&nbsp;*<\/td><td>&nbsp;<\/td><td>Pas de r\u00e9ponse<\/td><td>\u221a<\/td><\/tr><tr><td>Steven Blaney *<\/td><td>&nbsp;<\/td><td>Refus\u00e9 de r\u00e9pondre<\/td><td>\u221a<\/td><\/tr><tr><td>Kelly Block<\/td><td>\u221a<\/td><td>\u2014<\/td><td>\u2014<\/td><\/tr><tr><td>Garry Breitkreuz<\/td><td>\u221a<\/td><td>\u221a<\/td><td>\u221a<\/td><\/tr><tr><td>Gordon Brown<\/td><td>\u221a<\/td><td>\u221a<\/td><td>\u221a<\/td><\/tr><tr><td>Lois Brown<\/td><td>\u221a<\/td><td>\u2014<\/td><td>\u2014<\/td><\/tr><tr><td>Patrick Brown<\/td><td>&nbsp;<\/td><td>\u221a<\/td><td>\u221a<\/td><\/tr><tr><td>Rod Bruinooge<\/td><td>\u221a<\/td><td>\u221a<\/td><td>\u221a<\/td><\/tr><tr><td>Paul Calandra<\/td><td>\u221a<\/td><td>\u2014<\/td><td>\u2014<\/td><\/tr><tr><td>Blaine Calkins<\/td><td>&nbsp;<\/td><td>\u221a<\/td><td>\u221a<\/td><\/tr><tr><td>Ron Cannan *<\/td><td>&nbsp;<\/td><td>Refus\u00e9 de r\u00e9pondre<\/td><td>\u221a<\/td><\/tr><tr><td>Colin Carrie<\/td><td>\u221a<\/td><td>\u221a<\/td><td>\u221a<\/td><\/tr><tr><td>Rick Casson<\/td><td>\u221a<\/td><td>\u221a<\/td><td>\u221a<\/td><\/tr><tr><td>Michael Chong *<\/td><td>&nbsp;<\/td><td>Pas de r\u00e9ponse<\/td><td>\u221a<\/td><\/tr><tr><td>Tony Clement *<\/td><td>&nbsp;<\/td><td>Pas de r\u00e9ponse<\/td><td>\u221a<\/td><\/tr><tr><td>John Cummins<\/td><td>\u221a<\/td><td>\u221a<\/td><td>\u221a<\/td><\/tr><tr><td>Patricia Davidson<\/td><td>\u221a<\/td><td>\u221a<\/td><td>\u221a<\/td><\/tr><tr><td>Stockwell Day<\/td><td>\u221a<\/td><td>\u221a<\/td><td>\u221a<\/td><\/tr><tr><td>Dean Del Mastro<\/td><td>\u221a<\/td><td>\u221a<\/td><td>\u221a<\/td><\/tr><tr><td>Barry Devolin<\/td><td>&nbsp;<\/td><td>\u221a<\/td><td>\u221a<\/td><\/tr><tr><td>John Duncan<\/td><td>\u221a<\/td><td>\u2014<\/td><td>\u2014<\/td><\/tr><tr><td>Rick Dykstra<\/td><td>\u221a<\/td><td>\u221a<\/td><td>\u221a<\/td><\/tr><tr><td>Edward Fast<\/td><td>&nbsp;<\/td><td>\u221a<\/td><td>\u221a<\/td><\/tr><tr><td>Diane Finley *<\/td><td>&nbsp;<\/td><td>Refus\u00e9 de r\u00e9pondre<\/td><td>\u221a<\/td><\/tr><tr><td>Jim Flaherty<\/td><td>\u221a<\/td><td>Pas de r\u00e9ponse<\/td><td>Absent<\/td><\/tr><tr><td>Steven Fletcher *<\/td><td>&nbsp;<\/td><td>Pas de r\u00e9ponse<\/td><td>\u221a<\/td><\/tr><tr><td>Royal Galipeau<\/td><td>\u221a<\/td><td>\u221a<\/td><td>\u221a<\/td><\/tr><tr><td>Cheryl Gallant<\/td><td>\u221a<\/td><td>\u221a<\/td><td>\u221a<\/td><\/tr><tr><td>Peter Goldring<\/td><td>\u221a<\/td><td>\u221a<\/td><td>\u221a<\/td><\/tr><tr><td>Gary Goodyear<\/td><td>\u221a<\/td><td>\u221a<\/td><td>\u221a<\/td><\/tr><tr><td>Jacques Gourdes *<\/td><td>&nbsp;<\/td><td>Pas de r\u00e9ponse<\/td><td>\u221a<\/td><\/tr><tr><td>Nina Grewal<\/td><td>\u221a<\/td><td>\u221a<\/td><td>\u221a<\/td><\/tr><tr><td>Helena Guergis *<\/td><td>&nbsp;<\/td><td>Pas de r\u00e9ponse<\/td><td>\u221a<\/td><\/tr><tr><td>Stephen Harper<\/td><td>&nbsp;<\/td><td>\u221a<\/td><td>\u221a<\/td><\/tr><tr><td>Richard Harris<\/td><td>\u221a<\/td><td>\u221a<\/td><td>\u221a<\/td><\/tr><tr><td>Luc Harvey<\/td><td>&nbsp;<\/td><td>\u221a<\/td><td>\u221a<\/td><\/tr><tr><td>Laurie Hawn<\/td><td>&nbsp;<\/td><td>\u221a<\/td><td>\u221a<\/td><\/tr><tr><td>Russ Hiebert<\/td><td>\u221a<\/td><td>\u221a<\/td><td>\u221a<\/td><\/tr><tr><td>Jay Hill<\/td><td>\u221a<\/td><td>Pas de r\u00e9ponse<\/td><td>\u221a<\/td><\/tr><tr><td>Randy Hoback<\/td><td>\u221a<\/td><td>\u2014<\/td><td>\u2014<\/td><\/tr><tr><td>Ed Holder<\/td><td>\u221a<\/td><td>\u2014<\/td><td>\u2014<\/td><\/tr><tr><td>Brian Jean<\/td><td>\u221a<\/td><td>Refus\u00e9 de r\u00e9pondre<\/td><td>\u221a<\/td><\/tr><tr><td>Randy Kamp<\/td><td>\u221a<\/td><td>\u221a<\/td><td>\u221a<\/td><\/tr><tr><td>Gerald Keddy *<\/td><td>&nbsp;<\/td><td>Pas de r\u00e9ponse<\/td><td>\u221a<\/td><\/tr><tr><td>Jason Kenney<\/td><td>\u221a<\/td><td>\u221a<\/td><td>\u221a<\/td><\/tr><tr><td>Ed Komarnicki<\/td><td>\u221a<\/td><td>\u221a<\/td><td>\u221a<\/td><\/tr><tr><td>Daryl Kramp<\/td><td>\u221a<\/td><td>\u221a<\/td><td>\u221a<\/td><\/tr><tr><td>Michael Lake<\/td><td>&nbsp;<\/td><td>\u221a<\/td><td>\u221a<\/td><\/tr><tr><td>Guy Lauzon<\/td><td>\u221a<\/td><td>\u221a<\/td><td>\u221a<\/td><\/tr><tr><td>Denis Lebel *<\/td><td>&nbsp;<\/td><td>Pas de r\u00e9ponse<\/td><td>\u221a<\/td><\/tr><tr><td>Pierre Lemieux<\/td><td>\u221a<\/td><td>\u221a<\/td><td>\u221a<\/td><\/tr><tr><td>Tom Lukiwski<\/td><td>\u221a<\/td><td>\u221a<\/td><td>\u221a<\/td><\/tr><tr><td>James Lunney<\/td><td>\u221a<\/td><td>\u221a<\/td><td>\u221a<\/td><\/tr><tr><td>Gary Lunn<\/td><td>\u221a<\/td><td>Refus\u00e9 de r\u00e9pondre<\/td><td>\u221a<\/td><\/tr><tr><td>Peter MacKay<\/td><td>&nbsp;<\/td><td>\u221a<\/td><td>\u221a<\/td><\/tr><tr><td>Dave MacKenzie *<\/td><td>&nbsp;<\/td><td>Pas de r\u00e9ponse<\/td><td>\u221a<\/td><\/tr><tr><td>Inky Mark *<\/td><td>&nbsp;<\/td><td>Pas de r\u00e9ponse<\/td><td>\u221a<\/td><\/tr><tr><td>Colin Mayes<\/td><td>&nbsp;<\/td><td>\u221a<\/td><td>\u221a<\/td><\/tr><tr><td>Phil McColeman<\/td><td>\u221a<\/td><td>\u2014<\/td><td>\u2014<\/td><\/tr><tr><td>Cathy McLeod<\/td><td>\u221a<\/td><td>\u2014<\/td><td>\u2014<\/td><\/tr><tr><td>Ted Menzies<\/td><td>\u221a<\/td><td>Refus\u00e9 de r\u00e9pondre<\/td><td>\u221a<\/td><\/tr><tr><td>Rob Merrifield<\/td><td>\u221a<\/td><td>Refus\u00e9 de r\u00e9pondre<\/td><td>\u221a<\/td><\/tr><tr><td>Larry Miller<\/td><td>&nbsp;<\/td><td>\u221a<\/td><td>\u221a<\/td><\/tr><tr><td>James Moore<\/td><td>\u221a<\/td><td>Pas de r\u00e9ponse<\/td><td>\u221a<\/td><\/tr><tr><td>Rob Moore<\/td><td>\u221a<\/td><td>\u221a<\/td><td>\u221a<\/td><\/tr><tr><td>Rob Nicholson<\/td><td>\u221a<\/td><td>\u221a<\/td><td>\u221a<\/td><\/tr><tr><td>Rick Norlock *<\/td><td>&nbsp;<\/td><td>Pas de r\u00e9ponse<\/td><td>\u221a<\/td><\/tr><tr><td>Deepak Obhrai<\/td><td>\u221a<\/td><td>Pas de r\u00e9ponse<\/td><td>\u221a<\/td><\/tr><tr><td>Bev Oda *<\/td><td>&nbsp;<\/td><td>Pas de r\u00e9ponse<\/td><td>\u221a<\/td><\/tr><tr><td>Christian Paradis *<\/td><td>&nbsp;<\/td><td>Pas de r\u00e9ponse<\/td><td>\u221a<\/td><\/tr><tr><td>LaVar Payne<\/td><td>\u221a<\/td><td>\u2014<\/td><td>\u2014<\/td><\/tr><tr><td>Daniel Petit *<\/td><td>&nbsp;<\/td><td>Pas de r\u00e9ponse<\/td><td>\u221a<\/td><\/tr><tr><td>Pierre Poilievre &nbsp;<\/td><td>\u221a<\/td><td>\u221a<\/td><td>\u221a<\/td><\/tr><tr><td>Joe Preston<\/td><td>&nbsp;<\/td><td>\u221a<\/td><td>\u221a<\/td><\/tr><tr><td>James Rajotte<\/td><td>\u221a<\/td><td>\u221a<\/td><td>\u221a<\/td><\/tr><tr><td>Brent Rathgeber<\/td><td>\u221a<\/td><td>\u2014<\/td><td>\u2014<\/td><\/tr><tr><td>Scott Reid &nbsp;<\/td><td>\u221a<\/td><td>Pas de r\u00e9ponse<\/td><td>\u221a<\/td><\/tr><tr><td>Blake Richards<\/td><td>\u221a<\/td><td>\u2014<\/td><td>\u2014<\/td><\/tr><tr><td>Lee Richardson &nbsp;<\/td><td>\u221a<\/td><td>\u221a<\/td><td>\u221a<\/td><\/tr><tr><td>Gerry Ritz &nbsp;<\/td><td>\u221a<\/td><td>\u221a<\/td><td>\u221a<\/td><\/tr><tr><td>Andrew Scheer &nbsp;<\/td><td>\u221a<\/td><td>\u221a<\/td><td>\u221a<\/td><\/tr><tr><td>Gary Schellenberger*<\/td><td>&nbsp;<\/td><td>Refus\u00e9 de r\u00e9pondre<\/td><td>\u221a<\/td><\/tr><tr><td>Bev Shipley&nbsp;<\/td><td>\u221a<\/td><td>\u221a<\/td><td>\u221a<\/td><\/tr><tr><td>Joy Smith &nbsp;<\/td><td>\u221a<\/td><td>\u221a<\/td><td>\u221a<br>(pair\u00e9s, absente)<\/td><\/tr><tr><td>Kevin Sorenson &nbsp;<\/td><td>\u221a<\/td><td>\u221a<\/td><td>\u221a<\/td><\/tr><tr><td>Bruce Stanton<\/td><td>&nbsp;<\/td><td>\u221a<\/td><td>\u221a<\/td><\/tr><tr><td>Brian Storseth<\/td><td>&nbsp;<\/td><td>\u221a<\/td><td>\u221a<\/td><\/tr><tr><td>Chuck Strahl &nbsp;<\/td><td>\u221a<\/td><td>\u221a<\/td><td>\u221a<\/td><\/tr><tr><td>David Sweet<\/td><td>\u221a<\/td><td>\u221a<\/td><td>\u221a<\/td><\/tr><tr><td>Greg Thompson &nbsp;<\/td><td>\u221a<\/td><td>\u221a<\/td><td>\u221a<\/td><\/tr><tr><td>David Tilson *<\/td><td>&nbsp;<\/td><td>Pas de r\u00e9ponse<\/td><td>\u221a<\/td><\/tr><tr><td>Vic Toews &nbsp;<\/td><td>\u221a<\/td><td>\u221a<\/td><td>\u221a<\/td><\/tr><tr><td>Bradley Trost &nbsp;<\/td><td>\u221a<\/td><td>\u221a<\/td><td>\u221a<\/td><\/tr><tr><td>Mervin Tweed<\/td><td>&nbsp;<\/td><td>\u221a<\/td><td>\u221a<\/td><\/tr><tr><td>Tim Uppal<\/td><td>\u221a<\/td><td>\u2014<\/td><td>\u2014<\/td><\/tr><tr><td>David Van Kesteren<\/td><td>\u221a<\/td><td>\u221a<\/td><td>\u221a<\/td><\/tr><tr><td>Peter Van Loan<\/td><td>&nbsp;<\/td><td>\u221a<\/td><td>\u221a<\/td><\/tr><tr><td>Maurice Vellacott&nbsp;<\/td><td>\u221a<\/td><td>\u221a<\/td><td>\u221a<\/td><\/tr><tr><td>Mike Wallace<\/td><td>&nbsp;<\/td><td>\u221a<\/td><td>\u221a<\/td><\/tr><tr><td>Mark Warawa<\/td><td>\u221a<\/td><td>\u221a<\/td><td>\u221a<\/td><\/tr><tr><td>Christopher Warkentin<\/td><td>&nbsp;<\/td><td>\u221a<\/td><td>\u221a<\/td><\/tr><tr><td>Jeff Watson &nbsp;<\/td><td>\u221a<\/td><td>\u221a<\/td><td>\u221a<\/td><\/tr><tr><td>Rodney Weston<\/td><td>\u221a<\/td><td>\u2014<\/td><td>\u2014<\/td><\/tr><tr><td>Alice Wong<\/td><td>\u221a<\/td><td>\u2014<\/td><td>\u2014<\/td><\/tr><tr><td>Stephen Woodworth<\/td><td>\u221a<\/td><td>\u2014<\/td><td>\u2014<\/td><\/tr><tr><td>Lynne Yelich &nbsp;<\/td><td>\u221a<\/td><td>\u221a<\/td><td>\u221a<\/td><\/tr><tr><td><strong>Parti Lib\u00e9raux<\/strong><strong> <\/strong><strong><\/strong><\/td><td><strong>&nbsp;<\/strong><\/td><td><strong>&nbsp;<\/strong><\/td><td><strong>&nbsp;<\/strong><\/td><\/tr><tr><td>Wayne Easter<\/td><td>\u221a<\/td><td>\u221a<\/td><td>Nay<\/td><\/tr><tr><td>Mark Eyking &nbsp;<\/td><td>\u221a<\/td><td>Refus\u00e9 de r\u00e9pondre<\/td><td>Absent<\/td><\/tr><tr><td>Judy Foote<\/td><td>\u221a<\/td><td>\u2014<\/td><td>\u2014<\/td><\/tr><tr><td>John Godfrey<\/td><td>\u221a<\/td><td>Refus\u00e9 de r\u00e9pondre<\/td><td>Nay<\/td><\/tr><tr><td>Albina Guarnieri &nbsp;<\/td><td>\u221a<\/td><td>\u221a<\/td><td>\u221a<\/td><\/tr><tr><td>Jim Karygiannis&nbsp;<\/td><td>\u221a<\/td><td>\u221a<\/td><td>\u221a<\/td><\/tr><tr><td>Derek Lee<\/td><td>&nbsp;<\/td><td>\u221a<\/td><td>\u221a<\/td><\/tr><tr><td>Gurbax Malhi<\/td><td>\u221a<\/td><td>Pas de r\u00e9ponse<\/td><td>\u221a<\/td><\/tr><tr><td>Lawrence MacAuley &nbsp;<\/td><td>\u221a<\/td><td>\u221a<\/td><td>\u221a<\/td><\/tr><tr><td>John McKay<\/td><td>&nbsp;<\/td><td>\u221a<\/td><td>\u221a<\/td><\/tr><tr><td>Dan McTeague &nbsp;<\/td><td>\u221a<\/td><td>\u221a<\/td><td>\u221a<\/td><\/tr><tr><td>Shawn Murphy<\/td><td>\u221a<\/td><td>\u221a<\/td><td>\u221a<\/td><\/tr><tr><td>Massimo Pacetti<\/td><td>&nbsp;<\/td><td>\u221a<\/td><td>\u221a<\/td><\/tr><tr><td>Paul Szabo &nbsp;<\/td><td>\u221a<\/td><td>\u221a<\/td><td>\u221a<\/td><\/tr><tr><td>Robert Thibault<\/td><td>&nbsp;<\/td><td>\u221a<\/td><td>\u221a<\/td><\/tr><tr><td>Alan Tonks &nbsp;<\/td><td>\u221a<\/td><td>\u221a<\/td><td>\u221a<\/td><\/tr><tr><td>Joe Volpe &nbsp;<\/td><td>\u221a<\/td><td>Refus\u00e9 de r\u00e9pondre<\/td><td>Absent<\/td><\/tr><tr><td>Bryon Wilfert<\/td><td>&nbsp;<\/td><td>\u221a<\/td><td>Absent<\/td><\/tr><tr><td>Borys Wrzesnewskyi<\/td><td>\u221a<\/td><td>\u221a<\/td><td>\u221a<\/td><\/tr><tr><td><strong>Independent<\/strong><\/td><td><strong>&nbsp;<\/strong><\/td><td><strong>&nbsp;<\/strong><\/td><td><strong>&nbsp;<\/strong><\/td><\/tr><tr><td>Andr\u00e9 Arthur<\/td><td>&nbsp;<\/td><td>\u221a<\/td><td>\u221a<\/td><\/tr><tr><td>Bill Casey<\/td><td>\u221a<\/td><td>\u221a<\/td><td>Absent<\/td><\/tr><\/tbody><\/table><\/figure>\n\n\n\n<p>Colonne 1 \u2013 Les d\u00e9put\u00e9s anti-choix ont \u00e9t\u00e9 identifi\u00e9-es lors des \u00e9lections f\u00e9d\u00e9rales de 2004, 2006 et 2008.&nbsp; Les crit\u00e8res utilis\u00e9s \u00e9taient leur feuille de route de votes anti-choix et leurs \u00e9nonc\u00e9s publics ou pr\u00e9sences \u00e0 des \u00e9v\u00e9nements organis\u00e9s par des groupes anti-choix, ou leurs d\u00e9clarations publiques \u00e0 l\u2019effet qu\u2019ils\/elles \u00e9taient \u00ab&nbsp;pro-vie&nbsp;\u00bb ou soutiendraient l\u2019avortement seulement dans des circonstances restreintes. (Note&nbsp;: le nom du d\u00e9put\u00e9 Conservateur Gordon O\u2019Connor a \u00e9t\u00e9 enlev\u00e9 de la liste anti-choix de 2006 pour avoir subs\u00e9quemment vot\u00e9 contre le projet de loi C-484 et pour avoir soutenu la remise du Prix de l\u2019Ordre du Canada au Dr Morgentaler.)<\/p>\n\n\n\n<p>Colonne 2 \u2013 D\u00e9termine si chaque d\u00e9put\u00e9 s\u2019est oppos\u00e9-e publiquement \u00e0 la remise de l\u2019Ordre du Canada au Dr Morgentaler, selon un sondage fait par la \u00ab&nbsp;Campaign Life Coalition&nbsp;\u00bb.<\/p>\n\n\n\n<p>Colonne 3 \u2013 D\u00e9termine si chaque d\u00e9put\u00e9 a vot\u00e9 en faveur du projet de loi C-484 (\u00ab&nbsp;sur les actes criminels contre les victimes non encore n\u00e9es&nbsp;\u00bb) en deuxi\u00e8me lecture au Parlement, le 5 mars 2008. (Note : Quelques d\u00e9put\u00e9s pro-choix avaient vot\u00e9 en faveur du projet de loi C-484, tels Peter Stoffer (NPD) et les d\u00e9put\u00e9s Lib\u00e9raux John Cannis, Sukh Dhaliwal et Francis Scarpallegia.)<\/p>\n\n\n\n<h2 class=\"wp-block-heading\"><strong>Sources:<\/strong><\/h2>\n\n\n\n<ul class=\"wp-block-list\"><li><a href=\"http:\/\/www.campaignlifecoalition.com\/elections\/federal\/\">2008 Federal Elections<\/a>, Candidate Evaluations. Campaign Life Coalition. Octobre 2008.<\/li><li><a href=\"http:\/\/www.campaignlifecoalition.com\/national_news\/2008\/news_1108.pdf\">Federal Election<\/a>, CLC National News, Novembre 2008.<\/li><li><a href=\"http:\/\/www.lifesitenews.com\/ldn\/2008\/oct\/08103115.html\">Canadian National Pro-Life Group Presents Detailed Assessment of Federal Election Result<\/a>, Steve Jalsevac, LifeSiteNews, le 31 octobre 2008.<\/li><li><a href=\"http:\/\/www.xtra.ca\/public\/National\/Federal_election_results_mixed_for_Ontario_gays-5682.aspx\">Federal Election Results Mixed for Ontario Gays<\/a>, Xtra.ca, le 15 octobre 2008.<\/li><li><a href=\"http:\/\/www.lifesitenews.com\/ldn\/printerfriendly.html?articleid=08082804\">Over 100 MPs Oppose Morgentaler Order of Canada \u2013 List Released Today<\/a>, LifeSiteNews.com, le 28 ao\u00fbt 2008.<\/li><li><a href=\"http:\/\/www2.parl.gc.ca\/HousePublications\/Publication.aspx?DocId=3326039&amp;Language=E&amp;Mode=1&amp;Parl=39&amp;Ses=2\">Chambre des communes du Canada, 39<sup>e<\/sup> L\u00e9gislature, 2<sup>e<\/sup> session, Journaux, N. 60, le mercredi 5 mars 2008<\/a>,&nbsp;(aller presque jusqu\u2019au bas de la page pour le d\u00e9compte des votes sur le projet C-484)<\/li><li><a href=\"http:\/\/www.arcc-cdac.ca\/action\/conservative-danger.html\">Conservative Minority Poses a Danger to Abortion Rights<\/a>, Abortion Rights Coalition of Canada, le 23 juin 2006.<\/li><li><a href=\"http:\/\/www.campaignlifecoalition.com\/elections\/federal2006\/index.html\" target=\"_blank\" rel=\"noreferrer noopener\">Candidate Evaluations \/ Questionnaire Results<\/a> &#8211; Federal Election Canada 2006, Campaign Life Coalition<\/li><li><a href=\"http:\/\/www.lifesitenews.com\/elections\/provincial\/alberta\/2004\/displayresults.html\">Alberta Provincial Election 2004<\/a>. LifeSiteNews, 2004.<\/li><li><a href=\"http:\/\/www.theinterim.com\/2000\/election2000\/prov\/on3.html\">Ontario Questionnaire Results <\/a>(2000 Ontario Provincial election), The Interim, Novembre 2000.<\/li><li><a href=\"http:\/\/www.prochoiceactionnetwork-canada.org\/articles\/discouraging-victory.shtml\" target=\"_blank\" rel=\"noreferrer noopener\">A Discouraging Victory<\/a>, Joyce Arthur, Pro-Choice Press, Printemps\/\u00e9t\u00e9 2004<\/li><li><a href=\"http:\/\/www.acpd.ca\/acpd.cfm\/en\/section\/Elect2006\/articleid\/326\" target=\"_blank\" rel=\"noreferrer noopener\">Is There a Hidden Conservative Party Agenda on Abortion? You Decide<\/a>. Katherine McDonald, Action Canada pour la Population et le D\u00e9veloppement, 13 janvier 2006.<\/li><li><a href=\"http:\/\/www.acpd.ca\/acpd.cfm\/fr\/section\/Elect2006\/articleid\/337\">Analyse post-\u00e9lectorale de l\u2019\u00e9lection f\u00e9d\u00e9rale par Action Canada pour la Population et le D\u00e9veloppement<\/a>, Katherine McDonald, 26 janvier 2006.<\/li><li><a href=\"http:\/\/www.acpd.ca\/acpd.cfm\/fr\/section\/Elect2006\/articleid\/334\">Conseil des ministres du gouvernement Conservateur \u2013 deuxi\u00e8me mouture&nbsp;: Ministres pro-choix et anti-choix \u2013 qui sont-ils?<\/a> Par Action Canada pour la Population et le D\u00e9veloppement, 6 fevrier 2006.<\/li><li><a href=\"http:\/\/davidakin.blogware.com\/blog\/_archives\/2006\/5\/12\/1951995.html\" target=\"_blank\" rel=\"noreferrer noopener\">The anti-abortion MPs<\/a>, David Akin&rsquo;s On the Hill blog, 12 mai 2006.<\/li><\/ul>\n\n\n\n<p><\/p>\n","protected":false},"excerpt":{"rendered":"<p>Produite par la Coalition pour le droit \u00e0 l\u2019avortement du Canada (ARCC-CDAC) le 15 novembre 2008 Voici une liste des d\u00e9put\u00e9s f\u00e9d\u00e9raux reconnus comme anti-choix. Veuillez communiquer avec nous ( info@arcc-cdac.ca ) si vous avez d\u2019autres informations ou des correctifs \u00e0 apporter \u00e0 cette liste. Merci. D\u00e9put\u00e9s Avant l&rsquo;\u00e9lection 2008 Apr\u00e8s l\u2019\u00e9lection 2008 Total des&hellip;<\/p>\n","protected":false},"author":3,"featured_media":0,"parent":0,"menu_order":247,"comment_status":"closed","ping_status":"closed","template":"","meta":{"_acf_changed":false,"_nakedcatplugins_page_lang":"","_nakedcatplugins_page_dir":"ltr","footnotes":""},"class_list":["post-8063","page","type-page","status-publish","hentry"],"acf":{"toc_header":"","toc_header_source":{"label":"TOC Header","type":"text","formatted_value":""},"printfriendly":true,"printfriendly_source":{"label":"Show PrintFriendly Options","type":"true_false","formatted_value":true}},"_links":{"self":[{"href":"https:\/\/www.arcc-cdac.ca\/fr\/wp-json\/wp\/v2\/pages\/8063","targetHints":{"allow":["GET"]}}],"collection":[{"href":"https:\/\/www.arcc-cdac.ca\/fr\/wp-json\/wp\/v2\/pages"}],"about":[{"href":"https:\/\/www.arcc-cdac.ca\/fr\/wp-json\/wp\/v2\/types\/page"}],"author":[{"embeddable":true,"href":"https:\/\/www.arcc-cdac.ca\/fr\/wp-json\/wp\/v2\/users\/3"}],"replies":[{"embeddable":true,"href":"https:\/\/www.arcc-cdac.ca\/fr\/wp-json\/wp\/v2\/comments?post=8063"}],"version-history":[{"count":2,"href":"https:\/\/www.arcc-cdac.ca\/fr\/wp-json\/wp\/v2\/pages\/8063\/revisions"}],"predecessor-version":[{"id":8067,"href":"https:\/\/www.arcc-cdac.ca\/fr\/wp-json\/wp\/v2\/pages\/8063\/revisions\/8067"}],"wp:attachment":[{"href":"https:\/\/www.arcc-cdac.ca\/fr\/wp-json\/wp\/v2\/media?parent=8063"}],"curies":[{"name":"wp","href":"https:\/\/api.w.org\/{rel}","templated":true}]}}