{"id":8085,"date":"2020-06-29T13:54:56","date_gmt":"2020-06-29T17:54:56","guid":{"rendered":"https:\/\/www.arcc-cdac.ca\/pro-choice-postcards\/"},"modified":"2020-08-17T00:45:52","modified_gmt":"2020-08-17T07:45:52","slug":"pro-choice-postcards","status":"publish","type":"page","link":"https:\/\/www.arcc-cdac.ca\/fr\/pro-choice-postcards\/","title":{"rendered":"Les cartes postales pro-choix"},"content":{"rendered":"\n<h2 class=\"wp-block-heading\"><strong><strong>\u00abLa sant\u00e9 des femmes n\u2019est pas n\u00e9gociable\u00bb<\/strong><\/strong><\/h2>\n\n\n\n<p>14 avril 2012<\/p>\n\n\n\n<p>Voici des cartes postales \u00e0 adresser aux d\u00e9put\u00e9-es et au Premier ministre. (Trouvez le nom de votre deput\u00e9-e <a href=\"http:\/\/www.parl.gc.ca\/Parlinfo\/Compilations\/HouseOfCommons\/MemberByPostalCode.aspx?Menu=HOC&amp;Language=F\">ici<\/a>.)<\/p>\n\n\n\n<p>Cliquez sur l\u2019image de la carte postale pour la visionner et t\u00e9l\u00e9charger \u2013 choix ci-dessous. <\/p>\n\n\n\n<div class=\"wp-block-group\"><div class=\"wp-block-group__inner-container is-layout-flow wp-block-group-is-layout-flow\">\n<h3 class=\"wp-block-heading\">\u00ab La sant\u00e9 des femmes n\u2019est pas n\u00e9gociable \u00bb<\/h3>\n\n\n<style>.wp-block-kadence-advancedgallery .kb-gallery-type-masonry.kb-gallery-id-_d44898-2f{margin:-5px;}.kb-gallery-type-masonry.kb-gallery-id-_d44898-2f .kadence-blocks-gallery-item{padding:5px;}.kb-gallery-id-_d44898-2f .kadence-blocks-gallery-item .kb-gal-image-radius, .kb-gallery-id-_d44898-2f .kb-slide-item .kb-gal-image-radius img{border-radius:0px 0px 0px 0px;;}<\/style><div class=\"kb-gallery-wrap-id-_d44898-2f alignnone wp-block-kadence-advancedgallery\"><ul class=\"kb-gallery-ul kb-gallery-non-static kb-gallery-type-masonry kb-masonry-init kb-gallery-id-_d44898-2f kb-gallery-caption-style-bottom-hover kb-gallery-filter-none kb-gallery-magnific-init\" data-image-filter=\"none\" data-item-selector=\".kadence-blocks-gallery-item\" data-lightbox-caption=\"true\" data-columns-xxl=\"1\" data-columns-xl=\"1\" data-columns-md=\"1\" data-columns-sm=\"1\" data-columns-xs=\"1\" data-columns-ss=\"1\"><li class=\"kadence-blocks-gallery-item\"><div class=\"kadence-blocks-gallery-item-inner\"><figure class=\"kb-gallery-figure kb-gallery-item-has-link kadence-blocks-gallery-item-hide-caption\"><a href=\"https:\/\/www.arcc-cdac.ca\/wp-content\/uploads\/2020\/06\/lasantedesfemmes_postcard-thumb.jpg\" class=\"kb-gallery-item-link\"   role=\"button\" aria-haspopup=\"dialog\"><div class=\"kb-gal-image-radius\" style=\"max-width:1800px;\"><div class=\"kb-gallery-image-contain kadence-blocks-gallery-intrinsic\" style=\"padding-bottom:66%;\"><img loading=\"lazy\" decoding=\"async\" src=\"https:\/\/www.arcc-cdac.ca\/wp-content\/uploads\/2020\/06\/lasantedesfemmes_postcard-thumb.jpg\" width=\"1800\" height=\"1200\" alt=\"\" data-full-image=\"https:\/\/www.arcc-cdac.ca\/wp-content\/uploads\/2020\/06\/lasantedesfemmes_postcard-thumb.jpg\" data-light-image=\"https:\/\/www.arcc-cdac.ca\/wp-content\/uploads\/2020\/06\/lasantedesfemmes_postcard-thumb.jpg\" data-id=\"7369\" class=\"wp-image-7369\" srcset=\"https:\/\/www.arcc-cdac.ca\/media\/2020\/06\/lasantedesfemmes_postcard-thumb.jpg 1800w, https:\/\/www.arcc-cdac.ca\/media\/2020\/06\/lasantedesfemmes_postcard-thumb-200x133.jpg 200w, https:\/\/www.arcc-cdac.ca\/media\/2020\/06\/lasantedesfemmes_postcard-thumb-700x467.jpg 700w\" sizes=\"auto, (max-width: 1800px) 100vw, 1800px\" \/><\/div><\/div><\/a><\/figure><\/div><\/li><\/ul><\/div><\/div><\/div>\n\n\n\n<h3 class=\"wp-block-heading\">\u00ab <strong>Je suis pro-choix parce que&#8230; <\/strong>\u00bb<\/h3>\n\n\n<style>.wp-block-kadence-advancedgallery .kb-gallery-type-masonry.kb-gallery-id-_9ae30d-c5{margin:-5px;}.kb-gallery-type-masonry.kb-gallery-id-_9ae30d-c5 .kadence-blocks-gallery-item{padding:5px;}.kb-gallery-id-_9ae30d-c5 .kadence-blocks-gallery-item .kb-gal-image-radius, .kb-gallery-id-_9ae30d-c5 .kb-slide-item .kb-gal-image-radius img{border-radius:0px 0px 0px 0px;;}<\/style><div class=\"kb-gallery-wrap-id-_9ae30d-c5 alignnone wp-block-kadence-advancedgallery\"><ul class=\"kb-gallery-ul kb-gallery-non-static kb-gallery-type-masonry kb-masonry-init kb-gallery-id-_9ae30d-c5 kb-gallery-caption-style-bottom-hover kb-gallery-filter-none kb-gallery-magnific-init\" data-image-filter=\"none\" data-item-selector=\".kadence-blocks-gallery-item\" data-lightbox-caption=\"true\" data-columns-xxl=\"1\" data-columns-xl=\"1\" data-columns-md=\"1\" data-columns-sm=\"1\" data-columns-xs=\"1\" data-columns-ss=\"1\"><li class=\"kadence-blocks-gallery-item\"><div class=\"kadence-blocks-gallery-item-inner\"><figure class=\"kb-gallery-figure kb-gallery-item-has-link kadence-blocks-gallery-item-hide-caption\"><a href=\"https:\/\/www.arcc-cdac.ca\/wp-content\/uploads\/2020\/07\/nefaitpasdebat_carte_back.jpg\" class=\"kb-gallery-item-link\"   role=\"button\" aria-haspopup=\"dialog\"><div class=\"kb-gal-image-radius\" style=\"max-width:1800px;\"><div class=\"kb-gallery-image-contain kadence-blocks-gallery-intrinsic\" style=\"padding-bottom:66%;\"><img loading=\"lazy\" decoding=\"async\" src=\"https:\/\/www.arcc-cdac.ca\/wp-content\/uploads\/2020\/07\/nefaitpasdebat_carte_back.jpg\" width=\"1800\" height=\"1200\" alt=\"\" data-full-image=\"https:\/\/www.arcc-cdac.ca\/wp-content\/uploads\/2020\/07\/nefaitpasdebat_carte_back.jpg\" data-light-image=\"https:\/\/www.arcc-cdac.ca\/wp-content\/uploads\/2020\/07\/nefaitpasdebat_carte_back.jpg\" data-id=\"8087\" class=\"wp-image-8087\" srcset=\"https:\/\/www.arcc-cdac.ca\/media\/2020\/07\/nefaitpasdebat_carte_back.jpg 1800w, https:\/\/www.arcc-cdac.ca\/media\/2020\/07\/nefaitpasdebat_carte_back-200x133.jpg 200w, https:\/\/www.arcc-cdac.ca\/media\/2020\/07\/nefaitpasdebat_carte_back-700x467.jpg 700w\" sizes=\"auto, (max-width: 1800px) 100vw, 1800px\" \/><\/div><\/div><\/a><\/figure><\/div><\/li><\/ul><\/div>\n\n\n<h2 class=\"wp-block-heading\">Options du traitement des cartes:<\/h2>\n\n\n\n<ul class=\"wp-block-list\"><li>Enregistrez les fichiers sur votre disque dur pour impression, si vous pouvez les imprimer vous-m\u00eame en couleur sur du papier fort.<\/li><li>Enregistrez les fichiers sur un \u00ab&nbsp;memory stick&nbsp;\u00bb, une cl\u00e9 USB ou un CD, et amenez-les \u00e0 une organisation sympathique \u00e0 la cause (un syndicat, par exemple) qui accepte d\u2019imprimer gratuitement des cartes.<\/li><li>Ou dirigez directement votre imprimeur ou une telle organisation vers l\u2019hyperlien \u00e0 cette page de la CDAC: <a href=\"http:\/\/www.arcc-cdac.ca\/fr\/action\/M-312-cartes-postales.html\">www.arcc-cdac.ca\/fr\/action\/M-312-cartes-postales.html<\/a><\/li><li>Faites aussi parvenir ce lien \u00e0 vos proches pour visionnement, impression et relai dans leurs r\u00e9seaux. &nbsp;<\/li><li>Affichez ce lien sur votre Facebook, Twitter, un blog, etc.<\/li><\/ul>\n\n\n\n<p>Si vous n\u2019arrivez pas \u00e0 imprimer les cartes ou \u00e0 vous procurer des services d\u2019impression gratuits, veuillez nous adresser un <a href=\"mailto:info@arcc-cdac.ca\">courriel<\/a> en pr\u00e9cisant la quantit\u00e9 dont vousd avez besoin et votre adresse postale et nous vous en enverrons, dans les limites de leur disponibilit\u00e9.&nbsp;Ce service est gratuit (bien que vos dons soient appr\u00e9ci\u00e9s).<\/p>\n\n\n\n<h2 class=\"wp-block-heading\">Besoin de vos dons!<\/h2>\n\n\n\n<p>Si vous pouvez aider la CDAC \u00e0 acquitter ses frais de poste et d\u2019impression, ce sera fort appr\u00e9ci\u00e9! Veuillez indiquer sur votre formulaire ou ch\u00e8que que votre don est pour les \u00ab&nbsp;<strong>timbres de cartes postales<\/strong>&nbsp;\u00bb. Voici les fa\u00e7ons de faire un don&nbsp;:<\/p>\n\n\n\n<ul class=\"wp-block-list\"><li>PayPal: Cliquez sur le bouton \u00ab&nbsp;<a href=\"http:\/\/www.arcc-cdac.ca\/fr\/home.html\">Faire un don<\/a>&nbsp;\u00bb en haut \u00e0 droite de notre page d\u2019accueil.<\/li><li>Ch\u00e8que: Postez-le \u00e0 ARCC-CDAC, POB 2663, Station Main, Vancouver, BC, V6B 3W3<\/li><li>VISA: Imprimez et remplissez les lignes VISA de la section \u00ab&nbsp;Modalit\u00e9s de paiement&nbsp;\u00bb de notre <a href=\"http:\/\/www.arcc-cdac.ca\/fr\/docs\/Membership_form-french.pdf\">Formulaire d\u2019adh\u00e9sion et de don<\/a> et postez-le nous.<\/li><\/ul>\n\n\n\n<p><strong><em>Les images ont \u00e9t\u00e9 cr\u00e9\u00e9es par la designer graphique Haley Ritchie <\/em><\/strong><em>(haley.yritchie[\u00e0]gmail.com)\u00a0 <\/em><\/p>\n","protected":false},"excerpt":{"rendered":"<p>\u00abLa sant\u00e9 des femmes n\u2019est pas n\u00e9gociable\u00bb 14 avril 2012 Voici des cartes postales \u00e0 adresser aux d\u00e9put\u00e9-es et au Premier ministre. (Trouvez le nom de votre deput\u00e9-e ici.) Cliquez sur l\u2019image de la carte postale pour la visionner et t\u00e9l\u00e9charger \u2013 choix ci-dessous. \u00ab La sant\u00e9 des femmes n\u2019est pas n\u00e9gociable \u00bb \u00ab Je&hellip;<\/p>\n","protected":false},"author":3,"featured_media":0,"parent":0,"menu_order":254,"comment_status":"closed","ping_status":"closed","template":"","meta":{"_acf_changed":false,"_nakedcatplugins_page_lang":"","_nakedcatplugins_page_dir":"ltr","footnotes":""},"class_list":["post-8085","page","type-page","status-publish","hentry"],"acf":{"toc_header":"","toc_header_source":{"label":"TOC Header","type":"text","formatted_value":""},"printfriendly":true,"printfriendly_source":{"label":"Show PrintFriendly Options","type":"true_false","formatted_value":true}},"_links":{"self":[{"href":"https:\/\/www.arcc-cdac.ca\/fr\/wp-json\/wp\/v2\/pages\/8085","targetHints":{"allow":["GET"]}}],"collection":[{"href":"https:\/\/www.arcc-cdac.ca\/fr\/wp-json\/wp\/v2\/pages"}],"about":[{"href":"https:\/\/www.arcc-cdac.ca\/fr\/wp-json\/wp\/v2\/types\/page"}],"author":[{"embeddable":true,"href":"https:\/\/www.arcc-cdac.ca\/fr\/wp-json\/wp\/v2\/users\/3"}],"replies":[{"embeddable":true,"href":"https:\/\/www.arcc-cdac.ca\/fr\/wp-json\/wp\/v2\/comments?post=8085"}],"version-history":[{"count":1,"href":"https:\/\/www.arcc-cdac.ca\/fr\/wp-json\/wp\/v2\/pages\/8085\/revisions"}],"predecessor-version":[{"id":8089,"href":"https:\/\/www.arcc-cdac.ca\/fr\/wp-json\/wp\/v2\/pages\/8085\/revisions\/8089"}],"wp:attachment":[{"href":"https:\/\/www.arcc-cdac.ca\/fr\/wp-json\/wp\/v2\/media?parent=8085"}],"curies":[{"name":"wp","href":"https:\/\/api.w.org\/{rel}","templated":true}]}}