{"id":8114,"date":"2020-06-23T10:41:43","date_gmt":"2020-06-23T14:41:43","guid":{"rendered":"https:\/\/www.arcc-cdac.ca\/morgentaler-fundraiser\/"},"modified":"2020-08-17T00:46:56","modified_gmt":"2020-08-17T07:46:56","slug":"morgentaler-fundraiser","status":"publish","type":"page","link":"https:\/\/www.arcc-cdac.ca\/fr\/morgentaler-fundraiser\/","title":{"rendered":"Morgentaler amasse des fonds pour son proc\u00e8s au N.-B."},"content":{"rendered":"\n<p>Par Joyce Arthur<\/p>\n\n\n\n<p>Le 9 octobre dernier, le D<sup>r<\/sup> Henry Morgentaler a anim\u00e9 une activit\u00e9 de financement avec succ\u00e8s au Royal Theater de Toronto. Cet \u00e9v\u00e9nement visait \u00e0 r\u00e9colter des fonds pour son proc\u00e8s au Nouveau-Brunswick et \u00e0 attirer l\u2019attention du public sur cette question. Le gouvernement du Nouveau-Brunswick s\u2019ent\u00eate \u00e0 refuser de financer la clinique du m\u00e9decin dans cette province et ce, en violation flagrante de la <em>Loi canadienne sur la sant\u00e9 <\/em>et de la d\u00e9cision Morgentaler de la Cour supr\u00eame (<a href=\"http:\/\/www.arcc-cdac.ca\/action\/new-brunswick.html\"><u>plus d\u2019info ici<\/u><\/a>).\u00a0 Le Nouveau-Brunswick est la seule province canadienne o\u00f9 de nombreuses femmes sont oblig\u00e9es de payer elles-m\u00eames pour leur avortement, ce qui repr\u00e9sente de grandes difficult\u00e9s pour elles.<\/p>\n\n\n\n<p>Environ 250 personnes ont assist\u00e9 \u00e0 l\u2019\u00e9v\u00e9nement au cours duquel elles ont eu droit \u00e0 un d\u00eener et \u00e0 la premi\u00e8re canadienne d\u2019un nouveau documentaire intitul\u00e9 \u00ab Henry \u00bb. Ce film chaleureux et personnel, qui a \u00e9t\u00e9 bien re\u00e7u du public, capte avec justesse la personnalit\u00e9 et l\u2019esprit du m\u00e9decin, ainsi que les enjeux qui lui tiennent \u00e0 c\u0153ur. La question de l\u2019avortement sert de toile de fond pour faire un peu d\u2019histoire et d\u00e9crire le combat du<\/p>\n\n\n\n<p>D<sup>r<\/sup> Morgentaler, mais le film est plut\u00f4t centr\u00e9 sur sa personne. On fait vraiment connaissance avec sa famille. Apr\u00e8s le film, la femme du m\u00e9decin, Arlene Liebovitch, a fait remarquer qu\u2019elle avait l\u2019impression que leur vie priv\u00e9e \u00e9tait maintenant un livre ouvert. Dara Bratt, la r\u00e9alisatrice, \u00e9tait pr\u00e9sente et a r\u00e9pondu aux questions des spectateurs. Elle a dit qu\u2019elle avait tourn\u00e9 plus de 55 heures de film ; elle est actuellement \u00e0 la recherche d\u2019un distributeur.<\/p>\n\n\n\n<p>Le D<sup>r<\/sup> Morgentaler est maintenant \u00e2g\u00e9 de 84 ans et \u00e9tait de bonne humeur lors de la soir\u00e9e. Il avait l\u2019air bien malgr\u00e9 l\u2019importante chirurgie cardiaque qu\u2019il a subie l\u2019an dernier et en d\u00e9pit d\u2019une l\u00e9g\u00e8re surdit\u00e9.<\/p>\n\n\n\n<p>La Coalition pour le droit \u00e0 l\u2019avortement au Canada (CDAC-ARCC) \u00e9tait tr\u00e8s bien repr\u00e9sent\u00e9e par Joyce Arthur et Carolyn Egan. Juste avant le film, la CDAC-ARCC a officiellement remis un ch\u00e8que de 10\u00a0000 $ au D<sup>r<\/sup> Morgentaler, tir\u00e9 de notre caisse des services juridiques. Dans la trousse remise \u00e0 chaque personne pr\u00e9sente, il y avait une carte du D<sup>r<\/sup> Morgentaler sur laquelle figurait la liste des principaux donateurs. La CDAC-ARCC \u00e9tait le premier nom sur la liste. La trousse contenait \u00e9galement la brochure de la CDAC-ARCC, et le dernier num\u00e9ro de notre bulletin se trouvait dans l\u2019entr\u00e9e du th\u00e9\u00e2tre. Nous \u00e9tudions aussi la possibilit\u00e9 de pr\u00e9senter le film \u00ab Henry \u00bb dans d\u2019autres villes.<\/p>\n\n\n\n<p>Plusieurs vedettes des m\u00e9dias ont assist\u00e9 \u00e0 la soir\u00e9e, y compris Heather Mallick et Evan Solomon; ce dernier a prononc\u00e9 un discours. Des personnalit\u00e9s de la communaut\u00e9 pro-choix et d\u2019autres dirigeants du mouvement pro-choix sont venus des quatre coins du Canada pour pr\u00eater leur appui, dont Judy Rebick, c\u00e9l\u00e8bre f\u00e9ministe canadienne et amie proche du D<sup>r<\/sup> Morgentaler qui occupe une place importante dans le film. La plupart du personnel de la clinique Morgentaler de Toronto \u00e9tait pr\u00e9sent, ainsi que le personnel d\u2019autres cliniques d\u2019avortement, de m\u00eame que des repr\u00e9sentants de la National Abortion Federation, de l\u2019Association Canadienne pour la libert\u00e9 de choix et de l\u2019Ontario Coalition for Abortion Clinics.<\/p>\n","protected":false},"excerpt":{"rendered":"<p>Par Joyce Arthur Le 9 octobre dernier, le Dr Henry Morgentaler a anim\u00e9 une activit\u00e9 de financement avec succ\u00e8s au Royal Theater de Toronto. Cet \u00e9v\u00e9nement visait \u00e0 r\u00e9colter des fonds pour son proc\u00e8s au Nouveau-Brunswick et \u00e0 attirer l\u2019attention du public sur cette question. Le gouvernement du Nouveau-Brunswick s\u2019ent\u00eate \u00e0 refuser de financer la&hellip;<\/p>\n","protected":false},"author":3,"featured_media":0,"parent":0,"menu_order":202,"comment_status":"closed","ping_status":"closed","template":"","meta":{"_acf_changed":false,"_nakedcatplugins_page_lang":"","_nakedcatplugins_page_dir":"ltr","footnotes":""},"class_list":["post-8114","page","type-page","status-publish","hentry"],"acf":{"toc_header":"","toc_header_source":{"label":"TOC Header","type":"text","formatted_value":""},"printfriendly":true,"printfriendly_source":{"label":"Show PrintFriendly Options","type":"true_false","formatted_value":true}},"_links":{"self":[{"href":"https:\/\/www.arcc-cdac.ca\/fr\/wp-json\/wp\/v2\/pages\/8114","targetHints":{"allow":["GET"]}}],"collection":[{"href":"https:\/\/www.arcc-cdac.ca\/fr\/wp-json\/wp\/v2\/pages"}],"about":[{"href":"https:\/\/www.arcc-cdac.ca\/fr\/wp-json\/wp\/v2\/types\/page"}],"author":[{"embeddable":true,"href":"https:\/\/www.arcc-cdac.ca\/fr\/wp-json\/wp\/v2\/users\/3"}],"replies":[{"embeddable":true,"href":"https:\/\/www.arcc-cdac.ca\/fr\/wp-json\/wp\/v2\/comments?post=8114"}],"version-history":[{"count":1,"href":"https:\/\/www.arcc-cdac.ca\/fr\/wp-json\/wp\/v2\/pages\/8114\/revisions"}],"predecessor-version":[{"id":8115,"href":"https:\/\/www.arcc-cdac.ca\/fr\/wp-json\/wp\/v2\/pages\/8114\/revisions\/8115"}],"wp:attachment":[{"href":"https:\/\/www.arcc-cdac.ca\/fr\/wp-json\/wp\/v2\/media?parent=8114"}],"curies":[{"name":"wp","href":"https:\/\/api.w.org\/{rel}","templated":true}]}}