{"id":8120,"date":"2020-06-30T06:41:11","date_gmt":"2020-06-30T10:41:11","guid":{"rendered":"https:\/\/www.arcc-cdac.ca\/open-statement\/"},"modified":"2020-08-17T00:44:32","modified_gmt":"2020-08-17T07:44:32","slug":"open-statement","status":"publish","type":"page","link":"https:\/\/www.arcc-cdac.ca\/fr\/open-statement\/","title":{"rendered":"Aux organisations: Veuillez signer avec nous une d\u00e9claration collective d&rsquo;opposition au projet de loi C-484"},"content":{"rendered":"\n<p><em>(Cette d\u00e9claration a \u00e9t\u00e9 r\u00e9dig\u00e9e par une coalition de groupes de femmes.)<\/em><\/p>\n\n\n\n<p>Pour la signer, veuillez adresser un courriel \u00e0 joyce@arcc-cdac.ca, en pr\u00e9cisant l&rsquo;appellation officielle de votre organisation, en fran\u00e7ais et anglais s&rsquo;il y a lieu.<\/p>\n\n\n\n<p>Indiquez \u00ab\u00a0Signature de la d\u00e9claration\u00a0\u00bb dans la case Objet.<\/p>\n\n\n\n<p>(NOTA: Les signataires \u00e0 titre individuel sont plut\u00f4t invit\u00e9-es \u00e0 signer la p\u00e9tition en ligne )<\/p>\n\n\n\n<p>Merci beaucoup!<\/p>\n\n\n\n<p><a href=\"https:\/\/www.arcc-cdac.ca\/fr\/action\/open-statement-francais.html#liste\">Liste des signataires<\/a><\/p>\n\n\n\n<hr class=\"wp-block-separator\"\/>\n\n\n\n<h2 class=\"wp-block-heading\">D\u00e9claration d\u00b7opposition au projet de loi C 484, Loi sur les enfants non encore n\u00e9s victimes d\u00b7actes criminels<\/h2>\n\n\n\n<p>En mars dernier, la Chambre des communes a adopt\u00e9 en deuxi\u00e8me lecture le projet de loi C-484, Loi sur les enfants non encore n\u00e9s victimes d\u00b7actes criminels. Ce projet de loi vise \u00e0 modifier le Code criminel et \u00e0 faire reconna\u00eetre comme une infraction distincte le fait de blesser ou de causer la mort d\u00b7un \u00a0\u00bb enfant non encore n\u00e9 \u00a0\u00bb lorsqu\u00b7une femme enceinte est victime d\u00b7un acte criminel. Cela signifierait que le meurtrier d\u00b7une femme enceinte pourrait \u00eatre accus\u00e9 d\u00b7un second meurtre, celui du f\u00b7tus.<\/p>\n\n\n\n<p>Cette modification ne prot\u00e9gerait pas les femmes enceintes et ne ferait rien pour contrer la violence faite aux femmes. Le Code criminel reconna\u00eet d\u00e9j\u00e0 que la violence conjugale est un facteur aggravant, et que les juges peuvent tenir compte du fait que la victime \u00e9tait enceinte, lors de la d\u00e9termination de la peine. L\u00b7enjeu r\u00e9el de ce projet de loi est la reconnaissance juridique du droit du f\u00b7tus \u00e0 la vie, et la recriminalisation \u00e9ventuelle de l\u00b7avortement.<\/p>\n\n\n\n<p>En droit canadien, seul les \u00a0\u00bb \u00eatres humains \u00a0\u00bb ont le droit \u00e0 la vie. D\u00b7un point de vue juridique, un enfant devient un \u00eatre humain lorsqu\u00b7il est n\u00e9 et qu\u00b7il est compl\u00e8tement sorti, vivant, du sein de sa m\u00e8re. Dans toutes les causes o\u00f9 la Cour supr\u00eame du Canada a eu \u00e0 se pencher sur les droits du f\u00b7tus, elle a jug\u00e9 que ce dernier est indissociable de la femme enceinte et qu\u00b7il n\u00b7a pas de personnalit\u00e9 juridique avant la naissance. Commettre un meurtre, c\u00b7est causer la mort d\u00b7un \u00eatre humain. Si le meurtre d\u00b7une femme enceinte \u00e9tait consid\u00e9r\u00e9 comme un \u00a0\u00bb double meurtre \u00ab\u00a0, cela \u00e9quivaudrait \u00e0 reconna\u00eetre que le f\u00b7tus est un \u00eatre humain.<\/p>\n\n\n\n<p>L\u00b7adoption du projet de loi C 484 introduirait un changement important dans le droit canadien en reconnaissant au f\u00b7tus le \u00a0\u00bb droit \u00e0 la vie \u00ab\u00a0. Il ne fait pas de doute que cette mesure entra\u00eenerait des intrusions massives dans la vie des femmes enceintes, comme cela s\u00b7est produit dans les \u00c9tats am\u00e9ricains ayant adopt\u00e9 des dispositions l\u00e9gislatives semblables. Des femmes ont \u00e9t\u00e9 accus\u00e9es au criminel et emprisonn\u00e9es pour avoir donn\u00e9 naissance \u00e0 un enfant mort-n\u00e9 apr\u00e8s avoir refus\u00e9 une c\u00e9sarienne ou pour avoir consomm\u00e9 des drogues pendant leur grossesse.<\/p>\n\n\n\n<p>En janvier dernier, nous avons c\u00e9l\u00e9br\u00e9 le 20e anniversaire de la d\u00e9cision Morgentaler invalidant les dispositions du Code criminel aux termes desquelles l\u00b7avortement constituait un crime au Canada. Cette d\u00e9cision historique de la Cour supr\u00eame reconnaissait que les droits constitutionnels des femmes \u00e0 la s\u00e9curit\u00e9 de la personne, \u00e0 l\u00b7autonomie et \u00e0 la libert\u00e9 incluent le droit de mettre fin \u00e0 une grossesse non d\u00e9sir\u00e9e, et ce, sans ing\u00e9rence de l\u00b7\u00c9tat.<\/p>\n\n\n\n<p>Nous soussign\u00e9es et soussign\u00e9s demandons \u00e0 tous les partis politiques f\u00e9d\u00e9raux ainsi qu\u00b7\u00e0 tous les d\u00e9put\u00e9s et toutes les d\u00e9put\u00e9es de la Chambre des Communes :<\/p>\n\n\n\n<ul class=\"wp-block-list\"><li>de s\u00b7opposer \u00e0 l\u00b7adoption du projet de loi C 484;<\/li><li>de s\u00b7engager \u00e0 prot\u00e9ger le droit des femmes \u00e0 engendrer et de s\u00b7assurer que des services d\u00b7avortement de qualit\u00e9 offerts par le r\u00e9seau public de la sant\u00e9 sont accessibles dans toutes les r\u00e9gions du Canada et au Qu\u00e9bec;<\/li><li>de prendre des mesures efficaces pour \u00e9liminer la violence faite aux femmes, en collaboration avec des organisations f\u00e9minines.<\/li><\/ul>\n\n\n\n<p>Cette question est au c\u00b7ur des droits humains et des droits \u00e0 l\u00b7\u00e9galit\u00e9 et \u00e0 la dignit\u00e9 des femmes.<\/p>\n\n\n\n<hr class=\"wp-block-separator is-style-wide\"\/>\n\n\n\n<h2 class=\"wp-block-heading\">Liste des signataires<\/h2>\n\n\n\n<ul class=\"wp-block-list\"><li>Abortion Rights Coalition of Canada \/ Coalition pour le droit \u00e0 l\u00b7avortement au Canada (ARCC-CDAC)<\/li><li>Action Canada Population Development \/ Action Canada pour la population et le d\u00e9veloppement (ACPD)<\/li><li>Action ontarienne contre la violence faite aux femmes<\/li><li>Ad Hoc Coalition for Women&rsquo;s Equality and Human Rights \/ la Coalition sp\u00e9ciale pour l&rsquo;\u00e9galit\u00e9 des femmes et les droits de la personne<\/li><li>L&rsquo;Association g\u00e9n\u00e9rale \u00e9tudiante du C\u00e9gep du Vieux Montr\u00e9al<\/li><li>Atira Women\u00b7s Resource Society \/ Soci\u00e9t\u00e9 De la Ressource Des Femmes D&rsquo;Atira, Vancouver<\/li><li>BC Teachers&rsquo; Federation, Vancouver<\/li><li>BC Teachers&rsquo; Federation Feminist Caucus, Vancouver<\/li><li>BC\/Yukon Society of Transition Houses<\/li><li>British Columbia Women&rsquo;s Hospital &amp; Health Centre<\/li><li>CALACS francophone d\u00b7Ottawa<\/li><li>Canadian Association of Elizabeth Fry Societies \/ Associations canadiennes des soci\u00e9t\u00e9es Elizabeth Fry<\/li><li>Canadian Federation for Sexual Health \/ F\u00e9d\u00e9ration canadienne pour la sant\u00e9 sexuelle (CFSH)<\/li><li>Canadian Federation of Nurses Unions (CFNU) \/ La F\u00e9d\u00e9ration canadienne des syndicats d\u00b7infirmi\u00e8res et infirmiers (FCSII)<\/li><li>Canadian Federation of University Women \/ F\u00e9d\u00e9ration canadienne des femmes dipl\u00f4m\u00e9es des universit\u00e9s (CFUW)<\/li><li>Canadian Feminist Alliance for International Action \/ L\u00b7Alliance canadienne f\u00e9ministe pour l\u00b7action internationale (FAFIA\/AFAI)<\/li><li>Canadian Labour Congress \/ Congr\u00e8s du travail du Canada<\/li><li>Canadian Staff Union \/ Syndicat Canadien du Personnel<\/li><li>Canadian Union of Postal Workers (CUPW) \/ Syndicat des travailleurs et travailleuses des postes (STTP)<\/li><li>Canadian Union of Public Employees \/ Syndicat canadien de la fonction publique (CUPE)<\/li><li>Canadians for Choice \/ L\u00b7Association canadienne pour la libert\u00e9 de choix<\/li><li>Catholics for Free Choice Canada \/ Catholiques pour un Libre Choix Canada<\/li><li>Centre de Sant\u00e9 des femmes de Montr\u00e9al<\/li><li>Centre Novas, CALACS francophone de Prescott-Russell, Casselman ON<\/li><li>Le Centre Victoria pour femmes (Sudbury et Algoma)<\/li><li>Coalition for Reproductive Choice, Manitoba<\/li><li>La Coalition Solidarit\u00e9 Sant\u00e9, Qu\u00e9bec<\/li><li>Colibri \u00b7 Centre des femmes francophones du comt\u00e9 de Simcoe<\/li><li>College of Family Physicians of Canada (CFPC) \/ Coll\u00e8ge des m\u00e9decins de famille du Canada (CMFC)<\/li><li>Communications, Energy, and Paper Workers Union of Canada (CEP) \/ Le Syndicat canadien des communications, de l\u00b7\u00e9nergie et du papier (SCEP)<\/li><li>CUPE Ontario Women&rsquo;s Committee<\/li><li>Egale Canada \/ \u00c9gale Canada<\/li><li>Everywoman&rsquo;s Health Centre, Vancouver BC<\/li><li>La F\u00e9d\u00e9ration des femmes du Qu\u00e9bec<\/li><li>La F\u00e9d\u00e9ration du Qu\u00e9bec pour le planning des naissances (FQPN)<\/li><li>Federation of Medical Women of Canada \/ F\u00e9d\u00e9ration des femmes m\u00e9decins du Canada<\/li><li>Graduate Women&rsquo;s Studies Student&rsquo;s Association, York University Halifax Coalition for Choice<\/li><li>Hospital Employees\u00b7 Union, Vancouver<\/li><li>International Women&rsquo;s Rights Project &#8211; Canada Centre for Global Studies, University of Victoria<\/li><li>Kitchen Table Collective \/ Le Collectif de Table de cuisine<\/li><li>Klinic Community Health Center, Winnipeg<\/li><li>Law Union of Ontario<\/li><li>Maison secours aux femmes de Montr\u00e9al<\/li><li>Miss G__ Project, Ottawa Chapter<\/li><li>National Abortion Federation<\/li><li>National Association of Women and the Law (NAWL) \/ L\u00b7Association nationale Femmes et Droit (ANFD)<\/li><li>National Council of Women of Canada \/ Conseil national des femmes du Canada<\/li><li>Newfoundland and Labrador Provincial Advisory Council on the Status of Women<\/li><li>Newfoundland and Labrador Feminist Coalition<\/li><li>North Shore Women&rsquo;s Centre \/ Centre des Femmes de la Rive Nord, North Vancouver<\/li><li>Northern Society for Domestic Peace, Smithers BC<\/li><li>Nova House, Selkirk MB<\/li><li>Ontario Association of Interval and Transition Houses (OAITH)<\/li><li>Ontario Coalition for Abortion Clinics<\/li><li>Ontario Federation of Labour<\/li><li>Ontario Secondary School Teachers Federation\/ F\u00e9d\u00e9ration des enseignantes-enseignants des \u00e9coles secondaires de l&rsquo;Ontario (OSSTF\/FEESO)<\/li><li>Ontario Women\u00b7s Health Network \/ R\u00e9seau ontarien pour la sant\u00e9 des femmes<\/li><li>Ottawa Coalition to End Violence Against Women \/ Coalition d&rsquo;Ottawa contre la violence faite aux femmes<\/li><li>Pictou County Centre for Sexual Health, New Glasgow, NS<\/li><li>Planned Parenthood Ottawa \/ Planning des naissances d\u00b7Ottawa<\/li><li>Planned Parenthood Toronto<\/li><li>Powell River Transition House Society, Powell River BC<\/li><li>Prince Edward Island Advisory Council on the Status of Women \/ Conseil consultatif sur la situation de la femme de l\u00b7\u00cele-du-Prince-\u00c9douard<\/li><li>Pro-Choice Action Network, Vancouver<\/li><li>Pro-Choice New Brunswick<\/li><li>Provincial Association of Transition Houses and Services of Saskatchewan, Regina<\/li><li>Public Service Alliance of Canada \/ Alliance de la Fonction publique du Canada, Ottawa<\/li><li>Quesnel Women\u00b7s Resource Centre Collective, Quesnel BC<\/li><li>Quinte Labour Council, Ontario<\/li><li>L&rsquo;R des centres de femmes du Qu\u00e9bec (qui repr\u00e9sente 102 centres de femmes partout dans la province)<\/li><li>Regroupement provincial des maisons d&rsquo;h\u00e9bergement et de transition pour femmes victimes de violence conjugale, Qu\u00e9bec<\/li><li>Revelstoke Women&rsquo;s Shelter, Revelstoke BC<\/li><li>Sexual Health Access Alberta, Calgary<\/li><li>Sexual Health Centre for Cumberland County, Amherst NS<\/li><li>Sexuality Education Resource Centre Manitoba, Inc.<\/li><li>Sisyphe<\/li><li>South Fraser Women&rsquo;s Services Society, Surrey BC<\/li><li>Surrey Women\u00b7s Centre<\/li><li>University of Alberta Women&rsquo;s Centre, Edmonton<\/li><li>Vernon Women&rsquo;s Transition House, Vernon BC<\/li><li>Victoria Faulkner Women&rsquo;s Centre \/ Centre de Femmes Victoria Faulkner, Whitehorse<\/li><li>Womanspace Resource Centre, Lethbridge AB<\/li><li>Women Elders in Action (WE*ACT), Vancouver<\/li><li>Women&rsquo;s Habitat, Toronto<\/li><li>Women&rsquo;s Health Clinic, Winnipeg<\/li><li>Women&rsquo;s Legal Education and Action Fund \/ Fonds d&rsquo;action et d&rsquo;education juridiques pour les femmes (LEAF)<\/li><li>Youth Coalition for Sexual and Reproductive Rights<\/li><li>Yukon Status of Women Council, Whitehorse<\/li><li>YWCA Canada<\/li><li>YWCA Munroe House, Vancouver BC<\/li><\/ul>\n","protected":false},"excerpt":{"rendered":"<p>(Cette d\u00e9claration a \u00e9t\u00e9 r\u00e9dig\u00e9e par une coalition de groupes de femmes.) Pour la signer, veuillez adresser un courriel \u00e0 joyce@arcc-cdac.ca, en pr\u00e9cisant l&rsquo;appellation officielle de votre organisation, en fran\u00e7ais et anglais s&rsquo;il y a lieu. Indiquez \u00ab\u00a0Signature de la d\u00e9claration\u00a0\u00bb dans la case Objet. (NOTA: Les signataires \u00e0 titre individuel sont plut\u00f4t invit\u00e9-es \u00e0&hellip;<\/p>\n","protected":false},"author":3,"featured_media":0,"parent":0,"menu_order":264,"comment_status":"closed","ping_status":"closed","template":"","meta":{"_acf_changed":false,"_nakedcatplugins_page_lang":"","_nakedcatplugins_page_dir":"ltr","footnotes":""},"class_list":["post-8120","page","type-page","status-publish","hentry"],"acf":{"toc_header":"","toc_header_source":{"label":"TOC Header","type":"text","formatted_value":""},"printfriendly":true,"printfriendly_source":{"label":"Show PrintFriendly Options","type":"true_false","formatted_value":true}},"_links":{"self":[{"href":"https:\/\/www.arcc-cdac.ca\/fr\/wp-json\/wp\/v2\/pages\/8120","targetHints":{"allow":["GET"]}}],"collection":[{"href":"https:\/\/www.arcc-cdac.ca\/fr\/wp-json\/wp\/v2\/pages"}],"about":[{"href":"https:\/\/www.arcc-cdac.ca\/fr\/wp-json\/wp\/v2\/types\/page"}],"author":[{"embeddable":true,"href":"https:\/\/www.arcc-cdac.ca\/fr\/wp-json\/wp\/v2\/users\/3"}],"replies":[{"embeddable":true,"href":"https:\/\/www.arcc-cdac.ca\/fr\/wp-json\/wp\/v2\/comments?post=8120"}],"version-history":[{"count":2,"href":"https:\/\/www.arcc-cdac.ca\/fr\/wp-json\/wp\/v2\/pages\/8120\/revisions"}],"predecessor-version":[{"id":8122,"href":"https:\/\/www.arcc-cdac.ca\/fr\/wp-json\/wp\/v2\/pages\/8120\/revisions\/8122"}],"wp:attachment":[{"href":"https:\/\/www.arcc-cdac.ca\/fr\/wp-json\/wp\/v2\/media?parent=8120"}],"curies":[{"name":"wp","href":"https:\/\/api.w.org\/{rel}","templated":true}]}}