{"id":8123,"date":"2020-06-26T11:06:01","date_gmt":"2020-06-26T15:06:01","guid":{"rendered":"https:\/\/www.arcc-cdac.ca\/election-questions\/"},"modified":"2020-08-17T00:49:03","modified_gmt":"2020-08-17T07:49:03","slug":"election-questions","status":"publish","type":"page","link":"https:\/\/www.arcc-cdac.ca\/fr\/election-questions\/","title":{"rendered":"Votez pour qui vous voulez \u2013 mais pas pour un Conservateur!"},"content":{"rendered":"\n<p>Stephen Harper et son gouvernement conservateur repr\u00e9sentent un grave danger pour les droits des femmes et le droit \u00e0 l&rsquo;avortement \u2013 surtout s&rsquo;ils parviennent \u00e0 accaparer la majorit\u00e9. N&rsquo;oubliez pas de voter lors de l&rsquo;\u00e9lection du 2 mai et, si cela peut avoir un effet dans votre circonscription, pensez \u00e0 voter strat\u00e9giquement pour vous assurer que le candidat conservateur ne gagne pas.<\/p>\n\n\n\n<p>Harper a beau promettre qu&rsquo;il n&rsquo;introduira pas et ne soutiendra pas de lois qui pourraient avoir un effet n\u00e9gatif sur le droit \u00e0 l&rsquo;avortement; si les conservateurs sont en majorit\u00e9, les projets de loi d\u2019initiative priv\u00e9e pr\u00e9sent\u00e9s par des parlementaires n&rsquo;auront aucun probl\u00e8me \u00e0 passer. M\u00eame si Harper et les membres de son cabinet votaient contre un tel projet de loi anti-choix, ces votes seraient plus que contrebalanc\u00e9s par l&rsquo;important contingent de parlementaires anti-choix.<\/p>\n\n\n\n<p>Voici quelques questions \u00e0 poser \u00e0 vos candidat-es pendant la campagne. La CDAC est d&rsquo;avis qu&rsquo;elles concernent les probl\u00e8mes les plus importants \u00e0 l&rsquo;heure actuelle.<\/p>\n\n\n\n<p>1. &nbsp; Le gouvernement conservateur s&rsquo;est \u00e9vertu\u00e9 \u00e0 d\u00e9manteler les bases de l&rsquo;\u00e9galit\u00e9 des femmes, \u00e0 supprimer les programmes n\u00e9cessaires aux femmes vuln\u00e9rables, \u00e0 couper les subventions des groupes de femmes. Il a ferm\u00e9 la plupart des bureaux r\u00e9gionaux de Condition f\u00e9minine Canada et fait opposition au financement des groupes qui promeuvent l&rsquo;\u00e9galit\u00e9 des femmes. Il a annul\u00e9 le programme universel de services de garde pour enfants, l&rsquo;\u00e9galit\u00e9 salariale et le Programme de contestation judiciaire. Il a priv\u00e9 de fonds toute organisation, f\u00e9minine ou autre, qui ne partage pas son id\u00e9ologie de droite. <strong>Si votre gouvernement est \u00e9lu, est-ce qu&rsquo;il r\u00e9tablira les programmes et les subventions qui ont \u00e9t\u00e9 perdus ou supprim\u00e9s sous Harper?<\/strong><strong><\/strong><\/p>\n\n\n\n<p>2. &nbsp; Le gouvernement conservateur a cess\u00e9 d&rsquo;imposer le respect de la <em>Loi canadienne sur la sant\u00e9<\/em> aux provinces qui y d\u00e9rogent. En particulier, le refus de la part du gouvernement du Nouveau-Brunswick de financer la clinique Morgentaler contrevient \u00e0 cette <em>Loi<\/em>, ainsi qu\u2019\u00e0 l&rsquo;arr\u00eat <em>Morgentaler <\/em>1988 de la Cour supr\u00eame. Il s&rsquo;agit d&rsquo;une violation grave des droits des femmes, une violation qui perdure depuis plus de 20 ans. Sous le gouvernement lib\u00e9ral, le ministre de la Sant\u00e9 d&rsquo;alors, Ujjal Dosanjh, avait mis en place une proc\u00e9dure d&rsquo;arbitrage pour r\u00e9soudre ce probl\u00e8me, mais les Conservateurs s&rsquo;en sont tout simplement d\u00e9barrass\u00e9s et refusent d\u00e9sormais d&rsquo;appliquer en quoi que ce soit la <em>Loi sur la sant\u00e9<\/em>. <strong>Si votre gouvernement est \u00e9lu, est-ce qu&rsquo;il promet d&rsquo;appliquer la <em>Loi canadienne sur la sant\u00e9<\/em>, y compris en mettant le gouvernement du Nouveau-Brunswick face \u00e0 ses responsabilit\u00e9s&nbsp; pour son refus de financer la clinique Morgentaler?<\/strong><\/p>\n\n\n\n<p><strong>3.<\/strong> &nbsp; Les avortements pratiqu\u00e9s dans des conditions de fortune sont une des principales causes de mortalit\u00e9 maternelle dans les pays en d\u00e9veloppement. Et pourtant, le gouvernement conservateur a refus\u00e9 d&rsquo;inclure les avortements s\u00e9curitaires dans l&rsquo;Initiative pour la sant\u00e9 de la m\u00e8re et de l&rsquo;enfant qu&rsquo;il a pr\u00e9sent\u00e9e au G8 l&rsquo;ann\u00e9e derni\u00e8re. Dans une campagne qui vise \u00e0 r\u00e9duire la mortalit\u00e9 maternelle, il est faux et hypocrite de la part de notre gouvernement d&rsquo;adopter une position officielle qui nie le droit \u00e0 la vie des innombrables femmes qui risquent leur vie en recourant \u00e0 l&rsquo;avortement \u2013 surtout&nbsp; si l\u2019on tient compte du fait que les femmes canadiennes, elles, ont acc\u00e8s \u00e0 des avortements s\u00e9curitaires et l\u00e9gaux. <strong>Si votre gouvernement est \u00e9lu, est-ce qu&rsquo;il subventionnera des avortements s\u00e9curitaires dans les pays en d\u00e9veloppement?<\/strong><\/p>\n","protected":false},"excerpt":{"rendered":"<p>Stephen Harper et son gouvernement conservateur repr\u00e9sentent un grave danger pour les droits des femmes et le droit \u00e0 l&rsquo;avortement \u2013 surtout s&rsquo;ils parviennent \u00e0 accaparer la majorit\u00e9. N&rsquo;oubliez pas de voter lors de l&rsquo;\u00e9lection du 2 mai et, si cela peut avoir un effet dans votre circonscription, pensez \u00e0 voter strat\u00e9giquement pour vous assurer&hellip;<\/p>\n","protected":false},"author":3,"featured_media":0,"parent":0,"menu_order":225,"comment_status":"closed","ping_status":"closed","template":"","meta":{"_acf_changed":false,"_nakedcatplugins_page_lang":"","_nakedcatplugins_page_dir":"ltr","footnotes":""},"class_list":["post-8123","page","type-page","status-publish","hentry"],"acf":{"toc_header":"","toc_header_source":{"label":"TOC Header","type":"text","formatted_value":""},"printfriendly":true,"printfriendly_source":{"label":"Show PrintFriendly Options","type":"true_false","formatted_value":true}},"_links":{"self":[{"href":"https:\/\/www.arcc-cdac.ca\/fr\/wp-json\/wp\/v2\/pages\/8123","targetHints":{"allow":["GET"]}}],"collection":[{"href":"https:\/\/www.arcc-cdac.ca\/fr\/wp-json\/wp\/v2\/pages"}],"about":[{"href":"https:\/\/www.arcc-cdac.ca\/fr\/wp-json\/wp\/v2\/types\/page"}],"author":[{"embeddable":true,"href":"https:\/\/www.arcc-cdac.ca\/fr\/wp-json\/wp\/v2\/users\/3"}],"replies":[{"embeddable":true,"href":"https:\/\/www.arcc-cdac.ca\/fr\/wp-json\/wp\/v2\/comments?post=8123"}],"version-history":[{"count":2,"href":"https:\/\/www.arcc-cdac.ca\/fr\/wp-json\/wp\/v2\/pages\/8123\/revisions"}],"predecessor-version":[{"id":8125,"href":"https:\/\/www.arcc-cdac.ca\/fr\/wp-json\/wp\/v2\/pages\/8123\/revisions\/8125"}],"wp:attachment":[{"href":"https:\/\/www.arcc-cdac.ca\/fr\/wp-json\/wp\/v2\/media?parent=8123"}],"curies":[{"name":"wp","href":"https:\/\/api.w.org\/{rel}","templated":true}]}}