{"id":8128,"date":"2020-06-30T07:42:50","date_gmt":"2020-06-30T11:42:50","guid":{"rendered":"https:\/\/www.arcc-cdac.ca\/prochoice-unknown-mps-current\/"},"modified":"2020-08-17T00:46:52","modified_gmt":"2020-08-17T07:46:52","slug":"prochoice-unknown-mps-current","status":"publish","type":"page","link":"https:\/\/www.arcc-cdac.ca\/fr\/prochoice-unknown-mps-current\/","title":{"rendered":"Liste des d\u00e9put\u00e9s f\u00e9d\u00e9raux pro-choix"},"content":{"rendered":"\n<h3 class=\"wp-block-heading\">et avec une \u00ab position inconnue \u00bb sur l\u2019avortement<\/h3>\n\n\n\n<p><em>compil\u00e9e le 6 octobre 2012\u00a0 *Mise \u00e0 jour 9 f\u00e9vrier 2015*<\/em><\/p>\n\n\n\n<ul class=\"wp-block-list\"><li><a href=\"#pccons\"><a href=\"https:\/\/www.arcc-cdac.ca\/fr\/action\/prochoix-inconnue-mps.html#con-pro-choix\">Conservateurs pro-choix<\/a><\/a><\/li><li><a href=\"#pcndp\"><a href=\"https:\/\/www.arcc-cdac.ca\/fr\/action\/prochoix-inconnue-mps.html#ndp-pro-choix\">N\u00e9o-D\u00e9mocrates pro-choix<\/a><\/a><\/li><li><a href=\"#pclibs\"><a href=\"https:\/\/www.arcc-cdac.ca\/fr\/action\/prochoix-inconnue-mps.html#lib-pro-choix\">Lib\u00e9raux pro-choix<\/a><\/a><\/li><li><a href=\"#pcbloc\"><a href=\"https:\/\/www.arcc-cdac.ca\/fr\/action\/prochoix-inconnue-mps.html#bloc-pro-choix\">Bloquistes pro-choix<\/a><\/a><\/li><li><a href=\"#forces\">Forces et D\u00e9mocratie<\/a> pro-choix<\/li><li><a href=\"#pcgreen\"><a href=\"https:\/\/www.arcc-cdac.ca\/fr\/action\/prochoix-inconnue-mps.html#vert-pro-choix\">Vert pro-choix<\/a><\/a><\/li><li><a href=\"#ind\"><a href=\"https:\/\/www.arcc-cdac.ca\/fr\/action\/prochoix-inconnue-mps.html#ind\">Ind\u00e9pendent (pro-choix)<\/a><\/a><\/li><li><a href=\"https:\/\/www.arcc-cdac.ca\/action\/prochoice-unknown-mps-2011.html#ind\"><\/a><a href=\"https:\/\/www.arcc-cdac.ca\/action\/prochoice-unknown-mps-2011.html#uncons\"><a href=\"https:\/\/www.arcc-cdac.ca\/fr\/action\/prochoix-inconnue-mps.html#con-inconnue\">Conservateurs \u00e0 \u2018position inconnue\u2019<\/a><\/a><\/li><li><a href=\"https:\/\/www.arcc-cdac.ca\/action\/prochoice-unknown-mps-2011.html#unlibs\"><a href=\"https:\/\/www.arcc-cdac.ca\/fr\/action\/prochoix-inconnue-mps.html#lib-inconnue\">Lib\u00e9raux \u00e0 \u2018position inconnue\u2019<\/a><\/a><\/li><\/ul>\n\n\n\n<hr class=\"wp-block-separator\"\/>\n\n\n\n<h2 class=\"wp-block-heading\">D\u00e9put\u00e9s pro-choix<\/h2>\n\n\n\n<h3 class=\"wp-block-heading\" id=\"pccons\"><strong>Conservateurs (pro-choix)<\/strong><\/h3>\n\n\n\n<ul class=\"wp-block-list\"><li>Scott Armstrong<\/li><li>John Baird<\/li><li>John Barlow<\/li><li>Peter Braid<\/li><li>Peter Kent<\/li><li>Ryan Leef<\/li><li>Gordon O&rsquo;Connor<\/li><li>Joe Oliver<\/li><li>Lisa Raitt<\/li><li>Michelle Rempel \u00a0<\/li><\/ul>\n\n\n\n<h3 class=\"wp-block-heading\" id=\"pcndp\"><strong>N\u00e9o-D\u00e9mocrates (pro-choix)<\/strong><\/h3>\n\n\n\n<ul class=\"wp-block-list\"><li>Malcolm Allen<\/li><li>Charlie Angus<\/li><li>Niki Ashton<\/li><li>Alex Atamanenko<\/li><li>Robert Aubin<\/li><li>Paulina Ayala<\/li><li>Tyrone Benskin<\/li><li>Dennis Bevington<\/li><li>Denis Blanchette<\/li><li>Lysane Blanchette-Lamothe<\/li><li>Fran\u00e7oise Boivin<\/li><li>Charmaine Borg<\/li><li>Alexandre Boulerice<\/li><li>Marjolaine Boutin-Sweet<\/li><li>Tarik Brahmi<\/li><li>Ruth Ellen Brosseau<\/li><li>Guy Caron<\/li><li>Andrew Cash<\/li><li>Chris Charlton<\/li><li>Sylvain Chicoine<\/li><li>Robert Chisholm<\/li><li>Fran\u00e7ois Choquette<\/li><li>David Christopherson<\/li><li>Ryan Cleary<\/li><li>Joe Comartin<\/li><li>Raymond C\u00f4t\u00e9<\/li><li>Jean Crowder<\/li><li>Nathan Cullen\u00a0<\/li><li>Don Davies<\/li><li>Libby Davies<\/li><li>Anne-Marie Day<\/li><li>Paul Dewar<\/li><li>Pierre Dionne Labelle<\/li><li>Fin Donnelly<\/li><li>Rosane Dor\u00e9 Lefebvre<\/li><li>Matthew Dub\u00e9<\/li><li>Linda Duncan<\/li><li>Pierre-Luc Dusseault<\/li><li>Myl\u00e8ne Freeman<\/li><li>Randall Garrison<\/li><li>R\u00e9jean Genest<\/li><li>Jonathan Genest-Jourdain<\/li><li>Alain Gigu\u00e8re<\/li><li>Yvon Godin<\/li><li>Claude Gravelle<\/li><li>Sadia Groguh\u00e9<\/li><li>Dan Harris<\/li><li>Jack Harris<\/li><li>Carol Hughes<\/li><li>Pierre Jacob<\/li><li>Peter Julian<\/li><li>Matthew Kellway<\/li><li>Fran\u00e7ois Lapointe<\/li><li>Jean-Fran\u00e7ois Larose<\/li><li>Alexandrine Latendresse<\/li><li>H\u00e9l\u00e8ne Lav\u00e8rdiere<\/li><li>H\u00e9l\u00e8ne LeBlanc<\/li><li>Megan Leslie<\/li><li>Laurin Liu<\/li><li>Hoang Mai<\/li><li>Wayne Marston<\/li><li>Pat Martin<\/li><li>Brian Masse\u00a0<\/li><li>Irene Mathyssen<\/li><li>\u00c9laine Michaud<\/li><li>Christine Moore<\/li><li>Dany Morin<\/li><li>Isabelle Morin<\/li><li>Marc-Andr\u00e9 Morin<\/li><li>Marie-Claude Morin<\/li><li>Thomas Mulcair<\/li><li>Pierre Nantel<\/li><li>Peggy Nash<\/li><li>Jamie Nicholls<\/li><li>Jos\u00e9 Nunez-Melo<\/li><li>Annick Papillon<\/li><li>\u00c8ve P\u00e9clet<\/li><li>Fran\u00e7ois Pilon<\/li><li>Anne Minh-Thu Quach<\/li><li>John Rafferty<\/li><li>Murray Rankin<\/li><li>Mathieu Ravignat<\/li><li>Francine Raynault<\/li><li>Jean Rousseau<\/li><li>Romeo Saganash<\/li><li>Jasbir Sandhu<\/li><li>Craig Scott<\/li><li>Djaouida Sellah<\/li><li>Jinny Sims<\/li><li>Rathika Sitsabaiesan<\/li><li>Kennedy Stewart<\/li><li>Peter Stoffer<\/li><li>Mike Sullivan<\/li><li>Glenn Thibeault<\/li><li>Philip Toone<\/li><li>Jonathan Tremblay<\/li><li>Nycole Turmel<\/li><\/ul>\n\n\n\n<h3 class=\"wp-block-heading\" id=\"pclibs\"><strong>Lib\u00e9raux (pro-choix)<\/strong><\/h3>\n\n\n\n<ul class=\"wp-block-list\"><li>Eve Adams<\/li><li>Mauril Belanger<\/li><li>Carolyn Bennett<\/li><li>Scott Brison<\/li><li>Gerry Byrne<\/li><li>Arnold Chan<\/li><li>Irwin Cotler<\/li><li>Rodger Cuzner\u00a0<\/li><li>St\u00e9phane Dion<\/li><li>Kirsty Duncan<\/li><li>Wayne Easter<\/li><li>Mark Eyking<\/li><li>Judy Foote<\/li><li>Hedy Fry<\/li><li>Marc Garneau<\/li><li>Ralph Goodale\u00a0<\/li><li>Ted Hsu<\/li><li>Yvonne Jones<\/li><li>Dominic Leblanc<\/li><li>John McCallum<\/li><li>David McGuinty<\/li><li>Joyce Murray<\/li><li>Massimo Pacetti<\/li><li>Geoff Regan<\/li><li>Judy Sgro<\/li><li>Scott Simms<\/li><li>Lise St-Denis<\/li><li>Justin Trudeau<\/li><li>Francis Valeriote\u00a0<\/li><\/ul>\n\n\n\n<h3 class=\"wp-block-heading\" id=\"pcbloc\"><strong>Bloquistes (pro-choix)<\/strong><\/h3>\n\n\n\n<ul class=\"wp-block-list\"><li>Claude Patry<\/li><li>Louis Plamondon\u00a0<\/li><\/ul>\n\n\n\n<h3 class=\"wp-block-heading\" id=\"forces\"><strong>Forces et D\u00e9mocratie<\/strong><\/h3>\n\n\n\n<ul class=\"wp-block-list\"><li>Jean-Fran\u00e7ois Fortin&nbsp;<\/li><li>Jean-Fran\u00e7ois Larose<\/li><\/ul>\n\n\n\n<h3 class=\"wp-block-heading\" id=\"pcgreen\"><strong>Parti Vert (pro-choix)<\/strong><\/h3>\n\n\n\n<ul class=\"wp-block-list\"><li>Bruce Hyer<\/li><li>Elizabeth May<\/li><\/ul>\n\n\n\n<h3 class=\"wp-block-heading\" id=\"ind\"><strong>Ind\u00e9pendent (pro-choix)<\/strong><\/h3>\n\n\n\n<ul class=\"wp-block-list\"><li>Scott Andrews<\/li><li>Andr\u00e9 Bellavance<\/li><li>Sana Hassainia<\/li><li>Maria Mourani<\/li><li>Massimo Pacetti<\/li><li>Manon Perreault \u00a0<\/li><\/ul>\n\n\n\n<h2 class=\"wp-block-heading\">D\u00e9put\u00e9s \u00e0 position inconnue sur l\u2019avortement<\/h2>\n\n\n\n<h3 class=\"wp-block-heading\" id=\"uncons\"><strong>Conservateurs \u00e0 \u2018position inconnue\u2019<\/strong><\/h3>\n\n\n\n<ul class=\"wp-block-list\"><li>Mark Adler<\/li><li>Leona Aglukkaq<\/li><li>Dan Albas<\/li><li>Chris Alexander<\/li><li>Jay Aspin<\/li><li>Joyce Bateman<\/li><li>Maxime Bernier<\/li><li>Steven Blaney<\/li><li>Brad Butt<\/li><li>John Carmichael<\/li><li>Corneliu Chisu<\/li><li>Tony Clement<\/li><li>Joan Crockatt<\/li><li>Joe Daniel<\/li><li>Bob Dechert (probablement pro-choix)<\/li><li>John Duncan<\/li><li>Jim Eglinski<\/li><li>Ted Falk<\/li><li>Kerry-Lynne Findlay<\/li><li>Diane Finley<\/li><li>Steven Fletcher<\/li><li>Parm Gill<\/li><li>Shelly Glover<\/li><li>Robert Goguen<\/li><li>Bal Gosal<\/li><li>Ed Holder<\/li><li>Gerald Keddy<\/li><li>Greg Kerr<\/li><li>Denis Lebel<\/li><li>Chungsen Leung<\/li><li>Larry Maguire<\/li><li>Erin O&rsquo;Toole<\/li><li>Christian Paradis<\/li><li>Pat Perkins <small>(probablement anti-choix)<\/small><\/li><li>Greg Rickford<\/li><li>Andrew Saxton<\/li><li>Gary Schellenberger<\/li><li>Devinder Shory<\/li><li>Robert Sopuck<\/li><li>David Tilson<\/li><li>Bernard Trottier<\/li><li>Bernard Valcourt<\/li><li>David Wilks<\/li><li>Wai Young<\/li><li>David Yurdiga <\/li><\/ul>\n\n\n\n<h3 class=\"wp-block-heading\" id=\"unlibs\"><strong>Lib\u00e9raux \u00e0 \u2018position inconnue\u2019<\/strong><\/h3>\n\n\n\n<p><em>(Remarque: \u00e0 compter de 2014, tous les d\u00e9put\u00e9s lib\u00e9raux sont tenus de voter pro-choix sur tous les projets de loi et les motions pr\u00e9sent\u00e9s en chambre, les d\u00e9put\u00e9s anti-choix ne devraient donc plus pr\u00e9senter aucune menace.)<\/em><\/p>\n\n\n\n<ul class=\"wp-block-list\"><li>Sean Casey\u00a0 (personnellement \u00ab pro-vie \u00bb, mais il respecte la position lib\u00e9rale de ne pas rouvrir le d\u00e9bat sur l\u2019avortement, et n\u2019utiliserait pas sa fonction officielle pour promouvoir ses opinions personnelles)<\/li><li>Emmanuel Dubourg<\/li><li>Chrystia Freeland<\/li><li>Adam Vaughan<\/li><\/ul>\n\n\n\n<p><\/p>\n","protected":false},"excerpt":{"rendered":"<p>et avec une \u00ab position inconnue \u00bb sur l\u2019avortement compil\u00e9e le 6 octobre 2012\u00a0 *Mise \u00e0 jour 9 f\u00e9vrier 2015* Conservateurs pro-choix N\u00e9o-D\u00e9mocrates pro-choix Lib\u00e9raux pro-choix Bloquistes pro-choix Forces et D\u00e9mocratie pro-choix Vert pro-choix Ind\u00e9pendent (pro-choix) Conservateurs \u00e0 \u2018position inconnue\u2019 Lib\u00e9raux \u00e0 \u2018position inconnue\u2019 D\u00e9put\u00e9s pro-choix Conservateurs (pro-choix) Scott Armstrong John Baird John Barlow Peter&hellip;<\/p>\n","protected":false},"author":3,"featured_media":0,"parent":0,"menu_order":270,"comment_status":"closed","ping_status":"closed","template":"","meta":{"_acf_changed":false,"_nakedcatplugins_page_lang":"","_nakedcatplugins_page_dir":"ltr","footnotes":""},"class_list":["post-8128","page","type-page","status-publish","hentry"],"acf":{"toc_header":"","toc_header_source":{"label":"TOC Header","type":"text","formatted_value":""},"printfriendly":true,"printfriendly_source":{"label":"Show PrintFriendly Options","type":"true_false","formatted_value":true}},"_links":{"self":[{"href":"https:\/\/www.arcc-cdac.ca\/fr\/wp-json\/wp\/v2\/pages\/8128","targetHints":{"allow":["GET"]}}],"collection":[{"href":"https:\/\/www.arcc-cdac.ca\/fr\/wp-json\/wp\/v2\/pages"}],"about":[{"href":"https:\/\/www.arcc-cdac.ca\/fr\/wp-json\/wp\/v2\/types\/page"}],"author":[{"embeddable":true,"href":"https:\/\/www.arcc-cdac.ca\/fr\/wp-json\/wp\/v2\/users\/3"}],"replies":[{"embeddable":true,"href":"https:\/\/www.arcc-cdac.ca\/fr\/wp-json\/wp\/v2\/comments?post=8128"}],"version-history":[{"count":2,"href":"https:\/\/www.arcc-cdac.ca\/fr\/wp-json\/wp\/v2\/pages\/8128\/revisions"}],"predecessor-version":[{"id":8130,"href":"https:\/\/www.arcc-cdac.ca\/fr\/wp-json\/wp\/v2\/pages\/8128\/revisions\/8130"}],"wp:attachment":[{"href":"https:\/\/www.arcc-cdac.ca\/fr\/wp-json\/wp\/v2\/media?parent=8128"}],"curies":[{"name":"wp","href":"https:\/\/api.w.org\/{rel}","templated":true}]}}