{"id":8131,"date":"2020-06-27T14:42:26","date_gmt":"2020-06-27T18:42:26","guid":{"rendered":"https:\/\/www.arcc-cdac.ca\/key-facts-maternal-health\/"},"modified":"2020-08-17T00:45:48","modified_gmt":"2020-08-17T07:45:48","slug":"key-facts-maternal-health","status":"publish","type":"page","link":"https:\/\/www.arcc-cdac.ca\/fr\/key-facts-maternal-health\/","title":{"rendered":"Faits saillants concernant la sant\u00e9 des m\u00e8res et des b\u00e9b\u00e9s dans les pays en voie de d\u00e9veloppement"},"content":{"rendered":"\n<ul class=\"wp-block-list\"><li>De 19 \u00e0 20 millions de femmes des pays en voie de d\u00e9veloppement recourent chaque ann\u00e9e \u00e0 des avortements non s\u00e9curitaires (habituellement dans l\u2019ill\u00e9galit\u00e9). 98% des avortements non s\u00e9curitaires ont lieu dans des pays aux lois anti-avortement restrictives (habituellement des lois archa\u00efques impos\u00e9es par les anciens pouvoirs coloniaux). Il se produit au total 42 millions d\u2019avortements par an.<\/li><li>Quelque 8 000 femmes meurent chaque ann\u00e9e des suites d\u2019avortements non s\u00e9curitaires. Huit millions de femmes vivent des complications suffisamment graves pour n\u00e9cessiter des traitements. De ce nombre, 3 millions de femmes ne sont jamais trait\u00e9es.\u00a0<\/li><li>Treize pour cent de tous les d\u00e9c\u00e8s li\u00e9s \u00e0 une grossesse sont dus \u00e0 un avortement non s\u00e9curitaire.<\/li><li>Les d\u00e9c\u00e8s dus \u00e0 un avortement non s\u00e9curitaire sont les seuls \u00e0 \u00eatre enti\u00e8rement \u00e9vitables.<\/li><li>Les taux d\u2019avortement les plus \u00e9lev\u00e9s au monde se trouvent en r\u00e8gle g\u00e9n\u00e9rale dans les pays en voie de d\u00e9veloppement qui criminalisent strictement cette proc\u00e9dure. Les lois n\u2019emp\u00eachent pas l\u2019avortement; elles ne font que le repousser dans la clandestinit\u00e9 et le rendre plus dangereux. (Les taux d\u2019avortement sont plus faibles et en d\u00e9croissance dans les pays o\u00f9 cette proc\u00e9dure est l\u00e9gale et largement disponible.)\u00a0<\/li><li>220 000 enfants perdent leur m\u00e8re chaque ann\u00e9e dans le monde en raison de d\u00e9c\u00e8s li\u00e9s \u00e0 l\u2019avortement. (La plupart des femmes qui avortent dans les pays en voie de d\u00e9veloppement sont mari\u00e9es et ont des enfants.)\u00a0<\/li><li>Lorsqu\u2019une femme enceinte meurt d\u2019un avortement non s\u00e9curitaire, ses enfants sont 10 fois plus susceptibles de mourir au cours des deux ann\u00e9es suivantes.<\/li><li>215 millions de femmes des pays en voie de d\u00e9veloppement n\u2019arrivent pas \u00e0 combler leur besoin de contraceptifs modernes (c\u2019est-\u00e0-dire qu\u2019elles veulent \u00e9viter la grossesse mais utilisent une m\u00e9thode inefficace de planning des naissances, ou aucune m\u00e9thode).<\/li><li>Si toutes les femmes qui souhaitent se contracepter avaient acc\u00e8s \u00e0 une m\u00e9thode efficace, plus de 53 millions de grossesses non voulues seraient \u00e9vit\u00e9es, ce qui pr\u00e9viendrait 25 millions d\u2019avortements, 150 000 d\u00e9c\u00e8s maternels et 640 000 d\u00e9c\u00e8s de nouveau-n\u00e9s. (Accoucher est dangereux dans beaucoup de pays sous-d\u00e9velopp\u00e9s \u2013 par exemple, le risque \u00e0 vie de d\u00e9c\u00e8s en couches est de 1 sur 17 en Afrique de l\u2019Ouest et du Centre, en regard de 1 sur 8000 dans les pays industrialis\u00e9s.)<\/li><li>D\u2019autres cons\u00e9quences de l\u2019avortement non s\u00e9curitaire sont la perte de productivit\u00e9, le fardeau impos\u00e9 aux syst\u00e8mes de sant\u00e9 publique, la stigmatisation et des probl\u00e8mes de sant\u00e9 \u00e0 long terme comme l\u2019infertilit\u00e9.<\/li><li>Il en co\u00fbte au moins 460 millions de dollars par ann\u00e9e pour traiter les 5 millions de femmes hospitalis\u00e9es chaque ann\u00e9e apr\u00e8s des avortements non s\u00e9curitaires. En Afrique, de 30 \u00e0 50 p. 100 des d\u00e9c\u00e8s maternels r\u00e9sultent de complications subs\u00e9quentes \u00e0 l\u2019avortement, et les maternit\u00e9s et budgets des h\u00f4pitaux sont souvent accapar\u00e9s par le traitement de ces complications.\u00a0\u00a0<\/li><li>L\u2019avortement pratiqu\u00e9 de mani\u00e8re l\u00e9gale et s\u00e9curitaire sauve des vies de femmes. Tous les pays sans exception qui ont l\u00e9galis\u00e9 l\u2019avortement ont constat\u00e9 des baisses drastiques du nombre de d\u00e9c\u00e8s et de complications graves suite \u00e0 des avortements non s\u00e9curitaires. Dans les pays occidentaux industrialis\u00e9s, les d\u00e9c\u00e8s dus \u00e0 l\u2019avortement non s\u00e9curitaire ont \u00e9t\u00e9 pratiquement \u00e9limin\u00e9s.\u00a0<\/li><\/ul>\n\n\n\n<div class=\"wp-block-group clinicblock\"><div class=\"wp-block-group__inner-container is-layout-flow wp-block-group-is-layout-flow\">\n<h2 class=\"wp-block-heading\">Sources:<\/h2>\n\n\n\n<p>Guttmacher Institute, octobre 2009. <a href=\"http:\/\/www.guttmacher.org\/pubs\/fb_IAW.html\">Facts on Induced Abortion Worldwide<\/a>.<\/p>\n\n\n\n<p>Fonds des Nations Unies pour la population (FNUAP) et Guttmacher Institute, 2009. <a href=\"http:\/\/www.guttmacher.org\/pubs\/AddingItUp2009.pdf\">Adding It Up: The Costs and Benefits of Investing in Family Planning and Maternal and Newborn Health<\/a>. <\/p>\n\n\n\n<p>Organisation mondiale de la Sant\u00e9, D\u00e9partement Sant\u00e9 et recherches g\u00e9n\u00e9siques. <a href=\"http:\/\/whqlibdoc.who.int\/publications\/2007\/9789241596121_eng.pdf\">Unsafe abortion: global and regional estimates of incidence of unsafe abortion and associated mortality in 2003<\/a>, 5e \u00e9dition, 2007.<\/p>\n\n\n\n<p>UNICEF.<a href=\"http:\/\/www.unicef.org\/french\/mdg\/maternal.html\"> <em>L\u2019objectif: am\u00e9liorer la sant\u00e9 maternelle<\/em><\/a><em>. <\/em><\/p>\n\n\n\n<p>UNICEF. <a href=\"http:\/\/www.unicef.org\/india\/media_3896.htm\">State of the World\u2019s Children (SOWC) \u2013 Key Statistics<\/a><em>.<\/em><\/p>\n\n\n\n<p>Khama O. Rogo, John Oucho et Philip Mwalali, 2006. <a href=\"http:\/\/www.ncbi.nlm.nih.gov\/bookshelf\/br.fcgi?book=dmssa&amp;part=A1437\">Maternal Mortality<\/a><em>. <\/em>National Center for Biotechnology Information (NCBI). <\/p>\n\n\n\n<p>Susan A. Cohen, automne 2009. <a href=\"http:\/\/www.guttmacher.org\/pubs\/gpr\/12\/4\/gpr120402.html\">Facts and Consequences: Legality, Incidence and Safety of Abortion Worldwide<\/a>,<em>Guttmacher Policy Review. <\/em>Vol.12, no 4.\u00a0<\/p>\n<\/div><\/div>\n\n\n\n<p><\/p>\n","protected":false},"excerpt":{"rendered":"<p>De 19 \u00e0 20 millions de femmes des pays en voie de d\u00e9veloppement recourent chaque ann\u00e9e \u00e0 des avortements non s\u00e9curitaires (habituellement dans l\u2019ill\u00e9galit\u00e9). 98% des avortements non s\u00e9curitaires ont lieu dans des pays aux lois anti-avortement restrictives (habituellement des lois archa\u00efques impos\u00e9es par les anciens pouvoirs coloniaux). Il se produit au total 42 millions&hellip;<\/p>\n","protected":false},"author":3,"featured_media":0,"parent":0,"menu_order":236,"comment_status":"closed","ping_status":"closed","template":"","meta":{"_acf_changed":false,"_nakedcatplugins_page_lang":"","_nakedcatplugins_page_dir":"ltr","footnotes":""},"class_list":["post-8131","page","type-page","status-publish","hentry"],"acf":{"toc_header":"","toc_header_source":{"label":"TOC Header","type":"text","formatted_value":""},"printfriendly":true,"printfriendly_source":{"label":"Show PrintFriendly Options","type":"true_false","formatted_value":true}},"_links":{"self":[{"href":"https:\/\/www.arcc-cdac.ca\/fr\/wp-json\/wp\/v2\/pages\/8131","targetHints":{"allow":["GET"]}}],"collection":[{"href":"https:\/\/www.arcc-cdac.ca\/fr\/wp-json\/wp\/v2\/pages"}],"about":[{"href":"https:\/\/www.arcc-cdac.ca\/fr\/wp-json\/wp\/v2\/types\/page"}],"author":[{"embeddable":true,"href":"https:\/\/www.arcc-cdac.ca\/fr\/wp-json\/wp\/v2\/users\/3"}],"replies":[{"embeddable":true,"href":"https:\/\/www.arcc-cdac.ca\/fr\/wp-json\/wp\/v2\/comments?post=8131"}],"version-history":[{"count":1,"href":"https:\/\/www.arcc-cdac.ca\/fr\/wp-json\/wp\/v2\/pages\/8131\/revisions"}],"predecessor-version":[{"id":8132,"href":"https:\/\/www.arcc-cdac.ca\/fr\/wp-json\/wp\/v2\/pages\/8131\/revisions\/8132"}],"wp:attachment":[{"href":"https:\/\/www.arcc-cdac.ca\/fr\/wp-json\/wp\/v2\/media?parent=8131"}],"curies":[{"name":"wp","href":"https:\/\/api.w.org\/{rel}","templated":true}]}}