{"id":8133,"date":"2020-07-06T09:19:04","date_gmt":"2020-07-06T13:19:04","guid":{"rendered":"https:\/\/www.arcc-cdac.ca\/fiche-dinformation-enjeux-de-lacces-a-lavortement\/"},"modified":"2023-04-08T08:54:34","modified_gmt":"2023-04-08T15:54:34","slug":"fiche-dinformation-enjeux-de-lacces-a-lavortement","status":"publish","type":"page","link":"https:\/\/www.arcc-cdac.ca\/fr\/fiche-dinformation-enjeux-de-lacces-a-lavortement\/","title":{"rendered":"Fiche d\u2019information : Enjeux de l\u2019acc\u00e8s \u00e0 l\u2019avortement"},"content":{"rendered":"\n<p>M\u00eame si l\u2019ensemble des provinces et des territoires ont reconnu l\u2019avortement comme un \u00ab\u202f&nbsp;service m\u00e9dicalement n\u00e9cessaire&nbsp;\u202f\u00bb aux termes de la&nbsp; <a href=\"http:\/\/laws.justice.gc.ca\/fr\/c-6\/17077.html\" target=\"_blank\" rel=\"noopener noreferrer\">Loi canadienne sur la sant\u00e9<\/a>, les services d\u2019avortement fournis ne r\u00e9pondent toujours pas \u00e0 l\u2019un ou l\u2019autre des cinq crit\u00e8res de la Loi&nbsp;:<\/p>\n\n\n\n<ul class=\"wp-block-list\">\n<li>la gestion publique<\/li>\n\n\n\n<li>l\u2019int\u00e9gralit\u00e9<\/li>\n\n\n\n<li>l\u2019universalit\u00e9<\/li>\n\n\n\n<li>la transf\u00e9rabilit\u00e9<\/li>\n\n\n\n<li>l\u2019accessibilit\u00e9<\/li>\n<\/ul>\n\n\n\n<p>Comme certaines provinces n\u2019assurent toujours pas des services d\u2019avortement accessibles ou subventionn\u00e9s conform\u00e9ment \u00e0 la <em>Loi canadienne sur la sant\u00e9<\/em>, l\u2019acc\u00e8s \u00e0 l\u2019avortement demeure difficile pour beaucoup de gens, surtout celles qui r\u00e9sident en r\u00e9gions rurales, isol\u00e9es ou conservatrices; les personnes des groupes minoritaires et les immigrantes; les gens \u00e0 faible revenu; les adolescentes; les personnes transgenres et d\u2019autres personnes d\u00e9savantag\u00e9es.<\/p>\n\n\n\n<p>Le manque d\u2019acc\u00e8s aux services d\u2019avortement viole les droits constitutionnels des personnes capables de grossesse, mais les gouvernements manquent souvent de volont\u00e9 politique pour rendre l\u2019avortement accessible. La profession m\u00e9dicale elle-m\u00eame a succomb\u00e9 aux pressions du mouvement anti-choix en ne pratiquant pas d\u2019avortements et en ne formant pas de fournisseurs de ces services.<\/p>\n\n\n\n<ul class=\"wp-block-list\">\n<li>La province du Nouveau-Brunswick ne finance pas les avortements pratiqu\u00e9s en clinique, alors que l\u2019Ontario ne finance pas int\u00e9gralement les avortements pratiqu\u00e9s dans toutes les cliniques. Les personnes enceintes doivent payer elles-m\u00eames au moins en partie pour un avortement, ce qui constitue une violation de la\u00a0<em>Loi canadienne sur la sant\u00e9<\/em>.\u00a0Un avortement pratiqu\u00e9 au premier trimestre co\u00fbte en moyenne 700\u00a0$.<\/li>\n\n\n\n<li>Moins d\u2019un h\u00f4pital canadien sur cinq offre des services d\u2019avortement, m\u00eame s\u2019il s\u2019agit d\u2019une intervention courante et simple. Les h\u00f4pitaux qui offrent des services d\u2019avortement l\u2019assortissent parfois de politiques restrictives comme une limite de 12 semaines de gestation ou l\u2019exigence d\u2019une r\u00e9f\u00e9rence m\u00e9dicale. Les h\u00f4pitaux pr\u00e9sentent souvent de longues listes d\u2019attente.<\/li>\n\n\n\n<li>On d\u00e9plore un manque de m\u00e9decins dispos\u00e9s \u00e0 pratiquer des avortements et form\u00e9s pour ce faire, en partie \u00e0 cause de l\u2019absence ou du caract\u00e8re inad\u00e9quat de la formation donn\u00e9e dans les facult\u00e9s de m\u00e9decine et en partie \u00e0 cause d\u2019un climat de stigmatisation et de crainte. Les facult\u00e9s canadiennes de m\u00e9decine consacrent en moyenne moins d\u2019une heure \u00e0 l\u2019enseignement des m\u00e9thodes d\u2019avortement au cours du programme de quatre ans. Les techniques d\u2019avortement chirurgical au premier trimestre ne sont m\u00eame pas abord\u00e9es dans de nombreuses facult\u00e9s de m\u00e9decine du Canada.<\/li>\n<\/ul>\n\n\n\n<h3 class=\"wp-block-heading\"><strong>Pour am\u00e9liorer l\u2019acc\u00e8s \u00e0 l\u2019avortement au Canada, la <abbr>CDAC<\/abbr> travaille aux objectifs suivants&nbsp;:<\/strong><\/h3>\n\n\n\n<ul class=\"wp-block-list\">\n<li>obtenir un remboursement complet de l\u2019assurance-maladie pour les cliniques d\u2019avortement (dans les provinces qui violent toujours la&nbsp;<em>Loi canadienne sur la sant\u00e9<\/em>)<\/li>\n\n\n\n<li>am\u00e9liorer l\u2019acc\u00e8s \u00e0 l\u2019avortement dans les h\u00f4pitaux de l\u2019ensemble du Canada<\/li>\n\n\n\n<li>accro\u00eetre le nombre de fournisseurs de services d\u2019avortement et les occasions de formation pour la pratique de l\u2019avortement<\/li>\n<\/ul>\n\n\n\n<p>Pour comprendre pourquoi l\u2019avortement est un service m\u00e9dicalement n\u00e9cessaire et doit \u00eatre enti\u00e8rement financ\u00e9, veuillez lire notre Prise de position <a href=\"https:\/\/www.arcc-cdac.ca\/fr\/postionpapers\/01_Avortement_Medicalement_Requis.pdf\" target=\"_blank\" rel=\"noopener noreferrer\">\u00ab\u202fL\u2019avortement est un service m\u00e9dicalement n\u00e9cessaire\u202f\u00bb<\/a>.<\/p>\n","protected":false},"excerpt":{"rendered":"<p>M\u00eame si l\u2019ensemble des provinces et des territoires ont reconnu l\u2019avortement comme un \u00ab\u202f&nbsp;service m\u00e9dicalement n\u00e9cessaire&nbsp;\u202f\u00bb aux termes de la&nbsp; Loi canadienne sur la sant\u00e9, les services d\u2019avortement fournis ne r\u00e9pondent toujours pas \u00e0 l\u2019un ou l\u2019autre des cinq crit\u00e8res de la Loi&nbsp;: Comme certaines provinces n\u2019assurent toujours pas des services d\u2019avortement accessibles ou subventionn\u00e9s&hellip;<\/p>\n","protected":false},"author":3,"featured_media":0,"parent":0,"menu_order":298,"comment_status":"closed","ping_status":"closed","template":"","meta":{"_acf_changed":false,"_nakedcatplugins_page_lang":"","_nakedcatplugins_page_dir":"ltr","footnotes":""},"class_list":["post-8133","page","type-page","status-publish","hentry"],"acf":{"toc_header":"","toc_header_source":{"label":"TOC Header","type":"text","formatted_value":""},"printfriendly":true,"printfriendly_source":{"label":"Show PrintFriendly Options","type":"true_false","formatted_value":true}},"_links":{"self":[{"href":"https:\/\/www.arcc-cdac.ca\/fr\/wp-json\/wp\/v2\/pages\/8133","targetHints":{"allow":["GET"]}}],"collection":[{"href":"https:\/\/www.arcc-cdac.ca\/fr\/wp-json\/wp\/v2\/pages"}],"about":[{"href":"https:\/\/www.arcc-cdac.ca\/fr\/wp-json\/wp\/v2\/types\/page"}],"author":[{"embeddable":true,"href":"https:\/\/www.arcc-cdac.ca\/fr\/wp-json\/wp\/v2\/users\/3"}],"replies":[{"embeddable":true,"href":"https:\/\/www.arcc-cdac.ca\/fr\/wp-json\/wp\/v2\/comments?post=8133"}],"version-history":[{"count":2,"href":"https:\/\/www.arcc-cdac.ca\/fr\/wp-json\/wp\/v2\/pages\/8133\/revisions"}],"predecessor-version":[{"id":12932,"href":"https:\/\/www.arcc-cdac.ca\/fr\/wp-json\/wp\/v2\/pages\/8133\/revisions\/12932"}],"wp:attachment":[{"href":"https:\/\/www.arcc-cdac.ca\/fr\/wp-json\/wp\/v2\/media?parent=8133"}],"curies":[{"name":"wp","href":"https:\/\/api.w.org\/{rel}","templated":true}]}}