{"id":8135,"date":"2020-07-06T09:26:00","date_gmt":"2020-07-06T13:26:00","guid":{"rendered":"https:\/\/www.arcc-cdac.ca\/?page_id=8135"},"modified":"2020-08-17T00:46:55","modified_gmt":"2020-08-17T07:46:55","slug":"mme-ambrose-vous-avez-failli-a-votre-tache","status":"publish","type":"page","link":"https:\/\/www.arcc-cdac.ca\/fr\/mme-ambrose-vous-avez-failli-a-votre-tache\/","title":{"rendered":"Mme Ambrose, vous avez failli \u00e0 votre t\u00e2che"},"content":{"rendered":"\n<p><em>La CDAC endosse cette lettre ouverte qui demande la d\u00e9mission de la ministre de la Condition f\u00e9minine Rona Ambrose. Merci \u00e0 ses auteures pour la permission de l&rsquo;afficher sur notre site Web.<\/em><\/p>\n\n\n\n<p>publi\u00e9 le 1 oct 2012&nbsp;<br>Difficile pour une ministre de la condition f\u00e9minine de faillir \u00e0 sa t\u00e2che de mani\u00e8re plus monumentale qu\u2019en appuyant le retour du d\u00e9bat sur l\u2019avortement. C\u2019est pourtant ce qu\u2019a fait Rona Ambrose en votant pour la motion 312 visant \u00e0 red\u00e9finir le statut l\u00e9gal du f\u0153tus. En posant ce geste, la ministre a trahi sa mission et franchi une nouvelle \u00e9tape dans l\u2019application de la strat\u00e9gie antif\u00e9ministe de ce gouvernement.<\/p>\n\n\n\n<h2 class=\"wp-block-heading\">Nous demandons aujourd\u2019hui sa d\u00e9mission.<\/h2>\n\n\n\n<p>Il ne s\u2019agissait pas, pr\u00e9cisons-le, de r\u00e9fl\u00e9chir \u00e0 l\u2019av\u00e8nement de la vie, de discuter de grossesse et de maternit\u00e9 (il serait normal que ce sujet int\u00e9resse la ministre). Non. Apr\u00e8s des ann\u00e9es de coupes dans le financement des organisations f\u00e9ministes, le gouvernement actuel ne peut plus s\u00e9rieusement pr\u00e9tendre encourager la discussion et la diffusion des connaissances qu\u2019il b\u00e2illonne lui-m\u00eame. La ministre a au contraire appuy\u00e9 un projet dont l\u2019objectif avou\u00e9 est de recriminaliser l\u2019avortement, c\u2019est \u00e0 dire de forcer des femmes \u00e0 supporter pendant neuf mois des grossesses non voulues pour accoucher dans des conditions d\u00e9chirantes d\u2019enfants dont elles resteront responsables. Nous ne sommes pas alarmistes, nous sommes lasses de ce combat sans fin. Depuis vingt ans (depuis la l\u00e9galisation), pas une ann\u00e9e ne passe sans qu\u2019un projet de loi cherchant \u00e0 criminaliser directement ou indirectement l\u2019avortement ne soit d\u00e9pos\u00e9. Pendant ce temps, les acquis fondent dans les pays voisins. Et nous devrions compter sur Condition f\u00e9minine Canada pour d\u00e9fendre le droit fondamental des femmes de disposer de leur corps.<\/p>\n\n\n\n<p>\u00ab Condition f\u00e9minine Canada (CFC) est l\u2019organisme f\u00e9d\u00e9ral qui favorise la pleine participation des femmes \u00e0 la vie \u00e9conomique, sociale et d\u00e9mocratique du Canada. Son travail vise \u00e0 faire progresser l\u2019\u00e9galit\u00e9 pour les femmes et \u00e0 \u00e9liminer les obstacles \u00e0 la participation des femmes \u00e0 la soci\u00e9t\u00e9, en mettant un accent particulier sur l\u2019accroissement de leur s\u00e9curit\u00e9 \u00e9conomique et l\u2019\u00e9limination de la violence \u00e0 leur endroit. \u00bb (<a href=\"http:\/\/www.cfc-swc.gc.ca\/abu-ans\/index-fra.html\">Site Web de Condition F\u00e9minine Canada<\/a>)<\/p>\n\n\n\n<p>Pourquoi le statut l\u00e9gal de personne du f\u0153tus est-il concurrent de celui de la femme ?<\/p>\n\n\n\n<p>Eh bien parce que ces deux \u00eatres n\u2019ont pas encore \u00e9t\u00e9 s\u00e9par\u00e9s. On ne peut faire quoi que ce soit \u00e0 un f\u0153tus sans passer sur le corps de sa m\u00e8re. Si un f\u0153tus avait les m\u00eames droits que sa m\u00e8re, il serait possible de poursuivre, en son nom et sans son consentement, sa m\u00e8re pour une infinie vari\u00e9t\u00e9 de comportements jug\u00e9s malsains (en Caroline du Sud, par exemple, une jeune femme a r\u00e9cemment \u00e9t\u00e9 emprisonn\u00e9e \u00e0 la suite d\u2019une fausse couche attribu\u00e9e \u00e0 sa consommation de drogue). Il serait possible de demander \u00e0 une cour de justice de choisir, dans le cas d\u2019une grossesse tr\u00e8s \u00e0 risque, entre la vie de la m\u00e8re ou celle de l\u2019enfant. D\u2019imposer aux m\u00e8re un accouchement par c\u00e9sarienne, pour prot\u00e9ger l\u2019enfant des complications. D\u2019imposer, aussi, aux m\u00e8res de mener \u00e0 terme une grossesse. C\u2019est bien l\u2019enjeu. Si le statut l\u00e9gal de personne commence \u00e0 la naissance, c\u2019est pour prot\u00e9ger la vie des femmes, pas parce que nous manquons de consid\u00e9ration pour les b\u00e9b\u00e9s \u00e0 venir.<\/p>\n\n\n\n<h2 class=\"wp-block-heading\">Le sacr\u00e9 et l\u2019\u00c9tat<\/h2>\n\n\n\n<p>Ce d\u00e9bat est port\u00e9 dans l\u2019Ouest canadien par un fort mouvement conservateur chr\u00e9tien, qui voudrait imposer ses croyances par la loi. S\u2019il s\u2019agit bien d\u2019une question de sacr\u00e9, pourquoi devrait-on y m\u00ealer des juges ? Ne peut-on admettre une fois pour toutes qu\u2019il ne sert \u00e0 rien de condamner les femmes pour une responsabilit\u00e9 morale qu\u2019elles ont d\u00e9j\u00e0 \u00e0 assumer ? L\u2019avortement ne se vit pas sans une grande douleur spirituelle et la plupart des femmes qui mettent fin \u00e0 une grossesse choisissent un rituel ou un autre pour honorer une \u00e2me, ou au moins la vie. L\u2019imbrication des corps et des esprits, l\u2019accueil dans son \u00eatre d\u2019un \u00eatre autonome, la grossesse, est un moment de complexit\u00e9 psychologique, philosophique, sociale et spirituelle difficile \u00e0 comprendre pour les personnes m\u00eames qui le vivent ; imaginez pour le s autres. Une d\u00e9cision aussi complexe qu\u2019un avortement ne peut \u00eatre b\u00eatement interdite.<\/p>\n\n\n\n<p>Comment diminuer le nombre d\u2019avortements ?<\/p>\n\n\n\n<p>Pour lutter contre l\u2019avortement, il y a mieux \u00e0 faire. Misons sur l\u2019\u00e9ducation sexuelle et l\u2019enseignement de valeurs \u00e9galitaires \u00e0 l\u2019\u00e9cole, pour favoriser la contraception, augmenter la confiance des hommes et des femmes, r\u00e9duire la violence sexuelle. Aidons les familles en luttant contre la pauvret\u00e9, en reconnaissant le travail domestique, en accueillant les enfants dans la sph\u00e8re publique. Continuons de faire toutes ces choses que le gouvernement Harper veut justement emp\u00eacher. Interdire l\u2019avortement ne r\u00e9duit pas leur nombre ; cela les rend seulement plus co\u00fbteux et dangereux. Militer pour les grossesses forc\u00e9es ne sauvera pas votre \u00e2me, mais vous rendra complice d\u2019une pratique d\u2019esclavage.<\/p>\n\n\n\n<p>Si la vie est sacr\u00e9e et myst\u00e9rieuse, cela ne permet pas aux gouvernements de contr\u00f4ler le corps des femmes. Politiciens et juristes, laissez les familles faire leur choix. Madame Ambrose, cessez de pr\u00e9tendre que ce gouvernement s\u2019int\u00e9resse aux droits des femmes. Si nous ne pouvons plus compter sur Condition f\u00e9minine Canada, nous pr\u00e9f\u00e9rons le savoir maintenant. Val\u00e9rie Lefebvre-Faucher<\/p>\n\n\n\n<p>Cette lettre est cosign\u00e9e par Julie Chateauvert, Denise Brassard, L\u00e9a Clermont-Dion, Martine Delvaux, Laura Kneale et les \u00c9ditions du Remue-m\u00e9nage.<\/p>\n","protected":false},"excerpt":{"rendered":"<p>La CDAC endosse cette lettre ouverte qui demande la d\u00e9mission de la ministre de la Condition f\u00e9minine Rona Ambrose. Merci \u00e0 ses auteures pour la permission de l&rsquo;afficher sur notre site Web. publi\u00e9 le 1 oct 2012&nbsp;Difficile pour une ministre de la condition f\u00e9minine de faillir \u00e0 sa t\u00e2che de mani\u00e8re plus monumentale qu\u2019en appuyant&hellip;<\/p>\n","protected":false},"author":3,"featured_media":0,"parent":0,"menu_order":187,"comment_status":"closed","ping_status":"closed","template":"","meta":{"_acf_changed":false,"_nakedcatplugins_page_lang":"","_nakedcatplugins_page_dir":"ltr","footnotes":""},"class_list":["post-8135","page","type-page","status-publish","hentry"],"acf":{"toc_header":"","toc_header_source":{"label":"TOC Header","type":"text","formatted_value":""},"printfriendly":true,"printfriendly_source":{"label":"Show PrintFriendly Options","type":"true_false","formatted_value":true}},"_links":{"self":[{"href":"https:\/\/www.arcc-cdac.ca\/fr\/wp-json\/wp\/v2\/pages\/8135","targetHints":{"allow":["GET"]}}],"collection":[{"href":"https:\/\/www.arcc-cdac.ca\/fr\/wp-json\/wp\/v2\/pages"}],"about":[{"href":"https:\/\/www.arcc-cdac.ca\/fr\/wp-json\/wp\/v2\/types\/page"}],"author":[{"embeddable":true,"href":"https:\/\/www.arcc-cdac.ca\/fr\/wp-json\/wp\/v2\/users\/3"}],"replies":[{"embeddable":true,"href":"https:\/\/www.arcc-cdac.ca\/fr\/wp-json\/wp\/v2\/comments?post=8135"}],"version-history":[{"count":1,"href":"https:\/\/www.arcc-cdac.ca\/fr\/wp-json\/wp\/v2\/pages\/8135\/revisions"}],"predecessor-version":[{"id":8136,"href":"https:\/\/www.arcc-cdac.ca\/fr\/wp-json\/wp\/v2\/pages\/8135\/revisions\/8136"}],"wp:attachment":[{"href":"https:\/\/www.arcc-cdac.ca\/fr\/wp-json\/wp\/v2\/media?parent=8135"}],"curies":[{"name":"wp","href":"https:\/\/api.w.org\/{rel}","templated":true}]}}