{"id":8145,"date":"2020-07-06T09:58:07","date_gmt":"2020-07-06T13:58:07","guid":{"rendered":"https:\/\/www.arcc-cdac.ca\/sample-letter-to-candidates\/"},"modified":"2021-08-19T08:45:58","modified_gmt":"2021-08-19T15:45:58","slug":"sample-letter-to-candidates","status":"publish","type":"page","link":"https:\/\/www.arcc-cdac.ca\/fr\/sample-letter-to-candidates\/","title":{"rendered":"Mod\u00e8le de lettre \u00e0 envoyer aux candidats"},"content":{"rendered":"\n<ol class=\"wp-block-list\"><li>Trouvez <a href=\"https:\/\/en.wikipedia.org\/wiki\/Candidates_of_the_2021_Canadian_federal_election\" target=\"_blank\" aria-label=\"votre circonscription et vos candidats ici (opens in a new tab)\" rel=\"noreferrer noopener\" class=\"ek-link\">votre circonscription et vos candidats ici<\/a> (en anglais seulement).<\/li><li>Trouvez les coordonn\u00e9es de vos candidats sur la page Web de leur parti : <ul><li><a href=\"https:\/\/www.blocquebecois.org\/les-candidates-et-candidats\/\" target=\"_blank\" aria-label=\"Bloc Qu\u00e9b\u00e9cois (opens in a new tab)\" rel=\"noreferrer noopener\" class=\"ek-link\">Bloc Qu\u00e9b\u00e9cois<\/a><\/li><li><a href=\"https:\/\/www.conservateur.ca\/candidats\/\" target=\"_blank\" aria-label=\"Parti conservateur du Canada (opens in a new tab)\" rel=\"noreferrer noopener\" class=\"ek-link\">Parti conservateur du Canada<\/a><\/li><li><a rel=\"noopener noreferrer\" href=\"http:\/\/www.greenparty.ca\/fr\/candidates\" target=\"_blank\">Parti vert du Canada<\/a><\/li><li><a href=\"https:\/\/liberal.ca\/fr\/vos-candidats-liberaux\/\" target=\"_blank\" aria-label=\"Parti lib\u00e9ral du Canada (opens in a new tab)\" rel=\"noreferrer noopener\" class=\"ek-link\">Parti lib\u00e9ral du Canada<\/a><\/li><li><a href=\"https:\/\/www.npd.ca\/equipe\" target=\"_blank\" aria-label=\"Nouveau parti d\u00e9mocratique du Canada (opens in a new tab)\" rel=\"noreferrer noopener\" class=\"ek-link\">Nouveau parti d\u00e9mocratique du Canada<\/a><\/li><li><a rel=\"noopener noreferrer\" href=\"http:\/\/www.partipopulaireducanada.ca\/nos_candidats\" target=\"_blank\">Parti populaire du Canada<\/a><\/li><\/ul><\/li><li>Vous ne trouvez pas l\u2019adresse courriel ou postale de l\u2019un de vos candidats? N\u2019h\u00e9sitez pas \u00e0 poser l\u2019une de nos <a rel=\"noopener noreferrer\" href=\"https:\/\/www.arcc-cdac.ca\/fr\/election\/questions-aux-candidats.pdf\" target=\"_blank\">questions \u00e0 vos candidats<\/a> sur la page de leurs r\u00e9seaux sociaux, ou vous pouvez aussi les appeler.<\/li><li>Copier-coller la lettre suivante : (n\u2019h\u00e9sitez pas \u00e0 y apporter des changements ou \u00e0 y ajouter vos propres commentaires).<\/li><\/ol>\n\n\n\n<div class=\"wp-block-group clinicblock\"><div class=\"wp-block-group__inner-container is-layout-flow wp-block-group-is-layout-flow\">\n<p>Cher (\u00e8re), <em>[nom du candidat]<\/em><\/p>\n\n\n\n<p>Comme la majorit\u00e9 des Canadiens, je suis en faveur du libre-choix des femmes et ne voudrais pas qu\u2019on criminalise l\u2019avortement de nouveau au Canada. L\u2019acc\u00e8s \u00e0 l\u2019avortement est un droit essentiel des femmes et des personnes trans qui deviennent enceintes. Restreindre l\u2019avortement violerait leurs droits fondamentaux en vertu de la Charte, telle qu\u2019\u00e9nonc\u00e9e dans la d\u00e9cision rendue dans l\u2019affaire Morgentaler en 1988. L\u2019impossibilit\u00e9 d\u2019avoir acc\u00e8s \u00e0 un avortement met la sant\u00e9 et la vie des personnes en danger.<\/p>\n\n\n\n<p>Si vous \u00eates \u00e9lu, vous engagez-vous \u00e0 d\u00e9fendre et \u00e0 faire respecter le droit \u00e0 l\u2019avortement? Allez-vous vous opposer publiquement ou voter contre tous projets de loi ou motion propos\u00e9s au Parlement qui visent \u00e0 restreindre l\u2019avortement ou en r\u00e9duire l\u2019acc\u00e8s? <\/p>\n\n\n\n<p>L\u2019une des responsabilit\u00e9s importantes du gouvernement f\u00e9d\u00e9ral du Canada est de s\u2019assurer que les provinces adh\u00e8rent \u00e0 la Loi canadienne sur la sant\u00e9. Et celle de l\u2019opposition est de rendre le gouvernement responsable lorsqu\u2019il manque \u00e0 sa t\u00e2che. Si vous \u00eates \u00e9lu, vous assurerez-vous que toutes les provinces financent enti\u00e8rement l\u2019avortement pratiqu\u00e9 dans les cliniques et les h\u00f4pitaux, et allez-vous insister pour que la pilule abortive Mifegymiso devienne plus facile d\u2019acc\u00e8s \u00e0 l\u2019ext\u00e9rieur des grandes villes?<\/p>\n\n\n\n<p>Si vous devenez mon d\u00e9put\u00e9, je m\u2019attends \u00e0 ce que vous teniez le gouvernement responsable de prot\u00e9ger les droits reproductifs des femmes et des minorit\u00e9s sexuelles en vertu de la Charte, et \u00e0 ce que vous vous assuriez que l\u2019acc\u00e8s et le remboursement de l\u2019avortement soient pour tous, peu importe o\u00f9 les personnes habitent au Canada, comme mentionn\u00e9 dans la Loi canadienne sur la sant\u00e9.<\/p>\n\n\n\n<p>Est-ce que je peux compter sur vous?<\/p>\n\n\n\n<p>Sinc\u00e8rement,<\/p>\n\n\n\n<p><em>[votre nom et vos coordonn\u00e9es]<\/em><\/p>\n<\/div><\/div>\n","protected":false},"excerpt":{"rendered":"<p>Trouvez votre circonscription et vos candidats ici (en anglais seulement). Trouvez les coordonn\u00e9es de vos candidats sur la page Web de leur parti : Bloc Qu\u00e9b\u00e9cois Parti conservateur du Canada Parti vert du Canada Parti lib\u00e9ral du Canada Nouveau parti d\u00e9mocratique du Canada Parti populaire du Canada Vous ne trouvez pas l\u2019adresse courriel ou postale&hellip;<\/p>\n","protected":false},"author":3,"featured_media":0,"parent":0,"menu_order":308,"comment_status":"closed","ping_status":"closed","template":"","meta":{"_acf_changed":false,"_nakedcatplugins_page_lang":"","_nakedcatplugins_page_dir":"ltr","footnotes":""},"class_list":["post-8145","page","type-page","status-publish","hentry"],"acf":{"toc_header":"","toc_header_source":{"label":"TOC Header","type":"text","formatted_value":""},"printfriendly":true,"printfriendly_source":{"label":"Show PrintFriendly Options","type":"true_false","formatted_value":true}},"_links":{"self":[{"href":"https:\/\/www.arcc-cdac.ca\/fr\/wp-json\/wp\/v2\/pages\/8145","targetHints":{"allow":["GET"]}}],"collection":[{"href":"https:\/\/www.arcc-cdac.ca\/fr\/wp-json\/wp\/v2\/pages"}],"about":[{"href":"https:\/\/www.arcc-cdac.ca\/fr\/wp-json\/wp\/v2\/types\/page"}],"author":[{"embeddable":true,"href":"https:\/\/www.arcc-cdac.ca\/fr\/wp-json\/wp\/v2\/users\/3"}],"replies":[{"embeddable":true,"href":"https:\/\/www.arcc-cdac.ca\/fr\/wp-json\/wp\/v2\/comments?post=8145"}],"version-history":[{"count":3,"href":"https:\/\/www.arcc-cdac.ca\/fr\/wp-json\/wp\/v2\/pages\/8145\/revisions"}],"predecessor-version":[{"id":10887,"href":"https:\/\/www.arcc-cdac.ca\/fr\/wp-json\/wp\/v2\/pages\/8145\/revisions\/10887"}],"wp:attachment":[{"href":"https:\/\/www.arcc-cdac.ca\/fr\/wp-json\/wp\/v2\/media?parent=8145"}],"curies":[{"name":"wp","href":"https:\/\/api.w.org\/{rel}","templated":true}]}}