{"id":9051,"date":"2020-06-30T08:09:31","date_gmt":"2020-06-30T15:09:31","guid":{"rendered":"https:\/\/www.arcc-cdac.ca\/sample-letter\/"},"modified":"2023-04-08T08:34:15","modified_gmt":"2023-04-08T15:34:15","slug":"sample-letter","status":"publish","type":"page","link":"https:\/\/www.arcc-cdac.ca\/fr\/sample-letter\/","title":{"rendered":"Mod\u00e8le de lettre \u00e0 envoyer \u00e0 votre d\u00e9put\u00e9"},"content":{"rendered":"\n<p>La lettre suivante peut \u00eatre envoy\u00e9e \u00e0 votre d\u00e9put\u00e9, au premier ministre, aux membres du cabinet et \u00e0 d&rsquo;autres repr\u00e9sentants du gouvernement. Vous pouvez ajouter, changer ou supprimer des passages pour personnaliser votre lettre.<\/p>\n\n\n\n<p>Vous trouverez les coordonn\u00e9es de votre d\u00e9put\u00e9 ici :<br><a href=\"http:\/\/www.parl.gc.ca\/membersofparliament\/MainMPsCompleteList.aspx?TimePeriod=Current&amp;Language=F\">http:\/\/www.parl.gc.ca\/Parliamentarians\/fr\/members<\/a><\/p>\n\n\n\n<p><em>N&rsquo;oubliez pas d&rsquo;ajouter votre nom, adresse et num\u00e9ro de t\u00e9l\u00e9phone \u00e0 vos lettres et courriels!<\/em><\/p>\n\n\n\n<hr class=\"wp-block-separator has-css-opacity\" \/>\n\n\n\n<div class=\"wp-block-group clinicblock\"><div class=\"wp-block-group__inner-container is-layout-flow wp-block-group-is-layout-flow\">\n<p>Monsieur (Madame) _______ <em>[utilisez plut\u00f4t \u00ab Honorable \u00bb avant le nom du premier ministre et des membres du Cabinet]<\/em>,<\/p>\n\n\n\n<p>Comme la majorit\u00e9 des canadiens et canadiennes, je suis pro-choix et je ne veux jamais que l&rsquo;avortement soit recriminalis\u00e9 au Canada. Cela repr\u00e9senterait une violation profonde des droits des personnes capables de grossesse.<\/p>\n\n\n\n<p>Je vous prie de d\u00e9fendre et de faire respecter le droit l\u00e9gal \u00e0 l&rsquo;avortement chaque fois que l&rsquo;occasion se pr\u00e9sentera. J&rsquo;esp\u00e8re que vous vous opposerez publiquement \u00e0 toute motion et \u00e0 tout projet de loi d\u00e9pos\u00e9s par un d\u00e9put\u00e9 et dont le but sera de restreindre le droit ou l&rsquo;acc\u00e8s \u00e0 l&rsquo;avortement, et que vous voterez contre de tels motions et projets de loi. J&rsquo;esp\u00e8re aussi que vous voterez contre toute tentative de subordonner les droits des personnes capables de grossesse \u00e0 ceux des f\u0153tus.<\/p>\n\n\n\n<p>De plus, ne permettez pas aux provinces d&#8217;empi\u00e9ter sur le droit \u00e0 l&rsquo;avortement et \u00e0 son acc\u00e8s en leur d\u00e9l\u00e9guant davantage de responsabilit\u00e9s concernant la sant\u00e9, ou en omettant de les p\u00e9naliser quand elles permettent aux cliniques priv\u00e9es d\u2019exiger des frais pour des soins m\u00e9dicaux n\u00e9cessaires, ce qui, par ailleurs, va \u00e0 l&rsquo;encontre de la Loi canadienne sur la sant\u00e9.<\/p>\n\n\n\n<p>Je vous prie de proclamer que les avortements sont des soins m\u00e9dicaux n\u00e9cessaires. L&rsquo;acc\u00e8s \u00e0 l&rsquo;avortement est un droit constitutionnel qui revient aux personnes capables de grossesse (afin de respecter leurs vies, leurs consciences, leur libert\u00e9 et leur int\u00e9grit\u00e9 corporelle). L&rsquo;acc\u00e8s restreint \u00e0 des services d&rsquo;avortement compromet la vie et la sant\u00e9 des personnes enceintes. L&rsquo;avortement et les soins de naissance doivent \u00eatre financ\u00e9s \u00e9galement afin d&rsquo;\u00e9viter la discrimination envers les personnes enceintes, particuli\u00e8rement les gens \u00e0 faible revenu.<\/p>\n\n\n\n<p>Comme vous \u00eates le d\u00e9put\u00e9 qui me repr\u00e9sente, je m&rsquo;attends \u00e0 ce que vous teniez le gouvernement responsable de la protection des droits selon la Charte, et que vous veilliez \u00e0 ce que le gouvernement mette en pratique la Loi canadienne sur la sant\u00e9, et j&rsquo;esp\u00e8re que vous veillerez \u00e0 ce que des services d&rsquo;avortement enti\u00e8rement financ\u00e9s soient offerts \u00e0 toutes les personnes capables de grossesse qui en ont besoin, peu importe o\u00f9 ils habitent au Canada.<\/p>\n\n\n\n<p>Merci de prendre mon point de vue en consid\u00e9ration.<\/p>\n\n\n\n<p>Salutations distingu\u00e9es,<\/p>\n<\/div><\/div>\n","protected":false},"excerpt":{"rendered":"<p>La lettre suivante peut \u00eatre envoy\u00e9e \u00e0 votre d\u00e9put\u00e9, au premier ministre, aux membres du cabinet et \u00e0 d&rsquo;autres repr\u00e9sentants du gouvernement. Vous pouvez ajouter, changer ou supprimer des passages pour personnaliser votre lettre. Vous trouverez les coordonn\u00e9es de votre d\u00e9put\u00e9 ici :http:\/\/www.parl.gc.ca\/Parliamentarians\/fr\/members N&rsquo;oubliez pas d&rsquo;ajouter votre nom, adresse et num\u00e9ro de t\u00e9l\u00e9phone \u00e0 vos&hellip;<\/p>\n","protected":false},"author":3,"featured_media":0,"parent":0,"menu_order":272,"comment_status":"closed","ping_status":"closed","template":"","meta":{"_acf_changed":false,"_nakedcatplugins_page_lang":"","_nakedcatplugins_page_dir":"ltr","footnotes":""},"class_list":["post-9051","page","type-page","status-publish","hentry"],"acf":{"toc_header":"","toc_header_source":{"label":"TOC Header","type":"text","formatted_value":""},"printfriendly":true,"printfriendly_source":{"label":"Show PrintFriendly Options","type":"true_false","formatted_value":true}},"_links":{"self":[{"href":"https:\/\/www.arcc-cdac.ca\/fr\/wp-json\/wp\/v2\/pages\/9051","targetHints":{"allow":["GET"]}}],"collection":[{"href":"https:\/\/www.arcc-cdac.ca\/fr\/wp-json\/wp\/v2\/pages"}],"about":[{"href":"https:\/\/www.arcc-cdac.ca\/fr\/wp-json\/wp\/v2\/types\/page"}],"author":[{"embeddable":true,"href":"https:\/\/www.arcc-cdac.ca\/fr\/wp-json\/wp\/v2\/users\/3"}],"replies":[{"embeddable":true,"href":"https:\/\/www.arcc-cdac.ca\/fr\/wp-json\/wp\/v2\/comments?post=9051"}],"version-history":[{"count":4,"href":"https:\/\/www.arcc-cdac.ca\/fr\/wp-json\/wp\/v2\/pages\/9051\/revisions"}],"predecessor-version":[{"id":12922,"href":"https:\/\/www.arcc-cdac.ca\/fr\/wp-json\/wp\/v2\/pages\/9051\/revisions\/12922"}],"wp:attachment":[{"href":"https:\/\/www.arcc-cdac.ca\/fr\/wp-json\/wp\/v2\/media?parent=9051"}],"curies":[{"name":"wp","href":"https:\/\/api.w.org\/{rel}","templated":true}]}}