{"id":21281,"date":"2026-03-25T09:33:45","date_gmt":"2026-03-25T16:33:45","guid":{"rendered":"https:\/\/www.arcc-cdac.ca\/shop\/product\/sac-fourre-tout-gardez-lavortement-sur-et-legal\/"},"modified":"2026-03-26T07:46:17","modified_gmt":"2026-03-26T14:46:17","slug":"sac-fourre-tout-gardez-lavortement-sur-et-legal","status":"publish","type":"product","link":"https:\/\/www.arcc-cdac.ca\/fr\/shop\/product\/sac-fourre-tout-gardez-lavortement-sur-et-legal\/","title":{"rendered":"Sac Fourre-tout Gardez L\u2019avortement S\u00fbr et L\u00e9gal"},"content":{"rendered":"<p>Un sac spacieux et tendance pour vous aider \u00e0 transporter tout ce qui compte.<\/p>\n<p>\u2022 100 % polyester<br \/>\n\u2022 Taille du sac : 39 \u00d7 39 cm (15 \u2033 \u00d7 15 \u2033)<br \/>\n\u2022 Capacit\u00e9 : 10 l (2,6 gal \u00c9tats-Unis)<br \/>\n\u2022 Limite de poids maximum\u00a0: 20 kg (44 lbs)<br \/>\n\u2022 Poign\u00e9es doubles fabriqu\u00e9es \u00e0 partir de denim en coton 100 % naturel<br \/>\n\u2022 Longueur de la poign\u00e9e\u00a0: 67 cm (26 \u2033), largeur 2,5 cm (1 \u2033)<br \/>\n\u2022 Les poign\u00e9es peuvent diff\u00e9rer l\u00e9g\u00e8rement en fonction du lieu de traitement<\/p>\n","protected":false},"excerpt":{"rendered":"<p>Un sac spacieux et tendance pour vous aider \u00e0 transporter tout ce qui compte. \u2022 100 % polyester \u2022 Taille du sac : 39 \u00d7 39 cm (15 \u2033 \u00d7 15 \u2033) \u2022 Capacit\u00e9 : 10 l (2,6 gal \u00c9tats-Unis) \u2022 Limite de poids maximum\u00a0: 20 kg (44 lbs) \u2022 Poign\u00e9es doubles fabriqu\u00e9es \u00e0 partir&hellip;<\/p>\n","protected":false},"featured_media":21383,"template":"","meta":{"_acf_changed":false,"_nakedcatplugins_page_lang":"","_nakedcatplugins_page_dir":"ltr"},"product_brand":[],"product_cat":[168],"product_tag":[],"class_list":{"0":"post-21281","1":"product","2":"type-product","3":"status-publish","4":"has-post-thumbnail","6":"product_cat-merchandising","8":"first","9":"instock","10":"shipping-taxable","11":"purchasable","12":"product-type-simple"},"acf":[],"_links":{"self":[{"href":"https:\/\/www.arcc-cdac.ca\/fr\/wp-json\/wp\/v2\/product\/21281","targetHints":{"allow":["GET"]}}],"collection":[{"href":"https:\/\/www.arcc-cdac.ca\/fr\/wp-json\/wp\/v2\/product"}],"about":[{"href":"https:\/\/www.arcc-cdac.ca\/fr\/wp-json\/wp\/v2\/types\/product"}],"wp:featuredmedia":[{"embeddable":true,"href":"https:\/\/www.arcc-cdac.ca\/fr\/wp-json\/wp\/v2\/media\/21383"}],"wp:attachment":[{"href":"https:\/\/www.arcc-cdac.ca\/fr\/wp-json\/wp\/v2\/media?parent=21281"}],"wp:term":[{"taxonomy":"product_brand","embeddable":true,"href":"https:\/\/www.arcc-cdac.ca\/fr\/wp-json\/wp\/v2\/product_brand?post=21281"},{"taxonomy":"product_cat","embeddable":true,"href":"https:\/\/www.arcc-cdac.ca\/fr\/wp-json\/wp\/v2\/product_cat?post=21281"},{"taxonomy":"product_tag","embeddable":true,"href":"https:\/\/www.arcc-cdac.ca\/fr\/wp-json\/wp\/v2\/product_tag?post=21281"}],"curies":[{"name":"wp","href":"https:\/\/api.w.org\/{rel}","templated":true}]}}