{"id":21288,"date":"2026-03-25T09:38:40","date_gmt":"2026-03-25T16:38:40","guid":{"rendered":"https:\/\/www.arcc-cdac.ca\/shop\/product\/gardez-lavortement-sur-et-lega-t-shirt\/"},"modified":"2026-03-26T07:53:39","modified_gmt":"2026-03-26T14:53:39","slug":"gardez-lavortement-sur-et-lega-t-shirt","status":"publish","type":"product","link":"https:\/\/www.arcc-cdac.ca\/fr\/shop\/product\/gardez-lavortement-sur-et-lega-t-shirt\/","title":{"rendered":"Gardez L\u2019avortement S\u00fbr et L\u00e9ga T-shirt"},"content":{"rendered":"<p>Il pourrait bien s&rsquo;agir du t-shirt pour femme le plus doux et le plus confortable que vous puissiez jamais porter. Sa coupe d\u00e9contract\u00e9e et son tissu doux peuvent \u00eatre associ\u00e9s \u00e0 un jean pour un look de tous les jours, ou \u00e0 une veste et un pantalon habill\u00e9s pour un style plus professionnel mais d\u00e9contract\u00e9.<\/p>\n<p>\u2022 100\u00a0% coton peign\u00e9 et fil\u00e9 \u00e0 l&rsquo;anneau<br \/>\n\u2022 Les coloris Heather Prism Lilac et Heather Prism Natural sont compos\u00e9s \u00e0 99\u00a0% de coton peign\u00e9 et fil\u00e9 \u00e0 l&rsquo;anneau, 1\u00a0% de polyester<br \/>\n\u2022 Le coloris Athletic Heather est compos\u00e9 \u00e0 90\u00a0% de coton peign\u00e9 et fil\u00e9 \u00e0 l&rsquo;anneau et \u00e0 10\u00a0% de polyester<br \/>\n\u2022 Les autres couleurs chin\u00e9es sont compos\u00e9es \u00e0 52\u00a0% de coton peign\u00e9 et fil\u00e9 \u00e0 l&rsquo;anneau et \u00e0 48\u00a0% de polyester<br \/>\n\u2022 Poids du tissu\u00a0: 142\u00a0g\/m\u00b2 (4,2\u00a0oz\/y\u00b2)<br \/>\n\u2022 Coupe d\u00e9tendue<br \/>\n\u2022 Tissu pr\u00e9-r\u00e9tr\u00e9ci<br \/>\n\u2022 Coutures sur le c\u00f4t\u00e9<br \/>\n\u2022 Col ras-du-cou<\/p>\n","protected":false},"excerpt":{"rendered":"<p>Il pourrait bien s&rsquo;agir du t-shirt pour femme le plus doux et le plus confortable que vous puissiez jamais porter. Sa coupe d\u00e9contract\u00e9e et son tissu doux peuvent \u00eatre associ\u00e9s \u00e0 un jean pour un look de tous les jours, ou \u00e0 une veste et un pantalon habill\u00e9s pour un style plus professionnel mais d\u00e9contract\u00e9.&hellip;<\/p>\n","protected":false},"featured_media":21388,"template":"","meta":{"_acf_changed":false,"_nakedcatplugins_page_lang":"","_nakedcatplugins_page_dir":"ltr"},"product_brand":[],"product_cat":[168],"product_tag":[],"class_list":{"0":"post-21288","1":"product","2":"type-product","3":"status-publish","4":"has-post-thumbnail","6":"product_cat-merchandising","8":"first","9":"instock","10":"shipping-taxable","11":"purchasable","12":"product-type-variable"},"acf":[],"_links":{"self":[{"href":"https:\/\/www.arcc-cdac.ca\/fr\/wp-json\/wp\/v2\/product\/21288","targetHints":{"allow":["GET"]}}],"collection":[{"href":"https:\/\/www.arcc-cdac.ca\/fr\/wp-json\/wp\/v2\/product"}],"about":[{"href":"https:\/\/www.arcc-cdac.ca\/fr\/wp-json\/wp\/v2\/types\/product"}],"wp:featuredmedia":[{"embeddable":true,"href":"https:\/\/www.arcc-cdac.ca\/fr\/wp-json\/wp\/v2\/media\/21388"}],"wp:attachment":[{"href":"https:\/\/www.arcc-cdac.ca\/fr\/wp-json\/wp\/v2\/media?parent=21288"}],"wp:term":[{"taxonomy":"product_brand","embeddable":true,"href":"https:\/\/www.arcc-cdac.ca\/fr\/wp-json\/wp\/v2\/product_brand?post=21288"},{"taxonomy":"product_cat","embeddable":true,"href":"https:\/\/www.arcc-cdac.ca\/fr\/wp-json\/wp\/v2\/product_cat?post=21288"},{"taxonomy":"product_tag","embeddable":true,"href":"https:\/\/www.arcc-cdac.ca\/fr\/wp-json\/wp\/v2\/product_tag?post=21288"}],"curies":[{"name":"wp","href":"https:\/\/api.w.org\/{rel}","templated":true}]}}