{"id":21327,"date":"2026-03-25T09:53:18","date_gmt":"2026-03-25T16:53:18","guid":{"rendered":"https:\/\/www.arcc-cdac.ca\/shop\/product\/occupe-toi-de-ton-propre-uterus-mug-blanc-brillant\/"},"modified":"2026-04-01T12:44:03","modified_gmt":"2026-04-01T19:44:03","slug":"occupe-toi-de-ton-propre-uterus-mug-blanc-brillant","status":"publish","type":"product","link":"https:\/\/www.arcc-cdac.ca\/fr\/shop\/product\/occupe-toi-de-ton-propre-uterus-mug-blanc-brillant\/","title":{"rendered":"Tasse Blanche Brillante Occupe-toi de Ton Propre Ut\u00e9rus"},"content":{"rendered":"<p>Que vous buviez votre caf\u00e9 du matin, votre th\u00e9 du soir ou autre chose entre les deux, cette tasse est faite pour vous\u00a0! Elle est robuste et brillante avec une impression vive qui r\u00e9sistera au micro-ondes et au lave-vaisselle.<\/p>\n<p>\u2022 En c\u00e9ramique<br \/>\n\u2022 Dimensions de la tasse de 11\u00a0oz\u00a0: 9,6\u00a0cm (3,8\u00a0\u00ab\u00a0) de hauteur, 8,2\u00a0cm (3,2\u00a0\u00ab\u00a0) de diam\u00e8tre<br \/>\n\u2022 Dimensions de la tasse de 15\u00a0oz\u00a0: 11,9\u00a0cm (4,7\u00a0\u00ab\u00a0) de hauteur, 8,5\u00a0cm (3,3\u00a0\u00ab\u00a0) de diam\u00e8tre<br \/>\n\u2022 Dimensions de la tasse de 20\u00a0oz\u00a0: 10,9\u00a0cm (4,3\u00a0\u00ab\u00a0) de hauteur, 9,3\u00a0cm (3,7\u00a0\u00ab\u00a0) de diam\u00e8tre<br \/>\n\u2022 Mat\u00e9riau sans plomb et sans BPA<br \/>\n\u2022 Lave-vaisselle et micro-ondes<\/p>\n","protected":false},"excerpt":{"rendered":"<p>Que vous buviez votre caf\u00e9 du matin, votre th\u00e9 du soir ou autre chose entre les deux, cette tasse est faite pour vous\u00a0! Elle est robuste et brillante avec une impression vive qui r\u00e9sistera au micro-ondes et au lave-vaisselle. \u2022 En c\u00e9ramique \u2022 Dimensions de la tasse de 11\u00a0oz\u00a0: 9,6\u00a0cm (3,8\u00a0\u00ab\u00a0) de hauteur, 8,2\u00a0cm (3,2\u00a0\u00ab\u00a0)&hellip;<\/p>\n","protected":false},"featured_media":21332,"template":"","meta":{"_acf_changed":false,"_nakedcatplugins_page_lang":"","_nakedcatplugins_page_dir":"ltr"},"product_brand":[],"product_cat":[168],"product_tag":[],"class_list":{"0":"post-21327","1":"product","2":"type-product","3":"status-publish","4":"has-post-thumbnail","6":"product_cat-merchandising","8":"first","9":"instock","10":"shipping-taxable","11":"purchasable","12":"product-type-simple"},"acf":[],"_links":{"self":[{"href":"https:\/\/www.arcc-cdac.ca\/fr\/wp-json\/wp\/v2\/product\/21327","targetHints":{"allow":["GET"]}}],"collection":[{"href":"https:\/\/www.arcc-cdac.ca\/fr\/wp-json\/wp\/v2\/product"}],"about":[{"href":"https:\/\/www.arcc-cdac.ca\/fr\/wp-json\/wp\/v2\/types\/product"}],"wp:featuredmedia":[{"embeddable":true,"href":"https:\/\/www.arcc-cdac.ca\/fr\/wp-json\/wp\/v2\/media\/21332"}],"wp:attachment":[{"href":"https:\/\/www.arcc-cdac.ca\/fr\/wp-json\/wp\/v2\/media?parent=21327"}],"wp:term":[{"taxonomy":"product_brand","embeddable":true,"href":"https:\/\/www.arcc-cdac.ca\/fr\/wp-json\/wp\/v2\/product_brand?post=21327"},{"taxonomy":"product_cat","embeddable":true,"href":"https:\/\/www.arcc-cdac.ca\/fr\/wp-json\/wp\/v2\/product_cat?post=21327"},{"taxonomy":"product_tag","embeddable":true,"href":"https:\/\/www.arcc-cdac.ca\/fr\/wp-json\/wp\/v2\/product_tag?post=21327"}],"curies":[{"name":"wp","href":"https:\/\/api.w.org\/{rel}","templated":true}]}}