{"id":22112,"date":"2026-05-05T07:45:49","date_gmt":"2026-05-05T14:45:49","guid":{"rendered":"https:\/\/www.arcc-cdac.ca\/shop\/product\/choisir-liberte-sweat-a-capuche-unisexe\/"},"modified":"2026-05-05T07:47:25","modified_gmt":"2026-05-05T14:47:25","slug":"choisir-liberte-sweat-a-capuche-unisexe","status":"publish","type":"product","link":"https:\/\/www.arcc-cdac.ca\/fr\/shop\/product\/choisir-liberte-sweat-a-capuche-unisexe\/","title":{"rendered":"Choisir = Libert\u00e9 Sweat \u00e0 Capuche Unisexe"},"content":{"rendered":"<p>Pr\u00eat.e \u00e0 d\u00e9chirer ? Imaginez du coton de haute qualit\u00e9, une capuche ajust\u00e9e, des cordons assortis et une poche avant&#8230; Am\u00e9liorez votre look avec cet incroyable sweat \u00e0 capuche premium !<\/p>\n<p>\u2022 Ext\u00e9rieur 100 % coton<br \/>\n\u2022 65\u00a0%\u00a0de coton fil\u00e9 \u00e0 l&rsquo;anneau, 35 % de polyester<br \/>\n\u2022 Poche avant<br \/>\n\u2022 Patch dans le m\u00eame tissu \u00e0 l&rsquo;arri\u00e8re<br \/>\n\u2022 Cordons plats assortis<br \/>\n\u2022 Capuche \u00e0 3\u00a0panneaux<\/p>\n","protected":false},"excerpt":{"rendered":"<p>Pr\u00eat.e \u00e0 d\u00e9chirer ? Imaginez du coton de haute qualit\u00e9, une capuche ajust\u00e9e, des cordons assortis et une poche avant&#8230; Am\u00e9liorez votre look avec cet incroyable sweat \u00e0 capuche premium ! \u2022 Ext\u00e9rieur 100 % coton \u2022 65\u00a0%\u00a0de coton fil\u00e9 \u00e0 l&rsquo;anneau, 35 % de polyester \u2022 Poche avant \u2022 Patch dans le m\u00eame tissu&hellip;<\/p>\n","protected":false},"featured_media":22119,"template":"","meta":{"_acf_changed":false,"_nakedcatplugins_page_lang":"","_nakedcatplugins_page_dir":"ltr"},"product_brand":[],"product_cat":[168],"product_tag":[],"class_list":{"0":"post-22112","1":"product","2":"type-product","3":"status-publish","4":"has-post-thumbnail","6":"product_cat-merchandising","8":"first","9":"instock","10":"shipping-taxable","11":"purchasable","12":"product-type-variable"},"acf":{"short_name":"Choisir = Libert\u00e9 Sweat \u00e0 Capuche Unisexe","short_name_source":{"label":"Short Name","type":"text","formatted_value":"Choisir = Libert\u00e9 Sweat \u00e0 Capuche Unisexe"}},"_links":{"self":[{"href":"https:\/\/www.arcc-cdac.ca\/fr\/wp-json\/wp\/v2\/product\/22112","targetHints":{"allow":["GET"]}}],"collection":[{"href":"https:\/\/www.arcc-cdac.ca\/fr\/wp-json\/wp\/v2\/product"}],"about":[{"href":"https:\/\/www.arcc-cdac.ca\/fr\/wp-json\/wp\/v2\/types\/product"}],"wp:featuredmedia":[{"embeddable":true,"href":"https:\/\/www.arcc-cdac.ca\/fr\/wp-json\/wp\/v2\/media\/22119"}],"wp:attachment":[{"href":"https:\/\/www.arcc-cdac.ca\/fr\/wp-json\/wp\/v2\/media?parent=22112"}],"wp:term":[{"taxonomy":"product_brand","embeddable":true,"href":"https:\/\/www.arcc-cdac.ca\/fr\/wp-json\/wp\/v2\/product_brand?post=22112"},{"taxonomy":"product_cat","embeddable":true,"href":"https:\/\/www.arcc-cdac.ca\/fr\/wp-json\/wp\/v2\/product_cat?post=22112"},{"taxonomy":"product_tag","embeddable":true,"href":"https:\/\/www.arcc-cdac.ca\/fr\/wp-json\/wp\/v2\/product_tag?post=22112"}],"curies":[{"name":"wp","href":"https:\/\/api.w.org\/{rel}","templated":true}]}}